{"id":2019,"date":"2020-12-04T11:17:44","date_gmt":"2020-12-04T10:17:44","guid":{"rendered":"https:\/\/xpertive.com\/?page_id=2019"},"modified":"2025-05-23T17:37:58","modified_gmt":"2025-05-23T15:37:58","slug":"temoignages-client","status":"publish","type":"page","link":"https:\/\/xpertive.com\/be\/realisations\/temoignages-client\/","title":{"rendered":"T\u00e9moignages clients"},"content":{"rendered":"<div data-elementor-type=\"wp-page\" data-elementor-id=\"2019\" class=\"elementor elementor-2019\" data-elementor-post-type=\"page\">\n\t\t\t\t\t\t<section class=\"elementor-section elementor-top-section elementor-element elementor-element-12df2d9 elementor-section-boxed elementor-section-height-default elementor-section-height-default\" data-id=\"12df2d9\" data-element_type=\"section\">\n\t\t\t\t\t\t<div class=\"elementor-container elementor-column-gap-default\">\n\t\t\t\t\t<div class=\"elementor-column elementor-col-100 elementor-top-column elementor-element elementor-element-92c1875\" data-id=\"92c1875\" data-element_type=\"column\">\n\t\t\t<div class=\"elementor-widget-wrap elementor-element-populated\">\n\t\t\t\t\t\t<div class=\"elementor-element elementor-element-30dc996 elementor-widget elementor-widget-heading\" data-id=\"30dc996\" data-element_type=\"widget\" data-widget_type=\"heading.default\">\n\t\t\t\t<div class=\"elementor-widget-container\">\n\t\t\t\t\t<h1 class=\"elementor-heading-title elementor-size-default\">T\u00e9moignage client<\/h1>\t\t\t\t<\/div>\n\t\t\t\t<\/div>\n\t\t\t\t\t<\/div>\n\t\t<\/div>\n\t\t\t\t\t<\/div>\n\t\t<\/section>\n\t\t\t\t<section class=\"elementor-section elementor-top-section elementor-element elementor-element-57f6001 elementor-section-boxed elementor-section-height-default elementor-section-height-default\" data-id=\"57f6001\" data-element_type=\"section\">\n\t\t\t\t\t\t<div class=\"elementor-container elementor-column-gap-default\">\n\t\t\t\t\t<div class=\"elementor-column elementor-col-100 elementor-top-column elementor-element elementor-element-a2f1dc7\" data-id=\"a2f1dc7\" data-element_type=\"column\">\n\t\t\t<div class=\"elementor-widget-wrap elementor-element-populated\">\n\t\t\t\t\t\t<div class=\"elementor-element elementor-element-82be7ae elementor-widget elementor-widget-text-editor\" data-id=\"82be7ae\" data-element_type=\"widget\" data-widget_type=\"text-editor.default\">\n\t\t\t\t<div class=\"elementor-widget-container\">\n\t\t\t\t\t\t\t\t\t<p>Votre avis compte\u00a0!<\/p><p>Nous nous effor\u00e7ons depuis peu \u00e0 recueillir les avis de nos clients suite \u00e0 nos r\u00e9alisations afin d&rsquo;obtenir un retour objectif sur nos prestations dans un but d&rsquo;am\u00e9lioration continue.<\/p><p>Ci-apr\u00e8s les t\u00e9moignages des nos clients sur chacune des \u00e9tapes de la r\u00e9alisation commerciale jusqu&rsquo;\u00e0 la r\u00e9ception de l&rsquo;installation\u00a0 :<\/p><ul><li>Relation commerciale Avant-vente<\/li><li>Pr\u00e9paration et suivi du chantier<\/li><li>Travaux \/ installation<\/li><\/ul><p>Tout nos questionnaires de satisfaction sont tamponn\u00e9s sign\u00e9s par nos clients pour en attester l&rsquo;authenticit\u00e9 .<\/p>\t\t\t\t\t\t\t\t<\/div>\n\t\t\t\t<\/div>\n\t\t\t\t<div class=\"elementor-element elementor-element-2c9dc24 elementor-skin-carousel elementor-arrows-yes elementor-pagination-type-bullets elementor-pagination-position-outside elementor-widget elementor-widget-media-carousel\" data-id=\"2c9dc24\" data-element_type=\"widget\" data-settings=\"{&quot;skin&quot;:&quot;carousel&quot;,&quot;effect&quot;:&quot;slide&quot;,&quot;show_arrows&quot;:&quot;yes&quot;,&quot;pagination&quot;:&quot;bullets&quot;,&quot;speed&quot;:500,&quot;autoplay&quot;:&quot;yes&quot;,&quot;autoplay_speed&quot;:5000,&quot;loop&quot;:&quot;yes&quot;,&quot;pause_on_hover&quot;:&quot;yes&quot;,&quot;pause_on_interaction&quot;:&quot;yes&quot;,&quot;space_between&quot;:{&quot;unit&quot;:&quot;px&quot;,&quot;size&quot;:10,&quot;sizes&quot;:[]},&quot;space_between_tablet&quot;:{&quot;unit&quot;:&quot;px&quot;,&quot;size&quot;:10,&quot;sizes&quot;:[]},&quot;space_between_mobile&quot;:{&quot;unit&quot;:&quot;px&quot;,&quot;size&quot;:10,&quot;sizes&quot;:[]}}\" data-widget_type=\"media-carousel.default\">\n\t\t\t\t<div class=\"elementor-widget-container\">\n\t\t\t\t\t\t\t\t\t<div class=\"elementor-swiper\">\n\t\t\t\t\t<div class=\"elementor-main-swiper swiper\" role=\"region\" aria-roledescription=\"carousel\" aria-label=\"Diapositives\">\n\t\t\t\t<div class=\"swiper-wrapper\">\n\t\t\t\t\t\t\t\t\t\t\t<div class=\"swiper-slide\" role=\"group\" aria-roledescription=\"slide\">\n\t\t\t\t\t\t\t\t\t<div class=\"elementor-carousel-image\" role=\"img\" aria-label=\"\" style=\"background-image: url(&#039;https:\/\/xpertive.com\/wp-content\/uploads\/2025\/05\/QUESTIONNAIRE-SATISFACTION-EUROMASTER.pdf&#039;)\">\n\n\t\t\t\n\t\t\t\t\t<\/div>\n\t\t\t\t\t\t\t\t<\/div>\n\t\t\t\t\t\t\t\t\t\t\t<div class=\"swiper-slide\" role=\"group\" aria-roledescription=\"slide\">\n\t\t\t\t\t\t\t<a href=\"https:\/\/xpertive.com\/wp-content\/uploads\/2020\/11\/CARRIERE-ET-VOIRIE.png\" data-elementor-open-lightbox=\"yes\" data-elementor-lightbox-slideshow=\"2c9dc24\" data-elementor-lightbox-title=\"CARRIERE ET VOIRIE\" data-e-action-hash=\"#elementor-action%3Aaction%3Dlightbox%26settings%3DeyJpZCI6MjAyOSwidXJsIjoiaHR0cHM6XC9cL3hwZXJ0aXZlLmNvbVwvd3AtY29udGVudFwvdXBsb2Fkc1wvMjAyMFwvMTFcL0NBUlJJRVJFLUVULVZPSVJJRS5wbmciLCJzbGlkZXNob3ciOiIyYzlkYzI0In0%3D\">\t\t<div class=\"elementor-carousel-image\" role=\"img\" aria-label=\"CARRIERE ET VOIRIE\" style=\"background-image: url(&#039;https:\/\/xpertive.com\/wp-content\/uploads\/2020\/11\/CARRIERE-ET-VOIRIE.png&#039;)\">\n\n\t\t\t\n\t\t\t\t\t<\/div>\n\t\t<\/a>\t\t\t\t\t\t<\/div>\n\t\t\t\t\t\t\t\t\t\t\t<div class=\"swiper-slide\" role=\"group\" aria-roledescription=\"slide\">\n\t\t\t\t\t\t\t\t\t<div class=\"elementor-carousel-image\" role=\"img\" aria-label=\"Questionnaire satisfaction\" style=\"background-image: url(&#039;https:\/\/xpertive.com\/wp-content\/uploads\/2025\/05\/Questionnaire-satisfaction-768x1024.jpeg&#039;)\">\n\n\t\t\t\n\t\t\t\t\t<\/div>\n\t\t\t\t\t\t\t\t<\/div>\n\t\t\t\t\t\t\t\t\t\t\t<div class=\"swiper-slide\" role=\"group\" aria-roledescription=\"slide\">\n\t\t\t\t\t\t\t<a href=\"https:\/\/xpertive.com\/wp-content\/uploads\/2021\/01\/TRANSMAT.png\" data-elementor-open-lightbox=\"yes\" data-elementor-lightbox-slideshow=\"2c9dc24\" data-elementor-lightbox-title=\"TRANSMAT\" data-e-action-hash=\"#elementor-action%3Aaction%3Dlightbox%26settings%3DeyJpZCI6MjI2NywidXJsIjoiaHR0cHM6XC9cL3hwZXJ0aXZlLmNvbVwvd3AtY29udGVudFwvdXBsb2Fkc1wvMjAyMVwvMDFcL1RSQU5TTUFULnBuZyIsInNsaWRlc2hvdyI6IjJjOWRjMjQifQ%3D%3D\">\t\t<div class=\"elementor-carousel-image\" role=\"img\" aria-label=\"TRANSMAT\" style=\"background-image: url(&#039;https:\/\/xpertive.com\/wp-content\/uploads\/2021\/01\/TRANSMAT.png&#039;)\">\n\n\t\t\t\n\t\t\t\t\t<\/div>\n\t\t<\/a>\t\t\t\t\t\t<\/div>\n\t\t\t\t\t\t\t\t\t\t\t<div class=\"swiper-slide\" role=\"group\" aria-roledescription=\"slide\">\n\t\t\t\t\t\t\t<a href=\"https:\/\/xpertive.com\/wp-content\/uploads\/2021\/01\/BOUREAU.jpg\" data-elementor-open-lightbox=\"yes\" data-elementor-lightbox-slideshow=\"2c9dc24\" data-elementor-lightbox-title=\"BOUREAU\" data-e-action-hash=\"#elementor-action%3Aaction%3Dlightbox%26settings%3DeyJpZCI6MjMyNiwidXJsIjoiaHR0cHM6XC9cL3hwZXJ0aXZlLmNvbVwvd3AtY29udGVudFwvdXBsb2Fkc1wvMjAyMVwvMDFcL0JPVVJFQVUuanBnIiwic2xpZGVzaG93IjoiMmM5ZGMyNCJ9\">\t\t<div class=\"elementor-carousel-image\" role=\"img\" aria-label=\"BOUREAU\" style=\"background-image: url(&#039;https:\/\/xpertive.com\/wp-content\/uploads\/2021\/01\/BOUREAU.jpg&#039;)\">\n\n\t\t\t\n\t\t\t\t\t<\/div>\n\t\t<\/a>\t\t\t\t\t\t<\/div>\n\t\t\t\t\t\t\t\t\t\t\t<div class=\"swiper-slide\" role=\"group\" aria-roledescription=\"slide\">\n\t\t\t\t\t\t\t<a href=\"https:\/\/xpertive.com\/wp-content\/uploads\/2021\/02\/Tratel.png\" data-elementor-open-lightbox=\"yes\" data-elementor-lightbox-slideshow=\"2c9dc24\" data-elementor-lightbox-title=\"Tratel\" data-e-action-hash=\"#elementor-action%3Aaction%3Dlightbox%26settings%3DeyJpZCI6MjUxMywidXJsIjoiaHR0cHM6XC9cL3hwZXJ0aXZlLmNvbVwvd3AtY29udGVudFwvdXBsb2Fkc1wvMjAyMVwvMDJcL1RyYXRlbC5wbmciLCJzbGlkZXNob3ciOiIyYzlkYzI0In0%3D\">\t\t<div class=\"elementor-carousel-image\" role=\"img\" aria-label=\"Tratel\" style=\"background-image: url(&#039;https:\/\/xpertive.com\/wp-content\/uploads\/2021\/02\/Tratel.png&#039;)\">\n\n\t\t\t\n\t\t\t\t\t<\/div>\n\t\t<\/a>\t\t\t\t\t\t<\/div>\n\t\t\t\t\t\t\t\t\t\t\t<div class=\"swiper-slide\" role=\"group\" aria-roledescription=\"slide\">\n\t\t\t\t\t\t\t<a href=\"https:\/\/xpertive.com\/wp-content\/uploads\/2020\/12\/Techno-PL.jpg\" data-elementor-open-lightbox=\"yes\" data-elementor-lightbox-slideshow=\"2c9dc24\" data-elementor-lightbox-title=\"Techno PL\" data-e-action-hash=\"#elementor-action%3Aaction%3Dlightbox%26settings%3DeyJpZCI6MjE4NCwidXJsIjoiaHR0cHM6XC9cL3hwZXJ0aXZlLmNvbVwvd3AtY29udGVudFwvdXBsb2Fkc1wvMjAyMFwvMTJcL1RlY2huby1QTC5qcGciLCJzbGlkZXNob3ciOiIyYzlkYzI0In0%3D\">\t\t<div class=\"elementor-carousel-image\" role=\"img\" aria-label=\"Techno PL\" style=\"background-image: url(&#039;https:\/\/xpertive.com\/wp-content\/uploads\/2020\/12\/Techno-PL.jpg&#039;)\">\n\n\t\t\t\n\t\t\t\t\t<\/div>\n\t\t<\/a>\t\t\t\t\t\t<\/div>\n\t\t\t\t\t\t\t\t\t\t\t<div class=\"swiper-slide\" role=\"group\" aria-roledescription=\"slide\">\n\t\t\t\t\t\t\t<a href=\"https:\/\/xpertive.com\/wp-content\/uploads\/2021\/05\/Satisfaction.jpg\" data-elementor-open-lightbox=\"yes\" data-elementor-lightbox-slideshow=\"2c9dc24\" data-elementor-lightbox-title=\"Satisfaction Les Belleville\" data-e-action-hash=\"#elementor-action%3Aaction%3Dlightbox%26settings%3DeyJpZCI6MzI0MSwidXJsIjoiaHR0cHM6XC9cL3hwZXJ0aXZlLmNvbVwvd3AtY29udGVudFwvdXBsb2Fkc1wvMjAyMVwvMDVcL1NhdGlzZmFjdGlvbi5qcGciLCJzbGlkZXNob3ciOiIyYzlkYzI0In0%3D\">\t\t<div class=\"elementor-carousel-image\" role=\"img\" aria-label=\"Satisfaction Les Belleville\" style=\"background-image: url(&#039;https:\/\/xpertive.com\/wp-content\/uploads\/2021\/05\/Satisfaction.jpg&#039;)\">\n\n\t\t\t\n\t\t\t\t\t<\/div>\n\t\t<\/a>\t\t\t\t\t\t<\/div>\n\t\t\t\t\t\t\t\t\t\t\t<div class=\"swiper-slide\" role=\"group\" aria-roledescription=\"slide\">\n\t\t\t\t\t\t\t<a href=\"https:\/\/xpertive.com\/wp-content\/uploads\/2020\/12\/Voyages-Bourmaud.jpg\" data-elementor-open-lightbox=\"yes\" data-elementor-lightbox-slideshow=\"2c9dc24\" data-elementor-lightbox-title=\"Voyages Bourmaud\" data-e-action-hash=\"#elementor-action%3Aaction%3Dlightbox%26settings%3DeyJpZCI6MjE5NSwidXJsIjoiaHR0cHM6XC9cL3hwZXJ0aXZlLmNvbVwvd3AtY29udGVudFwvdXBsb2Fkc1wvMjAyMFwvMTJcL1ZveWFnZXMtQm91cm1hdWQuanBnIiwic2xpZGVzaG93IjoiMmM5ZGMyNCJ9\">\t\t<div class=\"elementor-carousel-image\" role=\"img\" aria-label=\"Voyages Bourmaud\" style=\"background-image: url(&#039;https:\/\/xpertive.com\/wp-content\/uploads\/2020\/12\/Voyages-Bourmaud.jpg&#039;)\">\n\n\t\t\t\n\t\t\t\t\t<\/div>\n\t\t<\/a>\t\t\t\t\t\t<\/div>\n\t\t\t\t\t\t\t\t\t\t\t<div class=\"swiper-slide\" role=\"group\" aria-roledescription=\"slide\">\n\t\t\t\t\t\t\t<a href=\"https:\/\/xpertive.com\/wp-content\/uploads\/2020\/12\/Mercedes-Benz.png\" data-elementor-open-lightbox=\"yes\" data-elementor-lightbox-slideshow=\"2c9dc24\" data-elementor-lightbox-title=\"Mercedes Benz\" data-e-action-hash=\"#elementor-action%3Aaction%3Dlightbox%26settings%3DeyJpZCI6MjA0NCwidXJsIjoiaHR0cHM6XC9cL3hwZXJ0aXZlLmNvbVwvd3AtY29udGVudFwvdXBsb2Fkc1wvMjAyMFwvMTJcL01lcmNlZGVzLUJlbnoucG5nIiwic2xpZGVzaG93IjoiMmM5ZGMyNCJ9\">\t\t<div class=\"elementor-carousel-image\" role=\"img\" aria-label=\"Mercedes Benz\" style=\"background-image: url(&#039;https:\/\/xpertive.com\/wp-content\/uploads\/2020\/12\/Mercedes-Benz.png&#039;)\">\n\n\t\t\t\n\t\t\t\t\t<\/div>\n\t\t<\/a>\t\t\t\t\t\t<\/div>\n\t\t\t\t\t\t\t\t\t\t\t<div class=\"swiper-slide\" role=\"group\" aria-roledescription=\"slide\">\n\t\t\t\t\t\t\t<a href=\"https:\/\/xpertive.com\/wp-content\/uploads\/2020\/12\/Samat.jpg\" data-elementor-open-lightbox=\"yes\" data-elementor-lightbox-slideshow=\"2c9dc24\" data-elementor-lightbox-title=\"Samat\" data-e-action-hash=\"#elementor-action%3Aaction%3Dlightbox%26settings%3DeyJpZCI6MjE5MSwidXJsIjoiaHR0cHM6XC9cL3hwZXJ0aXZlLmNvbVwvd3AtY29udGVudFwvdXBsb2Fkc1wvMjAyMFwvMTJcL1NhbWF0LmpwZyIsInNsaWRlc2hvdyI6IjJjOWRjMjQifQ%3D%3D\">\t\t<div class=\"elementor-carousel-image\" role=\"img\" aria-label=\"Samat\" style=\"background-image: url(&#039;https:\/\/xpertive.com\/wp-content\/uploads\/2020\/12\/Samat.jpg&#039;)\">\n\n\t\t\t\n\t\t\t\t\t<\/div>\n\t\t<\/a>\t\t\t\t\t\t<\/div>\n\t\t\t\t\t\t\t\t\t\t\t<div class=\"swiper-slide\" role=\"group\" aria-roledescription=\"slide\">\n\t\t\t\t\t\t\t<a href=\"https:\/\/xpertive.com\/wp-content\/uploads\/2020\/12\/Transports-Blanc.png\" data-elementor-open-lightbox=\"yes\" data-elementor-lightbox-slideshow=\"2c9dc24\" data-elementor-lightbox-title=\"Transports Blanc\" data-e-action-hash=\"#elementor-action%3Aaction%3Dlightbox%26settings%3DeyJpZCI6MjA0NSwidXJsIjoiaHR0cHM6XC9cL3hwZXJ0aXZlLmNvbVwvd3AtY29udGVudFwvdXBsb2Fkc1wvMjAyMFwvMTJcL1RyYW5zcG9ydHMtQmxhbmMucG5nIiwic2xpZGVzaG93IjoiMmM5ZGMyNCJ9\">\t\t<div class=\"elementor-carousel-image\" role=\"img\" aria-label=\"Transports Blanc\" style=\"background-image: url(&#039;https:\/\/xpertive.com\/wp-content\/uploads\/2020\/12\/Transports-Blanc.png&#039;)\">\n\n\t\t\t\n\t\t\t\t\t<\/div>\n\t\t<\/a>\t\t\t\t\t\t<\/div>\n\t\t\t\t\t\t\t\t\t\t\t<div class=\"swiper-slide\" role=\"group\" aria-roledescription=\"slide\">\n\t\t\t\t\t\t\t<a href=\"https:\/\/xpertive.com\/wp-content\/uploads\/2021\/02\/Satisfaction.png\" data-elementor-open-lightbox=\"yes\" data-elementor-lightbox-slideshow=\"2c9dc24\" data-elementor-lightbox-title=\"Satisfaction\" data-e-action-hash=\"#elementor-action%3Aaction%3Dlightbox%26settings%3DeyJpZCI6MjU2OCwidXJsIjoiaHR0cHM6XC9cL3hwZXJ0aXZlLmNvbVwvd3AtY29udGVudFwvdXBsb2Fkc1wvMjAyMVwvMDJcL1NhdGlzZmFjdGlvbi5wbmciLCJzbGlkZXNob3ciOiIyYzlkYzI0In0%3D\">\t\t<div class=\"elementor-carousel-image\" role=\"img\" aria-label=\"Satisfaction\" style=\"background-image: url(&#039;https:\/\/xpertive.com\/wp-content\/uploads\/2021\/02\/Satisfaction.png&#039;)\">\n\n\t\t\t\n\t\t\t\t\t<\/div>\n\t\t<\/a>\t\t\t\t\t\t<\/div>\n\t\t\t\t\t\t\t\t\t\t\t<div class=\"swiper-slide\" role=\"group\" aria-roledescription=\"slide\">\n\t\t\t\t\t\t\t<a href=\"https:\/\/xpertive.com\/wp-content\/uploads\/2021\/03\/Satisfaction-scaled.jpg\" data-elementor-open-lightbox=\"yes\" data-elementor-lightbox-slideshow=\"2c9dc24\" data-elementor-lightbox-title=\"Satisfaction\" data-e-action-hash=\"#elementor-action%3Aaction%3Dlightbox%26settings%3DeyJpZCI6MjcxNSwidXJsIjoiaHR0cHM6XC9cL3hwZXJ0aXZlLmNvbVwvd3AtY29udGVudFwvdXBsb2Fkc1wvMjAyMVwvMDNcL1NhdGlzZmFjdGlvbi1zY2FsZWQuanBnIiwic2xpZGVzaG93IjoiMmM5ZGMyNCJ9\">\t\t<div class=\"elementor-carousel-image\" role=\"img\" aria-label=\"Transdev\" style=\"background-image: url(&#039;https:\/\/xpertive.com\/wp-content\/uploads\/2021\/03\/Satisfaction-733x1024.jpg&#039;)\">\n\n\t\t\t\n\t\t\t\t\t<\/div>\n\t\t<\/a>\t\t\t\t\t\t<\/div>\n\t\t\t\t\t\t\t\t\t\t\t<div class=\"swiper-slide\" role=\"group\" aria-roledescription=\"slide\">\n\t\t\t\t\t\t\t<a href=\"https:\/\/xpertive.com\/wp-content\/uploads\/2021\/03\/Satisfaction-Client-scaled.jpg\" data-elementor-open-lightbox=\"yes\" data-elementor-lightbox-slideshow=\"2c9dc24\" data-elementor-lightbox-title=\"Voyage Bas-Quercy\" data-e-action-hash=\"#elementor-action%3Aaction%3Dlightbox%26settings%3DeyJpZCI6MzAwMiwidXJsIjoiaHR0cHM6XC9cL3hwZXJ0aXZlLmNvbVwvd3AtY29udGVudFwvdXBsb2Fkc1wvMjAyMVwvMDNcL1NhdGlzZmFjdGlvbi1DbGllbnQtc2NhbGVkLmpwZyIsInNsaWRlc2hvdyI6IjJjOWRjMjQifQ%3D%3D\">\t\t<div class=\"elementor-carousel-image\" role=\"img\" aria-label=\"Satisfaction Client\" style=\"background-image: url(&#039;https:\/\/xpertive.com\/wp-content\/uploads\/2021\/03\/Satisfaction-Client-728x1024.jpg&#039;)\">\n\n\t\t\t\n\t\t\t\t\t<\/div>\n\t\t<\/a>\t\t\t\t\t\t<\/div>\n\t\t\t\t\t\t\t\t\t\t\t<div class=\"swiper-slide\" role=\"group\" aria-roledescription=\"slide\">\n\t\t\t\t\t\t\t<a href=\"https:\/\/xpertive.com\/wp-content\/uploads\/2021\/04\/Satisfaction-client.jpg\" data-elementor-open-lightbox=\"yes\" data-elementor-lightbox-slideshow=\"2c9dc24\" data-elementor-lightbox-title=\"Alain BARRAU\" data-e-action-hash=\"#elementor-action%3Aaction%3Dlightbox%26settings%3DeyJpZCI6MzE3MSwidXJsIjoiaHR0cHM6XC9cL3hwZXJ0aXZlLmNvbVwvd3AtY29udGVudFwvdXBsb2Fkc1wvMjAyMVwvMDRcL1NhdGlzZmFjdGlvbi1jbGllbnQuanBnIiwic2xpZGVzaG93IjoiMmM5ZGMyNCJ9\">\t\t<div class=\"elementor-carousel-image\" role=\"img\" aria-label=\"Satisfaction client\" style=\"background-image: url(&#039;https:\/\/xpertive.com\/wp-content\/uploads\/2021\/04\/Satisfaction-client.jpg&#039;)\">\n\n\t\t\t\n\t\t\t\t\t<\/div>\n\t\t<\/a>\t\t\t\t\t\t<\/div>\n\t\t\t\t\t\t\t\t\t\t\t<div class=\"swiper-slide\" role=\"group\" aria-roledescription=\"slide\">\n\t\t\t\t\t\t\t<a href=\"https:\/\/xpertive.com\/wp-content\/uploads\/2021\/05\/Satisfaction-1.jpg\" data-elementor-open-lightbox=\"yes\" data-elementor-lightbox-slideshow=\"2c9dc24\" data-elementor-lightbox-title=\"Satisfaction Transport Salva\" data-e-action-hash=\"#elementor-action%3Aaction%3Dlightbox%26settings%3DeyJpZCI6MzI0MiwidXJsIjoiaHR0cHM6XC9cL3hwZXJ0aXZlLmNvbVwvd3AtY29udGVudFwvdXBsb2Fkc1wvMjAyMVwvMDVcL1NhdGlzZmFjdGlvbi0xLmpwZyIsInNsaWRlc2hvdyI6IjJjOWRjMjQifQ%3D%3D\">\t\t<div class=\"elementor-carousel-image\" role=\"img\" aria-label=\"Satisfaction Transport Salva\" style=\"background-image: url(&#039;https:\/\/xpertive.com\/wp-content\/uploads\/2021\/05\/Satisfaction-1.jpg&#039;)\">\n\n\t\t\t\n\t\t\t\t\t<\/div>\n\t\t<\/a>\t\t\t\t\t\t<\/div>\n\t\t\t\t\t\t\t\t\t\t\t<div class=\"swiper-slide\" role=\"group\" aria-roledescription=\"slide\">\n\t\t\t\t\t\t\t<a href=\"https:\/\/xpertive.com\/wp-content\/uploads\/2021\/06\/EDF-valadoux.jpg\" data-elementor-open-lightbox=\"yes\" data-elementor-lightbox-slideshow=\"2c9dc24\" data-elementor-lightbox-title=\"EDF valadoux\" data-e-action-hash=\"#elementor-action%3Aaction%3Dlightbox%26settings%3DeyJpZCI6MzI2MSwidXJsIjoiaHR0cHM6XC9cL3hwZXJ0aXZlLmNvbVwvd3AtY29udGVudFwvdXBsb2Fkc1wvMjAyMVwvMDZcL0VERi12YWxhZG91eC5qcGciLCJzbGlkZXNob3ciOiIyYzlkYzI0In0%3D\">\t\t<div class=\"elementor-carousel-image\" role=\"img\" aria-label=\"Satisfaction EDF\" style=\"background-image: url(&#039;https:\/\/xpertive.com\/wp-content\/uploads\/2021\/06\/EDF-valadoux.jpg&#039;)\">\n\n\t\t\t\n\t\t\t\t\t<\/div>\n\t\t<\/a>\t\t\t\t\t\t<\/div>\n\t\t\t\t\t\t\t\t\t\t\t<div class=\"swiper-slide\" role=\"group\" aria-roledescription=\"slide\">\n\t\t\t\t\t\t\t<a href=\"https:\/\/xpertive.com\/wp-content\/uploads\/2021\/08\/regie-du-smis.jpg\" data-elementor-open-lightbox=\"yes\" data-elementor-lightbox-slideshow=\"2c9dc24\" data-elementor-lightbox-title=\"r\u00e9gie du smis\" data-e-action-hash=\"#elementor-action%3Aaction%3Dlightbox%26settings%3DeyJpZCI6MzQzOCwidXJsIjoiaHR0cHM6XC9cL3hwZXJ0aXZlLmNvbVwvd3AtY29udGVudFwvdXBsb2Fkc1wvMjAyMVwvMDhcL3JlZ2llLWR1LXNtaXMuanBnIiwic2xpZGVzaG93IjoiMmM5ZGMyNCJ9\">\t\t<div class=\"elementor-carousel-image\" role=\"img\" aria-label=\"Couverture de fosse Xpertive\" style=\"background-image: url(&#039;https:\/\/xpertive.com\/wp-content\/uploads\/2021\/08\/regie-du-smis.jpg&#039;)\">\n\n\t\t\t\n\t\t\t\t\t<\/div>\n\t\t<\/a>\t\t\t\t\t\t<\/div>\n\t\t\t\t\t\t\t\t\t<\/div>\n\t\t\t\t\t\t\t\t\t\t\t\t\t\t\t<div class=\"elementor-swiper-button elementor-swiper-button-prev\" role=\"button\" tabindex=\"0\" aria-label=\"Previous\">\n\t\t\t\t\t\t\t<i aria-hidden=\"true\" class=\"eicon-chevron-left\"><\/i>\t\t\t\t\t\t<\/div>\n\t\t\t\t\t\t<div class=\"elementor-swiper-button elementor-swiper-button-next\" role=\"button\" tabindex=\"0\" aria-label=\"Next\">\n\t\t\t\t\t\t\t<i aria-hidden=\"true\" class=\"eicon-chevron-right\"><\/i>\t\t\t\t\t\t<\/div>\n\t\t\t\t\t\t\t\t\t\t\t\t\t\t\t\t<div class=\"swiper-pagination\"><\/div>\n\t\t\t\t\t\t\t\t\t\t\t\t<\/div>\n\t\t\t\t<\/div>\n\t\t\t\t\t\t\t\t<\/div>\n\t\t\t\t<\/div>\n\t\t\t\t\t<\/div>\n\t\t<\/div>\n\t\t\t\t\t<\/div>\n\t\t<\/section>\n\t\t\t\t<section class=\"elementor-section elementor-top-section elementor-element elementor-element-8cb84c5 elementor-section-boxed elementor-section-height-default elementor-section-height-default\" data-id=\"8cb84c5\" data-element_type=\"section\">\n\t\t\t\t\t\t<div class=\"elementor-container elementor-column-gap-default\">\n\t\t\t\t\t<div class=\"elementor-column elementor-col-100 elementor-top-column elementor-element elementor-element-a946515\" data-id=\"a946515\" data-element_type=\"column\">\n\t\t\t<div class=\"elementor-widget-wrap elementor-element-populated\">\n\t\t\t\t\t\t<div class=\"elementor-element elementor-element-00be024 liste_puce_1 elementor-widget elementor-widget-global elementor-global-433 elementor-widget-text-editor\" data-id=\"00be024\" data-element_type=\"widget\" data-widget_type=\"text-editor.default\">\n\t\t\t\t<div class=\"elementor-widget-container\">\n\t\t\t\t\t\t\t\t\t<h3>D\u00e9couvrir aussi :<\/h3><ul><li><a title=\"Fosse de garage pr\u00e9fabriqu\u00e9e\" href=\"https:\/\/xpertive.com\/be\/fosse-atelier-prefabriquee-acier\/\">La fosse de garage pr\u00e9fabriqu\u00e9e Xpertive et ses avantages<\/a><\/li><li><a title=\"Couvertures de fosse\" href=\"https:\/\/xpertive.com\/be\/couvertures-de-fosse\/\">Nos solutions pour s\u00e9curiser vos fosses<\/a><\/li><li><a title=\"Equipements d\u2019atelier\" href=\"https:\/\/xpertive.com\/be\/equipements-atelier\/solutions-de-levage\/\">Nos \u00e9quipements pour le levage de vos v\u00e9hicules<\/a><\/li><li><a href=\"https:\/\/xpertive.com\/be\/equipements-atelier\/gestion-des-huiles-usagees\/\">Nos solutions de traitement des huiles us\u00e9es<\/a><\/li><li><a href=\"https:\/\/xpertive.com\/be\/equipements-atelier\/brakemate\/\" data-wplink-edit=\"true\">D\u00e9pose moyeux 100% assist\u00e9<\/a><\/li><\/ul>\t\t\t\t\t\t\t\t<\/div>\n\t\t\t\t<\/div>\n\t\t\t\t\t<\/div>\n\t\t<\/div>\n\t\t\t\t\t<\/div>\n\t\t<\/section>\n\t\t\t\t<\/div>","protected":false},"excerpt":{"rendered":"<p>T\u00e9moignage client Votre avis compte\u00a0! Nous nous effor\u00e7ons depuis peu \u00e0 recueillir les avis de nos clients suite \u00e0 nos r\u00e9alisations afin d&rsquo;obtenir un retour objectif sur nos prestations dans un but d&rsquo;am\u00e9lioration continue. Ci-apr\u00e8s les t\u00e9moignages des nos clients [&hellip;]<\/p>","protected":false},"author":5,"featured_media":0,"parent":91,"menu_order":1,"comment_status":"closed","ping_status":"closed","template":"","meta":{"site-sidebar-layout":"no-sidebar","site-content-layout":"page-builder","ast-site-content-layout":"default","site-content-style":"unboxed","site-sidebar-style":"unboxed","ast-global-header-display":"","ast-banner-title-visibility":"","ast-main-header-display":"","ast-hfb-above-header-display":"","ast-hfb-below-header-display":"","ast-hfb-mobile-header-display":"","site-post-title":"disabled","ast-breadcrumbs-content":"","ast-featured-img":"disabled","footer-sml-layout":"","theme-transparent-header-meta":"default","adv-header-id-meta":"","stick-header-meta":"default","header-above-stick-meta":"","header-main-stick-meta":"","header-below-stick-meta":"","astra-migrate-meta-layouts":"set","ast-page-background-enabled":"default","ast-page-background-meta":{"desktop":{"background-color":"var(--ast-global-color-4)","background-image":"","background-repeat":"repeat","background-position":"center center","background-size":"auto","background-attachment":"scroll","background-type":"","background-media":"","overlay-type":"","overlay-color":"","overlay-opacity":"","overlay-gradient":""},"tablet":{"background-color":"","background-image":"","background-repeat":"repeat","background-position":"center center","background-size":"auto","background-attachment":"scroll","background-type":"","background-media":"","overlay-type":"","overlay-color":"","overlay-opacity":"","overlay-gradient":""},"mobile":{"background-color":"","background-image":"","background-repeat":"repeat","background-position":"center center","background-size":"auto","background-attachment":"scroll","background-type":"","background-media":"","overlay-type":"","overlay-color":"","overlay-opacity":"","overlay-gradient":""}},"ast-content-background-meta":{"desktop":{"background-color":"var(--ast-global-color-5)","background-image":"","background-repeat":"repeat","background-position":"center center","background-size":"auto","background-attachment":"scroll","background-type":"","background-media":"","overlay-type":"","overlay-color":"","overlay-opacity":"","overlay-gradient":""},"tablet":{"background-color":"var(--ast-global-color-5)","background-image":"","background-repeat":"repeat","background-position":"center center","background-size":"auto","background-attachment":"scroll","background-type":"","background-media":"","overlay-type":"","overlay-color":"","overlay-opacity":"","overlay-gradient":""},"mobile":{"background-color":"var(--ast-global-color-5)","background-image":"","background-repeat":"repeat","background-position":"center center","background-size":"auto","background-attachment":"scroll","background-type":"","background-media":"","overlay-type":"","overlay-color":"","overlay-opacity":"","overlay-gradient":""}},"footnotes":""},"class_list":["post-2019","page","type-page","status-publish","hentry"],"aioseo_notices":[],"_links":{"self":[{"href":"https:\/\/xpertive.com\/be\/wp-json\/wp\/v2\/pages\/2019","targetHints":{"allow":["GET"]}}],"collection":[{"href":"https:\/\/xpertive.com\/be\/wp-json\/wp\/v2\/pages"}],"about":[{"href":"https:\/\/xpertive.com\/be\/wp-json\/wp\/v2\/types\/page"}],"author":[{"embeddable":true,"href":"https:\/\/xpertive.com\/be\/wp-json\/wp\/v2\/users\/5"}],"replies":[{"embeddable":true,"href":"https:\/\/xpertive.com\/be\/wp-json\/wp\/v2\/comments?post=2019"}],"version-history":[{"count":99,"href":"https:\/\/xpertive.com\/be\/wp-json\/wp\/v2\/pages\/2019\/revisions"}],"predecessor-version":[{"id":5572,"href":"https:\/\/xpertive.com\/be\/wp-json\/wp\/v2\/pages\/2019\/revisions\/5572"}],"up":[{"embeddable":true,"href":"https:\/\/xpertive.com\/be\/wp-json\/wp\/v2\/pages\/91"}],"wp:attachment":[{"href":"https:\/\/xpertive.com\/be\/wp-json\/wp\/v2\/media?parent=2019"}],"curies":[{"name":"wp","href":"https:\/\/api.w.org\/{rel}","templated":true}]}}