{"id":3,"date":"2018-08-24T11:48:11","date_gmt":"2018-08-24T09:48:11","guid":{"rendered":"http:\/\/xpertive.com\/?page_id=3"},"modified":"2020-03-04T14:38:33","modified_gmt":"2020-03-04T13:38:33","slug":"mentions-legales","status":"publish","type":"page","link":"https:\/\/xpertive.com\/be\/mentions-legales\/","title":{"rendered":"Mentions L\u00e9gales"},"content":{"rendered":"<p><strong>Editeur et responsable de la publication<br \/>\n<\/strong>XPERTIVE<br \/>\n53 Avenue Carnot 69250 Neuville sur Sa\u00f4ne<br \/>\nSiren\u00a0<span class=\"ficheNumSiren\">799 723 028<\/span>\u00a0\u00a0<span class=\"ficheStatut\">R.C.S.<\/span>\u00a0<span class=\"ficheGreffeNom top\">LYON\u00a0<\/span>Soci\u00e9t\u00e9 par actions simplifi\u00e9e \u00e0 associ\u00e9 unique au capital de 100 000\u20ac<br \/>\nTVA Intra FR 02 799723028<br \/>\n<a href=\"mailto:contact@xpertive.com\">contact@xpertive.com<\/a><\/p>\n<p><strong>Cr\u00e9ation et support technique\u00a0<\/strong><br \/>\nSite internet cr\u00e9\u00e9 et g\u00e9r\u00e9 par la soci\u00e9t\u00e9 EDROWEB<br \/>\n14 chemin de Gargantua<br \/>\n69570 DARDILLY<br \/>\n<a href=\"mailto:contact@edroweb.com\">contact@edroweb.com<\/a><\/p>\n<p>Les serveurs d\u2019h\u00e9bergement du site sont exclusivement situ\u00e9s au sein de l\u2019Union Europ\u00e9enne.<\/p>\n<p>EDROWEB s\u2019engage \u00e0 ne proc\u00e9der \u00e0 aucun transfert de donn\u00e9es \u00e0 caract\u00e8re personnel \u00e0 destination d\u2019un Etat non membre de la Communaut\u00e9 europ\u00e9enne. Cependant, aucune transmission ou stockage de donn\u00e9es personnelles n\u2019est jamais totalement s\u00e9curis\u00e9e. En cons\u00e9quence, nous ne pouvons pas garantir la s\u00e9curit\u00e9 infaillible de l\u2019information transmise ou stock\u00e9e sur les serveurs d\u2019h\u00e9bergement.<\/p>\n<p align=\"justify\"><strong>Engagement de la soci\u00e9t\u00e9 XPERTIVE<\/strong><br \/>\nM\u00eame \u00e0 titre payant, XPERTIVE s&rsquo;engage \u00e0 ne communiquer aucune de ses bases de donn\u00e9es nominatives (e-mails, coordonn\u00e9es&#8230;) \u00e0 de quelconque tiers.<br \/>\nNous mesurons l&rsquo;implication des utilisateurs de la centrale lorsqu&rsquo;ils d\u00e9posent leurs informations.<br \/>\nDe ce fait, nous refusons d&rsquo;exposer a posteriori les participants \u00e0 des campagnes commerciales ou publicitaires externes sans rapport avec l&rsquo;utilisation de XPERTIVE.<\/p>\n<p align=\"justify\"><strong>Propri\u00e9t\u00e9\u00a0<\/strong><br \/>\nLa loi fran\u00e7aise du 11 mars 1957 n&rsquo;autorisant, aux termes des alin\u00e9as 2 et 3 de l&rsquo;article 41, d&rsquo;une part, que les \u00ab\u00a0copies ou reproductions strictement r\u00e9serv\u00e9es \u00e0 l&rsquo;usage priv\u00e9 du copiste et non destin\u00e9es \u00e0 une utilisation collective\u00a0\u00bb, et, d&rsquo;autre part, que les analyses et les courtes citations dans un but d&rsquo;exemple et d&rsquo;illustration, \u00ab\u00a0toute repr\u00e9sentation ou reproduction int\u00e9grale, ou partielle, faite sans le consentement de l&rsquo;auteur ou de ses ayants droit ou ayants cause, est illicite\u00a0\u00bb (alin\u00e9a 1er de l&rsquo;article 40). Toute repr\u00e9sentation ou reproduction, par quelque proc\u00e9d\u00e9 que ce soit, constituerait donc une contrefa\u00e7on sanctionn\u00e9e par les articles 425 et suivants du code p\u00e9nal. L&rsquo;int\u00e9gralit\u00e9 des contenus pr\u00e9sent\u00e9s sur xpertive.com est couverte par les droits moraux et les droits patrimoniaux de l&rsquo;auteur.<br \/>\nCelui-ci est titulaire exclusif des droits de propri\u00e9t\u00e9 intellectuelle et de producteur de base de donn\u00e9es concernant :<br \/>\ni) l&rsquo;organisation et la pr\u00e9sentation du service,<br \/>\nii) les contr\u00f4les, les modalit\u00e9s, les proc\u00e9dures, les interfaces et plus g\u00e9n\u00e9ralement toutes les composantes, cr\u00e9ations, illustrations et textes du service,<br \/>\niii) les donn\u00e9es disponibles sur le service.<br \/>\nA ce titre, l&rsquo;extraction et\/ou la r\u00e9utilisation d&rsquo;une portion substantielle des contenus disponibles sur le service ne peuvent \u00eatre accord\u00e9es que par le propri\u00e9taire de XPERTIVE. xpertive.com est la propri\u00e9t\u00e9 de la soci\u00e9t\u00e9 XPERTIVE.<\/p>\n<p align=\"justify\"><strong>Informatique et Libert\u00e9\u00a0<\/strong><br \/>\nConform\u00e9ment \u00e0 la l\u00e9gislation fran\u00e7aise \u00ab\u00a0Informatique et Libert\u00e9s\u00a0\u00bb, toute personne cit\u00e9e dans ce service b\u00e9n\u00e9ficie d&rsquo;un \u00ab\u00a0droit d&rsquo;acc\u00e8s et de rectification\u00a0\u00bb pour les informations la concernant.<\/p>\n<p><strong>Donn\u00e9es personnelles collect\u00e9es<\/strong><br \/>\nDeux types de donn\u00e9es \u00e0 caract\u00e8re personnel sont collect\u00e9s sur le site :<\/p>\n<p>&#8211; Donn\u00e9es saisies et envoy\u00e9es via les formulaires<br \/>\n&#8211; Donn\u00e9es collect\u00e9es par l\u2019outil de mesure d\u2019audience Google Analytics<\/p>\n<p>La plupart des cookies utilis\u00e9s sur ce site web sont n\u00e9cessaires \u00e0 la navigation et au bon affichage du pr\u00e9sent site, tandis que quelques autres proviennent de Google Analytics et recueillent des statistiques de visites anonymes.<\/p>\n<p><strong>Finalit\u00e9 de la collecte des donn\u00e9es personnelles<\/strong><br \/>\nLa collecte des donn\u00e9es personnelles via le formulaire pr\u00e9sent sur le site a pour but de :<\/p>\n<p>&#8211; recontacter les personnes qui ont laiss\u00e9 leurs informations de contact<br \/>\n&#8211; assurer un suivi commercial des entreprises int\u00e9ress\u00e9es par nos services<\/p>\n<p>En soumettant le formulaire et en cochant la case \u00e0 cocher de consentement du formulaire, l\u2019internaute donne express\u00e9ment son accord pour que les donn\u00e9es \u00e0 caract\u00e8re personnel soient trait\u00e9es pour la finalit\u00e9 de gestion de la relation commerciale.<\/p>\n<p>En parcourant le site, l\u2019internaute donne express\u00e9ment son accord pour que les donn\u00e9es \u00e0 caract\u00e8re personnel collect\u00e9es par Google Analytics soient trait\u00e9es pour la finalit\u00e9 d\u2019analyse du comportement des internautes en vue de l\u2019am\u00e9lioration de la performance du site.<\/p>\n<p><strong>Dur\u00e9e de conservations des donn\u00e9es personnelles<\/strong><br \/>\nLes donn\u00e9es collect\u00e9es via les formulaires sont conserv\u00e9es pendant une dur\u00e9e de 3 ans \u00e0 compter de l\u2019envoi du formulaire.<\/p>\n<p><strong>Confidentialit\u00e9 des donn\u00e9es personnelles<\/strong><br \/>\nLes donn\u00e9es personnelles vous concernant et collect\u00e9es par le site sont uniquement destin\u00e9es \u00e0 l\u2019entreprise XPERTIVE et seront uniquement exploit\u00e9es dans le cadre de la demande explicit\u00e9e via le formulaire. En aucun cas, les donn\u00e9es personnelles saisies et envoy\u00e9es sur les formulaires ne seront transmises, lou\u00e9es ou commercialis\u00e9es \u00e0 des tiers.<\/p>\n<p><strong>Droits d&rsquo;acc\u00e8s, de rectification ou de suppression des donn\u00e9es personnelles<\/strong><br \/>\nConform\u00e9ment \u00e0 la loi Informatique et Libert\u00e9s du 6 janvier 1978 modifi\u00e9e, et le R\u00e8glement Europ\u00e9en G\u00e9n\u00e9ral sur la Protection des Donn\u00e9es 2016\/679 (RGPD), vous disposez des droits d\u2019acc\u00e8s, de rectification et de suppression des donn\u00e9es personnelles vous concernant que vous pouvez exercer en utilisant notre formulaire de contact.<\/p>","protected":false},"excerpt":{"rendered":"<p>Editeur et responsable de la publication XPERTIVE 53 Avenue Carnot 69250 Neuville sur Sa\u00f4ne Siren\u00a0799 723 028\u00a0\u00a0R.C.S.\u00a0LYON\u00a0Soci\u00e9t\u00e9 par actions simplifi\u00e9e \u00e0 associ\u00e9 unique au capital de 100 000\u20ac TVA Intra FR 02 799723028 contact@xpertive.com Cr\u00e9ation et support technique\u00a0 Site internet [&hellip;]<\/p>","protected":false},"author":1,"featured_media":0,"parent":0,"menu_order":0,"comment_status":"closed","ping_status":"open","template":"","meta":{"site-sidebar-layout":"no-sidebar","site-content-layout":"content-boxed-container","ast-site-content-layout":"","site-content-style":"default","site-sidebar-style":"default","ast-global-header-display":"","ast-banner-title-visibility":"","ast-main-header-display":"","ast-hfb-above-header-display":"","ast-hfb-below-header-display":"","ast-hfb-mobile-header-display":"","site-post-title":"","ast-breadcrumbs-content":"","ast-featured-img":"","footer-sml-layout":"","theme-transparent-header-meta":"","adv-header-id-meta":"","stick-header-meta":"default","header-above-stick-meta":"","header-main-stick-meta":"","header-below-stick-meta":"","astra-migrate-meta-layouts":"default","ast-page-background-enabled":"default","ast-page-background-meta":{"desktop":{"background-color":"var(--ast-global-color-4)","background-image":"","background-repeat":"repeat","background-position":"center center","background-size":"auto","background-attachment":"scroll","background-type":"","background-media":"","overlay-type":"","overlay-color":"","overlay-opacity":"","overlay-gradient":""},"tablet":{"background-color":"","background-image":"","background-repeat":"repeat","background-position":"center center","background-size":"auto","background-attachment":"scroll","background-type":"","background-media":"","overlay-type":"","overlay-color":"","overlay-opacity":"","overlay-gradient":""},"mobile":{"background-color":"","background-image":"","background-repeat":"repeat","background-position":"center center","background-size":"auto","background-attachment":"scroll","background-type":"","background-media":"","overlay-type":"","overlay-color":"","overlay-opacity":"","overlay-gradient":""}},"ast-content-background-meta":{"desktop":{"background-color":"var(--ast-global-color-5)","background-image":"","background-repeat":"repeat","background-position":"center center","background-size":"auto","background-attachment":"scroll","background-type":"","background-media":"","overlay-type":"","overlay-color":"","overlay-opacity":"","overlay-gradient":""},"tablet":{"background-color":"var(--ast-global-color-5)","background-image":"","background-repeat":"repeat","background-position":"center center","background-size":"auto","background-attachment":"scroll","background-type":"","background-media":"","overlay-type":"","overlay-color":"","overlay-opacity":"","overlay-gradient":""},"mobile":{"background-color":"var(--ast-global-color-5)","background-image":"","background-repeat":"repeat","background-position":"center center","background-size":"auto","background-attachment":"scroll","background-type":"","background-media":"","overlay-type":"","overlay-color":"","overlay-opacity":"","overlay-gradient":""}},"footnotes":""},"class_list":["post-3","page","type-page","status-publish","hentry"],"aioseo_notices":[],"_links":{"self":[{"href":"https:\/\/xpertive.com\/be\/wp-json\/wp\/v2\/pages\/3","targetHints":{"allow":["GET"]}}],"collection":[{"href":"https:\/\/xpertive.com\/be\/wp-json\/wp\/v2\/pages"}],"about":[{"href":"https:\/\/xpertive.com\/be\/wp-json\/wp\/v2\/types\/page"}],"author":[{"embeddable":true,"href":"https:\/\/xpertive.com\/be\/wp-json\/wp\/v2\/users\/1"}],"replies":[{"embeddable":true,"href":"https:\/\/xpertive.com\/be\/wp-json\/wp\/v2\/comments?post=3"}],"version-history":[{"count":4,"href":"https:\/\/xpertive.com\/be\/wp-json\/wp\/v2\/pages\/3\/revisions"}],"predecessor-version":[{"id":1765,"href":"https:\/\/xpertive.com\/be\/wp-json\/wp\/v2\/pages\/3\/revisions\/1765"}],"wp:attachment":[{"href":"https:\/\/xpertive.com\/be\/wp-json\/wp\/v2\/media?parent=3"}],"curies":[{"name":"wp","href":"https:\/\/api.w.org\/{rel}","templated":true}]}}