{"id":337,"date":"2018-09-05T17:30:49","date_gmt":"2018-09-05T15:30:49","guid":{"rendered":"http:\/\/xpertive.com\/?page_id=337"},"modified":"2025-06-18T11:54:24","modified_gmt":"2025-06-18T09:54:24","slug":"des-fosses-de-garage-adaptees-a-votre-metier","status":"publish","type":"page","link":"https:\/\/xpertive.com\/be\/fosse-atelier-prefabriquee-acier\/des-fosses-de-garage-adaptees-a-votre-metier\/","title":{"rendered":"Des fosses de garage adapt\u00e9es \u00e0 votre m\u00e9tier"},"content":{"rendered":"<div data-elementor-type=\"wp-post\" data-elementor-id=\"337\" class=\"elementor elementor-337\" data-elementor-post-type=\"page\">\n\t\t\t\t\t\t<section class=\"elementor-section elementor-top-section elementor-element elementor-element-9521904 elementor-section-boxed elementor-section-height-default elementor-section-height-default\" data-id=\"9521904\" data-element_type=\"section\">\n\t\t\t\t\t\t<div class=\"elementor-container elementor-column-gap-default\">\n\t\t\t\t\t<div class=\"elementor-column elementor-col-50 elementor-top-column elementor-element elementor-element-23abeaa\" data-id=\"23abeaa\" data-element_type=\"column\">\n\t\t\t<div class=\"elementor-widget-wrap elementor-element-populated\">\n\t\t\t\t\t\t<div class=\"elementor-element elementor-element-9624800 elementor-widget elementor-widget-text-editor\" data-id=\"9624800\" data-element_type=\"widget\" data-widget_type=\"text-editor.default\">\n\t\t\t\t<div class=\"elementor-widget-container\">\n\t\t\t\t\t\t\t\t\t<h1>Conception de fosse sur-mesure pour la maintenance de tout v\u00e9hicule<\/h1><div>\u00a0<\/div><h2><span style=\"font-size: 1.8666666666667rem;\">Fosse poids lourds<\/span><\/h2><p>Dans le domaine du v\u00e9hicule lourd, le travail en fosse est incontournable. Elle offre une ergonomie de poste de travail tr\u00e8s appr\u00e9ci\u00e9e de ses utilisateurs et permet une cadence de production accrue.<\/p><p>En fonction de l\u2019espace dont vous disposez dans votre atelier (rappelez-vous que vous devez conserver un passage de 1,5m de chaque c\u00f4t\u00e9 de votre fosse) plus votre fosse sera longue plus elle sera pratique. L\u2019id\u00e9al est de pouvoir placer un semi-remorque complet et de disposer d\u2019un atelier traversant permettant la rotation des v\u00e9hicules.<br \/>Pour la largeur, il faudra compter entre 1.00m et 1,10m. Auparavant le standard de profondeur conseill\u00e9 pour une fosse \u00e9tait de 1,40m. Nous conseillons dor\u00e9navant et nos clients retiennent souvent une profondeur de 1,50m voire 1,60m avec une plateforme de sur\u00e9l\u00e8vement (+20 cm). Pour les \u00e9quipements, bien s\u00fbr la couverture de fosse est obligatoire et la niche est primordiale pour stocker votre mat\u00e9riel et si vous l\u2019avez pr\u00e9vu, d\u2019int\u00e9grer des enrouleurs pour la distribution des fluides en fosse. Pr\u00e9voir un bac de r\u00e9cup\u00e9ration d\u2019huiles bord de fosse ou fond de fosse avec une pompe pneumatique pour vidanger le bac vers une cuve double peau non-enterr\u00e9e. Pour le levage, int\u00e9grer un cric 15T au fond ou en bord de fosse. Pensez bien entendu \u00e0 la ventilation fond de fosse et aspiration des gaz d\u2019\u00e9chappement.<\/p><h2>\u00a0<\/h2><h2>Fosse pour l&rsquo;entretien des bus et autocars<\/h2><p>L\u2019entretien des bus se faisant principalement \u00e0 l\u2019arri\u00e8re, nous pouvons r\u00e9aliser des fosses en forme de marteau avec une zone atelier \u00e9largie. Dans cette zone atelier vous pouvez ais\u00e9ment int\u00e9grer un \u00e9tabli et travailler avec confort et s\u00e9curit\u00e9.<\/p><h2>\u00a0<\/h2><h2>Fosse pour la maintenance de v\u00e9hicule l\u00e9ger ou utilitaire<\/h2><p>La largeur de votre fosse devra \u00eatre de 0,90m. La garde au sol \u00e9tant tr\u00e8s basse sur les v\u00e9hicules l\u00e9gers et les utilitaires, il faudra bien pr\u00e9voir d\u2019adapter la profondeur \u00e0 1,60m. Pour les \u00e9quipements, ceux-ci se rapprocheront de ceux du poids lourds (Couverture de fosse, niche, ventilation fond de fosse, bac r\u00e9cup\u00e9rateur pour les vidange et cuve de stockage des huiles us\u00e9es, distribution des fluides, v\u00e9rin de fosse ou traverse de levage et aspiration des gaz d\u2019\u00e9chappement)<\/p><p><span style=\"font-size: 1.8666666666667rem;\">\u00a0<\/span><\/p><p class=\"translation-block\"><span style=\"font-size: 1.8666666666667rem;\">Fosse diagnostic pour les contr\u00f4les techniques poids lourds et&nbsp;<\/span><span style=\"font-size: 28px;\">v\u00e9hicule<\/span><span style=\"font-size: 1.8666666666667rem;\">&nbsp;l\u00e9ger<\/span><\/p><p>Nous r\u00e9alisons sur mesure les r\u00e9servations adapt\u00e9es aux cadres des \u00e9quipementiers pour int\u00e9grer \u00e0 votre fosse tous vos \u00e9quipements de diagnostic (banc tachygraphe, banc de freinage, plaques \u00e0 jeux, g\u00e9om\u00e9trie). Nos fosses peuvent accueillir toutes les marques car elles sont fabriqu\u00e9es sur-mesure. Nous nous adapterons au mat\u00e9riel de votre fournisseur et pouvons m\u00eame nous charger de la fourniture de votre \u00e9quipement en vous faisant profiter des offres de nos partenaires.\u00a0<\/p><h2>\u00a0<\/h2><h2>Fosse d\u2019atelier pour les stations de ski et zones difficiles<\/h2><p>Pour les m\u00e9tiers aux conditions de travail extr\u00eames (froid, neige, utilisation de produits corrosifs etc\u2026), nous pouvons galvaniser \u00e0 chaud nos fosses et leur offrir ainsi une protection contre la corrosion. Pour la couverture compos\u00e9e de lames en aluminium, nous utiliserons des composants inoxydables pour assurer une meilleure long\u00e9vit\u00e9 \u00e0 votre \u00e9quipement d\u2019atelier.<\/p><h2>\u00a0<\/h2><h2>Des fosses de garage 100% sur-mesure<\/h2><p>Vous l\u2019aurez compris, nous n\u2019avons pas r\u00e9ellement de mod\u00e8le standard. Toutes nos fosses sont uniques, con\u00e7ues sur-mesure \u00e0 partir des plans que nous \u00e9changerons et validerons ensemble avant fabrication. Nous vous livrerons un \u00e9quipement d\u2019atelier 100% conforme \u00e0 vos attentes et besoins.<\/p>\t\t\t\t\t\t\t\t<\/div>\n\t\t\t\t<\/div>\n\t\t\t\t\t<\/div>\n\t\t<\/div>\n\t\t\t\t<div class=\"elementor-column elementor-col-50 elementor-top-column elementor-element elementor-element-c08312f\" data-id=\"c08312f\" data-element_type=\"column\">\n\t\t\t<div class=\"elementor-widget-wrap elementor-element-populated\">\n\t\t\t\t\t\t<section class=\"elementor-section elementor-inner-section elementor-element elementor-element-0a14da3 elementor-section-height-min-height elementor-section-content-middle elementor-section-boxed elementor-section-height-default\" data-id=\"0a14da3\" data-element_type=\"section\" data-settings=\"{&quot;sticky&quot;:&quot;top&quot;,&quot;sticky_offset&quot;:100,&quot;sticky_on&quot;:[&quot;desktop&quot;,&quot;tablet&quot;],&quot;sticky_parent&quot;:&quot;yes&quot;,&quot;sticky_effects_offset&quot;:0,&quot;sticky_anchor_link_offset&quot;:0}\">\n\t\t\t\t\t\t<div class=\"elementor-container elementor-column-gap-default\">\n\t\t\t\t\t<div class=\"elementor-column elementor-col-100 elementor-inner-column elementor-element elementor-element-2af405c\" data-id=\"2af405c\" data-element_type=\"column\">\n\t\t\t<div class=\"elementor-widget-wrap elementor-element-populated\">\n\t\t\t\t\t\t<div class=\"elementor-element elementor-element-82bf714 elementor-widget__width-initial elementor-widget elementor-widget-video\" data-id=\"82bf714\" data-element_type=\"widget\" data-settings=\"{&quot;youtube_url&quot;:&quot;https:\\\/\\\/youtu.be\\\/52BrGPPbJJA&quot;,&quot;autoplay&quot;:&quot;yes&quot;,&quot;mute&quot;:&quot;yes&quot;,&quot;video_type&quot;:&quot;youtube&quot;,&quot;controls&quot;:&quot;yes&quot;}\" data-widget_type=\"video.default\">\n\t\t\t\t<div class=\"elementor-widget-container\">\n\t\t\t\t\t\t\t<div class=\"elementor-wrapper elementor-open-inline\">\n\t\t\t<div class=\"elementor-video\"><\/div>\t\t<\/div>\n\t\t\t\t\t\t<\/div>\n\t\t\t\t<\/div>\n\t\t\t\t<div class=\"elementor-element elementor-element-935e387 elementor-widget__width-initial elementor-widget elementor-widget-image\" data-id=\"935e387\" data-element_type=\"widget\" data-widget_type=\"image.default\">\n\t\t\t\t<div class=\"elementor-widget-container\">\n\t\t\t\t\t\t\t\t\t\t\t\t<figure class=\"wp-caption\">\n\t\t\t\t\t\t\t\t\t\t\t<a href=\"https:\/\/xpertive.com\/wp-content\/uploads\/2023\/11\/Brochure-generale-Xpertive.pdf\" target=\"_blank\">\n\t\t\t\t\t\t\t<img fetchpriority=\"high\" decoding=\"async\" width=\"300\" height=\"225\" src=\"https:\/\/xpertive.com\/wp-content\/uploads\/2023\/11\/Telechargez-notre-brochure-generale-2023-300x225.png\" class=\"elementor-animation-grow attachment-medium size-medium wp-image-3836\" alt=\"Sp\u00e9cialiste fosse de garage couverture de fosse et \u00e9quipement d atelier\" srcset=\"https:\/\/xpertive.com\/wp-content\/uploads\/2023\/11\/Telechargez-notre-brochure-generale-2023-300x225.png 300w, https:\/\/xpertive.com\/wp-content\/uploads\/2023\/11\/Telechargez-notre-brochure-generale-2023-16x12.png 16w, https:\/\/xpertive.com\/wp-content\/uploads\/2023\/11\/Telechargez-notre-brochure-generale-2023.png 425w\" sizes=\"(max-width: 300px) 100vw, 300px\" \/>\t\t\t\t\t\t\t\t<\/a>\n\t\t\t\t\t\t\t\t\t\t\t<figcaption class=\"widget-image-caption wp-caption-text\">Brochure \u00e0 t\u00e9l\u00e9charger<\/figcaption>\n\t\t\t\t\t\t\t\t\t\t<\/figure>\n\t\t\t\t\t\t\t\t\t<\/div>\n\t\t\t\t<\/div>\n\t\t\t\t<div class=\"elementor-element elementor-element-a493596 elementor-widget elementor-widget-shortcode\" data-id=\"a493596\" data-element_type=\"widget\" data-widget_type=\"shortcode.default\">\n\t\t\t\t<div class=\"elementor-widget-container\">\n\t\t\t\t\t\t\t<div class=\"elementor-shortcode\">\t\t<div data-elementor-type=\"section\" data-elementor-id=\"5599\" class=\"elementor elementor-5599\" data-elementor-post-type=\"elementor_library\">\n\t\t\t\t\t<section class=\"elementor-section elementor-top-section elementor-element elementor-element-856a367 elementor-section-boxed elementor-section-height-default elementor-section-height-default\" data-id=\"856a367\" data-element_type=\"section\" data-no-translation=\"\">\n\t\t\t\t\t\t<div class=\"elementor-container elementor-column-gap-no\">\n\t\t\t\t\t<div class=\"elementor-column elementor-col-100 elementor-top-column elementor-element elementor-element-0af015f\" data-id=\"0af015f\" data-element_type=\"column\" data-settings=\"{&quot;animation&quot;:&quot;none&quot;}\">\n\t\t\t<div class=\"elementor-widget-wrap elementor-element-populated\">\n\t\t\t\t\t\t<div class=\"elementor-element elementor-element-6946d9c elementor-widget-divider--view-line elementor-widget elementor-widget-divider\" data-id=\"6946d9c\" data-element_type=\"widget\" data-widget_type=\"divider.default\">\n\t\t\t\t<div class=\"elementor-widget-container\">\n\t\t\t\t\t\t\t<div class=\"elementor-divider\">\n\t\t\t<span class=\"elementor-divider-separator\">\n\t\t\t\t\t\t<\/span>\n\t\t<\/div>\n\t\t\t\t\t\t<\/div>\n\t\t\t\t<\/div>\n\t\t\t\t<div class=\"elementor-element elementor-element-9ea131f elementor-align-justify elementor-hidden-desktop elementor-widget elementor-widget-button\" data-id=\"9ea131f\" data-element_type=\"widget\" data-widget_type=\"button.default\">\n\t\t\t\t<div class=\"elementor-widget-container\">\n\t\t\t\t\t\t\t\t\t<div class=\"elementor-button-wrapper\">\n\t\t\t\t\t<a class=\"elementor-button elementor-button-link elementor-size-sm elementor-animation-grow\" href=\"\/contact\/\" id=\"recevez\">\n\t\t\t\t\t\t<span class=\"elementor-button-content-wrapper\">\n\t\t\t\t\t\t\t\t\t<span class=\"elementor-button-text\">RECEVEZ GRATUITEMENT UNE OFFRE<\/span>\n\t\t\t\t\t<\/span>\n\t\t\t\t\t<\/a>\n\t\t\t\t<\/div>\n\t\t\t\t\t\t\t\t<\/div>\n\t\t\t\t<\/div>\n\t\t\t\t<div class=\"elementor-element elementor-element-a479bca elementor-align-justify elementor-widget elementor-widget-button\" data-id=\"a479bca\" data-element_type=\"widget\" data-widget_type=\"button.default\">\n\t\t\t\t<div class=\"elementor-widget-container\">\n\t\t\t\t\t\t\t\t\t<div class=\"elementor-button-wrapper\">\n\t\t\t\t\t<a class=\"elementor-button elementor-button-link elementor-size-sm elementor-animation-grow\" href=\"tel:+32475%20\/%2034%2000%2036\">\n\t\t\t\t\t\t<span class=\"elementor-button-content-wrapper\">\n\t\t\t\t\t\t\t\t\t<span class=\"elementor-button-text\">\ud83d\udcf1  0475 \/ 34 00 36<\/span>\n\t\t\t\t\t<\/span>\n\t\t\t\t\t<\/a>\n\t\t\t\t<\/div>\n\t\t\t\t\t\t\t\t<\/div>\n\t\t\t\t<\/div>\n\t\t\t\t<div class=\"elementor-element elementor-element-57e742d elementor-align-justify elementor-widget elementor-widget-button\" data-id=\"57e742d\" data-element_type=\"widget\" data-widget_type=\"button.default\">\n\t\t\t\t<div class=\"elementor-widget-container\">\n\t\t\t\t\t\t\t\t\t<div class=\"elementor-button-wrapper\">\n\t\t\t\t\t<a class=\"elementor-button elementor-button-link elementor-size-sm elementor-animation-grow\" href=\"mailto:info@tubemo.be\">\n\t\t\t\t\t\t<span class=\"elementor-button-content-wrapper\">\n\t\t\t\t\t\t\t\t\t<span class=\"elementor-button-text\">\ud83d\udce7 \u00a0info@tubemo.be<\/span>\n\t\t\t\t\t<\/span>\n\t\t\t\t\t<\/a>\n\t\t\t\t<\/div>\n\t\t\t\t\t\t\t\t<\/div>\n\t\t\t\t<\/div>\n\t\t\t\t\t<\/div>\n\t\t<\/div>\n\t\t\t\t\t<\/div>\n\t\t<\/section>\n\t\t\t\t<\/div>\n\t\t<\/div>\n\t\t\t\t\t\t<\/div>\n\t\t\t\t<\/div>\n\t\t\t\t\t<\/div>\n\t\t<\/div>\n\t\t\t\t\t<\/div>\n\t\t<\/section>\n\t\t\t\t\t<\/div>\n\t\t<\/div>\n\t\t\t\t\t<\/div>\n\t\t<\/section>\n\t\t\t\t<section class=\"elementor-section elementor-top-section elementor-element elementor-element-0659232 elementor-section-boxed elementor-section-height-default elementor-section-height-default\" data-id=\"0659232\" data-element_type=\"section\">\n\t\t\t\t\t\t<div class=\"elementor-container elementor-column-gap-default\">\n\t\t\t\t\t<div class=\"elementor-column elementor-col-100 elementor-top-column elementor-element elementor-element-05a1d36\" data-id=\"05a1d36\" data-element_type=\"column\">\n\t\t\t<div class=\"elementor-widget-wrap elementor-element-populated\">\n\t\t\t\t\t\t<div class=\"elementor-element elementor-element-7b81d06 elementor-align-center elementor-widget elementor-widget-button\" data-id=\"7b81d06\" data-element_type=\"widget\" data-widget_type=\"button.default\">\n\t\t\t\t<div class=\"elementor-widget-container\">\n\t\t\t\t\t\t\t\t\t<div class=\"elementor-button-wrapper\">\n\t\t\t\t\t<a class=\"elementor-button elementor-button-link elementor-size-sm elementor-animation-grow\" href=\"\/be\/contact\/\">\n\t\t\t\t\t\t<span class=\"elementor-button-content-wrapper\">\n\t\t\t\t\t\t\t\t\t<span class=\"elementor-button-text\"> Parlez-nous de votre projet<\/span>\n\t\t\t\t\t<\/span>\n\t\t\t\t\t<\/a>\n\t\t\t\t<\/div>\n\t\t\t\t\t\t\t\t<\/div>\n\t\t\t\t<\/div>\n\t\t\t\t\t<\/div>\n\t\t<\/div>\n\t\t\t\t\t<\/div>\n\t\t<\/section>\n\t\t\t\t<section class=\"elementor-section elementor-top-section elementor-element elementor-element-e23e644 elementor-section-boxed elementor-section-height-default elementor-section-height-default\" data-id=\"e23e644\" data-element_type=\"section\">\n\t\t\t\t\t\t<div class=\"elementor-container elementor-column-gap-default\">\n\t\t\t\t\t<div class=\"elementor-column elementor-col-100 elementor-top-column elementor-element elementor-element-f5b7982\" data-id=\"f5b7982\" data-element_type=\"column\">\n\t\t\t<div class=\"elementor-widget-wrap elementor-element-populated\">\n\t\t\t\t\t\t<div class=\"elementor-element elementor-element-7109ff0 liste_puce_1 elementor-widget elementor-widget-global elementor-global-433 elementor-widget-text-editor\" data-id=\"7109ff0\" data-element_type=\"widget\" data-widget_type=\"text-editor.default\">\n\t\t\t\t<div class=\"elementor-widget-container\">\n\t\t\t\t\t\t\t\t\t<h3>D\u00e9couvrir aussi :<\/h3><ul><li><a title=\"Fosse de garage pr\u00e9fabriqu\u00e9e\" href=\"https:\/\/xpertive.com\/be\/fosse-atelier-prefabriquee-acier\/\">La fosse de garage pr\u00e9fabriqu\u00e9e Xpertive et ses avantages<\/a><\/li><li><a title=\"Couvertures de fosse\" href=\"https:\/\/xpertive.com\/be\/couvertures-de-fosse\/\">Nos solutions pour s\u00e9curiser vos fosses<\/a><\/li><li><a title=\"Equipements d\u2019atelier\" href=\"https:\/\/xpertive.com\/be\/equipements-atelier\/solutions-de-levage\/\">Nos \u00e9quipements pour le levage de vos v\u00e9hicules<\/a><\/li><li><a href=\"https:\/\/xpertive.com\/be\/equipements-atelier\/gestion-des-huiles-usagees\/\">Nos solutions de traitement des huiles us\u00e9es<\/a><\/li><li><a href=\"https:\/\/xpertive.com\/be\/equipements-atelier\/brakemate\/\" data-wplink-edit=\"true\">D\u00e9pose moyeux 100% assist\u00e9<\/a><\/li><\/ul>\t\t\t\t\t\t\t\t<\/div>\n\t\t\t\t<\/div>\n\t\t\t\t\t<\/div>\n\t\t<\/div>\n\t\t\t\t\t<\/div>\n\t\t<\/section>\n\t\t\t\t<section class=\"elementor-section elementor-top-section elementor-element elementor-element-e2e8980 elementor-section-boxed elementor-section-height-default elementor-section-height-default\" data-id=\"e2e8980\" data-element_type=\"section\">\n\t\t\t\t\t\t<div class=\"elementor-container elementor-column-gap-default\">\n\t\t\t\t\t<div class=\"elementor-column elementor-col-100 elementor-top-column elementor-element elementor-element-7ce9302\" data-id=\"7ce9302\" data-element_type=\"column\">\n\t\t\t<div class=\"elementor-widget-wrap elementor-element-populated\">\n\t\t\t\t\t\t<div class=\"elementor-element elementor-element-7f911e5 liste_puce_1 elementor-widget elementor-widget-text-editor\" data-id=\"7f911e5\" data-element_type=\"widget\" data-widget_type=\"text-editor.default\">\n\t\t\t\t<div class=\"elementor-widget-container\">\n\t\t\t\t\t\t\t\t\t<h3 style=\"font-style: normal;\">Ainsi \u00a0que:<\/h3><ul><li><a href=\"\/be\/realisations\/\" target=\"_blank\" rel=\"noopener\">Nos r\u00e9alisations : pour vous donner une meilleure id\u00e9e de nos solutions<\/a><\/li><\/ul>\t\t\t\t\t\t\t\t<\/div>\n\t\t\t\t<\/div>\n\t\t\t\t\t<\/div>\n\t\t<\/div>\n\t\t\t\t\t<\/div>\n\t\t<\/section>\n\t\t\t\t<\/div>","protected":false},"excerpt":{"rendered":"<p>Conception de fosse sur-mesure pour la maintenance de tout v\u00e9hicule Fosse poids lourds Dans le domaine du v\u00e9hicule lourd, le travail en fosse est incontournable. Elle offre une ergonomie de poste de travail tr\u00e8s appr\u00e9ci\u00e9e de ses utilisateurs et permet [&hellip;]<\/p>","protected":false},"author":1,"featured_media":0,"parent":2,"menu_order":0,"comment_status":"closed","ping_status":"closed","template":"","meta":{"site-sidebar-layout":"default","site-content-layout":"default","ast-site-content-layout":"default","site-content-style":"default","site-sidebar-style":"default","ast-global-header-display":"","ast-banner-title-visibility":"","ast-main-header-display":"","ast-hfb-above-header-display":"","ast-hfb-below-header-display":"","ast-hfb-mobile-header-display":"","site-post-title":"disabled","ast-breadcrumbs-content":"","ast-featured-img":"disabled","footer-sml-layout":"","theme-transparent-header-meta":"default","adv-header-id-meta":"","stick-header-meta":"default","header-above-stick-meta":"","header-main-stick-meta":"","header-below-stick-meta":"","astra-migrate-meta-layouts":"set","ast-page-background-enabled":"default","ast-page-background-meta":{"desktop":{"background-color":"var(--ast-global-color-4)","background-image":"","background-repeat":"repeat","background-position":"center center","background-size":"auto","background-attachment":"scroll","background-type":"","background-media":"","overlay-type":"","overlay-color":"","overlay-opacity":"","overlay-gradient":""},"tablet":{"background-color":"","background-image":"","background-repeat":"repeat","background-position":"center center","background-size":"auto","background-attachment":"scroll","background-type":"","background-media":"","overlay-type":"","overlay-color":"","overlay-opacity":"","overlay-gradient":""},"mobile":{"background-color":"","background-image":"","background-repeat":"repeat","background-position":"center center","background-size":"auto","background-attachment":"scroll","background-type":"","background-media":"","overlay-type":"","overlay-color":"","overlay-opacity":"","overlay-gradient":""}},"ast-content-background-meta":{"desktop":{"background-color":"var(--ast-global-color-5)","background-image":"","background-repeat":"repeat","background-position":"center center","background-size":"auto","background-attachment":"scroll","background-type":"","background-media":"","overlay-type":"","overlay-color":"","overlay-opacity":"","overlay-gradient":""},"tablet":{"background-color":"var(--ast-global-color-5)","background-image":"","background-repeat":"repeat","background-position":"center center","background-size":"auto","background-attachment":"scroll","background-type":"","background-media":"","overlay-type":"","overlay-color":"","overlay-opacity":"","overlay-gradient":""},"mobile":{"background-color":"var(--ast-global-color-5)","background-image":"","background-repeat":"repeat","background-position":"center center","background-size":"auto","background-attachment":"scroll","background-type":"","background-media":"","overlay-type":"","overlay-color":"","overlay-opacity":"","overlay-gradient":""}},"footnotes":""},"class_list":["post-337","page","type-page","status-publish","hentry"],"aioseo_notices":[],"_links":{"self":[{"href":"https:\/\/xpertive.com\/be\/wp-json\/wp\/v2\/pages\/337","targetHints":{"allow":["GET"]}}],"collection":[{"href":"https:\/\/xpertive.com\/be\/wp-json\/wp\/v2\/pages"}],"about":[{"href":"https:\/\/xpertive.com\/be\/wp-json\/wp\/v2\/types\/page"}],"author":[{"embeddable":true,"href":"https:\/\/xpertive.com\/be\/wp-json\/wp\/v2\/users\/1"}],"replies":[{"embeddable":true,"href":"https:\/\/xpertive.com\/be\/wp-json\/wp\/v2\/comments?post=337"}],"version-history":[{"count":25,"href":"https:\/\/xpertive.com\/be\/wp-json\/wp\/v2\/pages\/337\/revisions"}],"predecessor-version":[{"id":5902,"href":"https:\/\/xpertive.com\/be\/wp-json\/wp\/v2\/pages\/337\/revisions\/5902"}],"up":[{"embeddable":true,"href":"https:\/\/xpertive.com\/be\/wp-json\/wp\/v2\/pages\/2"}],"wp:attachment":[{"href":"https:\/\/xpertive.com\/be\/wp-json\/wp\/v2\/media?parent=337"}],"curies":[{"name":"wp","href":"https:\/\/api.w.org\/{rel}","templated":true}]}}