{"id":673,"date":"2018-10-05T08:30:59","date_gmt":"2018-10-05T06:30:59","guid":{"rendered":"http:\/\/xpertive.com\/?page_id=673"},"modified":"2025-07-02T17:57:32","modified_gmt":"2025-07-02T15:57:32","slug":"solutions-de-levage","status":"publish","type":"page","link":"https:\/\/xpertive.com\/be\/equipements-atelier\/solutions-de-levage\/","title":{"rendered":"Solutions de levage"},"content":{"rendered":"<div data-elementor-type=\"wp-post\" data-elementor-id=\"673\" class=\"elementor elementor-673\" data-elementor-post-type=\"page\">\n\t\t\t\t\t\t<section class=\"elementor-section elementor-top-section elementor-element elementor-element-c06c3a9 elementor-section-boxed elementor-section-height-default elementor-section-height-default\" data-id=\"c06c3a9\" data-element_type=\"section\">\n\t\t\t\t\t\t<div class=\"elementor-container elementor-column-gap-default\">\n\t\t\t\t\t<div class=\"elementor-column elementor-col-100 elementor-top-column elementor-element elementor-element-addbf77\" data-id=\"addbf77\" data-element_type=\"column\">\n\t\t\t<div class=\"elementor-widget-wrap elementor-element-populated\">\n\t\t\t\t\t\t<div class=\"elementor-element elementor-element-130af28 elementor-widget__width-initial elementor-widget elementor-widget-heading\" data-id=\"130af28\" data-element_type=\"widget\" data-widget_type=\"heading.default\">\n\t\t\t\t<div class=\"elementor-widget-container\">\n\t\t\t\t\t<h1 class=\"elementor-heading-title elementor-size-default\">Equipements de levage pour fosse de garage et atelier de maintenance poids lourds<\/h1>\t\t\t\t<\/div>\n\t\t\t\t<\/div>\n\t\t\t\t\t<\/div>\n\t\t<\/div>\n\t\t\t\t\t<\/div>\n\t\t<\/section>\n\t\t\t\t<section class=\"elementor-section elementor-top-section elementor-element elementor-element-45c75d8 elementor-section-boxed elementor-section-height-default elementor-section-height-default\" data-id=\"45c75d8\" data-element_type=\"section\">\n\t\t\t\t\t\t<div class=\"elementor-container elementor-column-gap-default\">\n\t\t\t\t\t<div class=\"elementor-column elementor-col-50 elementor-top-column elementor-element elementor-element-eb0056a\" data-id=\"eb0056a\" data-element_type=\"column\">\n\t\t\t<div class=\"elementor-widget-wrap elementor-element-populated\">\n\t\t\t\t\t\t<div class=\"elementor-element elementor-element-0f06dd3 elementor-widget__width-initial elementor-widget elementor-widget-heading\" data-id=\"0f06dd3\" data-element_type=\"widget\" data-widget_type=\"heading.default\">\n\t\t\t\t<div class=\"elementor-widget-container\">\n\t\t\t\t\t<h2 class=\"elementor-heading-title elementor-size-default\">Fournisseur fran\u00e7ais d'\u00e9quipement de levage pour v\u00e9hicule industriel<\/h2>\t\t\t\t<\/div>\n\t\t\t\t<\/div>\n\t\t\t\t<div class=\"elementor-element elementor-element-688535a elementor-widget elementor-widget-text-editor\" data-id=\"688535a\" data-element_type=\"widget\" data-widget_type=\"text-editor.default\">\n\t\t\t\t<div class=\"elementor-widget-container\">\n\t\t\t\t\t\t\t\t\t<p class=\"\" data-start=\"453\" data-end=\"731\">Le march\u00e9 des <span style=\"color: #ff6600;\"><strong>\u00e9quipements de levage<\/strong><\/span> regroupe de nombreux fabricants et revendeurs en France et en Europe. Face \u00e0 cette diversit\u00e9, il peut \u00eatre complexe d\u2019identifier la solution la plus adapt\u00e9e \u00e0 vos exigences en termes de qualit\u00e9, de performance et de compatibilit\u00e9 technique.<\/p><p class=\"\" data-start=\"733\" data-end=\"1066\">Gr\u00e2ce \u00e0 notre expertise et \u00e0 un r\u00e9seau de partenaires de confiance, nous s\u00e9lectionnons et adaptons les meilleurs \u00e9quipements pour r\u00e9pondre pr\u00e9cis\u00e9ment \u00e0 vos besoins. Notre <strong><span style=\"color: #ff6600;\">connaissance approfondie du secteur de la maintenance poids lourd<\/span><\/strong> et des solutions disponibles nous permet de vous proposer des <strong><span style=\"color: #ff6600;\">outils performants et durables<\/span><\/strong>.<\/p>\t\t\t\t\t\t\t\t<\/div>\n\t\t\t\t<\/div>\n\t\t\t\t\t<\/div>\n\t\t<\/div>\n\t\t\t\t<div class=\"elementor-column elementor-col-50 elementor-top-column elementor-element elementor-element-ef44dc3\" data-id=\"ef44dc3\" data-element_type=\"column\">\n\t\t\t<div class=\"elementor-widget-wrap elementor-element-populated\">\n\t\t\t\t\t\t<div class=\"elementor-element elementor-element-3be3f52 elementor-arrows-position-inside elementor-pagination-position-outside elementor-widget elementor-widget-image-carousel\" data-id=\"3be3f52\" data-element_type=\"widget\" data-settings=\"{&quot;slides_to_show&quot;:&quot;1&quot;,&quot;navigation&quot;:&quot;both&quot;,&quot;autoplay&quot;:&quot;yes&quot;,&quot;pause_on_hover&quot;:&quot;yes&quot;,&quot;pause_on_interaction&quot;:&quot;yes&quot;,&quot;autoplay_speed&quot;:5000,&quot;infinite&quot;:&quot;yes&quot;,&quot;effect&quot;:&quot;slide&quot;,&quot;speed&quot;:500}\" data-widget_type=\"image-carousel.default\">\n\t\t\t\t<div class=\"elementor-widget-container\">\n\t\t\t\t\t\t\t<div class=\"elementor-image-carousel-wrapper swiper\" role=\"region\" aria-roledescription=\"carousel\" aria-label=\"Carrousel d\u2019images\" dir=\"ltr\">\n\t\t\t<div class=\"elementor-image-carousel swiper-wrapper\" aria-live=\"off\">\n\t\t\t\t\t\t\t\t<div class=\"swiper-slide\" role=\"group\" aria-roledescription=\"slide\" aria-label=\"1 of 4\"><figure class=\"swiper-slide-inner\"><img decoding=\"async\" class=\"swiper-slide-image\" src=\"https:\/\/xpertive.com\/wp-content\/uploads\/2018\/11\/Cric-bord-de-fosse-double-v\u00e9rins-12T-et-20-T-300x240.png\" alt=\"Traverse de levage 2 point pour fosse de garage poids lourds\" \/><\/figure><\/div><div class=\"swiper-slide\" role=\"group\" aria-roledescription=\"slide\" aria-label=\"2 of 4\"><figure class=\"swiper-slide-inner\"><img decoding=\"async\" class=\"swiper-slide-image\" src=\"https:\/\/xpertive.com\/wp-content\/uploads\/2025\/03\/CRIC-FOND-DE-FOSSE-SERIE-M-BLITZ-XPERTIVE-300x271.webp\" alt=\"V\u00e9rin 15T fond de fosse Blitz Rotary\" \/><\/figure><\/div><div class=\"swiper-slide\" role=\"group\" aria-roledescription=\"slide\" aria-label=\"3 of 4\"><figure class=\"swiper-slide-inner\"><img decoding=\"async\" class=\"swiper-slide-image\" src=\"https:\/\/xpertive.com\/wp-content\/uploads\/2025\/03\/Verin-bord-de-fosse-Blitz-S15-Vario-Flat-XPERTIVE-226x300.webp\" alt=\"Cric pour levage de v\u00e9hicules lourds en bord de fosse\" \/><\/figure><\/div><div class=\"swiper-slide\" role=\"group\" aria-roledescription=\"slide\" aria-label=\"4 of 4\"><figure class=\"swiper-slide-inner\"><img decoding=\"async\" class=\"swiper-slide-image\" src=\"https:\/\/xpertive.com\/wp-content\/uploads\/2018\/10\/pont-\u00e0-f\u00fbt-2-colonnes-t\u00e9l\u00e9scopiques-30-tonnes-300x285.png\" alt=\"pont \u00e9l\u00e9vateur colonnes carr\u00e9es ultra r\u00e9sistantes 15 Tonnes\" \/><\/figure><\/div>\t\t\t<\/div>\n\t\t\t\t\t\t\t\t\t\t\t\t<div class=\"elementor-swiper-button elementor-swiper-button-prev\" role=\"button\" tabindex=\"0\">\n\t\t\t\t\t\t<i aria-hidden=\"true\" class=\"eicon-chevron-left\"><\/i>\t\t\t\t\t<\/div>\n\t\t\t\t\t<div class=\"elementor-swiper-button elementor-swiper-button-next\" role=\"button\" tabindex=\"0\">\n\t\t\t\t\t\t<i aria-hidden=\"true\" class=\"eicon-chevron-right\"><\/i>\t\t\t\t\t<\/div>\n\t\t\t\t\n\t\t\t\t\t\t\t\t\t<div class=\"swiper-pagination\"><\/div>\n\t\t\t\t\t\t\t\t\t<\/div>\n\t\t\t\t\t\t<\/div>\n\t\t\t\t<\/div>\n\t\t\t\t\t<\/div>\n\t\t<\/div>\n\t\t\t\t\t<\/div>\n\t\t<\/section>\n\t\t\t\t<section class=\"elementor-section elementor-top-section elementor-element elementor-element-3a4df39 elementor-section-boxed elementor-section-height-default elementor-section-height-default\" data-id=\"3a4df39\" data-element_type=\"section\">\n\t\t\t\t\t\t<div class=\"elementor-container elementor-column-gap-default\">\n\t\t\t\t\t<div class=\"elementor-column elementor-col-100 elementor-top-column elementor-element elementor-element-ec61dd3\" data-id=\"ec61dd3\" data-element_type=\"column\">\n\t\t\t<div class=\"elementor-widget-wrap elementor-element-populated\">\n\t\t\t\t\t\t<div class=\"elementor-element elementor-element-12b23bc elementor-widget__width-initial elementor-widget elementor-widget-heading\" data-id=\"12b23bc\" data-element_type=\"widget\" data-widget_type=\"heading.default\">\n\t\t\t\t<div class=\"elementor-widget-container\">\n\t\t\t\t\t<h2 class=\"elementor-heading-title elementor-size-default\">Des solutions de levage adapt\u00e9es \u00e0 votre garage et \u00e0 vos habitudes de travail<\/h2>\t\t\t\t<\/div>\n\t\t\t\t<\/div>\n\t\t\t\t\t<\/div>\n\t\t<\/div>\n\t\t\t\t\t<\/div>\n\t\t<\/section>\n\t\t\t\t<section class=\"elementor-section elementor-top-section elementor-element elementor-element-678168f elementor-hidden-desktop elementor-hidden-tablet elementor-hidden-mobile elementor-section-boxed elementor-section-height-default elementor-section-height-default\" data-id=\"678168f\" data-element_type=\"section\">\n\t\t\t\t\t\t<div class=\"elementor-container elementor-column-gap-no\">\n\t\t\t\t\t<div class=\"elementor-column elementor-col-33 elementor-top-column elementor-element elementor-element-21e7a38\" data-id=\"21e7a38\" data-element_type=\"column\" data-settings=\"{&quot;background_background&quot;:&quot;classic&quot;}\">\n\t\t\t<div class=\"elementor-widget-wrap elementor-element-populated\">\n\t\t\t\t\t\t<div class=\"elementor-element elementor-element-1c142f6 elementor-widget elementor-widget-heading\" data-id=\"1c142f6\" data-element_type=\"widget\" data-widget_type=\"heading.default\">\n\t\t\t\t<div class=\"elementor-widget-container\">\n\t\t\t\t\t<h2 class=\"elementor-heading-title elementor-size-default\">Contact commercial Grand Ouest<\/h2>\t\t\t\t<\/div>\n\t\t\t\t<\/div>\n\t\t\t\t<div class=\"elementor-element elementor-element-b15eac0 elementor-widget elementor-widget-text-editor\" data-id=\"b15eac0\" data-element_type=\"widget\" data-widget_type=\"text-editor.default\">\n\t\t\t\t<div class=\"elementor-widget-container\">\n\t\t\t\t\t\t\t\t\t<p>Mathieu CARATY<br \/>+33 (0)6 14 03 87 25<br \/>mathieu.caraty@xpertive.com<\/p>\t\t\t\t\t\t\t\t<\/div>\n\t\t\t\t<\/div>\n\t\t\t\t\t<\/div>\n\t\t<\/div>\n\t\t\t\t<div class=\"elementor-column elementor-col-33 elementor-top-column elementor-element elementor-element-7b7860d\" data-id=\"7b7860d\" data-element_type=\"column\" data-settings=\"{&quot;background_background&quot;:&quot;classic&quot;}\">\n\t\t\t<div class=\"elementor-widget-wrap elementor-element-populated\">\n\t\t\t\t\t\t<div class=\"elementor-element elementor-element-7a3f570 elementor-widget elementor-widget-image\" data-id=\"7a3f570\" data-element_type=\"widget\" data-widget_type=\"image.default\">\n\t\t\t\t<div class=\"elementor-widget-container\">\n\t\t\t\t\t\t\t\t\t\t\t\t\t\t\t<img fetchpriority=\"high\" decoding=\"async\" width=\"1024\" height=\"212\" src=\"https:\/\/xpertive.com\/wp-content\/uploads\/2020\/11\/logo-Xpertive-322x67.png\" class=\"attachment-large size-large wp-image-4362\" alt=\"\" srcset=\"https:\/\/xpertive.com\/wp-content\/uploads\/2020\/11\/logo-Xpertive-1024x212.png 1024w, https:\/\/xpertive.com\/wp-content\/uploads\/2020\/11\/logo-Xpertive-300x62.png 300w, https:\/\/xpertive.com\/wp-content\/uploads\/2020\/11\/logo-Xpertive-768x159.png 768w, https:\/\/xpertive.com\/wp-content\/uploads\/2020\/11\/logo-Xpertive-18x4.png 18w, https:\/\/xpertive.com\/wp-content\/uploads\/2020\/11\/logo-Xpertive-322x67.png 322w, https:\/\/xpertive.com\/wp-content\/uploads\/2020\/11\/logo-Xpertive.png 1080w\" sizes=\"(max-width: 1024px) 100vw, 1024px\" \/>\t\t\t\t\t\t\t\t\t\t\t\t\t\t\t<\/div>\n\t\t\t\t<\/div>\n\t\t\t\t<div class=\"elementor-element elementor-element-5414dc9 elementor-widget elementor-widget-heading\" data-id=\"5414dc9\" data-element_type=\"widget\" data-widget_type=\"heading.default\">\n\t\t\t\t<div class=\"elementor-widget-container\">\n\t\t\t\t\t<h2 class=\"elementor-heading-title elementor-size-default\">NOS SOLUTIONS DE LEVAGE EN FOSSE<\/h2>\t\t\t\t<\/div>\n\t\t\t\t<\/div>\n\t\t\t\t\t<\/div>\n\t\t<\/div>\n\t\t\t\t<div class=\"elementor-column elementor-col-33 elementor-top-column elementor-element elementor-element-5632ee7\" data-id=\"5632ee7\" data-element_type=\"column\" data-settings=\"{&quot;background_background&quot;:&quot;classic&quot;}\">\n\t\t\t<div class=\"elementor-widget-wrap elementor-element-populated\">\n\t\t\t\t\t\t<div class=\"elementor-element elementor-element-2b69ab0 elementor-widget elementor-widget-heading\" data-id=\"2b69ab0\" data-element_type=\"widget\" data-widget_type=\"heading.default\">\n\t\t\t\t<div class=\"elementor-widget-container\">\n\t\t\t\t\t<h2 class=\"elementor-heading-title elementor-size-default\">Contact commercial Grand Est<\/h2>\t\t\t\t<\/div>\n\t\t\t\t<\/div>\n\t\t\t\t<div class=\"elementor-element elementor-element-4c33b06 elementor-widget elementor-widget-text-editor\" data-id=\"4c33b06\" data-element_type=\"widget\" data-widget_type=\"text-editor.default\">\n\t\t\t\t<div class=\"elementor-widget-container\">\n\t\t\t\t\t\t\t\t\t<p>Thomas CARATY<br \/>+33 (0)6 95 77 45 96<br \/>mathieu.caraty@xpertive.com<\/p>\t\t\t\t\t\t\t\t<\/div>\n\t\t\t\t<\/div>\n\t\t\t\t\t<\/div>\n\t\t<\/div>\n\t\t\t\t\t<\/div>\n\t\t<\/section>\n\t\t\t\t<section class=\"elementor-section elementor-top-section elementor-element elementor-element-a490c50 elementor-section-boxed elementor-section-height-default elementor-section-height-default\" data-id=\"a490c50\" data-element_type=\"section\">\n\t\t\t\t\t\t<div class=\"elementor-container elementor-column-gap-default\">\n\t\t\t\t\t<div class=\"elementor-column elementor-col-100 elementor-top-column elementor-element elementor-element-ff7e01d\" data-id=\"ff7e01d\" data-element_type=\"column\">\n\t\t\t<div class=\"elementor-widget-wrap elementor-element-populated\">\n\t\t\t\t\t\t<div class=\"elementor-element elementor-element-2a4c801 elementor-widget elementor-widget-image\" data-id=\"2a4c801\" data-element_type=\"widget\" data-widget_type=\"image.default\">\n\t\t\t\t<div class=\"elementor-widget-container\">\n\t\t\t\t\t\t\t\t\t\t\t\t\t\t\t\t<a href=\"https:\/\/xpertive.com\/wp-content\/uploads\/2025\/03\/PLAQUETTE-SOLUTIONS-LEVAGE-EN-FOSSE-scaled.webp\" data-elementor-open-lightbox=\"yes\" data-elementor-lightbox-title=\"PLAQUETTE SOLUTIONS LEVAGE EN FOSSE\" data-elementor-lightbox-description=\"gamme compl\u00e8te de traverse pour lever et r\u00e9aliser la maintenance des v\u00e9hicules lourds en fosse avec des cric de fosse avec v\u00e9rin 15T pour camion, bus, engins de TP \" data-e-action-hash=\"#elementor-action%3Aaction%3Dlightbox%26settings%3DeyJpZCI6NDAzNSwidXJsIjoiaHR0cHM6XC9cL3hwZXJ0aXZlLmNvbVwvd3AtY29udGVudFwvdXBsb2Fkc1wvMjAyNVwvMDNcL1BMQVFVRVRURS1TT0xVVElPTlMtTEVWQUdFLUVOLUZPU1NFLXNjYWxlZC53ZWJwIn0%3D\">\n\t\t\t\t\t\t\t<img decoding=\"async\" width=\"1024\" height=\"725\" src=\"https:\/\/xpertive.com\/wp-content\/uploads\/2025\/03\/PLAQUETTE-SOLUTIONS-LEVAGE-EN-FOSSE-1024x725.webp\" class=\"attachment-large size-large wp-image-4035\" alt=\"XPERTIVE sp\u00e9cialiste des CRIC et VERIN de levage pour fosse de garage\" srcset=\"https:\/\/xpertive.com\/wp-content\/uploads\/2025\/03\/PLAQUETTE-SOLUTIONS-LEVAGE-EN-FOSSE-1024x725.webp 1024w, https:\/\/xpertive.com\/wp-content\/uploads\/2025\/03\/PLAQUETTE-SOLUTIONS-LEVAGE-EN-FOSSE-300x212.webp 300w, https:\/\/xpertive.com\/wp-content\/uploads\/2025\/03\/PLAQUETTE-SOLUTIONS-LEVAGE-EN-FOSSE-768x544.webp 768w, https:\/\/xpertive.com\/wp-content\/uploads\/2025\/03\/PLAQUETTE-SOLUTIONS-LEVAGE-EN-FOSSE-1536x1087.webp 1536w, https:\/\/xpertive.com\/wp-content\/uploads\/2025\/03\/PLAQUETTE-SOLUTIONS-LEVAGE-EN-FOSSE-2048x1450.webp 2048w, https:\/\/xpertive.com\/wp-content\/uploads\/2025\/03\/PLAQUETTE-SOLUTIONS-LEVAGE-EN-FOSSE-18x12.webp 18w\" sizes=\"(max-width: 1024px) 100vw, 1024px\" \/>\t\t\t\t\t\t\t\t<\/a>\n\t\t\t\t\t\t\t\t\t\t\t\t\t\t\t<\/div>\n\t\t\t\t<\/div>\n\t\t\t\t<div class=\"elementor-element elementor-element-330acdd elementor-widget elementor-widget-text-editor\" data-id=\"330acdd\" data-element_type=\"widget\" data-widget_type=\"text-editor.default\">\n\t\t\t\t<div class=\"elementor-widget-container\">\n\t\t\t\t\t\t\t\t\t<p class=\"\" data-start=\"1158\" data-end=\"1483\">Notre catalogue nous permet d\u2019offrir <span style=\"color: #ff6600;\"><strong>une gamme compl\u00e8te et sur-mesure pour le levage de v\u00e9hicules industriels<\/strong><\/span>. Que ce soit pour des <span style=\"color: #ff6600;\"><strong>crics bord de fosse, des v\u00e9rins fond de fosse ou des traverses de levage<\/strong><\/span>, nous d\u00e9veloppons des \u00e9quipements personnalis\u00e9s, incluant cadres, berceaux et accessoires adapt\u00e9s \u00e0 vos installations.<\/p><p class=\"\" data-start=\"1485\" data-end=\"1953\">Notre savoir-faire s\u2019est enrichi au fil des ann\u00e9es en collaboration avec des clients exigeants du secteur de l\u2019automotive. En tant que <strong>fabricant de fosses et de couvertures de fosse,<\/strong> nous sommes en contact permanent avec les professionnels de la maintenance poids lourds. Nos solutions r\u00e9pondent aux besoins des garages souhaitant moderniser, s\u00e9curiser ou mettre aux normes leur atelier avec nos <a href=\"https:\/\/xpertive.com\/be\/produits\/couvertures-de-fosse\/\" target=\"_blank\" rel=\"noopener\">couvertures de fosse<\/a> en aluminium ou en PVC, tout en adaptant leurs \u00e9quipements de levage existants.<\/p><p class=\"\" data-start=\"1955\" data-end=\"2075\">En collaboration avec les \u00e9quipementiers sp\u00e9cialis\u00e9s, nous vous accompagnons sur l\u2019ensemble de vos besoins en levage :<\/p><ul data-start=\"2076\" data-end=\"2187\"><li class=\"\" data-start=\"2076\" data-end=\"2122\"><p class=\"\" data-start=\"2078\" data-end=\"2122\"><strong><span style=\"color: #ff6600;\"><a style=\"color: #ff6600;\" href=\"https:\/\/xpertive.com\/be\/equipements-atelier\/solutions-de-levage\/verins-pour-fosse-de-garage\/cric-bord-de-fosse\/\">Cric bord de fosse<\/a><\/span><\/strong><\/p><\/li><li class=\"\" data-start=\"2076\" data-end=\"2122\"><p class=\"\" data-start=\"2078\" data-end=\"2122\"><a href=\"https:\/\/xpertive.com\/be\/verin-fond-de-fosse\/\"><strong><span style=\"color: #ff6600;\">V\u00e9rins fond de fosse<\/span><\/strong><\/a><\/p><\/li><li class=\"\" data-start=\"2123\" data-end=\"2146\"><p class=\"\" data-start=\"2125\" data-end=\"2146\"><span style=\"color: #ff6600;\"><strong><a style=\"color: #ff6600;\" href=\"https:\/\/xpertive.com\/be\/produits\/solutions-de-levage\/cric-de-levage-pour-fosse-de-garage\/traverse-de-levage-bord-de-fosse\/\">Traverses de levage<\/a><\/strong><\/span><\/p><\/li><li class=\"\" data-start=\"2147\" data-end=\"2187\"><p class=\"\" data-start=\"2149\" data-end=\"2187\"><strong><span style=\"color: #ff6600;\"><a style=\"color: #ff6600;\" href=\"https:\/\/xpertive.com\/be\/produits\/solutions-de-levage\/pont-elevateur-verins-encastres\/\">Pont \u00e0 v\u00e9rin encastr\u00e9s<\/a><\/span><\/strong><\/p><\/li><\/ul><p class=\"\" data-start=\"2189\" data-end=\"2475\">Nous proposons \u00e9galement l\u2019installation de ponts \u00e0 f\u00fbt parmi les plus performants du march\u00e9. Gr\u00e2ce \u00e0 notre m\u00e9thode exclusive d\u2019installation par le haut, inspir\u00e9e de la pose de nos fosses pr\u00e9fabriqu\u00e9es acier, nous minimisons les travaux de g\u00e9nie civil et optimisons les co\u00fbts d\u2019installation\u00e0<\/p>\t\t\t\t\t\t\t\t<\/div>\n\t\t\t\t<\/div>\n\t\t\t\t\t<\/div>\n\t\t<\/div>\n\t\t\t\t\t<\/div>\n\t\t<\/section>\n\t\t\t\t<section class=\"elementor-section elementor-top-section elementor-element elementor-element-ace38b3 elementor-section-boxed elementor-section-height-default elementor-section-height-default\" data-id=\"ace38b3\" data-element_type=\"section\">\n\t\t\t\t\t\t<div class=\"elementor-container elementor-column-gap-default\">\n\t\t\t\t\t<div class=\"elementor-column elementor-col-100 elementor-top-column elementor-element elementor-element-93e6db1\" data-id=\"93e6db1\" data-element_type=\"column\">\n\t\t\t<div class=\"elementor-widget-wrap elementor-element-populated\">\n\t\t\t\t\t\t<div class=\"elementor-element elementor-element-3003222 elementor-widget elementor-widget-text-editor\" data-id=\"3003222\" data-element_type=\"widget\" data-widget_type=\"text-editor.default\">\n\t\t\t\t<div class=\"elementor-widget-container\">\n\t\t\t\t\t\t\t\t\t<p style=\"text-align: center;\"><strong>Contactez-nous d\u00e8s maintenant pour d\u00e9finir ensemble la solution de levage id\u00e9ale pour votre atelier.<\/strong><\/p>\t\t\t\t\t\t\t\t<\/div>\n\t\t\t\t<\/div>\n\t\t\t\t\t<\/div>\n\t\t<\/div>\n\t\t\t\t\t<\/div>\n\t\t<\/section>\n\t\t\t\t<section class=\"elementor-section elementor-top-section elementor-element elementor-element-9d2acd3 elementor-section-boxed elementor-section-height-default elementor-section-height-default\" data-id=\"9d2acd3\" data-element_type=\"section\">\n\t\t\t\t\t\t<div class=\"elementor-container elementor-column-gap-default\">\n\t\t\t\t\t<div class=\"elementor-column elementor-col-100 elementor-top-column elementor-element elementor-element-0b83f90 elementor-invisible\" data-id=\"0b83f90\" data-element_type=\"column\" data-settings=\"{&quot;animation&quot;:&quot;fadeInDown&quot;,&quot;animation_delay&quot;:0}\">\n\t\t\t<div class=\"elementor-widget-wrap elementor-element-populated\">\n\t\t\t\t\t\t<div class=\"elementor-element elementor-element-e9be4f6 elementor-align-center elementor-widget elementor-widget-button\" data-id=\"e9be4f6\" data-element_type=\"widget\" data-widget_type=\"button.default\">\n\t\t\t\t<div class=\"elementor-widget-container\">\n\t\t\t\t\t\t\t\t\t<div class=\"elementor-button-wrapper\">\n\t\t\t\t\t<a class=\"elementor-button elementor-button-link elementor-size-md\" href=\"\/be\/contact\/\">\n\t\t\t\t\t\t<span class=\"elementor-button-content-wrapper\">\n\t\t\t\t\t\t\t\t\t<span class=\"elementor-button-text\">DEMANDER DEVIS SOLUTION DE LEVAGE<\/span>\n\t\t\t\t\t<\/span>\n\t\t\t\t\t<\/a>\n\t\t\t\t<\/div>\n\t\t\t\t\t\t\t\t<\/div>\n\t\t\t\t<\/div>\n\t\t\t\t\t<\/div>\n\t\t<\/div>\n\t\t\t\t\t<\/div>\n\t\t<\/section>\n\t\t\t\t<\/div>","protected":false},"excerpt":{"rendered":"<p>Equipements de levage pour fosse de garage et atelier de maintenance poids lourds Fournisseur fran\u00e7ais d&rsquo;\u00e9quipement de levage pour v\u00e9hicule industriel Le march\u00e9 des \u00e9quipements de levage regroupe de nombreux fabricants et revendeurs en France et en Europe. Face \u00e0 [&hellip;]<\/p>","protected":false},"author":1,"featured_media":0,"parent":4703,"menu_order":0,"comment_status":"closed","ping_status":"closed","template":"","meta":{"site-sidebar-layout":"no-sidebar","site-content-layout":"plain-container","ast-site-content-layout":"normal-width-container","site-content-style":"unboxed","site-sidebar-style":"unboxed","ast-global-header-display":"","ast-banner-title-visibility":"","ast-main-header-display":"","ast-hfb-above-header-display":"","ast-hfb-below-header-display":"","ast-hfb-mobile-header-display":"","site-post-title":"disabled","ast-breadcrumbs-content":"","ast-featured-img":"","footer-sml-layout":"","theme-transparent-header-meta":"default","adv-header-id-meta":"","stick-header-meta":"default","header-above-stick-meta":"","header-main-stick-meta":"","header-below-stick-meta":"","astra-migrate-meta-layouts":"set","ast-page-background-enabled":"default","ast-page-background-meta":{"desktop":{"background-color":"var(--ast-global-color-4)","background-image":"","background-repeat":"repeat","background-position":"center center","background-size":"auto","background-attachment":"scroll","background-type":"","background-media":"","overlay-type":"","overlay-color":"","overlay-opacity":"","overlay-gradient":""},"tablet":{"background-color":"","background-image":"","background-repeat":"repeat","background-position":"center center","background-size":"auto","background-attachment":"scroll","background-type":"","background-media":"","overlay-type":"","overlay-color":"","overlay-opacity":"","overlay-gradient":""},"mobile":{"background-color":"","background-image":"","background-repeat":"repeat","background-position":"center center","background-size":"auto","background-attachment":"scroll","background-type":"","background-media":"","overlay-type":"","overlay-color":"","overlay-opacity":"","overlay-gradient":""}},"ast-content-background-meta":{"desktop":{"background-color":"var(--ast-global-color-5)","background-image":"","background-repeat":"repeat","background-position":"center center","background-size":"auto","background-attachment":"scroll","background-type":"","background-media":"","overlay-type":"","overlay-color":"","overlay-opacity":"","overlay-gradient":""},"tablet":{"background-color":"var(--ast-global-color-5)","background-image":"","background-repeat":"repeat","background-position":"center center","background-size":"auto","background-attachment":"scroll","background-type":"","background-media":"","overlay-type":"","overlay-color":"","overlay-opacity":"","overlay-gradient":""},"mobile":{"background-color":"var(--ast-global-color-5)","background-image":"","background-repeat":"repeat","background-position":"center center","background-size":"auto","background-attachment":"scroll","background-type":"","background-media":"","overlay-type":"","overlay-color":"","overlay-opacity":"","overlay-gradient":""}},"footnotes":""},"class_list":["post-673","page","type-page","status-publish","hentry"],"aioseo_notices":[],"_links":{"self":[{"href":"https:\/\/xpertive.com\/be\/wp-json\/wp\/v2\/pages\/673","targetHints":{"allow":["GET"]}}],"collection":[{"href":"https:\/\/xpertive.com\/be\/wp-json\/wp\/v2\/pages"}],"about":[{"href":"https:\/\/xpertive.com\/be\/wp-json\/wp\/v2\/types\/page"}],"author":[{"embeddable":true,"href":"https:\/\/xpertive.com\/be\/wp-json\/wp\/v2\/users\/1"}],"replies":[{"embeddable":true,"href":"https:\/\/xpertive.com\/be\/wp-json\/wp\/v2\/comments?post=673"}],"version-history":[{"count":73,"href":"https:\/\/xpertive.com\/be\/wp-json\/wp\/v2\/pages\/673\/revisions"}],"predecessor-version":[{"id":6223,"href":"https:\/\/xpertive.com\/be\/wp-json\/wp\/v2\/pages\/673\/revisions\/6223"}],"up":[{"embeddable":true,"href":"https:\/\/xpertive.com\/be\/wp-json\/wp\/v2\/pages\/4703"}],"wp:attachment":[{"href":"https:\/\/xpertive.com\/be\/wp-json\/wp\/v2\/media?parent=673"}],"curies":[{"name":"wp","href":"https:\/\/api.w.org\/{rel}","templated":true}]}}