{"id":1000,"date":"2018-11-26T14:44:01","date_gmt":"2018-11-26T13:44:01","guid":{"rendered":"http:\/\/xpertive.com\/?page_id=1000"},"modified":"2025-05-20T14:00:53","modified_gmt":"2025-05-20T12:00:53","slug":"v-splitter","status":"publish","type":"page","link":"https:\/\/xpertive.com\/ch\/equipements-atelier\/v-splitter\/","title":{"rendered":"V-splitter"},"content":{"rendered":"<div data-elementor-type=\"wp-post\" data-elementor-id=\"1000\" class=\"elementor elementor-1000 elementor-bc-flex-widget\" data-elementor-post-type=\"page\">\n\t\t\t\t\t\t<section class=\"elementor-section elementor-top-section elementor-element elementor-element-8ff09ef elementor-section-boxed elementor-section-height-default elementor-section-height-default\" data-id=\"8ff09ef\" data-element_type=\"section\">\n\t\t\t\t\t\t<div class=\"elementor-container elementor-column-gap-default\">\n\t\t\t\t\t<div class=\"elementor-column elementor-col-100 elementor-top-column elementor-element elementor-element-3f09c45\" data-id=\"3f09c45\" data-element_type=\"column\">\n\t\t\t<div class=\"elementor-widget-wrap elementor-element-populated\">\n\t\t\t\t\t\t<div class=\"elementor-element elementor-element-a8c594c elementor-widget elementor-widget-heading\" data-id=\"a8c594c\" data-element_type=\"widget\" data-widget_type=\"heading.default\">\n\t\t\t\t<div class=\"elementor-widget-container\">\n\t\t\t\t\t<h1 class=\"elementor-heading-title elementor-size-default\">L'outil indispensable pour d\u00e9coller les disques de freins sur poids lourds<\/h1>\t\t\t\t<\/div>\n\t\t\t\t<\/div>\n\t\t\t\t<div class=\"elementor-element elementor-element-d523c22 elementor-widget elementor-widget-video\" data-id=\"d523c22\" data-element_type=\"widget\" data-settings=\"{&quot;youtube_url&quot;:&quot;https:\\\/\\\/www.youtube.com\\\/watch?v=mBb2o8_qgIY&quot;,&quot;autoplay&quot;:&quot;yes&quot;,&quot;mute&quot;:&quot;yes&quot;,&quot;loop&quot;:&quot;yes&quot;,&quot;video_type&quot;:&quot;youtube&quot;,&quot;controls&quot;:&quot;yes&quot;}\" data-widget_type=\"video.default\">\n\t\t\t\t<div class=\"elementor-widget-container\">\n\t\t\t\t\t\t\t<div class=\"elementor-wrapper elementor-open-inline\">\n\t\t\t<div class=\"elementor-video\"><\/div>\t\t<\/div>\n\t\t\t\t\t\t<\/div>\n\t\t\t\t<\/div>\n\t\t\t\t<div class=\"elementor-element elementor-element-aad9e82 elementor-widget elementor-widget-text-editor\" data-id=\"aad9e82\" data-element_type=\"widget\" data-widget_type=\"text-editor.default\">\n\t\t\t\t<div class=\"elementor-widget-container\">\n\t\t\t\t\t\t\t\t\t<h2><b>Retirez facilement et en s\u00e9curit\u00e9 les disques de freins des moyeux<\/b><\/h2><h2><span style=\"font-size: 15px; font-style: normal;\">Cet \u00e9quipement de garage brevet\u00e9, permet de\u00a0<\/span><span style=\"font-size: 15px; font-style: normal; font-weight: bold; color: #ff6600;\">s\u00e9parer les disques des moyeux sans aucun effort<\/span><span style=\"font-size: 15px;\">, m\u00eame les plus gripp\u00e9s ! Le V Splitter est \u00e9quip\u00e9 de 3 v\u00e9rins 10T (10 000psi). Ces v\u00e9rins branch\u00e9s en parall\u00e8le et reli\u00e9s \u00e0\u00a0<\/span><span style=\"font-size: 15px;\">une pompe \u00e0 pied hydropneumatique (fournie en option)<\/span><span style=\"font-size: 15px;\">\u00a0exercerons 3 points de pression et d\u00e9collerons vos disques de freins.<\/span><\/h2><h2><b>\u00c9quipement de garage poids lourds dimensionn\u00e9 pour durer<\/b><\/h2><p>Robustes, les mat\u00e9riaux employ\u00e9s sont de section \u00e0 r\u00e9sister \u00e0 tous les usages quotidiens. Une fabrication sans compromis avec des mat\u00e9riaux et des composants de grandes qualit\u00e9s. Lorsque vous avez en main le V-Splitter, vous avez de suite un sentiment de confiance en l\u2019outil.<\/p><p>Pour utiliser le V Splitter, il vous suffit de le positionner \u00e0 l\u2019aide de ses poign\u00e9es de manutention ergonomiques entre le moyeu et le disque, de brancher la pompe \u00e0 pied et d&rsquo;assister la pression des v\u00e9rins pour s\u00e9parer progressivement le disque du moyeu. Simple\u00a0et efficace :\u00a0<span style=\"font-size: 15px; color: #ff6600;\"><b>Rien ne lui r\u00e9siste\u00a0!<\/b><\/span><\/p><h2><span style=\"font-size: 15px;\"><b>Essayez le V-splitter :<\/b> Vous serez surpris de son <b>efficacit\u00e9 et du gain de temps<\/b> que vous pouvez r\u00e9aliser sur un ensemble complet.<\/span><\/h2><div><span style=\"font-size: 15px;\">\u00a0<\/span><\/div>\t\t\t\t\t\t\t\t<\/div>\n\t\t\t\t<\/div>\n\t\t\t\t<div class=\"elementor-element elementor-element-4929456 elementor-widget elementor-widget-image\" data-id=\"4929456\" data-element_type=\"widget\" data-widget_type=\"image.default\">\n\t\t\t\t<div class=\"elementor-widget-container\">\n\t\t\t\t\t\t\t\t\t\t\t\t\t\t\t<img decoding=\"async\" width=\"150\" height=\"150\" src=\"https:\/\/xpertive.com\/wp-content\/uploads\/2018\/11\/V-spliter-150x150.png\" class=\"attachment-thumbnail size-thumbnail wp-image-1017\" alt=\"outil pour retirer disques des moyeux sur v\u00e9hicules lourds\" \/>\t\t\t\t\t\t\t\t\t\t\t\t\t\t\t<\/div>\n\t\t\t\t<\/div>\n\t\t\t\t\t<\/div>\n\t\t<\/div>\n\t\t\t\t\t<\/div>\n\t\t<\/section>\n\t\t\t\t<section class=\"elementor-section elementor-top-section elementor-element elementor-element-8f4c81b elementor-section-boxed elementor-section-height-default elementor-section-height-default\" data-id=\"8f4c81b\" data-element_type=\"section\">\n\t\t\t\t\t\t<div class=\"elementor-container elementor-column-gap-default\">\n\t\t\t\t\t<div class=\"elementor-column elementor-col-100 elementor-top-column elementor-element elementor-element-8d85a93\" data-id=\"8d85a93\" data-element_type=\"column\">\n\t\t\t<div class=\"elementor-widget-wrap elementor-element-populated\">\n\t\t\t\t\t\t<div class=\"elementor-element elementor-element-3f6cbe5 elementor-widget elementor-widget-text-editor\" data-id=\"3f6cbe5\" data-element_type=\"widget\" data-widget_type=\"text-editor.default\">\n\t\t\t\t<div class=\"elementor-widget-container\">\n\t\t\t\t\t\t\t\t\t<p>Le V-splitter est indispensable dans les ateliers de maintenance poids lourds. Cet \u00e9quipement de garage a \u00e9t\u00e9 initialement d\u00e9velopp\u00e9 pour permettre aux <span style=\"color: #ff6600;\"><b>v\u00e9hicules \u00e9quip\u00e9s de disques Volvo<\/b><\/span> de ne plus avoir \u00e0 les d\u00e9couper \u00e0 la meuleuse pour les s\u00e9parer du moyeu.<\/p>\t\t\t\t\t\t\t\t<\/div>\n\t\t\t\t<\/div>\n\t\t\t\t<div class=\"elementor-element elementor-element-a4ae31d elementor-widget elementor-widget-text-editor\" data-id=\"a4ae31d\" data-element_type=\"widget\" data-widget_type=\"text-editor.default\">\n\t\t\t\t<div class=\"elementor-widget-container\">\n\t\t\t\t\t\t\t\t\t<p><span style=\"font-size: 15px; font-style: normal;\">(Voici quelques photos prises dans un atelier o\u00f9 les disques sont d\u00e9coup\u00e9s \u00e0 la disqueuse : <strong>P<\/strong><b>eut-\u00eatre \u00eates-vous aussi dans ce cas ?<\/b>)<\/span><\/p>\t\t\t\t\t\t\t\t<\/div>\n\t\t\t\t<\/div>\n\t\t\t\t<div class=\"elementor-element elementor-element-2aeec33 elementor-widget elementor-widget-image-gallery\" data-id=\"2aeec33\" data-element_type=\"widget\" data-widget_type=\"image-gallery.default\">\n\t\t\t\t<div class=\"elementor-widget-container\">\n\t\t\t\t\t\t\t<div class=\"elementor-image-gallery\">\n\t\t\t<div id='gallery-1' class='gallery galleryid-1000 gallery-columns-3 gallery-size-full'><figure class='gallery-item'>\n\t\t\t<div class='gallery-icon portrait'>\n\t\t\t\t<a data-elementor-open-lightbox=\"yes\" data-elementor-lightbox-slideshow=\"2aeec33\" data-elementor-lightbox-title=\"Disque sur moyeu gripp\u00e9\" data-e-action-hash=\"#elementor-action%3Aaction%3Dlightbox%26settings%3DeyJpZCI6MTAxMiwidXJsIjoiaHR0cHM6XC9cL3hwZXJ0aXZlLmNvbVwvd3AtY29udGVudFwvdXBsb2Fkc1wvMjAxOFwvMTFcL0Rpc3F1ZS1zdXItbW95ZXUtZ3JpcHBcdTAwZTkuanBlZyIsInNsaWRlc2hvdyI6IjJhZWVjMzMifQ%3D%3D\" href='https:\/\/xpertive.com\/wp-content\/uploads\/2018\/11\/Disque-sur-moyeu-gripp\u00e9.jpeg'><img fetchpriority=\"high\" decoding=\"async\" width=\"425\" height=\"567\" src=\"https:\/\/xpertive.com\/wp-content\/uploads\/2018\/11\/Disque-sur-moyeu-gripp\u00e9.jpeg\" class=\"attachment-full size-full\" alt=\"freins \u00e0 disques poids lourds \u00e0 d\u00e9poser\" srcset=\"https:\/\/xpertive.com\/wp-content\/uploads\/2018\/11\/Disque-sur-moyeu-gripp\u00e9.jpeg 425w, https:\/\/xpertive.com\/wp-content\/uploads\/2018\/11\/Disque-sur-moyeu-gripp\u00e9-225x300.jpeg 225w\" sizes=\"(max-width: 425px) 100vw, 425px\" \/><\/a>\n\t\t\t<\/div><\/figure><figure class='gallery-item'>\n\t\t\t<div class='gallery-icon portrait'>\n\t\t\t\t<a data-elementor-open-lightbox=\"yes\" data-elementor-lightbox-slideshow=\"2aeec33\" data-elementor-lightbox-title=\"Disques freins d\u00e9coup\u00e9s meuleuse\" data-e-action-hash=\"#elementor-action%3Aaction%3Dlightbox%26settings%3DeyJpZCI6MTAxMywidXJsIjoiaHR0cHM6XC9cL3hwZXJ0aXZlLmNvbVwvd3AtY29udGVudFwvdXBsb2Fkc1wvMjAxOFwvMTFcL0Rpc3F1ZXMtZnJlaW5zLWRcdTAwZTljb3VwXHUwMGU5cy1tZXVsZXVzZS5qcGVnIiwic2xpZGVzaG93IjoiMmFlZWMzMyJ9\" href='https:\/\/xpertive.com\/wp-content\/uploads\/2018\/11\/Disques-freins-d\u00e9coup\u00e9s-meuleuse.jpeg'><img decoding=\"async\" width=\"425\" height=\"567\" src=\"https:\/\/xpertive.com\/wp-content\/uploads\/2018\/11\/Disques-freins-d\u00e9coup\u00e9s-meuleuse.jpeg\" class=\"attachment-full size-full\" alt=\"freins \u00e0 disques Volvo d\u00e9coup\u00e9 \u00e0 la meuleuse\" srcset=\"https:\/\/xpertive.com\/wp-content\/uploads\/2018\/11\/Disques-freins-d\u00e9coup\u00e9s-meuleuse.jpeg 425w, https:\/\/xpertive.com\/wp-content\/uploads\/2018\/11\/Disques-freins-d\u00e9coup\u00e9s-meuleuse-225x300.jpeg 225w\" sizes=\"(max-width: 425px) 100vw, 425px\" \/><\/a>\n\t\t\t<\/div><\/figure><figure class='gallery-item'>\n\t\t\t<div class='gallery-icon portrait'>\n\t\t\t\t<a data-elementor-open-lightbox=\"yes\" data-elementor-lightbox-slideshow=\"2aeec33\" data-elementor-lightbox-title=\"image1 copie\" data-e-action-hash=\"#elementor-action%3Aaction%3Dlightbox%26settings%3DeyJpZCI6MTAxNCwidXJsIjoiaHR0cHM6XC9cL3hwZXJ0aXZlLmNvbVwvd3AtY29udGVudFwvdXBsb2Fkc1wvMjAxOFwvMTFcL2ltYWdlMS1jb3BpZS5qcGVnIiwic2xpZGVzaG93IjoiMmFlZWMzMyJ9\" href='https:\/\/xpertive.com\/wp-content\/uploads\/2018\/11\/image1-copie.jpeg'><img loading=\"lazy\" decoding=\"async\" width=\"425\" height=\"567\" src=\"https:\/\/xpertive.com\/wp-content\/uploads\/2018\/11\/image1-copie.jpeg\" class=\"attachment-full size-full\" alt=\"\" srcset=\"https:\/\/xpertive.com\/wp-content\/uploads\/2018\/11\/image1-copie.jpeg 425w, https:\/\/xpertive.com\/wp-content\/uploads\/2018\/11\/image1-copie-225x300.jpeg 225w\" sizes=\"(max-width: 425px) 100vw, 425px\" \/><\/a>\n\t\t\t<\/div><\/figure>\n\t\t<\/div>\n\t\t<\/div>\n\t\t\t\t\t\t<\/div>\n\t\t\t\t<\/div>\n\t\t\t\t<div class=\"elementor-element elementor-element-bbc969b elementor-widget elementor-widget-text-editor\" data-id=\"bbc969b\" data-element_type=\"widget\" data-widget_type=\"text-editor.default\">\n\t\t\t\t<div class=\"elementor-widget-container\">\n\t\t\t\t\t\t\t\t\t<h2>Gagnez en efficacit\u00e9 et en s\u00e9curit\u00e9 pour d\u00e9coller les disques des moyeux<\/h2><p><span style=\"font-size: 15px;\">Tous les propri\u00e9taires de V-Splitter s&rsquo;accordent \u00e0 dire que leur outil<span style=\"color: #ff6600;\"><b>\u00a0am\u00e9liore r\u00e9ellement le quotidien de leurs m\u00e9caniciens<\/b><\/span>\u00a0en assurant leur s\u00e9curit\u00e9 et en leur \u00e9vitant d&rsquo;avoir recours \u00e0 des op\u00e9rations dangereuses comme l\u2019usage archa\u00efque\u00a0d&rsquo;une disqueuse ou d&rsquo;une masse (<\/span><a href=\"https:\/\/www.youtube.com\/watch?v=g0ExHoHkiP4\" target=\"_blank\" rel=\"noopener\">comme sur notre vid\u00e9o<\/a><span style=\"font-size: 15px;\">).\u00a0<\/span><\/p><p>Nous avons re\u00e7u de nombreux t\u00e9moignages d\u2019utilisateurs pour qui le remplacement des disques \u00e9tait devenu une vraie corv\u00e9e. Une t\u00e2che ingrate, fastidieuse et laborieuse :\u00a0<b>Avec le V-Splitter cette op\u00e9ration est simplifi\u00e9e, s\u00e9curis\u00e9e, plus rapide et donc beaucoup plus agr\u00e9able.<\/b><\/p>\t\t\t\t\t\t\t\t<\/div>\n\t\t\t\t<\/div>\n\t\t\t\t<div class=\"elementor-element elementor-element-a756078 elementor-align-center elementor-widget elementor-widget-button\" data-id=\"a756078\" data-element_type=\"widget\" data-widget_type=\"button.default\">\n\t\t\t\t<div class=\"elementor-widget-container\">\n\t\t\t\t\t\t\t\t\t<div class=\"elementor-button-wrapper\">\n\t\t\t\t\t<a class=\"elementor-button elementor-button-link elementor-size-lg elementor-animation-grow\" href=\"https:\/\/xpertive.com\/ch\/contact\/\">\n\t\t\t\t\t\t<span class=\"elementor-button-content-wrapper\">\n\t\t\t\t\t\t\t\t\t<span class=\"elementor-button-text\">Equipez votre atelier pour<br>\n3 495\u20ac<\/span>\n\t\t\t\t\t<\/span>\n\t\t\t\t\t<\/a>\n\t\t\t\t<\/div>\n\t\t\t\t\t\t\t\t<\/div>\n\t\t\t\t<\/div>\n\t\t\t\t<div class=\"elementor-element elementor-element-1a195e1 elementor-widget elementor-widget-text-editor\" data-id=\"1a195e1\" data-element_type=\"widget\" data-widget_type=\"text-editor.default\">\n\t\t\t\t<div class=\"elementor-widget-container\">\n\t\t\t\t\t\t\t\t\t<p class=\"translation-block\"><b>Contactez nous pour plus d\u2019information, r<\/b><strong>ecevoir votre devis personnalis\u00e9 ou demander \u00e0 tester notre solution dans votre atelier<\/strong>.<\/p>\t\t\t\t\t\t\t\t<\/div>\n\t\t\t\t<\/div>\n\t\t\t\t<div class=\"elementor-element elementor-element-94f6762 elementor-align-center elementor-widget elementor-widget-button\" data-id=\"94f6762\" data-element_type=\"widget\" data-widget_type=\"button.default\">\n\t\t\t\t<div class=\"elementor-widget-container\">\n\t\t\t\t\t\t\t\t\t<div class=\"elementor-button-wrapper\">\n\t\t\t\t\t<a class=\"elementor-button elementor-button-link elementor-size-md\" href=\"\/ch\/contact\/\">\n\t\t\t\t\t\t<span class=\"elementor-button-content-wrapper\">\n\t\t\t\t\t\t\t\t\t<span class=\"elementor-button-text\">Nous contacter<\/span>\n\t\t\t\t\t<\/span>\n\t\t\t\t\t<\/a>\n\t\t\t\t<\/div>\n\t\t\t\t\t\t\t\t<\/div>\n\t\t\t\t<\/div>\n\t\t\t\t\t<\/div>\n\t\t<\/div>\n\t\t\t\t\t<\/div>\n\t\t<\/section>\n\t\t\t\t<section class=\"elementor-section elementor-top-section elementor-element elementor-element-dbb2735 elementor-section-boxed elementor-section-height-default elementor-section-height-default\" data-id=\"dbb2735\" data-element_type=\"section\">\n\t\t\t\t\t\t<div class=\"elementor-container elementor-column-gap-default\">\n\t\t\t\t\t<div class=\"elementor-column elementor-col-100 elementor-top-column elementor-element elementor-element-0118257\" data-id=\"0118257\" data-element_type=\"column\">\n\t\t\t<div class=\"elementor-widget-wrap elementor-element-populated\">\n\t\t\t\t\t\t<div class=\"elementor-element elementor-element-cf375f0 elementor-widget elementor-widget-image\" data-id=\"cf375f0\" data-element_type=\"widget\" data-widget_type=\"image.default\">\n\t\t\t\t<div class=\"elementor-widget-container\">\n\t\t\t\t\t\t\t\t\t\t\t\t<figure class=\"wp-caption\">\n\t\t\t\t\t\t\t\t\t\t\t<a href=\"\/ch\/produits\/freinage-poids-lourds\/brakemate\/\">\n\t\t\t\t\t\t\t<img loading=\"lazy\" decoding=\"async\" width=\"150\" height=\"150\" src=\"https:\/\/xpertive.com\/wp-content\/uploads\/2018\/11\/BrakeMate-Maintenance-freinage-sur-v\u00e9hicule-lourd-150x150.png\" class=\"elementor-animation-grow attachment-thumbnail size-thumbnail wp-image-1003\" alt=\"\u00e9quipement de garage pour d\u00e9pose et repose freins \u00e0 disques poids lourds\" \/>\t\t\t\t\t\t\t\t<\/a>\n\t\t\t\t\t\t\t\t\t\t\t<figcaption class=\"widget-image-caption wp-caption-text\">Simplifiez et s\u00e9curisez tout le processus de d\u00e9pose et repose des freins avec Brakemate<\/figcaption>\n\t\t\t\t\t\t\t\t\t\t<\/figure>\n\t\t\t\t\t\t\t\t\t<\/div>\n\t\t\t\t<\/div>\n\t\t\t\t\t<\/div>\n\t\t<\/div>\n\t\t\t\t\t<\/div>\n\t\t<\/section>\n\t\t\t\t<\/div>","protected":false},"excerpt":{"rendered":"<p>L&rsquo;outil indispensable pour d\u00e9coller les disques de freins sur poids lourds https:\/\/www.youtube.com\/watch?v=mBb2o8_qgIY Retirez facilement et en s\u00e9curit\u00e9 les disques de freins des moyeux Cet \u00e9quipement de garage brevet\u00e9, permet de\u00a0s\u00e9parer les disques des moyeux sans aucun effort, m\u00eame les plus [&hellip;]<\/p>","protected":false},"author":2,"featured_media":0,"parent":4703,"menu_order":0,"comment_status":"closed","ping_status":"closed","template":"","meta":{"site-sidebar-layout":"no-sidebar","site-content-layout":"plain-container","ast-site-content-layout":"","site-content-style":"default","site-sidebar-style":"default","ast-global-header-display":"","ast-banner-title-visibility":"","ast-main-header-display":"","ast-hfb-above-header-display":"","ast-hfb-below-header-display":"","ast-hfb-mobile-header-display":"","site-post-title":"","ast-breadcrumbs-content":"","ast-featured-img":"","footer-sml-layout":"","theme-transparent-header-meta":"","adv-header-id-meta":"","stick-header-meta":"default","header-above-stick-meta":"","header-main-stick-meta":"","header-below-stick-meta":"","astra-migrate-meta-layouts":"default","ast-page-background-enabled":"default","ast-page-background-meta":{"desktop":{"background-color":"var(--ast-global-color-4)","background-image":"","background-repeat":"repeat","background-position":"center center","background-size":"auto","background-attachment":"scroll","background-type":"","background-media":"","overlay-type":"","overlay-color":"","overlay-opacity":"","overlay-gradient":""},"tablet":{"background-color":"","background-image":"","background-repeat":"repeat","background-position":"center center","background-size":"auto","background-attachment":"scroll","background-type":"","background-media":"","overlay-type":"","overlay-color":"","overlay-opacity":"","overlay-gradient":""},"mobile":{"background-color":"","background-image":"","background-repeat":"repeat","background-position":"center center","background-size":"auto","background-attachment":"scroll","background-type":"","background-media":"","overlay-type":"","overlay-color":"","overlay-opacity":"","overlay-gradient":""}},"ast-content-background-meta":{"desktop":{"background-color":"var(--ast-global-color-5)","background-image":"","background-repeat":"repeat","background-position":"center center","background-size":"auto","background-attachment":"scroll","background-type":"","background-media":"","overlay-type":"","overlay-color":"","overlay-opacity":"","overlay-gradient":""},"tablet":{"background-color":"var(--ast-global-color-5)","background-image":"","background-repeat":"repeat","background-position":"center center","background-size":"auto","background-attachment":"scroll","background-type":"","background-media":"","overlay-type":"","overlay-color":"","overlay-opacity":"","overlay-gradient":""},"mobile":{"background-color":"var(--ast-global-color-5)","background-image":"","background-repeat":"repeat","background-position":"center center","background-size":"auto","background-attachment":"scroll","background-type":"","background-media":"","overlay-type":"","overlay-color":"","overlay-opacity":"","overlay-gradient":""}},"footnotes":""},"class_list":["post-1000","page","type-page","status-publish","hentry"],"aioseo_notices":[],"_links":{"self":[{"href":"https:\/\/xpertive.com\/ch\/wp-json\/wp\/v2\/pages\/1000","targetHints":{"allow":["GET"]}}],"collection":[{"href":"https:\/\/xpertive.com\/ch\/wp-json\/wp\/v2\/pages"}],"about":[{"href":"https:\/\/xpertive.com\/ch\/wp-json\/wp\/v2\/types\/page"}],"author":[{"embeddable":true,"href":"https:\/\/xpertive.com\/ch\/wp-json\/wp\/v2\/users\/2"}],"replies":[{"embeddable":true,"href":"https:\/\/xpertive.com\/ch\/wp-json\/wp\/v2\/comments?post=1000"}],"version-history":[{"count":31,"href":"https:\/\/xpertive.com\/ch\/wp-json\/wp\/v2\/pages\/1000\/revisions"}],"predecessor-version":[{"id":1807,"href":"https:\/\/xpertive.com\/ch\/wp-json\/wp\/v2\/pages\/1000\/revisions\/1807"}],"up":[{"embeddable":true,"href":"https:\/\/xpertive.com\/ch\/wp-json\/wp\/v2\/pages\/4703"}],"wp:attachment":[{"href":"https:\/\/xpertive.com\/ch\/wp-json\/wp\/v2\/media?parent=1000"}],"curies":[{"name":"wp","href":"https:\/\/api.w.org\/{rel}","templated":true}]}}