{"id":110,"date":"2018-08-25T14:20:10","date_gmt":"2018-08-25T12:20:10","guid":{"rendered":"http:\/\/xpertive.com\/?page_id=110"},"modified":"2025-06-18T12:05:01","modified_gmt":"2025-06-18T10:05:01","slug":"quelques-mots-sur-les-fosses-de-garage","status":"publish","type":"page","link":"https:\/\/xpertive.com\/ch\/fosse-atelier-prefabriquee-acier\/quelques-mots-sur-les-fosses-de-garage\/","title":{"rendered":"Quelques mots sur les fosses de garage\u2026"},"content":{"rendered":"<div data-elementor-type=\"wp-post\" data-elementor-id=\"110\" class=\"elementor elementor-110\" data-elementor-post-type=\"page\">\n\t\t\t\t\t\t<section class=\"elementor-section elementor-top-section elementor-element elementor-element-d7cca0d elementor-section-stretched elementor-section-boxed elementor-section-height-default elementor-section-height-default\" data-id=\"d7cca0d\" data-element_type=\"section\" data-settings=\"{&quot;stretch_section&quot;:&quot;section-stretched&quot;}\">\n\t\t\t\t\t\t<div class=\"elementor-container elementor-column-gap-default\">\n\t\t\t\t\t<div class=\"elementor-column elementor-col-50 elementor-top-column elementor-element elementor-element-2ce4a9c\" data-id=\"2ce4a9c\" data-element_type=\"column\">\n\t\t\t<div class=\"elementor-widget-wrap elementor-element-populated\">\n\t\t\t\t\t\t<div class=\"elementor-element elementor-element-cb881e3 elementor-widget elementor-widget-text-editor\" data-id=\"cb881e3\" data-element_type=\"widget\" data-widget_type=\"text-editor.default\">\n\t\t\t\t<div class=\"elementor-widget-container\">\n\t\t\t\t\t\t\t\t\t<p>Aussi commun\u00e9ment appel\u00e9es fosse de visite, d\u2019entretien, de maintenance ou encore fosse m\u00e9canique, la fosse de garage est l\u2019outil de travail historique que nous connaissons tous. Nous avons tous une id\u00e9e plus ou moins pr\u00e9cise de ce qu\u2019est une fosse. Pour beaucoup elle n\u2019est qu\u2019un simple \u00ab trou \u00bb permettant de passer sous un v\u00e9hicule, que ce soit un poids lourd, un v\u00e9hicule utilitaire, une voiture, un engin de chantier ou un bus, pour r\u00e9aliser des op\u00e9rations de maintenances courantes et rapides, ou \u00e0 titre particulier chez notre garagiste ou dans notre centre de contr\u00f4le technique.<\/p><p class=\"translation-block\">Dans des temps (pas si\u2026) anciens, il suffisait tout juste de creuser ce \u00ab simple trou \u00bb avec un radier, quatre murs en b\u00e9ton orn\u00e9s d\u2019un \u00e9clairage de plus ou moins bonne qualit\u00e9 (voire m\u00eame d\u2019une simple baladeuse\u2026) et dans le meilleur des cas d\u2019un r\u00e9seau d\u2019air comprim\u00e9 et de prises \u00e9lectriques. Ces fosses, non s\u00e9curis\u00e9es, ont longtemps \u00e9t\u00e9 un <b>terrain propice aux accidents de travail<\/b>, bien trop fr\u00e9quents, trop nombreux et souvent tr\u00e8s grave. Parlez-en autour de vous, tout le monde aura au moins une histoire malheureuse \u00e0 vous raconter\u2026<\/p><p>Aujourd\u2019hui, fort heureusement, la construction d\u2019un atelier et plus particuli\u00e8rement de sa fosse, que ce soit pour de la vidange, de l\u2019entretien g\u00e9n\u00e9ral ou de la maintenance, n\u00e9cessite une conception r\u00e9fl\u00e9chie et rigoureuse afin d\u2019offrir un espace de travail totalement s\u00e9curis\u00e9 \u00e0 leurs utilisateurs et aux diff\u00e9rents intervenants circulant dans l\u2019atelier.<\/p><p class=\"translation-block\">Votre fosse doit <b>r\u00e9pondre aux exigences et recommandations de la Caisse d\u2019Assurance Retraite et Sant\u00e9 <\/b>(CARSAT), du minist\u00e8re du travail et des transports et de la <b>directive machine 2006\/42\/CE<\/b>.<\/p><h2>Avez-vous consult\u00e9 les recommandations R468 et R469 de l\u2019INRS ?<\/h2><p class=\"translation-block\">Elles sont <b>capitales pour la bonne conception de votre fosse<\/b>. Vous direz peut-\u00eatre que beaucoup de ces exigences ne sont que de simples recommandations ? Vous avez raison mais pour autant, elles sont r\u00e9ellement primordiales, tr\u00e8s utiles et&nbsp;<span style=\"font-size: 15px;\">pour certaines obligatoires !<\/span><\/p><p class=\"translation-block\">Nous connaissons de nombreux ateliers qui ont d\u00fb revoir leur plan, voire refaire la construction de leur fosse avant de pouvoir les utiliser. Pire encore, certains de nos clients se sont vus refuser l\u2019ouverture de leurs ateliers car leurs fosses ne respectaient pas les recommandations techniques de conception en mati\u00e8re de s\u00e9curit\u00e9 et de confort au travail. L\u2019<b>absence d\u2019un syst\u00e8me de fermeture (couverture) de fosse adapt\u00e9e<\/b> restant le principal motif de retard ou de refus d\u2019ouverture.<\/p><h2>Alors, comment construire votre fosse de garage en respectant toutes ces r\u00e8gles de conception ?<\/h2><p>Nous allons vous r\u00e9pondre dans ce prochain paragraphe\u2026\u00a0<a style=\"font-size: 15px;\" href=\"\/ch\/produits\/fosse-atelier-prefabriquee-acier\/recommandations-construction-fosse-garage\/\">Lire la suite&#8230;<\/a><\/p>\t\t\t\t\t\t\t\t<\/div>\n\t\t\t\t<\/div>\n\t\t\t\t\t<\/div>\n\t\t<\/div>\n\t\t\t\t<div class=\"elementor-column elementor-col-50 elementor-top-column elementor-element elementor-element-f65dd01\" data-id=\"f65dd01\" data-element_type=\"column\">\n\t\t\t<div class=\"elementor-widget-wrap elementor-element-populated\">\n\t\t\t\t\t\t<section class=\"elementor-section elementor-inner-section elementor-element elementor-element-511d527 elementor-section-height-min-height elementor-section-content-middle elementor-section-boxed elementor-section-height-default\" data-id=\"511d527\" data-element_type=\"section\" data-settings=\"{&quot;sticky&quot;:&quot;top&quot;,&quot;sticky_offset&quot;:100,&quot;sticky_on&quot;:[&quot;desktop&quot;,&quot;tablet&quot;],&quot;sticky_parent&quot;:&quot;yes&quot;,&quot;sticky_effects_offset&quot;:0,&quot;sticky_anchor_link_offset&quot;:0}\">\n\t\t\t\t\t\t<div class=\"elementor-container elementor-column-gap-default\">\n\t\t\t\t\t<div class=\"elementor-column elementor-col-100 elementor-inner-column elementor-element elementor-element-9c61687\" data-id=\"9c61687\" data-element_type=\"column\">\n\t\t\t<div class=\"elementor-widget-wrap elementor-element-populated\">\n\t\t\t\t\t\t<div class=\"elementor-element elementor-element-4941150 elementor-widget__width-initial elementor-widget elementor-widget-video\" data-id=\"4941150\" data-element_type=\"widget\" data-settings=\"{&quot;youtube_url&quot;:&quot;https:\\\/\\\/youtu.be\\\/52BrGPPbJJA&quot;,&quot;autoplay&quot;:&quot;yes&quot;,&quot;mute&quot;:&quot;yes&quot;,&quot;video_type&quot;:&quot;youtube&quot;,&quot;controls&quot;:&quot;yes&quot;}\" data-widget_type=\"video.default\">\n\t\t\t\t<div class=\"elementor-widget-container\">\n\t\t\t\t\t\t\t<div class=\"elementor-wrapper elementor-open-inline\">\n\t\t\t<div class=\"elementor-video\"><\/div>\t\t<\/div>\n\t\t\t\t\t\t<\/div>\n\t\t\t\t<\/div>\n\t\t\t\t<div class=\"elementor-element elementor-element-ed6c7a7 elementor-widget__width-initial elementor-widget elementor-widget-image\" data-id=\"ed6c7a7\" data-element_type=\"widget\" data-widget_type=\"image.default\">\n\t\t\t\t<div class=\"elementor-widget-container\">\n\t\t\t\t\t\t\t\t\t\t\t\t<figure class=\"wp-caption\">\n\t\t\t\t\t\t\t\t\t\t\t<a href=\"https:\/\/xpertive.com\/wp-content\/uploads\/2023\/11\/Brochure-generale-Xpertive.pdf\" target=\"_blank\">\n\t\t\t\t\t\t\t<img fetchpriority=\"high\" decoding=\"async\" width=\"300\" height=\"225\" src=\"https:\/\/xpertive.com\/wp-content\/uploads\/2023\/11\/Telechargez-notre-brochure-generale-2023-300x225.png\" class=\"elementor-animation-grow attachment-medium size-medium wp-image-3836\" alt=\"Sp\u00e9cialiste fosse de garage couverture de fosse et \u00e9quipement d atelier\" srcset=\"https:\/\/xpertive.com\/wp-content\/uploads\/2023\/11\/Telechargez-notre-brochure-generale-2023-300x225.png 300w, https:\/\/xpertive.com\/wp-content\/uploads\/2023\/11\/Telechargez-notre-brochure-generale-2023-16x12.png 16w, https:\/\/xpertive.com\/wp-content\/uploads\/2023\/11\/Telechargez-notre-brochure-generale-2023.png 425w\" sizes=\"(max-width: 300px) 100vw, 300px\" \/>\t\t\t\t\t\t\t\t<\/a>\n\t\t\t\t\t\t\t\t\t\t\t<figcaption class=\"widget-image-caption wp-caption-text\">Brochure \u00e0 t\u00e9l\u00e9charger<\/figcaption>\n\t\t\t\t\t\t\t\t\t\t<\/figure>\n\t\t\t\t\t\t\t\t\t<\/div>\n\t\t\t\t<\/div>\n\t\t\t\t<div class=\"elementor-element elementor-element-0600c34 elementor-widget elementor-widget-shortcode\" data-id=\"0600c34\" data-element_type=\"widget\" data-widget_type=\"shortcode.default\">\n\t\t\t\t<div class=\"elementor-widget-container\">\n\t\t\t\t\t\t\t<div class=\"elementor-shortcode\">\t\t<div data-elementor-type=\"section\" data-elementor-id=\"5599\" class=\"elementor elementor-5599\" data-elementor-post-type=\"elementor_library\">\n\t\t\t\t\t<section class=\"elementor-section elementor-top-section elementor-element elementor-element-6d1b010 elementor-section-boxed elementor-section-height-default elementor-section-height-default\" data-id=\"6d1b010\" data-element_type=\"section\" data-no-translation=\"\">\n\t\t\t\t\t\t<div class=\"elementor-container elementor-column-gap-no\">\n\t\t\t\t\t<div class=\"elementor-column elementor-col-100 elementor-top-column elementor-element elementor-element-2c97ef0\" data-id=\"2c97ef0\" data-element_type=\"column\" data-settings=\"{&quot;animation&quot;:&quot;none&quot;}\">\n\t\t\t<div class=\"elementor-widget-wrap elementor-element-populated\">\n\t\t\t\t\t\t<div class=\"elementor-element elementor-element-f4cb916 elementor-widget-divider--view-line elementor-widget elementor-widget-divider\" data-id=\"f4cb916\" data-element_type=\"widget\" data-widget_type=\"divider.default\">\n\t\t\t\t<div class=\"elementor-widget-container\">\n\t\t\t\t\t\t\t<div class=\"elementor-divider\">\n\t\t\t<span class=\"elementor-divider-separator\">\n\t\t\t\t\t\t<\/span>\n\t\t<\/div>\n\t\t\t\t\t\t<\/div>\n\t\t\t\t<\/div>\n\t\t\t\t<div class=\"elementor-element elementor-element-8e9f06a elementor-align-justify elementor-hidden-desktop elementor-widget elementor-widget-button\" data-id=\"8e9f06a\" data-element_type=\"widget\" data-widget_type=\"button.default\">\n\t\t\t\t<div class=\"elementor-widget-container\">\n\t\t\t\t\t\t\t\t\t<div class=\"elementor-button-wrapper\">\n\t\t\t\t\t<a class=\"elementor-button elementor-button-link elementor-size-sm elementor-animation-grow\" href=\"\/contact\/\" id=\"recevez\">\n\t\t\t\t\t\t<span class=\"elementor-button-content-wrapper\">\n\t\t\t\t\t\t\t\t\t<span class=\"elementor-button-text\">RECEVEZ GRATUITEMENT UNE OFFRE<\/span>\n\t\t\t\t\t<\/span>\n\t\t\t\t\t<\/a>\n\t\t\t\t<\/div>\n\t\t\t\t\t\t\t\t<\/div>\n\t\t\t\t<\/div>\n\t\t\t\t<div class=\"elementor-element elementor-element-14dbb2d elementor-align-justify elementor-widget elementor-widget-button\" data-id=\"14dbb2d\" data-element_type=\"widget\" data-widget_type=\"button.default\">\n\t\t\t\t<div class=\"elementor-widget-container\">\n\t\t\t\t\t\t\t\t\t<div class=\"elementor-button-wrapper\">\n\t\t\t\t\t<a class=\"elementor-button elementor-button-link elementor-size-sm elementor-animation-grow\" href=\"tel:+41%2032%20384%2059%2015\">\n\t\t\t\t\t\t<span class=\"elementor-button-content-wrapper\">\n\t\t\t\t\t\t\t\t\t<span class=\"elementor-button-text\">\ud83d\udcf1  +41 32 384 59 15<\/span>\n\t\t\t\t\t<\/span>\n\t\t\t\t\t<\/a>\n\t\t\t\t<\/div>\n\t\t\t\t\t\t\t\t<\/div>\n\t\t\t\t<\/div>\n\t\t\t\t<div class=\"elementor-element elementor-element-8466963 elementor-align-justify elementor-widget elementor-widget-button\" data-id=\"8466963\" data-element_type=\"widget\" data-widget_type=\"button.default\">\n\t\t\t\t<div class=\"elementor-widget-container\">\n\t\t\t\t\t\t\t\t\t<div class=\"elementor-button-wrapper\">\n\t\t\t\t\t<a class=\"elementor-button elementor-button-link elementor-size-sm elementor-animation-grow\" href=\"mailto:andre.sommer@gesag.ch\">\n\t\t\t\t\t\t<span class=\"elementor-button-content-wrapper\">\n\t\t\t\t\t\t\t\t\t<span class=\"elementor-button-text\">\ud83d\udce7 andre.sommer@gesag.ch<\/span>\n\t\t\t\t\t<\/span>\n\t\t\t\t\t<\/a>\n\t\t\t\t<\/div>\n\t\t\t\t\t\t\t\t<\/div>\n\t\t\t\t<\/div>\n\t\t\t\t\t<\/div>\n\t\t<\/div>\n\t\t\t\t\t<\/div>\n\t\t<\/section>\n\t\t\t\t<\/div>\n\t\t<\/div>\n\t\t\t\t\t\t<\/div>\n\t\t\t\t<\/div>\n\t\t\t\t\t<\/div>\n\t\t<\/div>\n\t\t\t\t\t<\/div>\n\t\t<\/section>\n\t\t\t\t\t<\/div>\n\t\t<\/div>\n\t\t\t\t\t<\/div>\n\t\t<\/section>\n\t\t\t\t<section class=\"elementor-section elementor-top-section elementor-element elementor-element-42d5454 elementor-section-boxed elementor-section-height-default elementor-section-height-default\" data-id=\"42d5454\" data-element_type=\"section\">\n\t\t\t\t\t\t<div class=\"elementor-container elementor-column-gap-default\">\n\t\t\t\t\t<div class=\"elementor-column elementor-col-100 elementor-top-column elementor-element elementor-element-d89b515\" data-id=\"d89b515\" data-element_type=\"column\">\n\t\t\t<div class=\"elementor-widget-wrap elementor-element-populated\">\n\t\t\t\t\t\t<div class=\"elementor-element elementor-element-5e40c80 elementor-align-center elementor-widget elementor-widget-button\" data-id=\"5e40c80\" data-element_type=\"widget\" data-widget_type=\"button.default\">\n\t\t\t\t<div class=\"elementor-widget-container\">\n\t\t\t\t\t\t\t\t\t<div class=\"elementor-button-wrapper\">\n\t\t\t\t\t<a class=\"elementor-button elementor-button-link elementor-size-sm\" href=\"\/ch\/contact\/\">\n\t\t\t\t\t\t<span class=\"elementor-button-content-wrapper\">\n\t\t\t\t\t\t\t\t\t<span class=\"elementor-button-text\"> Parlez-nous de votre projet<\/span>\n\t\t\t\t\t<\/span>\n\t\t\t\t\t<\/a>\n\t\t\t\t<\/div>\n\t\t\t\t\t\t\t\t<\/div>\n\t\t\t\t<\/div>\n\t\t\t\t\t<\/div>\n\t\t<\/div>\n\t\t\t\t\t<\/div>\n\t\t<\/section>\n\t\t\t\t<section class=\"elementor-section elementor-top-section elementor-element elementor-element-1cc9965 elementor-section-boxed elementor-section-height-default elementor-section-height-default\" data-id=\"1cc9965\" data-element_type=\"section\">\n\t\t\t\t\t\t<div class=\"elementor-container elementor-column-gap-default\">\n\t\t\t\t\t<div class=\"elementor-column elementor-col-100 elementor-top-column elementor-element elementor-element-6281466\" data-id=\"6281466\" data-element_type=\"column\">\n\t\t\t<div class=\"elementor-widget-wrap elementor-element-populated\">\n\t\t\t\t\t\t<div class=\"elementor-element elementor-element-70abf68 elementor-widget elementor-widget-text-editor\" data-id=\"70abf68\" data-element_type=\"widget\" data-widget_type=\"text-editor.default\">\n\t\t\t\t<div class=\"elementor-widget-container\">\n\t\t\t\t\t\t\t\t\t<h3>D\u00e9couvrez aussi :<\/h3><ul><li><a href=\"\/ch\/produits\/fosse-atelier-prefabriquee-acier\/la-fosse-prefabriquee-xpertive-et-ses-avantages\/\" target=\"_blank\" rel=\"noopener\">Avantages de la fosse pr\u00e9fabriqu\u00e9e acier Xpertive<\/a><\/li><li><a href=\"\/ch\/produits\/fosse-atelier-prefabriquee-acier\/des-fosses-de-garage-adaptees-a-votre-metier\/\" target=\"_blank\" rel=\"noopener\">Votre fosse sur mesure, tout \u00e9quip\u00e9e et adapt\u00e9e \u00e0 votre m\u00e9tier<\/a><\/li><li><a href=\"https:\/\/xpertive.com\/ch\/couvertures-de-fosse\/couverture-de-fosse-de-garage-aluminium-25t-m2\/\" target=\"_blank\" rel=\"noopener\">La couverture de fosse la plus r\u00e9sistance du march\u00e9<\/a><\/li><\/ul>\t\t\t\t\t\t\t\t<\/div>\n\t\t\t\t<\/div>\n\t\t\t\t\t<\/div>\n\t\t<\/div>\n\t\t\t\t\t<\/div>\n\t\t<\/section>\n\t\t\t\t<\/div>","protected":false},"excerpt":{"rendered":"<p>Aussi commun\u00e9ment appel\u00e9es fosse de visite, d\u2019entretien, de maintenance ou encore fosse m\u00e9canique, la fosse de garage est l\u2019outil de travail historique que nous connaissons tous. Nous avons tous une id\u00e9e plus ou moins pr\u00e9cise de ce qu\u2019est une fosse. [&hellip;]<\/p>","protected":false},"author":1,"featured_media":0,"parent":2,"menu_order":0,"comment_status":"closed","ping_status":"open","template":"","meta":{"site-sidebar-layout":"default","site-content-layout":"default","ast-site-content-layout":"","site-content-style":"default","site-sidebar-style":"default","ast-global-header-display":"","ast-banner-title-visibility":"","ast-main-header-display":"","ast-hfb-above-header-display":"","ast-hfb-below-header-display":"","ast-hfb-mobile-header-display":"","site-post-title":"","ast-breadcrumbs-content":"","ast-featured-img":"","footer-sml-layout":"","theme-transparent-header-meta":"default","adv-header-id-meta":"","stick-header-meta":"default","header-above-stick-meta":"","header-main-stick-meta":"","header-below-stick-meta":"","astra-migrate-meta-layouts":"default","ast-page-background-enabled":"default","ast-page-background-meta":{"desktop":{"background-color":"var(--ast-global-color-4)","background-image":"","background-repeat":"repeat","background-position":"center center","background-size":"auto","background-attachment":"scroll","background-type":"","background-media":"","overlay-type":"","overlay-color":"","overlay-opacity":"","overlay-gradient":""},"tablet":{"background-color":"","background-image":"","background-repeat":"repeat","background-position":"center center","background-size":"auto","background-attachment":"scroll","background-type":"","background-media":"","overlay-type":"","overlay-color":"","overlay-opacity":"","overlay-gradient":""},"mobile":{"background-color":"","background-image":"","background-repeat":"repeat","background-position":"center center","background-size":"auto","background-attachment":"scroll","background-type":"","background-media":"","overlay-type":"","overlay-color":"","overlay-opacity":"","overlay-gradient":""}},"ast-content-background-meta":{"desktop":{"background-color":"var(--ast-global-color-5)","background-image":"","background-repeat":"repeat","background-position":"center center","background-size":"auto","background-attachment":"scroll","background-type":"","background-media":"","overlay-type":"","overlay-color":"","overlay-opacity":"","overlay-gradient":""},"tablet":{"background-color":"var(--ast-global-color-5)","background-image":"","background-repeat":"repeat","background-position":"center center","background-size":"auto","background-attachment":"scroll","background-type":"","background-media":"","overlay-type":"","overlay-color":"","overlay-opacity":"","overlay-gradient":""},"mobile":{"background-color":"var(--ast-global-color-5)","background-image":"","background-repeat":"repeat","background-position":"center center","background-size":"auto","background-attachment":"scroll","background-type":"","background-media":"","overlay-type":"","overlay-color":"","overlay-opacity":"","overlay-gradient":""}},"footnotes":""},"class_list":["post-110","page","type-page","status-publish","hentry"],"aioseo_notices":[],"_links":{"self":[{"href":"https:\/\/xpertive.com\/ch\/wp-json\/wp\/v2\/pages\/110","targetHints":{"allow":["GET"]}}],"collection":[{"href":"https:\/\/xpertive.com\/ch\/wp-json\/wp\/v2\/pages"}],"about":[{"href":"https:\/\/xpertive.com\/ch\/wp-json\/wp\/v2\/types\/page"}],"author":[{"embeddable":true,"href":"https:\/\/xpertive.com\/ch\/wp-json\/wp\/v2\/users\/1"}],"replies":[{"embeddable":true,"href":"https:\/\/xpertive.com\/ch\/wp-json\/wp\/v2\/comments?post=110"}],"version-history":[{"count":24,"href":"https:\/\/xpertive.com\/ch\/wp-json\/wp\/v2\/pages\/110\/revisions"}],"predecessor-version":[{"id":5909,"href":"https:\/\/xpertive.com\/ch\/wp-json\/wp\/v2\/pages\/110\/revisions\/5909"}],"up":[{"embeddable":true,"href":"https:\/\/xpertive.com\/ch\/wp-json\/wp\/v2\/pages\/2"}],"wp:attachment":[{"href":"https:\/\/xpertive.com\/ch\/wp-json\/wp\/v2\/media?parent=110"}],"curies":[{"name":"wp","href":"https:\/\/api.w.org\/{rel}","templated":true}]}}