{"id":1718,"date":"2020-02-14T16:03:01","date_gmt":"2020-02-14T15:03:01","guid":{"rendered":"https:\/\/xpertive.com\/?page_id=1718"},"modified":"2025-05-20T15:39:52","modified_gmt":"2025-05-20T13:39:52","slug":"traverse-levage-bord-fosse","status":"publish","type":"page","link":"https:\/\/xpertive.com\/ch\/equipements-atelier\/solutions-de-levage\/verins-pour-fosse-de-garage\/traverse-levage-bord-fosse\/","title":{"rendered":"Traverse de levage bord de fosse"},"content":{"rendered":"<div data-elementor-type=\"wp-page\" data-elementor-id=\"1718\" class=\"elementor elementor-1718\" data-elementor-post-type=\"page\">\n\t\t\t\t\t\t<section class=\"elementor-section elementor-top-section elementor-element elementor-element-d5d443c elementor-section-boxed elementor-section-height-default elementor-section-height-default\" data-id=\"d5d443c\" data-element_type=\"section\">\n\t\t\t\t\t\t<div class=\"elementor-container elementor-column-gap-default\">\n\t\t\t\t\t<div class=\"elementor-column elementor-col-100 elementor-top-column elementor-element elementor-element-42e3702\" data-id=\"42e3702\" data-element_type=\"column\">\n\t\t\t<div class=\"elementor-widget-wrap elementor-element-populated\">\n\t\t\t\t\t\t<div class=\"elementor-element elementor-element-836a252 elementor-widget elementor-widget-heading\" data-id=\"836a252\" data-element_type=\"widget\" data-widget_type=\"heading.default\">\n\t\t\t\t<div class=\"elementor-widget-container\">\n\t\t\t\t\t<h1 class=\"elementor-heading-title elementor-size-default\">Traverse de levage bord de fosse 2 points pour v\u00e9hicules lourds <\/h1>\t\t\t\t<\/div>\n\t\t\t\t<\/div>\n\t\t\t\t\t<\/div>\n\t\t<\/div>\n\t\t\t\t\t<\/div>\n\t\t<\/section>\n\t\t\t\t<section class=\"elementor-section elementor-top-section elementor-element elementor-element-1519b2d elementor-section-boxed elementor-section-height-default elementor-section-height-default\" data-id=\"1519b2d\" data-element_type=\"section\">\n\t\t\t\t\t\t<div class=\"elementor-container elementor-column-gap-default\">\n\t\t\t\t\t<div class=\"elementor-column elementor-col-100 elementor-top-column elementor-element elementor-element-a5361bf\" data-id=\"a5361bf\" data-element_type=\"column\">\n\t\t\t<div class=\"elementor-widget-wrap elementor-element-populated\">\n\t\t\t\t\t\t<div class=\"elementor-element elementor-element-bfa7c0d elementor-widget elementor-widget-heading\" data-id=\"bfa7c0d\" data-element_type=\"widget\" data-widget_type=\"heading.default\">\n\t\t\t\t<div class=\"elementor-widget-container\">\n\t\t\t\t\t<h2 class=\"elementor-heading-title elementor-size-default\">Optimisez la maintenance de vos v\u00e9hicules avec notre traverse de levage bord de fosse<\/h2>\t\t\t\t<\/div>\n\t\t\t\t<\/div>\n\t\t\t\t<div class=\"elementor-element elementor-element-8e4fd1d elementor-widget elementor-widget-text-editor\" data-id=\"8e4fd1d\" data-element_type=\"widget\" data-widget_type=\"text-editor.default\">\n\t\t\t\t<div class=\"elementor-widget-container\">\n\t\t\t\t\t\t\t\t\t<p>Fiable, performante et s\u00e9curis\u00e9e, la traverse de levage bord de fosse Xpertive est con\u00e7ue pour r\u00e9pondre aux exigences des ateliers de maintenance poids lourds, bus et engins de TP. Avec une capacit\u00e9 de 20 tonnes, son cric hydropneumatique \u00e0 double v\u00e9rin assure un levage pr\u00e9cis et s\u00e9curis\u00e9. Gr\u00e2ce \u00e0 ses v\u00e9rins enti\u00e8rement filet\u00e9s, la position en charge est verrouill\u00e9e m\u00e9caniquement, garantissant une s\u00e9curit\u00e9 optimale. Facile \u00e0 utiliser et adaptable \u00e0 toutes les configurations de fosse, elle optimise vos op\u00e9rations et r\u00e9duit les temps d&rsquo;immobilisation des v\u00e9hicules.<\/p><p style=\"text-align: center;\"><strong>Faites le choix d\u2019une solution robuste et sur mesure. Contactez-nous d\u00e8s maintenant pour un devis personnalis\u00e9 !<\/strong><\/p>\t\t\t\t\t\t\t\t<\/div>\n\t\t\t\t<\/div>\n\t\t\t\t<div class=\"elementor-element elementor-element-d529c3f elementor-align-center elementor-widget elementor-widget-button\" data-id=\"d529c3f\" data-element_type=\"widget\" data-widget_type=\"button.default\">\n\t\t\t\t<div class=\"elementor-widget-container\">\n\t\t\t\t\t\t\t\t\t<div class=\"elementor-button-wrapper\">\n\t\t\t\t\t<a class=\"elementor-button elementor-button-link elementor-size-md elementor-animation-grow\" href=\"https:\/\/xpertive.com\/ch\/contact\/\">\n\t\t\t\t\t\t<span class=\"elementor-button-content-wrapper\">\n\t\t\t\t\t\t\t\t\t<span class=\"elementor-button-text\">DEMANDER DEVIS TRAVERSE DE LEVAGE BORD DE FOSSE<\/span>\n\t\t\t\t\t<\/span>\n\t\t\t\t\t<\/a>\n\t\t\t\t<\/div>\n\t\t\t\t\t\t\t\t<\/div>\n\t\t\t\t<\/div>\n\t\t\t\t<div class=\"elementor-element elementor-element-dac6c45 elementor-widget elementor-widget-image\" data-id=\"dac6c45\" data-element_type=\"widget\" data-widget_type=\"image.default\">\n\t\t\t\t<div class=\"elementor-widget-container\">\n\t\t\t\t\t\t\t\t\t\t\t\t\t\t\t<img fetchpriority=\"high\" decoding=\"async\" width=\"846\" height=\"678\" src=\"https:\/\/xpertive.com\/wp-content\/uploads\/2018\/11\/Cric-bord-de-fosse-double-v\u00e9rins-12T-et-20-T.png\" class=\"attachment-large size-large wp-image-996\" alt=\"Traverse de levage 2 point pour fosse de garage poids lourds\" srcset=\"https:\/\/xpertive.com\/wp-content\/uploads\/2018\/11\/Cric-bord-de-fosse-double-v\u00e9rins-12T-et-20-T.png 846w, https:\/\/xpertive.com\/wp-content\/uploads\/2018\/11\/Cric-bord-de-fosse-double-v\u00e9rins-12T-et-20-T-300x240.png 300w, https:\/\/xpertive.com\/wp-content\/uploads\/2018\/11\/Cric-bord-de-fosse-double-v\u00e9rins-12T-et-20-T-768x615.png 768w\" sizes=\"(max-width: 846px) 100vw, 846px\" \/>\t\t\t\t\t\t\t\t\t\t\t\t\t\t\t<\/div>\n\t\t\t\t<\/div>\n\t\t\t\t<div class=\"elementor-element elementor-element-6a935bc elementor-widget elementor-widget-heading\" data-id=\"6a935bc\" data-element_type=\"widget\" data-widget_type=\"heading.default\">\n\t\t\t\t<div class=\"elementor-widget-container\">\n\t\t\t\t\t<h2 class=\"elementor-heading-title elementor-size-default\">V\u00e9rin bord de fosse poids lourds d'une capacit\u00e9 de levage de 20T<\/h2>\t\t\t\t<\/div>\n\t\t\t\t<\/div>\n\t\t\t\t<div class=\"elementor-element elementor-element-df97f65 elementor-widget elementor-widget-text-editor\" data-id=\"df97f65\" data-element_type=\"widget\" data-widget_type=\"text-editor.default\">\n\t\t\t\t<div class=\"elementor-widget-container\">\n\t\t\t\t\t\t\t\t\t<p><span class=\"relative -mx-px my-[-0.2rem] rounded px-px py-[0.2rem]\">La traverse de levage bord de fosse de Xpertive est con\u00e7ue pour <span style=\"color: #ff6600;\"><strong>lever efficacement une large gamme de v\u00e9hicules industriels<\/strong><\/span>, y compris les poids lourds, bus et engins de travaux publics.<\/span> <span class=\"relative -mx-px my-[-0.2rem] rounded px-px py-[0.2rem]\">\u00c9quip\u00e9e de deux v\u00e9rins hydropneumatiques de 10 tonnes chacun, elle offre une capacit\u00e9 de levage totale de 20 tonnes.\u00a0<\/span><\/p>\t\t\t\t\t\t\t\t<\/div>\n\t\t\t\t<\/div>\n\t\t\t\t<div class=\"elementor-element elementor-element-91f76a5 elementor-widget elementor-widget-heading\" data-id=\"91f76a5\" data-element_type=\"widget\" data-widget_type=\"heading.default\">\n\t\t\t\t<div class=\"elementor-widget-container\">\n\t\t\t\t\t<h2 class=\"elementor-heading-title elementor-size-default\">Utilisation simple et intuitive<\/h2>\t\t\t\t<\/div>\n\t\t\t\t<\/div>\n\t\t\t\t<div class=\"elementor-element elementor-element-b64e543 elementor-widget elementor-widget-text-editor\" data-id=\"b64e543\" data-element_type=\"widget\" data-widget_type=\"text-editor.default\">\n\t\t\t\t<div class=\"elementor-widget-container\">\n\t\t\t\t\t\t\t\t\t<ul><li><span style=\"font-size: 15px;\">D\u00e9placement transversal dans le ch\u00e2ssis<\/span><\/li><li><span style=\"font-size: 15px;\">Possibilit\u00e9 d&rsquo;utiliser les v\u00e9rins de mani\u00e8re simultan\u00e9e ou s\u00e9par\u00e9ment \u00e0 l&rsquo;aide des <\/span>vannes de r\u00e9gulation<\/li><li><span style=\"font-size: 16px;\">Mont\u00e9e et approche pneumatique, descente forc\u00e9e<\/span><\/li><\/ul><div>\u00a0<\/div>\t\t\t\t\t\t\t\t<\/div>\n\t\t\t\t<\/div>\n\t\t\t\t<div class=\"elementor-element elementor-element-43a00ec elementor-widget elementor-widget-image\" data-id=\"43a00ec\" data-element_type=\"widget\" data-widget_type=\"image.default\">\n\t\t\t\t<div class=\"elementor-widget-container\">\n\t\t\t\t\t\t\t\t\t\t\t\t\t\t\t<img decoding=\"async\" width=\"567\" height=\"756\" src=\"https:\/\/xpertive.com\/wp-content\/uploads\/2020\/02\/traverse-de-levage-xpertive-2-x-10-tonnes.jpg\" class=\"attachment-large size-large wp-image-1724\" alt=\"v\u00e9rin bord pour garage maintenance bus et poids lourds\" srcset=\"https:\/\/xpertive.com\/wp-content\/uploads\/2020\/02\/traverse-de-levage-xpertive-2-x-10-tonnes.jpg 567w, https:\/\/xpertive.com\/wp-content\/uploads\/2020\/02\/traverse-de-levage-xpertive-2-x-10-tonnes-225x300.jpg 225w\" sizes=\"(max-width: 567px) 100vw, 567px\" \/>\t\t\t\t\t\t\t\t\t\t\t\t\t\t\t<\/div>\n\t\t\t\t<\/div>\n\t\t\t\t<div class=\"elementor-element elementor-element-aa82c56 elementor-widget elementor-widget-heading\" data-id=\"aa82c56\" data-element_type=\"widget\" data-widget_type=\"heading.default\">\n\t\t\t\t<div class=\"elementor-widget-container\">\n\t\t\t\t\t<h2 class=\"elementor-heading-title elementor-size-default\">S\u00e9curit\u00e9 m\u00e9canique unique gr\u00e2ce \u00e0 leur v\u00e9rins enti\u00e8rement filet\u00e9s<\/h2>\t\t\t\t<\/div>\n\t\t\t\t<\/div>\n\t\t\t\t<div class=\"elementor-element elementor-element-3f55b85 elementor-widget elementor-widget-text-editor\" data-id=\"3f55b85\" data-element_type=\"widget\" data-widget_type=\"text-editor.default\">\n\t\t\t\t<div class=\"elementor-widget-container\">\n\t\t\t\t\t\t\t\t\t<p>En plus de la <span style=\"color: #ff6600;\"><strong>s\u00e9curit\u00e9 hydraulique<\/strong><\/span> et de la <strong><span style=\"color: #ff6600;\">mise \u00e0 l&rsquo;\u00e9chappement<\/span><\/strong> en cas de surcharge, nos <strong><span style=\"color: #ff6600;\">v\u00e9rins enti\u00e8rement filet\u00e9s<\/span><\/strong> permettent de verrouiller une position en charge avec une bague en acier qui conf\u00e8re une\u00a0<span><strong><span style=\"color: #ff6600;\"><span style=\"caret-color: #ff6600;\">s\u00e9curit\u00e9 m\u00e9canique<\/span><\/span><\/strong>\u00a0<\/span>unique, simple et performante.\u00a0<\/p>\t\t\t\t\t\t\t\t<\/div>\n\t\t\t\t<\/div>\n\t\t\t\t<div class=\"elementor-element elementor-element-d7583e4 elementor-widget elementor-widget-image\" data-id=\"d7583e4\" data-element_type=\"widget\" data-widget_type=\"image.default\">\n\t\t\t\t<div class=\"elementor-widget-container\">\n\t\t\t\t\t\t\t\t\t\t\t\t\t\t\t<img decoding=\"async\" width=\"1024\" height=\"733\" src=\"https:\/\/xpertive.com\/wp-content\/uploads\/2020\/02\/traverse-de-levage-Xpertive-1024x733.png\" class=\"attachment-large size-large wp-image-1723\" alt=\"cric bord de fosse bus et poids lourds\" srcset=\"https:\/\/xpertive.com\/wp-content\/uploads\/2020\/02\/traverse-de-levage-Xpertive-1024x733.png 1024w, https:\/\/xpertive.com\/wp-content\/uploads\/2020\/02\/traverse-de-levage-Xpertive-300x215.png 300w, https:\/\/xpertive.com\/wp-content\/uploads\/2020\/02\/traverse-de-levage-Xpertive-768x550.png 768w, https:\/\/xpertive.com\/wp-content\/uploads\/2020\/02\/traverse-de-levage-Xpertive.png 1596w\" sizes=\"(max-width: 1024px) 100vw, 1024px\" \/>\t\t\t\t\t\t\t\t\t\t\t\t\t\t\t<\/div>\n\t\t\t\t<\/div>\n\t\t\t\t<div class=\"elementor-element elementor-element-2e311df elementor-widget elementor-widget-image\" data-id=\"2e311df\" data-element_type=\"widget\" data-widget_type=\"image.default\">\n\t\t\t\t<div class=\"elementor-widget-container\">\n\t\t\t\t\t\t\t\t\t\t\t\t\t\t\t<img loading=\"lazy\" decoding=\"async\" width=\"567\" height=\"436\" src=\"https:\/\/xpertive.com\/wp-content\/uploads\/2020\/02\/v\u00e9rin-filet\u00e9s-traverse-de-levage.jpg\" class=\"attachment-large size-large wp-image-1719\" alt=\"cric bord de fosse s\u00e9curis\u00e9\" srcset=\"https:\/\/xpertive.com\/wp-content\/uploads\/2020\/02\/v\u00e9rin-filet\u00e9s-traverse-de-levage.jpg 567w, https:\/\/xpertive.com\/wp-content\/uploads\/2020\/02\/v\u00e9rin-filet\u00e9s-traverse-de-levage-300x231.jpg 300w\" sizes=\"(max-width: 567px) 100vw, 567px\" \/>\t\t\t\t\t\t\t\t\t\t\t\t\t\t\t<\/div>\n\t\t\t\t<\/div>\n\t\t\t\t<div class=\"elementor-element elementor-element-fed3933 elementor-widget elementor-widget-heading\" data-id=\"fed3933\" data-element_type=\"widget\" data-widget_type=\"heading.default\">\n\t\t\t\t<div class=\"elementor-widget-container\">\n\t\t\t\t\t<h2 class=\"elementor-heading-title elementor-size-default\">Un fabricant d'exp\u00e9rience pour des solutions de levage en fosse haut de gamme<\/h2>\t\t\t\t<\/div>\n\t\t\t\t<\/div>\n\t\t\t\t<div class=\"elementor-element elementor-element-ec50557 elementor-widget elementor-widget-text-editor\" data-id=\"ec50557\" data-element_type=\"widget\" data-widget_type=\"text-editor.default\">\n\t\t\t\t<div class=\"elementor-widget-container\">\n\t\t\t\t\t\t\t\t\t<h2><span style=\"font-size: 15px;\">Notre fournisseur usine 100% de ses pi\u00e8ces gr\u00e2ce \u00e0 son parc machine d\u00e9di\u00e9. Une cha\u00eene de production compl\u00e8te permettant de ma\u00eetriser enti\u00e8rement la qualit\u00e9 de fabrication de ses produits.<\/span><\/h2><p>Avec une exp\u00e9rience \u00ab\u00a0mono produit\u00a0\u00bb de plus de 40 ans et <strong><span style=\"color: #ff6600;\">plus de 2500 cric bord de fosse produits chaque ann\u00e9e<\/span><\/strong>, la qualit\u00e9 de ces traverses est parfaitement ma\u00eetris\u00e9e.<\/p><p><strong>Sur mesure : <\/strong>gr\u00e2ce \u00e0 son bureau\u00a0d&rsquo;\u00e9tude int\u00e9gr\u00e9 et son outil de\u00a0production sp\u00e9cialis\u00e9, nous pouvons adapt\u00e9 nos chassis et nos galets \u00e0 tout type de bord de fosse (tout type de rail et de largeur)<\/p><p>Vos pi\u00e8ces sont disponibles pendant 10 ans au minimum et votre \u00e9quipement garantie 2 ans\u00a0<\/p>\t\t\t\t\t\t\t\t<\/div>\n\t\t\t\t<\/div>\n\t\t\t\t<div class=\"elementor-element elementor-element-dbbf205 elementor-widget elementor-widget-image\" data-id=\"dbbf205\" data-element_type=\"widget\" data-widget_type=\"image.default\">\n\t\t\t\t<div class=\"elementor-widget-container\">\n\t\t\t\t\t\t\t\t\t\t\t\t\t\t\t<img loading=\"lazy\" decoding=\"async\" width=\"567\" height=\"756\" src=\"https:\/\/xpertive.com\/wp-content\/uploads\/2020\/02\/traverse-bord-de-fosse-poids-lourds.jpg\" class=\"attachment-large size-large wp-image-1722\" alt=\"v\u00e9rins bord de fosse pneumatique 20 tonnes\" srcset=\"https:\/\/xpertive.com\/wp-content\/uploads\/2020\/02\/traverse-bord-de-fosse-poids-lourds.jpg 567w, https:\/\/xpertive.com\/wp-content\/uploads\/2020\/02\/traverse-bord-de-fosse-poids-lourds-225x300.jpg 225w\" sizes=\"(max-width: 567px) 100vw, 567px\" \/>\t\t\t\t\t\t\t\t\t\t\t\t\t\t\t<\/div>\n\t\t\t\t<\/div>\n\t\t\t\t\t<\/div>\n\t\t<\/div>\n\t\t\t\t\t<\/div>\n\t\t<\/section>\n\t\t\t\t<section class=\"elementor-section elementor-top-section elementor-element elementor-element-e19891d elementor-section-boxed elementor-section-height-default elementor-section-height-default\" data-id=\"e19891d\" data-element_type=\"section\">\n\t\t\t\t\t\t<div class=\"elementor-container elementor-column-gap-default\">\n\t\t\t\t\t<div class=\"elementor-column elementor-col-100 elementor-top-column elementor-element elementor-element-394a7f1\" data-id=\"394a7f1\" data-element_type=\"column\">\n\t\t\t<div class=\"elementor-widget-wrap elementor-element-populated\">\n\t\t\t\t\t\t<section class=\"elementor-section elementor-inner-section elementor-element elementor-element-cf3d282 elementor-section-boxed elementor-section-height-default elementor-section-height-default\" data-id=\"cf3d282\" data-element_type=\"section\">\n\t\t\t\t\t\t<div class=\"elementor-container elementor-column-gap-default\">\n\t\t\t\t\t<div class=\"elementor-column elementor-col-50 elementor-inner-column elementor-element elementor-element-457b985\" data-id=\"457b985\" data-element_type=\"column\">\n\t\t\t<div class=\"elementor-widget-wrap elementor-element-populated\">\n\t\t\t\t\t\t<div class=\"elementor-element elementor-element-fdcb13b elementor-widget elementor-widget-heading\" data-id=\"fdcb13b\" data-element_type=\"widget\" data-widget_type=\"heading.default\">\n\t\t\t\t<div class=\"elementor-widget-container\">\n\t\t\t\t\t<h2 class=\"elementor-heading-title elementor-size-default\">Large gamme d\u2019accessoires disponibles pour configurer votre traverse et r\u00e9pondre \u00e0 toutes vos contraintes vos besoins<\/h2>\t\t\t\t<\/div>\n\t\t\t\t<\/div>\n\t\t\t\t<div class=\"elementor-element elementor-element-c1266f9 elementor-widget elementor-widget-text-editor\" data-id=\"c1266f9\" data-element_type=\"widget\" data-widget_type=\"text-editor.default\">\n\t\t\t\t<div class=\"elementor-widget-container\">\n\t\t\t\t\t\t\t\t\t<p><strong>Chaque traverse de fosse vous est \u00a0livr\u00e9e en standard avec<\/strong> :<\/p><ul><li>Porte accessoires : vous permettant de rassembl\u00e9 tous vos outils afin de les avoir directement sous la main au moment ou vous en avez besoin \u00a0<\/li><li>Poign\u00e9e ergonomique de manipulation : facilit\u00e9 le d\u00e9placement dans la fosse et r\u00e9duit les efforts<\/li><li>Support en \u00ab V \u00bb, \u00ab Ch\u00e2ssis \u00bb et \u00ab coupelle \u00bb : vous pouvez ainsi adapter vos supports aux diff\u00e9rents point d&rsquo;ancrage et de lev\u00e9 Extension 152mm : pour gagner les quelques centim\u00e8tres pr\u00e9cieux pour atteindre certain chassis ou essieux<\/li><\/ul><p>Vous pouvez aussi compl\u00e9ter avec diff\u00e9rentes traverses de levage extensible pour am\u00e9liorer le diff\u00e9rentiels et la r\u00e9partition des charges. Si n\u00e9cessaire il est aussi possibilit\u00e9 d&rsquo;augmenter la longueur de course des v\u00e9rins avec des rallonges allant jusqu&rsquo;\u00e0 457 mm.<\/p>\t\t\t\t\t\t\t\t<\/div>\n\t\t\t\t<\/div>\n\t\t\t\t\t<\/div>\n\t\t<\/div>\n\t\t\t\t<div class=\"elementor-column elementor-col-50 elementor-inner-column elementor-element elementor-element-d1a3282\" data-id=\"d1a3282\" data-element_type=\"column\">\n\t\t\t<div class=\"elementor-widget-wrap elementor-element-populated\">\n\t\t\t\t\t\t<div class=\"elementor-element elementor-element-c380049 elementor-widget elementor-widget-image\" data-id=\"c380049\" data-element_type=\"widget\" data-widget_type=\"image.default\">\n\t\t\t\t<div class=\"elementor-widget-container\">\n\t\t\t\t\t\t\t\t\t\t\t\t\t\t\t<img loading=\"lazy\" decoding=\"async\" width=\"472\" height=\"667\" src=\"https:\/\/xpertive.com\/wp-content\/uploads\/2020\/02\/Accessoires-traverses-de-levage.png\" class=\"attachment-large size-large wp-image-1726\" alt=\"\" srcset=\"https:\/\/xpertive.com\/wp-content\/uploads\/2020\/02\/Accessoires-traverses-de-levage.png 472w, https:\/\/xpertive.com\/wp-content\/uploads\/2020\/02\/Accessoires-traverses-de-levage-212x300.png 212w\" sizes=\"(max-width: 472px) 100vw, 472px\" \/>\t\t\t\t\t\t\t\t\t\t\t\t\t\t\t<\/div>\n\t\t\t\t<\/div>\n\t\t\t\t\t<\/div>\n\t\t<\/div>\n\t\t\t\t\t<\/div>\n\t\t<\/section>\n\t\t\t\t\t<\/div>\n\t\t<\/div>\n\t\t\t\t\t<\/div>\n\t\t<\/section>\n\t\t\t\t<section class=\"elementor-section elementor-top-section elementor-element elementor-element-ed42e91 elementor-section-boxed elementor-section-height-default elementor-section-height-default\" data-id=\"ed42e91\" data-element_type=\"section\">\n\t\t\t\t\t\t<div class=\"elementor-container elementor-column-gap-default\">\n\t\t\t\t\t<div class=\"elementor-column elementor-col-100 elementor-top-column elementor-element elementor-element-699070c\" data-id=\"699070c\" data-element_type=\"column\">\n\t\t\t<div class=\"elementor-widget-wrap elementor-element-populated\">\n\t\t\t\t\t\t<div class=\"elementor-element elementor-element-81e652a elementor-align-center elementor-widget elementor-widget-button\" data-id=\"81e652a\" data-element_type=\"widget\" data-widget_type=\"button.default\">\n\t\t\t\t<div class=\"elementor-widget-container\">\n\t\t\t\t\t\t\t\t\t<div class=\"elementor-button-wrapper\">\n\t\t\t\t\t<a class=\"elementor-button elementor-button-link elementor-size-md elementor-animation-grow\" href=\"https:\/\/xpertive.com\/ch\/contact\/\">\n\t\t\t\t\t\t<span class=\"elementor-button-content-wrapper\">\n\t\t\t\t\t\t\t\t\t<span class=\"elementor-button-text\">DEMANDER DEVIS TRAVERSE DE LEVAGE BORD DE FOSSE<\/span>\n\t\t\t\t\t<\/span>\n\t\t\t\t\t<\/a>\n\t\t\t\t<\/div>\n\t\t\t\t\t\t\t\t<\/div>\n\t\t\t\t<\/div>\n\t\t\t\t<div class=\"elementor-element elementor-element-b15216c elementor-widget elementor-widget-image\" data-id=\"b15216c\" data-element_type=\"widget\" data-widget_type=\"image.default\">\n\t\t\t\t<div class=\"elementor-widget-container\">\n\t\t\t\t\t\t\t\t\t\t\t\t\t\t\t<img loading=\"lazy\" decoding=\"async\" width=\"567\" height=\"756\" src=\"https:\/\/xpertive.com\/wp-content\/uploads\/2020\/02\/double-v\u00e9rin-bord-de-fosse-pneumatique.jpg\" class=\"attachment-large size-large wp-image-1721\" alt=\"cric pour levage v\u00e9hicule lourds en fosse de garage\" srcset=\"https:\/\/xpertive.com\/wp-content\/uploads\/2020\/02\/double-v\u00e9rin-bord-de-fosse-pneumatique.jpg 567w, https:\/\/xpertive.com\/wp-content\/uploads\/2020\/02\/double-v\u00e9rin-bord-de-fosse-pneumatique-225x300.jpg 225w\" sizes=\"(max-width: 567px) 100vw, 567px\" \/>\t\t\t\t\t\t\t\t\t\t\t\t\t\t\t<\/div>\n\t\t\t\t<\/div>\n\t\t\t\t\t<\/div>\n\t\t<\/div>\n\t\t\t\t\t<\/div>\n\t\t<\/section>\n\t\t\t\t<\/div>","protected":false},"excerpt":{"rendered":"<p>Traverse de levage 2 v\u00e9rins filet\u00e9s 10 tonnes tout pneumatique V\u00e9rin bord de fosse poids lourds d&rsquo;une capacit\u00e9 de levage de 20T Gr\u00e2ce \u00e0 son double v\u00e9rins 10T, notre cric bord de fosse vous permettra de lever tout type de [&hellip;]<\/p>","protected":false},"author":2,"featured_media":1724,"parent":934,"menu_order":0,"comment_status":"closed","ping_status":"closed","template":"","meta":{"site-sidebar-layout":"no-sidebar","site-content-layout":"page-builder","ast-site-content-layout":"default","site-content-style":"unboxed","site-sidebar-style":"unboxed","ast-global-header-display":"","ast-banner-title-visibility":"","ast-main-header-display":"","ast-hfb-above-header-display":"","ast-hfb-below-header-display":"","ast-hfb-mobile-header-display":"","site-post-title":"disabled","ast-breadcrumbs-content":"","ast-featured-img":"disabled","footer-sml-layout":"","theme-transparent-header-meta":"default","adv-header-id-meta":"","stick-header-meta":"default","header-above-stick-meta":"","header-main-stick-meta":"","header-below-stick-meta":"","astra-migrate-meta-layouts":"set","ast-page-background-enabled":"default","ast-page-background-meta":{"desktop":{"background-color":"var(--ast-global-color-4)","background-image":"","background-repeat":"repeat","background-position":"center center","background-size":"auto","background-attachment":"scroll","background-type":"","background-media":"","overlay-type":"","overlay-color":"","overlay-opacity":"","overlay-gradient":""},"tablet":{"background-color":"","background-image":"","background-repeat":"repeat","background-position":"center center","background-size":"auto","background-attachment":"scroll","background-type":"","background-media":"","overlay-type":"","overlay-color":"","overlay-opacity":"","overlay-gradient":""},"mobile":{"background-color":"","background-image":"","background-repeat":"repeat","background-position":"center center","background-size":"auto","background-attachment":"scroll","background-type":"","background-media":"","overlay-type":"","overlay-color":"","overlay-opacity":"","overlay-gradient":""}},"ast-content-background-meta":{"desktop":{"background-color":"var(--ast-global-color-5)","background-image":"","background-repeat":"repeat","background-position":"center center","background-size":"auto","background-attachment":"scroll","background-type":"","background-media":"","overlay-type":"","overlay-color":"","overlay-opacity":"","overlay-gradient":""},"tablet":{"background-color":"var(--ast-global-color-5)","background-image":"","background-repeat":"repeat","background-position":"center center","background-size":"auto","background-attachment":"scroll","background-type":"","background-media":"","overlay-type":"","overlay-color":"","overlay-opacity":"","overlay-gradient":""},"mobile":{"background-color":"var(--ast-global-color-5)","background-image":"","background-repeat":"repeat","background-position":"center center","background-size":"auto","background-attachment":"scroll","background-type":"","background-media":"","overlay-type":"","overlay-color":"","overlay-opacity":"","overlay-gradient":""}},"footnotes":""},"class_list":["post-1718","page","type-page","status-publish","has-post-thumbnail","hentry"],"aioseo_notices":[],"_links":{"self":[{"href":"https:\/\/xpertive.com\/ch\/wp-json\/wp\/v2\/pages\/1718","targetHints":{"allow":["GET"]}}],"collection":[{"href":"https:\/\/xpertive.com\/ch\/wp-json\/wp\/v2\/pages"}],"about":[{"href":"https:\/\/xpertive.com\/ch\/wp-json\/wp\/v2\/types\/page"}],"author":[{"embeddable":true,"href":"https:\/\/xpertive.com\/ch\/wp-json\/wp\/v2\/users\/2"}],"replies":[{"embeddable":true,"href":"https:\/\/xpertive.com\/ch\/wp-json\/wp\/v2\/comments?post=1718"}],"version-history":[{"count":19,"href":"https:\/\/xpertive.com\/ch\/wp-json\/wp\/v2\/pages\/1718\/revisions"}],"predecessor-version":[{"id":4262,"href":"https:\/\/xpertive.com\/ch\/wp-json\/wp\/v2\/pages\/1718\/revisions\/4262"}],"up":[{"embeddable":true,"href":"https:\/\/xpertive.com\/ch\/wp-json\/wp\/v2\/pages\/934"}],"wp:featuredmedia":[{"embeddable":true,"href":"https:\/\/xpertive.com\/ch\/wp-json\/wp\/v2\/media\/1724"}],"wp:attachment":[{"href":"https:\/\/xpertive.com\/ch\/wp-json\/wp\/v2\/media?parent=1718"}],"curies":[{"name":"wp","href":"https:\/\/api.w.org\/{rel}","templated":true}]}}