{"id":2617,"date":"2021-03-10T17:17:11","date_gmt":"2021-03-10T16:17:11","guid":{"rendered":"https:\/\/xpertive.com\/?page_id=2617"},"modified":"2025-05-20T15:39:45","modified_gmt":"2025-05-20T13:39:45","slug":"pit-bottom-jack","status":"publish","type":"page","link":"https:\/\/xpertive.com\/en\/workshop-equipment\/lifting-solutions\/cylinders-for-garage-pit\/pit-bottom-jack\/","title":{"rendered":"Pit bottom jack"},"content":{"rendered":"<div data-elementor-type=\"wp-page\" data-elementor-id=\"2617\" class=\"elementor elementor-2617\" data-elementor-post-type=\"page\">\n\t\t\t\t\t\t<section class=\"elementor-section elementor-top-section elementor-element elementor-element-c07d211 elementor-section-boxed elementor-section-height-default elementor-section-height-default\" data-id=\"c07d211\" data-element_type=\"section\">\n\t\t\t\t\t\t<div class=\"elementor-container elementor-column-gap-default\">\n\t\t\t\t\t<div class=\"elementor-column elementor-col-100 elementor-top-column elementor-element elementor-element-562c091\" data-id=\"562c091\" data-element_type=\"column\">\n\t\t\t<div class=\"elementor-widget-wrap elementor-element-populated\">\n\t\t\t\t\t\t<div class=\"elementor-element elementor-element-167243c elementor-widget elementor-widget-heading\" data-id=\"167243c\" data-element_type=\"widget\" data-widget_type=\"heading.default\">\n\t\t\t\t<div class=\"elementor-widget-container\">\n\t\t\t\t\t<h1 class=\"elementor-heading-title elementor-size-default\">Pit jack for heavy goods vehicles<\/h1>\t\t\t\t<\/div>\n\t\t\t\t<\/div>\n\t\t\t\t\t<\/div>\n\t\t<\/div>\n\t\t\t\t\t<\/div>\n\t\t<\/section>\n\t\t\t\t<section class=\"elementor-section elementor-top-section elementor-element elementor-element-2319533 elementor-section-boxed elementor-section-height-default elementor-section-height-default\" data-id=\"2319533\" data-element_type=\"section\">\n\t\t\t\t\t\t<div class=\"elementor-container elementor-column-gap-default\">\n\t\t\t\t\t<div class=\"elementor-column elementor-col-100 elementor-top-column elementor-element elementor-element-1fe1e25\" data-id=\"1fe1e25\" data-element_type=\"column\">\n\t\t\t<div class=\"elementor-widget-wrap elementor-element-populated\">\n\t\t\t\t\t\t<div class=\"elementor-element elementor-element-4f0f0ce elementor-widget elementor-widget-text-editor\" data-id=\"4f0f0ce\" data-element_type=\"widget\" data-widget_type=\"text-editor.default\">\n\t\t\t\t<div class=\"elementor-widget-container\">\n\t\t\t\t\t\t\t\t\t<p>Contrary to the lifting crossbars and the pit edge jacks, the pit edge jack moves on the ground at the bottom of the truck or bus pit and is often very appreciated by workshops doing a lot of heavy maintenance with interventions on gearboxes and bridges. It allows nevertheless to lift an axle for braking or ground connection operations just like the pit edge jack. Several models of pit edge jacks exist from relatively basic versions to much more sophisticated versions.<\/p>\t\t\t\t\t\t\t\t<\/div>\n\t\t\t\t<\/div>\n\t\t\t\t\t<\/div>\n\t\t<\/div>\n\t\t\t\t\t<\/div>\n\t\t<\/section>\n\t\t\t\t<section class=\"elementor-section elementor-top-section elementor-element elementor-element-0bb3b01 elementor-section-boxed elementor-section-height-default elementor-section-height-default\" data-id=\"0bb3b01\" data-element_type=\"section\">\n\t\t\t\t\t\t<div class=\"elementor-container elementor-column-gap-default\">\n\t\t\t\t\t<div class=\"elementor-column elementor-col-50 elementor-top-column elementor-element elementor-element-1d73328\" data-id=\"1d73328\" data-element_type=\"column\">\n\t\t\t<div class=\"elementor-widget-wrap elementor-element-populated\">\n\t\t\t\t\t\t<div class=\"elementor-element elementor-element-f02a13c elementor-widget elementor-widget-heading\" data-id=\"f02a13c\" data-element_type=\"widget\" data-widget_type=\"heading.default\">\n\t\t\t\t<div class=\"elementor-widget-container\">\n\t\t\t\t\t<h2 class=\"elementor-heading-title elementor-size-default\">Pit bottom jack with displacement on pit bottom slab<\/h2>\t\t\t\t<\/div>\n\t\t\t\t<\/div>\n\t\t\t\t<div class=\"elementor-element elementor-element-16f461d elementor-widget elementor-widget-text-editor\" data-id=\"16f461d\" data-element_type=\"widget\" data-widget_type=\"text-editor.default\">\n\t\t\t\t<div class=\"elementor-widget-container\">\n\t\t\t\t\t\t\t\t\tThese are the most commonly used versions. They are manufactured on the basis of a frame with Teflon or steel wheels on which the jack is installed for lifting. Its wheels have the particularity of rising when the jack is under load, leaving the frame resting on the ground. This device confers a real stability to the equipment when it is under load avoiding any possibility of tilting. It is important to underline that the wheels do not rise under the weight of a gearbox, which allows the operator, once the dismantling operation is completed, to take it out at the front or rear of the vehicle to be picked up by a forklift, an overhead crane or a workshop crane. \nThe \"basic\" model manufactured on this chassis base does not allow the cylinder to translate \"right\/left\" and to adjust itself under the vehicle. It is therefore advisable to use a right\/left translation model when the pit is not wide enough for a lateral adjustment under the vehicle. The advantage of this model is that it can be used in the pit as well as in the workshop under mobile columns, barrel cranes or scissor cranes.\t\t\t\t\t\t\t\t<\/div>\n\t\t\t\t<\/div>\n\t\t\t\t\t<\/div>\n\t\t<\/div>\n\t\t\t\t<div class=\"elementor-column elementor-col-50 elementor-top-column elementor-element elementor-element-0caf8c3\" data-id=\"0caf8c3\" data-element_type=\"column\">\n\t\t\t<div class=\"elementor-widget-wrap elementor-element-populated\">\n\t\t\t\t\t\t<div class=\"elementor-element elementor-element-c91e687 elementor-arrows-position-inside elementor-pagination-position-outside elementor-widget elementor-widget-image-carousel\" data-id=\"c91e687\" data-element_type=\"widget\" data-settings=\"{&quot;slides_to_show&quot;:&quot;1&quot;,&quot;navigation&quot;:&quot;both&quot;,&quot;autoplay&quot;:&quot;yes&quot;,&quot;pause_on_hover&quot;:&quot;yes&quot;,&quot;pause_on_interaction&quot;:&quot;yes&quot;,&quot;autoplay_speed&quot;:5000,&quot;infinite&quot;:&quot;yes&quot;,&quot;effect&quot;:&quot;slide&quot;,&quot;speed&quot;:500}\" data-widget_type=\"image-carousel.default\">\n\t\t\t\t<div class=\"elementor-widget-container\">\n\t\t\t\t\t\t\t<div class=\"elementor-image-carousel-wrapper swiper\" role=\"region\" aria-roledescription=\"carousel\" aria-label=\"Image carousel\" dir=\"ltr\">\n\t\t\t<div class=\"elementor-image-carousel swiper-wrapper\" aria-live=\"off\">\n\t\t\t\t\t\t\t\t<div class=\"swiper-slide\" role=\"group\" aria-roledescription=\"slide\" aria-label=\"1 of 2\"><a data-elementor-open-lightbox=\"yes\" data-elementor-lightbox-slideshow=\"c91e687\" data-elementor-lightbox-title=\"Cric fond de fosse Blitz s\u00e9rie X Xpertive\" data-elementor-lightbox-description=\"Solution compl\u00e8te pour vos op\u00e9rations de levage en fosse pouvant \u00eatre \u00e9quip\u00e9 de traverse et de plateau pour la d\u00e9pose d organe\" data-e-action-hash=\"#elementor-action%3Aaction%3Dlightbox%26settings%3DeyJpZCI6NDAyOCwidXJsIjoiaHR0cHM6XC9cL3hwZXJ0aXZlLmNvbVwvd3AtY29udGVudFwvdXBsb2Fkc1wvMjAyNVwvMDNcL0NyaWMtZm9uZC1kZS1mb3NzZS1CbGl0ei1zZXJpZS1YLVhwZXJ0aXZlLndlYnAiLCJzbGlkZXNob3ciOiJjOTFlNjg3In0%3D\" href=\"https:\/\/xpertive.com\/wp-content\/uploads\/2025\/03\/Cric-fond-de-fosse-Blitz-serie-X-Xpertive.webp\"><figure class=\"swiper-slide-inner\"><img decoding=\"async\" class=\"swiper-slide-image\" src=\"https:\/\/xpertive.com\/wp-content\/uploads\/2025\/03\/Cric-fond-de-fosse-Blitz-serie-X-Xpertive.webp\" alt=\"High-performance solution for lifting vehicles from the bottom of the garage pit\" \/><\/figure><\/a><\/div><div class=\"swiper-slide\" role=\"group\" aria-roledescription=\"slide\" aria-label=\"2 of 2\"><a data-elementor-open-lightbox=\"yes\" data-elementor-lightbox-slideshow=\"c91e687\" data-elementor-lightbox-title=\"CRIC FOND DE FOSSE SERIE M BLITZ XPERTIVE\" data-elementor-lightbox-description=\"Dispositif pour lever les v\u00e9hicules en fond de fosses et permettre d&#039;\u00e9quiper les fosses de couverture \" data-e-action-hash=\"#elementor-action%3Aaction%3Dlightbox%26settings%3DeyJpZCI6NDAyOSwidXJsIjoiaHR0cHM6XC9cL3hwZXJ0aXZlLmNvbVwvd3AtY29udGVudFwvdXBsb2Fkc1wvMjAyNVwvMDNcL0NSSUMtRk9ORC1ERS1GT1NTRS1TRVJJRS1NLUJMSVRaLVhQRVJUSVZFLndlYnAiLCJzbGlkZXNob3ciOiJjOTFlNjg3In0%3D\" href=\"https:\/\/xpertive.com\/wp-content\/uploads\/2025\/03\/CRIC-FOND-DE-FOSSE-SERIE-M-BLITZ-XPERTIVE.webp\"><figure class=\"swiper-slide-inner\"><img decoding=\"async\" class=\"swiper-slide-image\" src=\"https:\/\/xpertive.com\/wp-content\/uploads\/2025\/03\/CRIC-FOND-DE-FOSSE-SERIE-M-BLITZ-XPERTIVE.webp\" alt=\"15T pit bottom jack Blitz Rotary\" \/><\/figure><\/a><\/div>\t\t\t<\/div>\n\t\t\t\t\t\t\t\t\t\t\t\t<div class=\"elementor-swiper-button elementor-swiper-button-prev\" role=\"button\" tabindex=\"0\">\n\t\t\t\t\t\t<i aria-hidden=\"true\" class=\"eicon-chevron-left\"><\/i>\t\t\t\t\t<\/div>\n\t\t\t\t\t<div class=\"elementor-swiper-button elementor-swiper-button-next\" role=\"button\" tabindex=\"0\">\n\t\t\t\t\t\t<i aria-hidden=\"true\" class=\"eicon-chevron-right\"><\/i>\t\t\t\t\t<\/div>\n\t\t\t\t\n\t\t\t\t\t\t\t\t\t<div class=\"swiper-pagination\"><\/div>\n\t\t\t\t\t\t\t\t\t<\/div>\n\t\t\t\t\t\t<\/div>\n\t\t\t\t<\/div>\n\t\t\t\t\t<\/div>\n\t\t<\/div>\n\t\t\t\t\t<\/div>\n\t\t<\/section>\n\t\t\t\t<section class=\"elementor-section elementor-top-section elementor-element elementor-element-0491879 elementor-section-boxed elementor-section-height-default elementor-section-height-default\" data-id=\"0491879\" data-element_type=\"section\">\n\t\t\t\t\t\t<div class=\"elementor-container elementor-column-gap-default\">\n\t\t\t\t\t<div class=\"elementor-column elementor-col-100 elementor-top-column elementor-element elementor-element-f480930\" data-id=\"f480930\" data-element_type=\"column\">\n\t\t\t<div class=\"elementor-widget-wrap elementor-element-populated\">\n\t\t\t\t\t\t<div class=\"elementor-element elementor-element-08394c6 elementor-widget elementor-widget-heading\" data-id=\"08394c6\" data-element_type=\"widget\" data-widget_type=\"heading.default\">\n\t\t\t\t<div class=\"elementor-widget-container\">\n\t\t\t\t\t<h2 class=\"elementor-heading-title elementor-size-default\">Pit bottom jack with rail travel<\/h2>\t\t\t\t<\/div>\n\t\t\t\t<\/div>\n\t\t\t\t\t<\/div>\n\t\t<\/div>\n\t\t\t\t\t<\/div>\n\t\t<\/section>\n\t\t\t\t<section class=\"elementor-section elementor-top-section elementor-element elementor-element-20e8bda elementor-section-boxed elementor-section-height-default elementor-section-height-default\" data-id=\"20e8bda\" data-element_type=\"section\">\n\t\t\t\t\t\t<div class=\"elementor-container elementor-column-gap-default\">\n\t\t\t\t\t<div class=\"elementor-column elementor-col-50 elementor-top-column elementor-element elementor-element-03a33ba\" data-id=\"03a33ba\" data-element_type=\"column\">\n\t\t\t<div class=\"elementor-widget-wrap elementor-element-populated\">\n\t\t\t\t\t\t<div class=\"elementor-element elementor-element-146a424 elementor-widget elementor-widget-text-editor\" data-id=\"146a424\" data-element_type=\"widget\" data-widget_type=\"text-editor.default\">\n\t\t\t\t<div class=\"elementor-widget-container\">\n\t\t\t\t\t\t\t\t\t<p>This model is the most advanced in the field of pit floor jacks today. Unlike the models previously mentioned and described, it slides into a 100x100x10mm pit bottom angle instead of resting on the pit bottom. This gives the jack an unequalled ease of movement.<\/p><p>Its ultra-flat chassis makes it much easier to move around the pit. When the jack is not used, it can also be stored behind a staircase by passing under the first step. This possibility to store the jack behind the stairs is really appreciated by the users. The useful working space at the bottom of the pit becomes free of any clutter.<\/p>\t\t\t\t\t\t\t\t<\/div>\n\t\t\t\t<\/div>\n\t\t\t\t\t<\/div>\n\t\t<\/div>\n\t\t\t\t<div class=\"elementor-column elementor-col-50 elementor-top-column elementor-element elementor-element-3d2fb43\" data-id=\"3d2fb43\" data-element_type=\"column\">\n\t\t\t<div class=\"elementor-widget-wrap elementor-element-populated\">\n\t\t\t\t\t\t<div class=\"elementor-element elementor-element-8c635ce elementor-widget elementor-widget-image\" data-id=\"8c635ce\" data-element_type=\"widget\" data-widget_type=\"image.default\">\n\t\t\t\t<div class=\"elementor-widget-container\">\n\t\t\t\t\t\t\t\t\t\t\t\t\t\t\t<img fetchpriority=\"high\" decoding=\"async\" width=\"1024\" height=\"705\" src=\"https:\/\/xpertive.com\/wp-content\/uploads\/2025\/03\/CRIC-FOND-DE-FOSSE-BLITZ-SERIE-R-XPERTIVE-1024x705.webp\" class=\"attachment-large size-large wp-image-4027\" alt=\"Heavy goods vehicle lifting jack on pit bottom rails\" srcset=\"https:\/\/xpertive.com\/wp-content\/uploads\/2025\/03\/CRIC-FOND-DE-FOSSE-BLITZ-SERIE-R-XPERTIVE-1024x705.webp 1024w, https:\/\/xpertive.com\/wp-content\/uploads\/2025\/03\/CRIC-FOND-DE-FOSSE-BLITZ-SERIE-R-XPERTIVE-300x207.webp 300w, https:\/\/xpertive.com\/wp-content\/uploads\/2025\/03\/CRIC-FOND-DE-FOSSE-BLITZ-SERIE-R-XPERTIVE-768x529.webp 768w, https:\/\/xpertive.com\/wp-content\/uploads\/2025\/03\/CRIC-FOND-DE-FOSSE-BLITZ-SERIE-R-XPERTIVE-1536x1058.webp 1536w, https:\/\/xpertive.com\/wp-content\/uploads\/2025\/03\/CRIC-FOND-DE-FOSSE-BLITZ-SERIE-R-XPERTIVE-2048x1411.webp 2048w, https:\/\/xpertive.com\/wp-content\/uploads\/2025\/03\/CRIC-FOND-DE-FOSSE-BLITZ-SERIE-R-XPERTIVE-18x12.webp 18w\" sizes=\"(max-width: 1024px) 100vw, 1024px\" \/>\t\t\t\t\t\t\t\t\t\t\t\t\t\t\t<\/div>\n\t\t\t\t<\/div>\n\t\t\t\t\t<\/div>\n\t\t<\/div>\n\t\t\t\t\t<\/div>\n\t\t<\/section>\n\t\t\t\t<section class=\"elementor-section elementor-top-section elementor-element elementor-element-de0e5fb elementor-section-boxed elementor-section-height-default elementor-section-height-default\" data-id=\"de0e5fb\" data-element_type=\"section\">\n\t\t\t\t\t\t<div class=\"elementor-container elementor-column-gap-default\">\n\t\t\t\t\t<div class=\"elementor-column elementor-col-100 elementor-top-column elementor-element elementor-element-cb4f230\" data-id=\"cb4f230\" data-element_type=\"column\">\n\t\t\t<div class=\"elementor-widget-wrap elementor-element-populated\">\n\t\t\t\t\t\t<div class=\"elementor-element elementor-element-f78d17c elementor-widget elementor-widget-heading\" data-id=\"f78d17c\" data-element_type=\"widget\" data-widget_type=\"heading.default\">\n\t\t\t\t<div class=\"elementor-widget-container\">\n\t\t\t\t\t<h2 class=\"elementor-heading-title elementor-size-default\">Accessories and options for pit jacks<\/h2>\t\t\t\t<\/div>\n\t\t\t\t<\/div>\n\t\t\t\t\t<\/div>\n\t\t<\/div>\n\t\t\t\t\t<\/div>\n\t\t<\/section>\n\t\t\t\t<section class=\"elementor-section elementor-top-section elementor-element elementor-element-da21e63 elementor-section-boxed elementor-section-height-default elementor-section-height-default\" data-id=\"da21e63\" data-element_type=\"section\">\n\t\t\t\t\t\t<div class=\"elementor-container elementor-column-gap-default\">\n\t\t\t\t\t<div class=\"elementor-column elementor-col-100 elementor-top-column elementor-element elementor-element-c8d0ed2\" data-id=\"c8d0ed2\" data-element_type=\"column\">\n\t\t\t<div class=\"elementor-widget-wrap elementor-element-populated\">\n\t\t\t\t\t\t<div class=\"elementor-element elementor-element-4aa1bcb elementor-arrows-position-inside elementor-pagination-position-outside elementor-widget elementor-widget-image-carousel\" data-id=\"4aa1bcb\" data-element_type=\"widget\" data-settings=\"{&quot;navigation&quot;:&quot;both&quot;,&quot;autoplay&quot;:&quot;yes&quot;,&quot;pause_on_hover&quot;:&quot;yes&quot;,&quot;pause_on_interaction&quot;:&quot;yes&quot;,&quot;autoplay_speed&quot;:5000,&quot;infinite&quot;:&quot;yes&quot;,&quot;speed&quot;:500}\" data-widget_type=\"image-carousel.default\">\n\t\t\t\t<div class=\"elementor-widget-container\">\n\t\t\t\t\t\t\t<div class=\"elementor-image-carousel-wrapper swiper\" role=\"region\" aria-roledescription=\"carousel\" aria-label=\"Image carousel\" dir=\"ltr\">\n\t\t\t<div class=\"elementor-image-carousel swiper-wrapper\" aria-live=\"off\">\n\t\t\t\t\t\t\t\t<div class=\"swiper-slide\" role=\"group\" aria-roledescription=\"slide\" aria-label=\"1 of 3\"><a data-elementor-open-lightbox=\"yes\" data-elementor-lightbox-slideshow=\"4aa1bcb\" data-elementor-lightbox-title=\"TRAVERSE DEUX POINTS POUR VERIN DE FOSSE\" data-elementor-lightbox-description=\"Cette traverse r\u00e9partis la charge de levage pour une meilleure stabilit\u00e9 \" data-e-action-hash=\"#elementor-action%3Aaction%3Dlightbox%26settings%3DeyJpZCI6MjkyOSwidXJsIjoiaHR0cHM6XC9cL3hwZXJ0aXZlLmNvbVwvd3AtY29udGVudFwvdXBsb2Fkc1wvMjAyMVwvMDNcL1Q0LTEtMzAwZHBpLUNNWUstc2NhbGVkLmpwZyIsInNsaWRlc2hvdyI6IjRhYTFiY2IifQ%3D%3D\" href=\"https:\/\/xpertive.com\/wp-content\/uploads\/2021\/03\/T4-1-300dpi-CMYK-scaled.jpg\"><figure class=\"swiper-slide-inner\"><img decoding=\"async\" class=\"swiper-slide-image\" src=\"https:\/\/xpertive.com\/wp-content\/uploads\/2021\/03\/T4-1-300dpi-CMYK-300x199.jpg\" alt=\"2-point crossbar for pit jack\" \/><figcaption class=\"elementor-image-carousel-caption\">TWO-POINT CROSS-PIECE FOR PIT BOLT<\/figcaption><\/figure><\/a><\/div><div class=\"swiper-slide\" role=\"group\" aria-roledescription=\"slide\" aria-label=\"2 of 3\"><a data-elementor-open-lightbox=\"yes\" data-elementor-lightbox-slideshow=\"4aa1bcb\" data-elementor-lightbox-title=\"Rallonge\" data-elementor-lightbox-description=\"Accro\u00eet la hauteur de levage de 200 mm\" data-e-action-hash=\"#elementor-action%3Aaction%3Dlightbox%26settings%3DeyJpZCI6MjkzNCwidXJsIjoiaHR0cHM6XC9cL3hwZXJ0aXZlLmNvbVwvd3AtY29udGVudFwvdXBsb2Fkc1wvMjAyMVwvMDNcL1JhbGxvbmdlLS5qcGciLCJzbGlkZXNob3ciOiI0YWExYmNiIn0%3D\" href=\"https:\/\/xpertive.com\/wp-content\/uploads\/2021\/03\/Rallonge-.jpg\"><figure class=\"swiper-slide-inner\"><img decoding=\"async\" class=\"swiper-slide-image\" src=\"https:\/\/xpertive.com\/wp-content\/uploads\/2021\/03\/Rallonge--300x200.jpg\" alt=\"Extension lead\" \/><figcaption class=\"elementor-image-carousel-caption\">Extension<\/figcaption><\/figure><\/a><\/div><div class=\"swiper-slide\" role=\"group\" aria-roledescription=\"slide\" aria-label=\"3 of 3\"><a data-elementor-open-lightbox=\"yes\" data-elementor-lightbox-slideshow=\"4aa1bcb\" data-elementor-lightbox-title=\"T\u00e8te d\u00e9pose organes\" data-elementor-lightbox-description=\"Capacit\u00e9 : 1 T Dimensions : 540x385x110 mm\" data-e-action-hash=\"#elementor-action%3Aaction%3Dlightbox%26settings%3DeyJpZCI6MjkzNSwidXJsIjoiaHR0cHM6XC9cL3hwZXJ0aXZlLmNvbVwvd3AtY29udGVudFwvdXBsb2Fkc1wvMjAyMVwvMDNcL1NlbGxlLWRlLXNvdXRpZW4uanBnIiwic2xpZGVzaG93IjoiNGFhMWJjYiJ9\" href=\"https:\/\/xpertive.com\/wp-content\/uploads\/2021\/03\/Selle-de-soutien.jpg\"><figure class=\"swiper-slide-inner\"><img decoding=\"async\" class=\"swiper-slide-image\" src=\"https:\/\/xpertive.com\/wp-content\/uploads\/2021\/03\/Selle-de-soutien-300x200.jpg\" alt=\"Low-profile design for a wide range of applications\" \/><figcaption class=\"elementor-image-carousel-caption\">Disposal equipments<\/figcaption><\/figure><\/a><\/div>\t\t\t<\/div>\n\t\t\t\t\t\t\t\t\t\t\t\t<div class=\"elementor-swiper-button elementor-swiper-button-prev\" role=\"button\" tabindex=\"0\">\n\t\t\t\t\t\t<i aria-hidden=\"true\" class=\"eicon-chevron-left\"><\/i>\t\t\t\t\t<\/div>\n\t\t\t\t\t<div class=\"elementor-swiper-button elementor-swiper-button-next\" role=\"button\" tabindex=\"0\">\n\t\t\t\t\t\t<i aria-hidden=\"true\" class=\"eicon-chevron-right\"><\/i>\t\t\t\t\t<\/div>\n\t\t\t\t\n\t\t\t\t\t\t\t\t\t<div class=\"swiper-pagination\"><\/div>\n\t\t\t\t\t\t\t\t\t<\/div>\n\t\t\t\t\t\t<\/div>\n\t\t\t\t<\/div>\n\t\t\t\t<div class=\"elementor-element elementor-element-4e3c4ad elementor-align-center elementor-invisible elementor-widget elementor-widget-button\" data-id=\"4e3c4ad\" data-element_type=\"widget\" data-settings=\"{&quot;_animation&quot;:&quot;fadeIn&quot;}\" data-widget_type=\"button.default\">\n\t\t\t\t<div class=\"elementor-widget-container\">\n\t\t\t\t\t\t\t\t\t<div class=\"elementor-button-wrapper\">\n\t\t\t\t\t<a class=\"elementor-button elementor-button-link elementor-size-md elementor-animation-grow\" href=\"\/en\/contact\/\">\n\t\t\t\t\t\t<span class=\"elementor-button-content-wrapper\">\n\t\t\t\t\t\t\t\t\t<span class=\"elementor-button-text\">GET YOUR QUOTATION PIT FLOOR JACK<\/span>\n\t\t\t\t\t<\/span>\n\t\t\t\t\t<\/a>\n\t\t\t\t<\/div>\n\t\t\t\t\t\t\t\t<\/div>\n\t\t\t\t<\/div>\n\t\t\t\t\t<\/div>\n\t\t<\/div>\n\t\t\t\t\t<\/div>\n\t\t<\/section>\n\t\t\t\t<\/div>","protected":false},"excerpt":{"rendered":"<p>Pit bottom jacks for heavy goods vehicle lifting Unlike lifting crossbars and pit edge jacks, pit bottom jacks move on the ground at the bottom of a heavy goods vehicle or bus pit, and are often used in [...].<\/p>","protected":false},"author":5,"featured_media":0,"parent":934,"menu_order":0,"comment_status":"closed","ping_status":"closed","template":"","meta":{"site-sidebar-layout":"no-sidebar","site-content-layout":"page-builder","ast-site-content-layout":"default","site-content-style":"unboxed","site-sidebar-style":"unboxed","ast-global-header-display":"","ast-banner-title-visibility":"","ast-main-header-display":"","ast-hfb-above-header-display":"","ast-hfb-below-header-display":"","ast-hfb-mobile-header-display":"","site-post-title":"disabled","ast-breadcrumbs-content":"","ast-featured-img":"disabled","footer-sml-layout":"","theme-transparent-header-meta":"default","adv-header-id-meta":"","stick-header-meta":"default","header-above-stick-meta":"","header-main-stick-meta":"","header-below-stick-meta":"","astra-migrate-meta-layouts":"set","ast-page-background-enabled":"default","ast-page-background-meta":{"desktop":{"background-color":"var(--ast-global-color-4)","background-image":"","background-repeat":"repeat","background-position":"center center","background-size":"auto","background-attachment":"scroll","background-type":"","background-media":"","overlay-type":"","overlay-color":"","overlay-opacity":"","overlay-gradient":""},"tablet":{"background-color":"","background-image":"","background-repeat":"repeat","background-position":"center center","background-size":"auto","background-attachment":"scroll","background-type":"","background-media":"","overlay-type":"","overlay-color":"","overlay-opacity":"","overlay-gradient":""},"mobile":{"background-color":"","background-image":"","background-repeat":"repeat","background-position":"center center","background-size":"auto","background-attachment":"scroll","background-type":"","background-media":"","overlay-type":"","overlay-color":"","overlay-opacity":"","overlay-gradient":""}},"ast-content-background-meta":{"desktop":{"background-color":"var(--ast-global-color-5)","background-image":"","background-repeat":"repeat","background-position":"center center","background-size":"auto","background-attachment":"scroll","background-type":"","background-media":"","overlay-type":"","overlay-color":"","overlay-opacity":"","overlay-gradient":""},"tablet":{"background-color":"var(--ast-global-color-5)","background-image":"","background-repeat":"repeat","background-position":"center center","background-size":"auto","background-attachment":"scroll","background-type":"","background-media":"","overlay-type":"","overlay-color":"","overlay-opacity":"","overlay-gradient":""},"mobile":{"background-color":"var(--ast-global-color-5)","background-image":"","background-repeat":"repeat","background-position":"center center","background-size":"auto","background-attachment":"scroll","background-type":"","background-media":"","overlay-type":"","overlay-color":"","overlay-opacity":"","overlay-gradient":""}},"footnotes":""},"class_list":["post-2617","page","type-page","status-publish","hentry"],"aioseo_notices":[],"_links":{"self":[{"href":"https:\/\/xpertive.com\/en\/wp-json\/wp\/v2\/pages\/2617","targetHints":{"allow":["GET"]}}],"collection":[{"href":"https:\/\/xpertive.com\/en\/wp-json\/wp\/v2\/pages"}],"about":[{"href":"https:\/\/xpertive.com\/en\/wp-json\/wp\/v2\/types\/page"}],"author":[{"embeddable":true,"href":"https:\/\/xpertive.com\/en\/wp-json\/wp\/v2\/users\/5"}],"replies":[{"embeddable":true,"href":"https:\/\/xpertive.com\/en\/wp-json\/wp\/v2\/comments?post=2617"}],"version-history":[{"count":58,"href":"https:\/\/xpertive.com\/en\/wp-json\/wp\/v2\/pages\/2617\/revisions"}],"predecessor-version":[{"id":5324,"href":"https:\/\/xpertive.com\/en\/wp-json\/wp\/v2\/pages\/2617\/revisions\/5324"}],"up":[{"embeddable":true,"href":"https:\/\/xpertive.com\/en\/wp-json\/wp\/v2\/pages\/934"}],"wp:attachment":[{"href":"https:\/\/xpertive.com\/en\/wp-json\/wp\/v2\/media?parent=2617"}],"curies":[{"name":"wp","href":"https:\/\/api.w.org\/{rel}","templated":true}]}}