{"id":193,"date":"2018-08-30T17:49:31","date_gmt":"2018-08-30T15:49:31","guid":{"rendered":"http:\/\/xpertive.com\/?page_id=193"},"modified":"2025-09-19T15:44:45","modified_gmt":"2025-09-19T13:44:45","slug":"la-fosse-prefabriquee-xpertive-et-ses-avantages","status":"publish","type":"page","link":"https:\/\/xpertive.com\/fr_ca\/fosse-atelier-prefabriquee-acier\/la-fosse-prefabriquee-xpertive-et-ses-avantages\/","title":{"rendered":"La fosse pr\u00e9fabriqu\u00e9e Xpertive et ses avantages"},"content":{"rendered":"<div data-elementor-type=\"wp-post\" data-elementor-id=\"193\" class=\"elementor elementor-193\" data-elementor-post-type=\"page\">\n\t\t\t\t\t\t<section class=\"elementor-section elementor-top-section elementor-element elementor-element-f534f21 elementor-section-stretched elementor-section-boxed elementor-section-height-default elementor-section-height-default\" data-id=\"f534f21\" data-element_type=\"section\" data-settings=\"{&quot;stretch_section&quot;:&quot;section-stretched&quot;,&quot;background_background&quot;:&quot;classic&quot;}\">\n\t\t\t\t\t\t<div class=\"elementor-container elementor-column-gap-default\">\n\t\t\t\t\t<div class=\"elementor-column elementor-col-50 elementor-top-column elementor-element elementor-element-90d1315\" data-id=\"90d1315\" data-element_type=\"column\">\n\t\t\t<div class=\"elementor-widget-wrap elementor-element-populated\">\n\t\t\t\t\t\t<div class=\"elementor-element elementor-element-a99364c elementor-widget elementor-widget-text-editor\" data-id=\"a99364c\" data-element_type=\"widget\" data-widget_type=\"text-editor.default\">\n\t\t\t\t<div class=\"elementor-widget-container\">\n\t\t\t\t\t\t\t\t\t<h1>Votre fosse de garage tout \u00e9quip\u00e9e, haut de gamme et pr\u00eate \u00e0 l&#8217;emploi<\/h1><h2>Une qualit\u00e9 et des finitions irr\u00e9prochables<\/h2><p>Toutes nos fosses de garage pr\u00e9fabriqu\u00e9es sont livr\u00e9es tout \u00e9quip\u00e9es. Pour vous apporter un maximum de luminosit\u00e9 sous le v\u00e9hicule, nous leur appliquons 2 couches de peinture \u00e9poxy blanche finition laqu\u00e9e. L\u2019acier est grenaill\u00e9 et pr\u00e9par\u00e9 avant application, ce qui conf\u00e8re une long\u00e9vit\u00e9 et une r\u00e9sistance accrues. Elles sont certifi\u00e9es 100% \u00e9tanches et \u00e9quip\u00e9es d\u2019un regard en bout de fosse pour permettre la collecte des eaux us\u00e9es \u00e0 l\u2019aide d\u2019une pompe vers le s\u00e9parateur d\u2019hydrocarbure de votre concession.<\/p><h2>Une installation cl\u00e9 en main en 1 semaine<\/h2><p>Il nous faut en moyenne 6 \u00e0 8 semaines pour fabriquer et \u00e9quiper votre fosse. Livr\u00e9e avec tous ses \u00e9quipements, nous installerons votre nouvel outil de travail en 1 semaine seulement (au lieu de 8 semaines pour une fosse r\u00e9alis\u00e9e en b\u00e9ton traditionnel). Vous n\u2019avez affaire qu\u2019\u00e0 un seul interlocuteur qui se chargera de superviser toute la conception, fabrication, et installation de votre fosse, assistera aux r\u00e9unions de chantier n\u00e9cessaires, r\u00e9pondra \u00e0 toutes vos questions et g\u00e9rera les interactions avec les autres intervenants de votre projet de construction ou de r\u00e9novation d\u2019atelier.<\/p><h2>Une totale ergonomie du poste de travail<\/h2><p>R\u00e9el outil de travail au service du technicien, elle offre un confort de travail optimal et un environnement totalement s\u00e9curis\u00e9 et fonctionnel. Cet \u00e9quipement haut de gamme, con\u00e7u pour une utilisation sans contrainte est fabriqu\u00e9 exclusivement \u00e0 partir de mat\u00e9riaux de haute qualit\u00e9.<\/p><h2>Aucun co\u00fbt d\u2019entretien<\/h2><p>Contrairement aux ponts \u00e9l\u00e9vateurs, une fosse m\u00e9canique ne n\u00e9cessite ni maintenance ni contr\u00f4le r\u00e9glementaire annuel. Elle est toujours op\u00e9rationnelle et n\u2019entra\u00eene aucun surco\u00fbt d\u2019entretien. Elle est d\u2019un excellent rapport qualit\u00e9\/prix et sa dur\u00e9e de vie est nettement sup\u00e9rieure \u00e0 celle des \u00e9quipements de levage. Bien plus qu\u2019un outil de travail, un investissement pour votre atelier !<\/p><h2>Un gain de temps au quotidien<\/h2><p>La fosse permet une mise en place du v\u00e9hicule beaucoup plus rapide. Il suffit de positionner le v\u00e9hicule au-dessus de la fosse et de tirer le frein de parking pour pouvoir d\u00e9buter les op\u00e9rations. Vous n\u2019avez pas besoin de monter le v\u00e9hicule sur un pont \u00e9l\u00e9vateur ou de le positionner correctement pour \u00eatre lev\u00e9 \u00e0 l\u2019aide de colonnes mobiles ou d&rsquo;un pont \u00e9l\u00e9vateur fixe. Le gain de temps (et d\u2019argent\u2026) est consid\u00e9rable !<\/p><p>Et si vous avez besoin de lever votre v\u00e9hicule pour une intervention \u00ab roue pendante \u00bb, il vous suffira simplement de vous \u00e9quiper d\u2019un cric bord de fosse ou d\u2019un v\u00e9rin fond de fosse\u2026 votre fosse vous le permet !<\/p><h2>\u00c9quipements d\u2019un mod\u00e8le standard de fosse Xpertive<\/h2><ul><li>2 couches de peinture \u00e9poxy blanche laqu\u00e9e sur un acier grenaill\u00e9<\/li><li>1 sol en acier stri\u00e9 antid\u00e9rapant de couleur noire<\/li><li>2 escaliers antid\u00e9rapants en acier galvanis\u00e9<\/li><li>Le r\u00e9seau d\u2019air comprim\u00e9 avec ses embouts rapides<\/li><li>L\u2019\u00e9clairage (tube n\u00e9on double \/ 1,5m de long \/ IP65 \/ cat\u00e9gorie 2 zone 3)<\/li><li>1 ou 2 regards pour la collecte des eaux us\u00e9es, en fonction de la longueur de la fosse (NB : Aucune connexion au s\u00e9parateur d\u2019hydrocarbure n\u2019est n\u00e9cessaire)<\/li><li>Un rail pour le cric bord de fosse 15T avec une but\u00e9e de fin de course \u00e0 chaque extr\u00e9mit\u00e9 afin d\u2019\u00e9viter qu\u2019il ne percute les escaliers.<\/li><li>Des r\u00e9servations permettant l\u2019installation d\u2019un syst\u00e8me de ventilation en fond de fosse (pr\u00e9voir de connecter un ventilateur permettant de renouveler 15 \u00e0 20 fois le volume d\u2019air par heure)<\/li><li>Toutes les r\u00e9servations pour les raccordements aux \u00e9nergies (air comprim\u00e9, \u00e9lectricit\u00e9 et distribution d\u2019huiles neuves et \u00e9vacuation des huiles us\u00e9es)<\/li><\/ul><p><a href=\"\/fr_ca\/produits\/fosse-atelier-prefabriquee-acier\/des-fosses-de-garage-adaptees-a-votre-metier\/\">Lire la suite&#8230;<\/a><\/p>\t\t\t\t\t\t\t\t<\/div>\n\t\t\t\t<\/div>\n\t\t\t\t<section class=\"elementor-section elementor-inner-section elementor-element elementor-element-038861a elementor-section-boxed elementor-section-height-default elementor-section-height-default\" data-id=\"038861a\" data-element_type=\"section\">\n\t\t\t\t\t\t<div class=\"elementor-container elementor-column-gap-default\">\n\t\t\t\t\t<div class=\"elementor-column elementor-col-50 elementor-inner-column elementor-element elementor-element-ccce254\" data-id=\"ccce254\" data-element_type=\"column\">\n\t\t\t<div class=\"elementor-widget-wrap elementor-element-populated\">\n\t\t\t\t\t\t<div class=\"elementor-element elementor-element-417a686 elementor-align-center elementor-widget elementor-widget-button\" data-id=\"417a686\" data-element_type=\"widget\" data-widget_type=\"button.default\">\n\t\t\t\t<div class=\"elementor-widget-container\">\n\t\t\t\t\t\t\t\t\t<div class=\"elementor-button-wrapper\">\n\t\t\t\t\t<a class=\"elementor-button elementor-button-link elementor-size-sm elementor-animation-grow\" href=\"\/fr_ca\/contact\/\">\n\t\t\t\t\t\t<span class=\"elementor-button-content-wrapper\">\n\t\t\t\t\t\t\t\t\t<span class=\"elementor-button-text\"> Parlez-nous de votre projet<\/span>\n\t\t\t\t\t<\/span>\n\t\t\t\t\t<\/a>\n\t\t\t\t<\/div>\n\t\t\t\t\t\t\t\t<\/div>\n\t\t\t\t<\/div>\n\t\t\t\t\t<\/div>\n\t\t<\/div>\n\t\t\t\t<div class=\"elementor-column elementor-col-50 elementor-inner-column elementor-element elementor-element-6c86db8\" data-id=\"6c86db8\" data-element_type=\"column\">\n\t\t\t<div class=\"elementor-widget-wrap elementor-element-populated\">\n\t\t\t\t\t\t<div class=\"elementor-element elementor-element-484d3e5 elementor-align-center elementor-widget elementor-widget-button\" data-id=\"484d3e5\" data-element_type=\"widget\" data-widget_type=\"button.default\">\n\t\t\t\t<div class=\"elementor-widget-container\">\n\t\t\t\t\t\t\t\t\t<div class=\"elementor-button-wrapper\">\n\t\t\t\t\t<a class=\"elementor-button elementor-button-link elementor-size-sm elementor-animation-grow\" href=\"https:\/\/xpertive.com\/wp-content\/uploads\/2018\/11\/Guide-pratique-pour-la-conception-de-votre-fosse-de-garage.pdf\" target=\"_blank\">\n\t\t\t\t\t\t<span class=\"elementor-button-content-wrapper\">\n\t\t\t\t\t\t\t\t\t<span class=\"elementor-button-text\"> T\u00e9l\u00e9charger notre guide pratique pour bien concevoir votre fosse<\/span>\n\t\t\t\t\t<\/span>\n\t\t\t\t\t<\/a>\n\t\t\t\t<\/div>\n\t\t\t\t\t\t\t\t<\/div>\n\t\t\t\t<\/div>\n\t\t\t\t\t<\/div>\n\t\t<\/div>\n\t\t\t\t\t<\/div>\n\t\t<\/section>\n\t\t\t\t<div class=\"elementor-element elementor-element-1c4e399 elementor-widget elementor-widget-text-editor\" data-id=\"1c4e399\" data-element_type=\"widget\" data-widget_type=\"text-editor.default\">\n\t\t\t\t<div class=\"elementor-widget-container\">\n\t\t\t\t\t\t\t\t\tD\u00e9couvrez aussi :\n<ul>\n \t\n\n \t<li><em><u><a href=\"https:\/\/xpertive.com\/fr_ca\/couvertures-de-fosse\/\">Nos solutions pour s\u00e9curiser vos fosses<\/a><\/u><\/em><\/li>\n \t<li><em><u><a href=\"https:\/\/xpertive.com\/fr_ca\/equipements-atelier\/solutions-de-levage\/\" data-outlook-id=\"5db7a33b-4bf4-4c87-8d83-959bd2d23bcb\">Nos \u00e9quipements pour le levage de vos v\u00e9hicules<\/a><\/u><\/em><\/li>\n \t<li><em><u><a href=\"https:\/\/xpertive.com\/fr_ca\/equipements-atelier\/gestion-des-huiles-usagees\/\" data-outlook-id=\"de64ff82-75e1-423e-98f4-080f743329e4\">Nos solutions de traitement des huiles us\u00e9es<\/a><\/u><\/em><\/li>\n \t<li><em><u><a href=\"https:\/\/xpertive.com\/fr_ca\/equipements-atelier\/brakemate\/\" data-outlook-id=\"223a1f3e-26d3-4ac7-80be-8da3550f1904\">D\u00e9pose moyeux 100% assist\u00e9<\/a><\/u><\/em><\/li>\n \t\n<\/ul>\t\t\t\t\t\t\t\t<\/div>\n\t\t\t\t<\/div>\n\t\t\t\t\t<\/div>\n\t\t<\/div>\n\t\t\t\t<div class=\"elementor-column elementor-col-50 elementor-top-column elementor-element elementor-element-3623920\" data-id=\"3623920\" data-element_type=\"column\">\n\t\t\t<div class=\"elementor-widget-wrap elementor-element-populated\">\n\t\t\t\t\t\t<section class=\"elementor-section elementor-inner-section elementor-element elementor-element-5299de2 elementor-section-height-min-height elementor-section-content-middle elementor-section-boxed elementor-section-height-default\" data-id=\"5299de2\" data-element_type=\"section\" data-settings=\"{&quot;sticky&quot;:&quot;top&quot;,&quot;sticky_offset&quot;:100,&quot;sticky_on&quot;:[&quot;desktop&quot;,&quot;tablet&quot;],&quot;sticky_parent&quot;:&quot;yes&quot;,&quot;sticky_effects_offset&quot;:0,&quot;sticky_anchor_link_offset&quot;:0}\">\n\t\t\t\t\t\t<div class=\"elementor-container elementor-column-gap-default\">\n\t\t\t\t\t<div class=\"elementor-column elementor-col-100 elementor-inner-column elementor-element elementor-element-89c9fdd\" data-id=\"89c9fdd\" data-element_type=\"column\">\n\t\t\t<div class=\"elementor-widget-wrap elementor-element-populated\">\n\t\t\t\t\t\t<div class=\"elementor-element elementor-element-2edbefe elementor-widget__width-initial elementor-widget elementor-widget-video\" data-id=\"2edbefe\" data-element_type=\"widget\" data-settings=\"{&quot;youtube_url&quot;:&quot;https:\\\/\\\/youtu.be\\\/52BrGPPbJJA&quot;,&quot;autoplay&quot;:&quot;yes&quot;,&quot;mute&quot;:&quot;yes&quot;,&quot;video_type&quot;:&quot;youtube&quot;,&quot;controls&quot;:&quot;yes&quot;}\" data-widget_type=\"video.default\">\n\t\t\t\t<div class=\"elementor-widget-container\">\n\t\t\t\t\t\t\t<div class=\"elementor-wrapper elementor-open-inline\">\n\t\t\t<div class=\"elementor-video\"><\/div>\t\t<\/div>\n\t\t\t\t\t\t<\/div>\n\t\t\t\t<\/div>\n\t\t\t\t<div class=\"elementor-element elementor-element-fe91f2b elementor-widget__width-initial elementor-widget elementor-widget-image\" data-id=\"fe91f2b\" data-element_type=\"widget\" data-widget_type=\"image.default\">\n\t\t\t\t<div class=\"elementor-widget-container\">\n\t\t\t\t\t\t\t\t\t\t\t\t<figure class=\"wp-caption\">\n\t\t\t\t\t\t\t\t\t\t\t<a href=\"https:\/\/xpertive.com\/wp-content\/uploads\/2023\/11\/Brochure-generale-Xpertive.pdf\" target=\"_blank\">\n\t\t\t\t\t\t\t<img fetchpriority=\"high\" decoding=\"async\" width=\"300\" height=\"225\" src=\"https:\/\/xpertive.com\/wp-content\/uploads\/2023\/11\/Telechargez-notre-brochure-generale-2023-300x225.png\" class=\"elementor-animation-grow attachment-medium size-medium wp-image-3836\" alt=\"Sp\u00e9cialiste fosse de garage couverture de fosse et \u00e9quipement d atelier\" srcset=\"https:\/\/xpertive.com\/wp-content\/uploads\/2023\/11\/Telechargez-notre-brochure-generale-2023-300x225.png 300w, https:\/\/xpertive.com\/wp-content\/uploads\/2023\/11\/Telechargez-notre-brochure-generale-2023-16x12.png 16w, https:\/\/xpertive.com\/wp-content\/uploads\/2023\/11\/Telechargez-notre-brochure-generale-2023.png 425w\" sizes=\"(max-width: 300px) 100vw, 300px\" \/>\t\t\t\t\t\t\t\t<\/a>\n\t\t\t\t\t\t\t\t\t\t\t<figcaption class=\"widget-image-caption wp-caption-text\">Brochure \u00e0 t\u00e9l\u00e9charger<\/figcaption>\n\t\t\t\t\t\t\t\t\t\t<\/figure>\n\t\t\t\t\t\t\t\t\t<\/div>\n\t\t\t\t<\/div>\n\t\t\t\t<div class=\"elementor-element elementor-element-4380892 elementor-widget elementor-widget-shortcode\" data-id=\"4380892\" data-element_type=\"widget\" data-widget_type=\"shortcode.default\">\n\t\t\t\t<div class=\"elementor-widget-container\">\n\t\t\t\t\t\t\t<div class=\"elementor-shortcode\">\t\t<div data-elementor-type=\"section\" data-elementor-id=\"5599\" class=\"elementor elementor-5599\" data-elementor-post-type=\"elementor_library\">\n\t\t\t\t\t<\/div>\n\t\t<\/div>\n\t\t\t\t\t\t<\/div>\n\t\t\t\t<\/div>\n\t\t\t\t\t<\/div>\n\t\t<\/div>\n\t\t\t\t\t<\/div>\n\t\t<\/section>\n\t\t\t\t\t<\/div>\n\t\t<\/div>\n\t\t\t\t\t<\/div>\n\t\t<\/section>\n\t\t\t\t<section class=\"elementor-section elementor-top-section elementor-element elementor-element-523b559 elementor-section-boxed elementor-section-height-default elementor-section-height-default\" data-id=\"523b559\" data-element_type=\"section\">\n\t\t\t\t\t\t<div class=\"elementor-container elementor-column-gap-default\">\n\t\t\t\t\t<div class=\"elementor-column elementor-col-100 elementor-top-column elementor-element elementor-element-084064f\" data-id=\"084064f\" data-element_type=\"column\">\n\t\t\t<div class=\"elementor-widget-wrap\">\n\t\t\t\t\t\t\t<\/div>\n\t\t<\/div>\n\t\t\t\t\t<\/div>\n\t\t<\/section>\n\t\t\t\t<\/div>","protected":false},"excerpt":{"rendered":"<p>Votre fosse de garage tout \u00e9quip\u00e9e, haut de gamme et pr\u00eate \u00e0 l&#8217;emploi Une qualit\u00e9 et des finitions irr\u00e9prochables Toutes nos fosses de garage pr\u00e9fabriqu\u00e9es sont livr\u00e9es tout \u00e9quip\u00e9es. Pour vous apporter un maximum de luminosit\u00e9 sous le v\u00e9hicule, nous [&hellip;]<\/p>","protected":false},"author":1,"featured_media":0,"parent":2,"menu_order":0,"comment_status":"closed","ping_status":"closed","template":"","meta":{"site-sidebar-layout":"default","site-content-layout":"default","ast-site-content-layout":"default","site-content-style":"default","site-sidebar-style":"default","ast-global-header-display":"","ast-banner-title-visibility":"","ast-main-header-display":"","ast-hfb-above-header-display":"","ast-hfb-below-header-display":"","ast-hfb-mobile-header-display":"","site-post-title":"disabled","ast-breadcrumbs-content":"","ast-featured-img":"","footer-sml-layout":"","theme-transparent-header-meta":"default","adv-header-id-meta":"","stick-header-meta":"default","header-above-stick-meta":"","header-main-stick-meta":"","header-below-stick-meta":"","astra-migrate-meta-layouts":"set","ast-page-background-enabled":"default","ast-page-background-meta":{"desktop":{"background-color":"var(--ast-global-color-4)","background-image":"","background-repeat":"repeat","background-position":"center center","background-size":"auto","background-attachment":"scroll","background-type":"","background-media":"","overlay-type":"","overlay-color":"","overlay-opacity":"","overlay-gradient":""},"tablet":{"background-color":"","background-image":"","background-repeat":"repeat","background-position":"center center","background-size":"auto","background-attachment":"scroll","background-type":"","background-media":"","overlay-type":"","overlay-color":"","overlay-opacity":"","overlay-gradient":""},"mobile":{"background-color":"","background-image":"","background-repeat":"repeat","background-position":"center center","background-size":"auto","background-attachment":"scroll","background-type":"","background-media":"","overlay-type":"","overlay-color":"","overlay-opacity":"","overlay-gradient":""}},"ast-content-background-meta":{"desktop":{"background-color":"var(--ast-global-color-5)","background-image":"","background-repeat":"repeat","background-position":"center center","background-size":"auto","background-attachment":"scroll","background-type":"","background-media":"","overlay-type":"","overlay-color":"","overlay-opacity":"","overlay-gradient":""},"tablet":{"background-color":"var(--ast-global-color-5)","background-image":"","background-repeat":"repeat","background-position":"center center","background-size":"auto","background-attachment":"scroll","background-type":"","background-media":"","overlay-type":"","overlay-color":"","overlay-opacity":"","overlay-gradient":""},"mobile":{"background-color":"var(--ast-global-color-5)","background-image":"","background-repeat":"repeat","background-position":"center center","background-size":"auto","background-attachment":"scroll","background-type":"","background-media":"","overlay-type":"","overlay-color":"","overlay-opacity":"","overlay-gradient":""}},"footnotes":""},"class_list":["post-193","page","type-page","status-publish","hentry"],"aioseo_notices":[],"_links":{"self":[{"href":"https:\/\/xpertive.com\/fr_ca\/wp-json\/wp\/v2\/pages\/193","targetHints":{"allow":["GET"]}}],"collection":[{"href":"https:\/\/xpertive.com\/fr_ca\/wp-json\/wp\/v2\/pages"}],"about":[{"href":"https:\/\/xpertive.com\/fr_ca\/wp-json\/wp\/v2\/types\/page"}],"author":[{"embeddable":true,"href":"https:\/\/xpertive.com\/fr_ca\/wp-json\/wp\/v2\/users\/1"}],"replies":[{"embeddable":true,"href":"https:\/\/xpertive.com\/fr_ca\/wp-json\/wp\/v2\/comments?post=193"}],"version-history":[{"count":37,"href":"https:\/\/xpertive.com\/fr_ca\/wp-json\/wp\/v2\/pages\/193\/revisions"}],"predecessor-version":[{"id":6401,"href":"https:\/\/xpertive.com\/fr_ca\/wp-json\/wp\/v2\/pages\/193\/revisions\/6401"}],"up":[{"embeddable":true,"href":"https:\/\/xpertive.com\/fr_ca\/wp-json\/wp\/v2\/pages\/2"}],"wp:attachment":[{"href":"https:\/\/xpertive.com\/fr_ca\/wp-json\/wp\/v2\/media?parent=193"}],"curies":[{"name":"wp","href":"https:\/\/api.w.org\/{rel}","templated":true}]}}