{"id":2088,"date":"2020-12-04T11:02:08","date_gmt":"2020-12-04T10:02:08","guid":{"rendered":"https:\/\/xpertive.com\/?page_id=2088"},"modified":"2025-01-06T14:27:08","modified_gmt":"2025-01-06T13:27:08","slug":"a-propos-de-xpertive","status":"publish","type":"page","link":"https:\/\/xpertive.com\/fr_ca\/a-propos-de-xpertive\/","title":{"rendered":"\u00c0 propos de Xpertive"},"content":{"rendered":"<div data-elementor-type=\"wp-page\" data-elementor-id=\"2088\" class=\"elementor elementor-2088\" data-elementor-post-type=\"page\">\n\t\t\t\t\t\t<section class=\"elementor-section elementor-top-section elementor-element elementor-element-6fc9252 elementor-section-boxed elementor-section-height-default elementor-section-height-default\" data-id=\"6fc9252\" data-element_type=\"section\">\n\t\t\t\t\t\t<div class=\"elementor-container elementor-column-gap-default\">\n\t\t\t\t\t<div class=\"elementor-column elementor-col-100 elementor-top-column elementor-element elementor-element-d4fc822\" data-id=\"d4fc822\" data-element_type=\"column\">\n\t\t\t<div class=\"elementor-widget-wrap elementor-element-populated\">\n\t\t\t\t\t\t<div class=\"elementor-element elementor-element-372e7f1 elementor-widget elementor-widget-heading\" data-id=\"372e7f1\" data-element_type=\"widget\" data-widget_type=\"heading.default\">\n\t\t\t\t<div class=\"elementor-widget-container\">\n\t\t\t\t\t<h1 class=\"elementor-heading-title elementor-size-default\">Mieux nous conna\u00eetre <\/h1>\t\t\t\t<\/div>\n\t\t\t\t<\/div>\n\t\t\t\t\t<\/div>\n\t\t<\/div>\n\t\t\t\t\t<\/div>\n\t\t<\/section>\n\t\t\t\t<section class=\"elementor-section elementor-top-section elementor-element elementor-element-1e70f7f elementor-section-boxed elementor-section-height-default elementor-section-height-default\" data-id=\"1e70f7f\" data-element_type=\"section\">\n\t\t\t\t\t\t<div class=\"elementor-container elementor-column-gap-default\">\n\t\t\t\t\t<div class=\"elementor-column elementor-col-100 elementor-top-column elementor-element elementor-element-4bf8aec\" data-id=\"4bf8aec\" data-element_type=\"column\">\n\t\t\t<div class=\"elementor-widget-wrap elementor-element-populated\">\n\t\t\t\t\t\t<div class=\"elementor-element elementor-element-81ddd5a elementor-widget elementor-widget-text-editor\" data-id=\"81ddd5a\" data-element_type=\"widget\" data-widget_type=\"text-editor.default\">\n\t\t\t\t<div class=\"elementor-widget-container\">\n\t\t\t\t\t\t\t\t\t<p>Xpertive est une entreprise familiale cr\u00e9e en 2014 bas\u00e9e \u00e0 Neuville-sur-Sa\u00f4ne dans la m\u00e9tropole de Lyon, en r\u00e9gion Auvergne-Rh\u00f4ne-Alpes. Nous sommes une \u00e9quipe jeune et dynamique avec plus de 15 ans d\u2019exp\u00e9rience dans la cr\u00e9ation d\u2019atelier de maintenance.<\/p>\t\t\t\t\t\t\t\t<\/div>\n\t\t\t\t<\/div>\n\t\t\t\t\t<\/div>\n\t\t<\/div>\n\t\t\t\t\t<\/div>\n\t\t<\/section>\n\t\t\t\t<section class=\"elementor-section elementor-top-section elementor-element elementor-element-2e01b82 elementor-section-boxed elementor-section-height-default elementor-section-height-default\" data-id=\"2e01b82\" data-element_type=\"section\">\n\t\t\t\t\t\t<div class=\"elementor-container elementor-column-gap-default\">\n\t\t\t\t\t<div class=\"elementor-column elementor-col-100 elementor-top-column elementor-element elementor-element-6bc7a56\" data-id=\"6bc7a56\" data-element_type=\"column\">\n\t\t\t<div class=\"elementor-widget-wrap elementor-element-populated\">\n\t\t\t\t\t\t<div class=\"elementor-element elementor-element-80ef978 elementor-widget elementor-widget-text-editor\" data-id=\"80ef978\" data-element_type=\"widget\" data-widget_type=\"text-editor.default\">\n\t\t\t\t<div class=\"elementor-widget-container\">\n\t\t\t\t\t\t\t\t\t<p><span style=\"mso-ascii-font-family: Calibri; mso-hansi-font-family: Calibri; mso-bidi-font-family: Calibri; color: #444444;\">Notre force est de proposer des solutions cl\u00e9s en main \u00e0 nos clients pour la construction et la r\u00e9novation de leurs ateliers.<\/span><\/p>\n<p><\/p>\n<p><span style=\"mso-ascii-font-family: Calibri; mso-hansi-font-family: Calibri; mso-bidi-font-family: Calibri; color: #444444;\">Gr\u00e2ce \u00e0 cette organisation, nous assurons la conception, l\u2019installation et la maintenance de nos prestation, et gardons avec nos clients et partenaires une relation solide et durable.&nbsp;<\/span><\/p>\t\t\t\t\t\t\t\t<\/div>\n\t\t\t\t<\/div>\n\t\t\t\t\t<\/div>\n\t\t<\/div>\n\t\t\t\t\t<\/div>\n\t\t<\/section>\n\t\t\t\t<section class=\"elementor-section elementor-top-section elementor-element elementor-element-16fda7f elementor-section-boxed elementor-section-height-default elementor-section-height-default\" data-id=\"16fda7f\" data-element_type=\"section\">\n\t\t\t\t\t\t<div class=\"elementor-container elementor-column-gap-default\">\n\t\t\t\t\t<div class=\"elementor-column elementor-col-100 elementor-top-column elementor-element elementor-element-b238184\" data-id=\"b238184\" data-element_type=\"column\">\n\t\t\t<div class=\"elementor-widget-wrap elementor-element-populated\">\n\t\t\t\t\t\t<div class=\"elementor-element elementor-element-a599520 elementor-widget elementor-widget-text-editor\" data-id=\"a599520\" data-element_type=\"widget\" data-widget_type=\"text-editor.default\">\n\t\t\t\t<div class=\"elementor-widget-container\">\n\t\t\t\t\t\t\t\t\t<h2>Nos infrastructures et \u00e9quipements<\/h2>\t\t\t\t\t\t\t\t<\/div>\n\t\t\t\t<\/div>\n\t\t\t\t\t<\/div>\n\t\t<\/div>\n\t\t\t\t\t<\/div>\n\t\t<\/section>\n\t\t\t\t<section class=\"elementor-section elementor-top-section elementor-element elementor-element-ee25bd4 elementor-section-boxed elementor-section-height-default elementor-section-height-default\" data-id=\"ee25bd4\" data-element_type=\"section\">\n\t\t\t\t\t\t<div class=\"elementor-container elementor-column-gap-default\">\n\t\t\t\t\t<div class=\"elementor-column elementor-col-20 elementor-top-column elementor-element elementor-element-2ae9f05\" data-id=\"2ae9f05\" data-element_type=\"column\">\n\t\t\t<div class=\"elementor-widget-wrap elementor-element-populated\">\n\t\t\t\t\t\t<div class=\"elementor-element elementor-element-63eb6ee elementor-widget elementor-widget-image\" data-id=\"63eb6ee\" data-element_type=\"widget\" data-widget_type=\"image.default\">\n\t\t\t\t<div class=\"elementor-widget-container\">\n\t\t\t\t\t\t\t\t\t\t\t\t<figure class=\"wp-caption\">\n\t\t\t\t\t\t\t\t\t\t\t<a href=\"https:\/\/xpertive.com\/wp-content\/uploads\/2020\/12\/Notre-cabine-de-peinture.png\" data-elementor-open-lightbox=\"yes\" data-elementor-lightbox-title=\"Notre cabine de peinture\" data-e-action-hash=\"#elementor-action%3Aaction%3Dlightbox%26settings%3DeyJpZCI6MjA5MiwidXJsIjoiaHR0cHM6XC9cL3hwZXJ0aXZlLmNvbVwvd3AtY29udGVudFwvdXBsb2Fkc1wvMjAyMFwvMTJcL05vdHJlLWNhYmluZS1kZS1wZWludHVyZS5wbmcifQ%3D%3D\">\n\t\t\t\t\t\t\t<img fetchpriority=\"high\" decoding=\"async\" width=\"586\" height=\"439\" src=\"https:\/\/xpertive.com\/wp-content\/uploads\/2020\/12\/Notre-cabine-de-peinture.png\" class=\"attachment-large size-large wp-image-2092\" alt=\"\" srcset=\"https:\/\/xpertive.com\/wp-content\/uploads\/2020\/12\/Notre-cabine-de-peinture.png 586w, https:\/\/xpertive.com\/wp-content\/uploads\/2020\/12\/Notre-cabine-de-peinture-300x225.png 300w\" sizes=\"(max-width: 586px) 100vw, 586px\" \/>\t\t\t\t\t\t\t\t<\/a>\n\t\t\t\t\t\t\t\t\t\t\t<figcaption class=\"widget-image-caption wp-caption-text\">Cabine de peinture<\/figcaption>\n\t\t\t\t\t\t\t\t\t\t<\/figure>\n\t\t\t\t\t\t\t\t\t<\/div>\n\t\t\t\t<\/div>\n\t\t\t\t\t<\/div>\n\t\t<\/div>\n\t\t\t\t<div class=\"elementor-column elementor-col-20 elementor-top-column elementor-element elementor-element-f5fd8a6\" data-id=\"f5fd8a6\" data-element_type=\"column\">\n\t\t\t<div class=\"elementor-widget-wrap elementor-element-populated\">\n\t\t\t\t\t\t<div class=\"elementor-element elementor-element-f82a735 elementor-widget elementor-widget-image\" data-id=\"f82a735\" data-element_type=\"widget\" data-widget_type=\"image.default\">\n\t\t\t\t<div class=\"elementor-widget-container\">\n\t\t\t\t\t\t\t\t\t\t\t\t<figure class=\"wp-caption\">\n\t\t\t\t\t\t\t\t\t\t\t<a href=\"https:\/\/xpertive.com\/wp-content\/uploads\/2020\/12\/Notre-stock-daluminium.png\" data-elementor-open-lightbox=\"yes\" data-elementor-lightbox-title=\"Notre stock d&#039;aluminium\" data-e-action-hash=\"#elementor-action%3Aaction%3Dlightbox%26settings%3DeyJpZCI6MjA5MywidXJsIjoiaHR0cHM6XC9cL3hwZXJ0aXZlLmNvbVwvd3AtY29udGVudFwvdXBsb2Fkc1wvMjAyMFwvMTJcL05vdHJlLXN0b2NrLWRhbHVtaW5pdW0ucG5nIn0%3D\">\n\t\t\t\t\t\t\t<img decoding=\"async\" width=\"578\" height=\"434\" src=\"https:\/\/xpertive.com\/wp-content\/uploads\/2020\/12\/Notre-stock-daluminium.png\" class=\"attachment-large size-large wp-image-2093\" alt=\"\" srcset=\"https:\/\/xpertive.com\/wp-content\/uploads\/2020\/12\/Notre-stock-daluminium.png 578w, https:\/\/xpertive.com\/wp-content\/uploads\/2020\/12\/Notre-stock-daluminium-300x225.png 300w\" sizes=\"(max-width: 578px) 100vw, 578px\" \/>\t\t\t\t\t\t\t\t<\/a>\n\t\t\t\t\t\t\t\t\t\t\t<figcaption class=\"widget-image-caption wp-caption-text\">Stock d'aluminium<\/figcaption>\n\t\t\t\t\t\t\t\t\t\t<\/figure>\n\t\t\t\t\t\t\t\t\t<\/div>\n\t\t\t\t<\/div>\n\t\t\t\t\t<\/div>\n\t\t<\/div>\n\t\t\t\t<div class=\"elementor-column elementor-col-20 elementor-top-column elementor-element elementor-element-42d6b73\" data-id=\"42d6b73\" data-element_type=\"column\">\n\t\t\t<div class=\"elementor-widget-wrap elementor-element-populated\">\n\t\t\t\t\t\t<div class=\"elementor-element elementor-element-335ef3c elementor-widget elementor-widget-image\" data-id=\"335ef3c\" data-element_type=\"widget\" data-widget_type=\"image.default\">\n\t\t\t\t<div class=\"elementor-widget-container\">\n\t\t\t\t\t\t\t\t\t\t\t\t<figure class=\"wp-caption\">\n\t\t\t\t\t\t\t\t\t\t\t<a href=\"https:\/\/xpertive.com\/wp-content\/uploads\/2020\/12\/Notre-tronconneuse-aluminium-automatique.png\" data-elementor-open-lightbox=\"yes\" data-elementor-lightbox-title=\"Notre tron\u00e7onneuse aluminium automatique\" data-e-action-hash=\"#elementor-action%3Aaction%3Dlightbox%26settings%3DeyJpZCI6MjA5NCwidXJsIjoiaHR0cHM6XC9cL3hwZXJ0aXZlLmNvbVwvd3AtY29udGVudFwvdXBsb2Fkc1wvMjAyMFwvMTJcL05vdHJlLXRyb25jb25uZXVzZS1hbHVtaW5pdW0tYXV0b21hdGlxdWUucG5nIn0%3D\">\n\t\t\t\t\t\t\t<img decoding=\"async\" width=\"500\" height=\"375\" src=\"https:\/\/xpertive.com\/wp-content\/uploads\/2020\/12\/Notre-tronconneuse-aluminium-automatique.png\" class=\"attachment-large size-large wp-image-2094\" alt=\"\" srcset=\"https:\/\/xpertive.com\/wp-content\/uploads\/2020\/12\/Notre-tronconneuse-aluminium-automatique.png 500w, https:\/\/xpertive.com\/wp-content\/uploads\/2020\/12\/Notre-tronconneuse-aluminium-automatique-300x225.png 300w\" sizes=\"(max-width: 500px) 100vw, 500px\" \/>\t\t\t\t\t\t\t\t<\/a>\n\t\t\t\t\t\t\t\t\t\t\t<figcaption class=\"widget-image-caption wp-caption-text\">Tron\u00e7onneuse aluminium automatique<\/figcaption>\n\t\t\t\t\t\t\t\t\t\t<\/figure>\n\t\t\t\t\t\t\t\t\t<\/div>\n\t\t\t\t<\/div>\n\t\t\t\t\t<\/div>\n\t\t<\/div>\n\t\t\t\t<div class=\"elementor-column elementor-col-20 elementor-top-column elementor-element elementor-element-e31940a\" data-id=\"e31940a\" data-element_type=\"column\">\n\t\t\t<div class=\"elementor-widget-wrap elementor-element-populated\">\n\t\t\t\t\t\t<div class=\"elementor-element elementor-element-c7e0ca1 elementor-widget elementor-widget-image\" data-id=\"c7e0ca1\" data-element_type=\"widget\" data-widget_type=\"image.default\">\n\t\t\t\t<div class=\"elementor-widget-container\">\n\t\t\t\t\t\t\t\t\t\t\t\t<figure class=\"wp-caption\">\n\t\t\t\t\t\t\t\t\t\t\t<a href=\"https:\/\/xpertive.com\/wp-content\/uploads\/2020\/12\/Notre-bureau-detude.png\" data-elementor-open-lightbox=\"yes\" data-elementor-lightbox-title=\"Notre bureau d&#039;\u00e9tude\" data-e-action-hash=\"#elementor-action%3Aaction%3Dlightbox%26settings%3DeyJpZCI6MjA5NiwidXJsIjoiaHR0cHM6XC9cL3hwZXJ0aXZlLmNvbVwvd3AtY29udGVudFwvdXBsb2Fkc1wvMjAyMFwvMTJcL05vdHJlLWJ1cmVhdS1kZXR1ZGUucG5nIn0%3D\">\n\t\t\t\t\t\t\t<img loading=\"lazy\" decoding=\"async\" width=\"465\" height=\"349\" src=\"https:\/\/xpertive.com\/wp-content\/uploads\/2020\/12\/Notre-bureau-detude.png\" class=\"attachment-large size-large wp-image-2096\" alt=\"\" srcset=\"https:\/\/xpertive.com\/wp-content\/uploads\/2020\/12\/Notre-bureau-detude.png 465w, https:\/\/xpertive.com\/wp-content\/uploads\/2020\/12\/Notre-bureau-detude-300x225.png 300w\" sizes=\"(max-width: 465px) 100vw, 465px\" \/>\t\t\t\t\t\t\t\t<\/a>\n\t\t\t\t\t\t\t\t\t\t\t<figcaption class=\"widget-image-caption wp-caption-text\">Bureau d'\u00e9tude<\/figcaption>\n\t\t\t\t\t\t\t\t\t\t<\/figure>\n\t\t\t\t\t\t\t\t\t<\/div>\n\t\t\t\t<\/div>\n\t\t\t\t\t<\/div>\n\t\t<\/div>\n\t\t\t\t<div class=\"elementor-column elementor-col-20 elementor-top-column elementor-element elementor-element-f41a58a\" data-id=\"f41a58a\" data-element_type=\"column\">\n\t\t\t<div class=\"elementor-widget-wrap elementor-element-populated\">\n\t\t\t\t\t\t<div class=\"elementor-element elementor-element-47da676 elementor-widget elementor-widget-image\" data-id=\"47da676\" data-element_type=\"widget\" data-widget_type=\"image.default\">\n\t\t\t\t<div class=\"elementor-widget-container\">\n\t\t\t\t\t\t\t\t\t\t\t\t<figure class=\"wp-caption\">\n\t\t\t\t\t\t\t\t\t\t\t<a href=\"https:\/\/xpertive.com\/wp-content\/uploads\/2020\/12\/Les-locaux-de-la-societe.png\" data-elementor-open-lightbox=\"yes\" data-elementor-lightbox-title=\"Les locaux de la soci\u00e9t\u00e9\" data-e-action-hash=\"#elementor-action%3Aaction%3Dlightbox%26settings%3DeyJpZCI6MjA5NSwidXJsIjoiaHR0cHM6XC9cL3hwZXJ0aXZlLmNvbVwvd3AtY29udGVudFwvdXBsb2Fkc1wvMjAyMFwvMTJcL0xlcy1sb2NhdXgtZGUtbGEtc29jaWV0ZS5wbmcifQ%3D%3D\">\n\t\t\t\t\t\t\t<img loading=\"lazy\" decoding=\"async\" width=\"503\" height=\"378\" src=\"https:\/\/xpertive.com\/wp-content\/uploads\/2020\/12\/Les-locaux-de-la-societe.png\" class=\"attachment-large size-large wp-image-2095\" alt=\"\" srcset=\"https:\/\/xpertive.com\/wp-content\/uploads\/2020\/12\/Les-locaux-de-la-societe.png 503w, https:\/\/xpertive.com\/wp-content\/uploads\/2020\/12\/Les-locaux-de-la-societe-300x225.png 300w\" sizes=\"(max-width: 503px) 100vw, 503px\" \/>\t\t\t\t\t\t\t\t<\/a>\n\t\t\t\t\t\t\t\t\t\t\t<figcaption class=\"widget-image-caption wp-caption-text\">Les locaux de la soci\u00e9t\u00e9<\/figcaption>\n\t\t\t\t\t\t\t\t\t\t<\/figure>\n\t\t\t\t\t\t\t\t\t<\/div>\n\t\t\t\t<\/div>\n\t\t\t\t\t<\/div>\n\t\t<\/div>\n\t\t\t\t\t<\/div>\n\t\t<\/section>\n\t\t\t\t<section class=\"elementor-section elementor-top-section elementor-element elementor-element-e3ee1fe elementor-hidden-desktop elementor-hidden-tablet elementor-hidden-phone elementor-section-boxed elementor-section-height-default elementor-section-height-default\" data-id=\"e3ee1fe\" data-element_type=\"section\">\n\t\t\t\t\t\t<div class=\"elementor-container elementor-column-gap-default\">\n\t\t\t\t\t<div class=\"elementor-column elementor-col-100 elementor-top-column elementor-element elementor-element-e0f82bd\" data-id=\"e0f82bd\" data-element_type=\"column\">\n\t\t\t<div class=\"elementor-widget-wrap elementor-element-populated\">\n\t\t\t\t\t\t<div class=\"elementor-element elementor-element-b4ab3b6 elementor-widget elementor-widget-heading\" data-id=\"b4ab3b6\" data-element_type=\"widget\" data-widget_type=\"heading.default\">\n\t\t\t\t<div class=\"elementor-widget-container\">\n\t\t\t\t\t<h2 class=\"elementor-heading-title elementor-size-default\">Notre \u00e9quipe <\/h2>\t\t\t\t<\/div>\n\t\t\t\t<\/div>\n\t\t\t\t\t<\/div>\n\t\t<\/div>\n\t\t\t\t\t<\/div>\n\t\t<\/section>\n\t\t\t\t<section class=\"elementor-section elementor-top-section elementor-element elementor-element-63761a4 elementor-hidden-desktop elementor-hidden-tablet elementor-hidden-phone elementor-section-boxed elementor-section-height-default elementor-section-height-default\" data-id=\"63761a4\" data-element_type=\"section\">\n\t\t\t\t\t\t<div class=\"elementor-container elementor-column-gap-default\">\n\t\t\t\t\t<div class=\"elementor-column elementor-col-33 elementor-top-column elementor-element elementor-element-3a1d792\" data-id=\"3a1d792\" data-element_type=\"column\">\n\t\t\t<div class=\"elementor-widget-wrap\">\n\t\t\t\t\t\t\t<\/div>\n\t\t<\/div>\n\t\t\t\t<div class=\"elementor-column elementor-col-33 elementor-top-column elementor-element elementor-element-7c27546\" data-id=\"7c27546\" data-element_type=\"column\">\n\t\t\t<div class=\"elementor-widget-wrap\">\n\t\t\t\t\t\t\t<\/div>\n\t\t<\/div>\n\t\t\t\t<div class=\"elementor-column elementor-col-33 elementor-top-column elementor-element elementor-element-8bfac41\" data-id=\"8bfac41\" data-element_type=\"column\">\n\t\t\t<div class=\"elementor-widget-wrap\">\n\t\t\t\t\t\t\t<\/div>\n\t\t<\/div>\n\t\t\t\t\t<\/div>\n\t\t<\/section>\n\t\t\t\t<section class=\"elementor-section elementor-top-section elementor-element elementor-element-547c258 elementor-hidden-desktop elementor-hidden-tablet elementor-hidden-phone elementor-section-boxed elementor-section-height-default elementor-section-height-default\" data-id=\"547c258\" data-element_type=\"section\">\n\t\t\t\t\t\t<div class=\"elementor-container elementor-column-gap-default\">\n\t\t\t\t\t<div class=\"elementor-column elementor-col-50 elementor-top-column elementor-element elementor-element-7f068b1\" data-id=\"7f068b1\" data-element_type=\"column\">\n\t\t\t<div class=\"elementor-widget-wrap\">\n\t\t\t\t\t\t\t<\/div>\n\t\t<\/div>\n\t\t\t\t<div class=\"elementor-column elementor-col-50 elementor-top-column elementor-element elementor-element-6501d0c\" data-id=\"6501d0c\" data-element_type=\"column\">\n\t\t\t<div class=\"elementor-widget-wrap\">\n\t\t\t\t\t\t\t<\/div>\n\t\t<\/div>\n\t\t\t\t\t<\/div>\n\t\t<\/section>\n\t\t\t\t<\/div>","protected":false},"excerpt":{"rendered":"<p>Mieux nous conna\u00eetre Xpertive est une entreprise familiale cr\u00e9e en 2014 bas\u00e9e \u00e0 Neuville-sur-Sa\u00f4ne dans la m\u00e9tropole de Lyon, en r\u00e9gion Auvergne-Rh\u00f4ne-Alpes. Nous sommes une \u00e9quipe jeune et dynamique avec plus de 15 ans d\u2019exp\u00e9rience dans la cr\u00e9ation d\u2019atelier de [&hellip;]<\/p>","protected":false},"author":5,"featured_media":0,"parent":0,"menu_order":0,"comment_status":"closed","ping_status":"closed","template":"","meta":{"site-sidebar-layout":"no-sidebar","site-content-layout":"plain-container","ast-site-content-layout":"","site-content-style":"default","site-sidebar-style":"default","ast-global-header-display":"","ast-banner-title-visibility":"","ast-main-header-display":"","ast-hfb-above-header-display":"","ast-hfb-below-header-display":"","ast-hfb-mobile-header-display":"","site-post-title":"disabled","ast-breadcrumbs-content":"","ast-featured-img":"disabled","footer-sml-layout":"","theme-transparent-header-meta":"","adv-header-id-meta":"","stick-header-meta":"disabled","header-above-stick-meta":"","header-main-stick-meta":"","header-below-stick-meta":"","astra-migrate-meta-layouts":"default","ast-page-background-enabled":"default","ast-page-background-meta":{"desktop":{"background-color":"var(--ast-global-color-4)","background-image":"","background-repeat":"repeat","background-position":"center center","background-size":"auto","background-attachment":"scroll","background-type":"","background-media":"","overlay-type":"","overlay-color":"","overlay-opacity":"","overlay-gradient":""},"tablet":{"background-color":"","background-image":"","background-repeat":"repeat","background-position":"center center","background-size":"auto","background-attachment":"scroll","background-type":"","background-media":"","overlay-type":"","overlay-color":"","overlay-opacity":"","overlay-gradient":""},"mobile":{"background-color":"","background-image":"","background-repeat":"repeat","background-position":"center center","background-size":"auto","background-attachment":"scroll","background-type":"","background-media":"","overlay-type":"","overlay-color":"","overlay-opacity":"","overlay-gradient":""}},"ast-content-background-meta":{"desktop":{"background-color":"var(--ast-global-color-5)","background-image":"","background-repeat":"repeat","background-position":"center center","background-size":"auto","background-attachment":"scroll","background-type":"","background-media":"","overlay-type":"","overlay-color":"","overlay-opacity":"","overlay-gradient":""},"tablet":{"background-color":"var(--ast-global-color-5)","background-image":"","background-repeat":"repeat","background-position":"center center","background-size":"auto","background-attachment":"scroll","background-type":"","background-media":"","overlay-type":"","overlay-color":"","overlay-opacity":"","overlay-gradient":""},"mobile":{"background-color":"var(--ast-global-color-5)","background-image":"","background-repeat":"repeat","background-position":"center center","background-size":"auto","background-attachment":"scroll","background-type":"","background-media":"","overlay-type":"","overlay-color":"","overlay-opacity":"","overlay-gradient":""}},"footnotes":""},"class_list":["post-2088","page","type-page","status-publish","hentry"],"aioseo_notices":[],"_links":{"self":[{"href":"https:\/\/xpertive.com\/fr_ca\/wp-json\/wp\/v2\/pages\/2088","targetHints":{"allow":["GET"]}}],"collection":[{"href":"https:\/\/xpertive.com\/fr_ca\/wp-json\/wp\/v2\/pages"}],"about":[{"href":"https:\/\/xpertive.com\/fr_ca\/wp-json\/wp\/v2\/types\/page"}],"author":[{"embeddable":true,"href":"https:\/\/xpertive.com\/fr_ca\/wp-json\/wp\/v2\/users\/5"}],"replies":[{"embeddable":true,"href":"https:\/\/xpertive.com\/fr_ca\/wp-json\/wp\/v2\/comments?post=2088"}],"version-history":[{"count":37,"href":"https:\/\/xpertive.com\/fr_ca\/wp-json\/wp\/v2\/pages\/2088\/revisions"}],"predecessor-version":[{"id":3979,"href":"https:\/\/xpertive.com\/fr_ca\/wp-json\/wp\/v2\/pages\/2088\/revisions\/3979"}],"wp:attachment":[{"href":"https:\/\/xpertive.com\/fr_ca\/wp-json\/wp\/v2\/media?parent=2088"}],"curies":[{"name":"wp","href":"https:\/\/api.w.org\/{rel}","templated":true}]}}