{"id":2617,"date":"2021-03-10T17:17:11","date_gmt":"2021-03-10T16:17:11","guid":{"rendered":"https:\/\/xpertive.com\/?page_id=2617"},"modified":"2025-05-20T15:39:45","modified_gmt":"2025-05-20T13:39:45","slug":"verin-fond-de-fosse","status":"publish","type":"page","link":"https:\/\/xpertive.com\/fr_ca\/equipements-atelier\/solutions-de-levage\/verins-pour-fosse-de-garage\/verin-fond-de-fosse\/","title":{"rendered":"V\u00e9rin fond de fosse"},"content":{"rendered":"<div data-elementor-type=\"wp-page\" data-elementor-id=\"2617\" class=\"elementor elementor-2617\" data-elementor-post-type=\"page\">\n\t\t\t\t\t\t<section class=\"elementor-section elementor-top-section elementor-element elementor-element-c07d211 elementor-section-boxed elementor-section-height-default elementor-section-height-default\" data-id=\"c07d211\" data-element_type=\"section\">\n\t\t\t\t\t\t<div class=\"elementor-container elementor-column-gap-default\">\n\t\t\t\t\t<div class=\"elementor-column elementor-col-100 elementor-top-column elementor-element elementor-element-562c091\" data-id=\"562c091\" data-element_type=\"column\">\n\t\t\t<div class=\"elementor-widget-wrap elementor-element-populated\">\n\t\t\t\t\t\t<div class=\"elementor-element elementor-element-167243c elementor-widget elementor-widget-heading\" data-id=\"167243c\" data-element_type=\"widget\" data-widget_type=\"heading.default\">\n\t\t\t\t<div class=\"elementor-widget-container\">\n\t\t\t\t\t<h1 class=\"elementor-heading-title elementor-size-default\">V\u00e9rin fond de fosse pour levage poids lourds<\/h1>\t\t\t\t<\/div>\n\t\t\t\t<\/div>\n\t\t\t\t\t<\/div>\n\t\t<\/div>\n\t\t\t\t\t<\/div>\n\t\t<\/section>\n\t\t\t\t<section class=\"elementor-section elementor-top-section elementor-element elementor-element-2319533 elementor-section-boxed elementor-section-height-default elementor-section-height-default\" data-id=\"2319533\" data-element_type=\"section\">\n\t\t\t\t\t\t<div class=\"elementor-container elementor-column-gap-default\">\n\t\t\t\t\t<div class=\"elementor-column elementor-col-100 elementor-top-column elementor-element elementor-element-1fe1e25\" data-id=\"1fe1e25\" data-element_type=\"column\">\n\t\t\t<div class=\"elementor-widget-wrap elementor-element-populated\">\n\t\t\t\t\t\t<div class=\"elementor-element elementor-element-4f0f0ce elementor-widget elementor-widget-text-editor\" data-id=\"4f0f0ce\" data-element_type=\"widget\" data-widget_type=\"text-editor.default\">\n\t\t\t\t<div class=\"elementor-widget-container\">\n\t\t\t\t\t\t\t\t\t<p>Contrairement aux traverses de levage et aux v\u00e9rins bord de fosse, le v\u00e9rin fond de fosse se d\u00e9place sur le sol au fond de la fosse poids lourds ou bus.Il est souvent tr\u00e8s appr\u00e9ci\u00e9 des ateliers r\u00e9alisant beaucoup de maintenance lourdes avec des interventions sur boites de vitesses et ponts. Il permet n\u00e9anmoins de lever un essieu pour des op\u00e9ration de freinom\u00e9trie ou de liaison au sol tout comme le cric bord de fosse.Plusieurs mod\u00e8les de v\u00e9rin de fosse existent allant de versions relativement basiques \u00e0 des versions beaucoup plus sophistiqu\u00e9es.<\/p>\t\t\t\t\t\t\t\t<\/div>\n\t\t\t\t<\/div>\n\t\t\t\t\t<\/div>\n\t\t<\/div>\n\t\t\t\t\t<\/div>\n\t\t<\/section>\n\t\t\t\t<section class=\"elementor-section elementor-top-section elementor-element elementor-element-0bb3b01 elementor-section-boxed elementor-section-height-default elementor-section-height-default\" data-id=\"0bb3b01\" data-element_type=\"section\">\n\t\t\t\t\t\t<div class=\"elementor-container elementor-column-gap-default\">\n\t\t\t\t\t<div class=\"elementor-column elementor-col-50 elementor-top-column elementor-element elementor-element-1d73328\" data-id=\"1d73328\" data-element_type=\"column\">\n\t\t\t<div class=\"elementor-widget-wrap elementor-element-populated\">\n\t\t\t\t\t\t<div class=\"elementor-element elementor-element-f02a13c elementor-widget elementor-widget-heading\" data-id=\"f02a13c\" data-element_type=\"widget\" data-widget_type=\"heading.default\">\n\t\t\t\t<div class=\"elementor-widget-container\">\n\t\t\t\t\t<h2 class=\"elementor-heading-title elementor-size-default\">Cric fond de fosse \u00e0 d\u00e9placement sur dalle en fond de fosse<\/h2>\t\t\t\t<\/div>\n\t\t\t\t<\/div>\n\t\t\t\t<div class=\"elementor-element elementor-element-16f461d elementor-widget elementor-widget-text-editor\" data-id=\"16f461d\" data-element_type=\"widget\" data-widget_type=\"text-editor.default\">\n\t\t\t\t<div class=\"elementor-widget-container\">\n\t\t\t\t\t\t\t\t\tIl s\u2019agit des versions les plus couramment utilis\u00e9s. Ils sont fabriqu\u00e9s sur la base d\u2019un ch\u00e2ssis muni de roues en t\u00e9flon ou acier sur lequel est install\u00e9 le v\u00e9rin pour le levage. Ses roues ont la particularit\u00e9 de se lever lorsque le v\u00e9rin est en charge laissant le ch\u00e2ssis reposer au sol. Ce dispositif conf\u00e8re une r\u00e9elle stabilit\u00e9 \u00e0 l\u2019\u00e9quipement lorsqu\u2019il est en charge \u00e9vitant toute possibilit\u00e9 de basculement.\n\nIl est important de souligner que les roues ne se l\u00e8vent pas sous le poids d\u2019une boite de vitesse, ce qui permet \u00e0 l\u2019op\u00e9rateur une fois l\u2019op\u00e9ration de d\u00e9montage r\u00e9alis\u00e9e de la sortir \u00e0 l\u2019avant ou l\u2019arri\u00e8re du v\u00e9hicule pour \u00eatre reprise par un chariot \u00e9l\u00e9vateur, un pont roulant ou une grue d\u2019atelier.\n\nLe mod\u00e8le \u00ab\u00a0basique\u00a0\u00bb fabriqu\u00e9 sur cette base de ch\u00e2ssis ne permet pas au v\u00e9rin de translater \u00ab\u00a0droite \/ gauche\u00a0\u00bb et de s\u2019ajuster sous le v\u00e9hicule. Il est donc opportun de privil\u00e9gier un mod\u00e8le \u00e0 translation droite \/ gauche lorsque la fosse n\u2019est pas suffisamment large pour un ajustement en lat\u00e9ral sous le v\u00e9hicule.\n\nL\u2019avantage de ce mod\u00e8le est qu\u2019il peut \u00eatre aussi bien utilis\u00e9 en fosse que dans l\u2019atelier sous des colonnes mobiles, des ponts \u00e0 futs ou des ponts ciseaux.\t\t\t\t\t\t\t\t<\/div>\n\t\t\t\t<\/div>\n\t\t\t\t\t<\/div>\n\t\t<\/div>\n\t\t\t\t<div class=\"elementor-column elementor-col-50 elementor-top-column elementor-element elementor-element-0caf8c3\" data-id=\"0caf8c3\" data-element_type=\"column\">\n\t\t\t<div class=\"elementor-widget-wrap elementor-element-populated\">\n\t\t\t\t\t\t<div class=\"elementor-element elementor-element-c91e687 elementor-arrows-position-inside elementor-pagination-position-outside elementor-widget elementor-widget-image-carousel\" data-id=\"c91e687\" data-element_type=\"widget\" data-settings=\"{&quot;slides_to_show&quot;:&quot;1&quot;,&quot;navigation&quot;:&quot;both&quot;,&quot;autoplay&quot;:&quot;yes&quot;,&quot;pause_on_hover&quot;:&quot;yes&quot;,&quot;pause_on_interaction&quot;:&quot;yes&quot;,&quot;autoplay_speed&quot;:5000,&quot;infinite&quot;:&quot;yes&quot;,&quot;effect&quot;:&quot;slide&quot;,&quot;speed&quot;:500}\" data-widget_type=\"image-carousel.default\">\n\t\t\t\t<div class=\"elementor-widget-container\">\n\t\t\t\t\t\t\t<div class=\"elementor-image-carousel-wrapper swiper\" role=\"region\" aria-roledescription=\"carousel\" aria-label=\"Carrousel d\u2019images\" dir=\"ltr\">\n\t\t\t<div class=\"elementor-image-carousel swiper-wrapper\" aria-live=\"off\">\n\t\t\t\t\t\t\t\t<div class=\"swiper-slide\" role=\"group\" aria-roledescription=\"slide\" aria-label=\"1 of 2\"><a data-elementor-open-lightbox=\"yes\" data-elementor-lightbox-slideshow=\"c91e687\" data-elementor-lightbox-title=\"Cric fond de fosse Blitz s\u00e9rie X Xpertive\" data-elementor-lightbox-description=\"Solution compl\u00e8te pour vos op\u00e9rations de levage en fosse pouvant \u00eatre \u00e9quip\u00e9 de traverse et de plateau pour la d\u00e9pose d organe\" data-e-action-hash=\"#elementor-action%3Aaction%3Dlightbox%26settings%3DeyJpZCI6NDAyOCwidXJsIjoiaHR0cHM6XC9cL3hwZXJ0aXZlLmNvbVwvd3AtY29udGVudFwvdXBsb2Fkc1wvMjAyNVwvMDNcL0NyaWMtZm9uZC1kZS1mb3NzZS1CbGl0ei1zZXJpZS1YLVhwZXJ0aXZlLndlYnAiLCJzbGlkZXNob3ciOiJjOTFlNjg3In0%3D\" href=\"https:\/\/xpertive.com\/wp-content\/uploads\/2025\/03\/Cric-fond-de-fosse-Blitz-serie-X-Xpertive.webp\"><figure class=\"swiper-slide-inner\"><img decoding=\"async\" class=\"swiper-slide-image\" src=\"https:\/\/xpertive.com\/wp-content\/uploads\/2025\/03\/Cric-fond-de-fosse-Blitz-serie-X-Xpertive.webp\" alt=\"Solution performant pour lever les v\u00e9hicules \u00e0 partir du fond de la fosse de garage\" \/><\/figure><\/a><\/div><div class=\"swiper-slide\" role=\"group\" aria-roledescription=\"slide\" aria-label=\"2 of 2\"><a data-elementor-open-lightbox=\"yes\" data-elementor-lightbox-slideshow=\"c91e687\" data-elementor-lightbox-title=\"CRIC FOND DE FOSSE SERIE M BLITZ XPERTIVE\" data-elementor-lightbox-description=\"Dispositif pour lever les v\u00e9hicules en fond de fosses et permettre d&#039;\u00e9quiper les fosses de couverture \" data-e-action-hash=\"#elementor-action%3Aaction%3Dlightbox%26settings%3DeyJpZCI6NDAyOSwidXJsIjoiaHR0cHM6XC9cL3hwZXJ0aXZlLmNvbVwvd3AtY29udGVudFwvdXBsb2Fkc1wvMjAyNVwvMDNcL0NSSUMtRk9ORC1ERS1GT1NTRS1TRVJJRS1NLUJMSVRaLVhQRVJUSVZFLndlYnAiLCJzbGlkZXNob3ciOiJjOTFlNjg3In0%3D\" href=\"https:\/\/xpertive.com\/wp-content\/uploads\/2025\/03\/CRIC-FOND-DE-FOSSE-SERIE-M-BLITZ-XPERTIVE.webp\"><figure class=\"swiper-slide-inner\"><img decoding=\"async\" class=\"swiper-slide-image\" src=\"https:\/\/xpertive.com\/wp-content\/uploads\/2025\/03\/CRIC-FOND-DE-FOSSE-SERIE-M-BLITZ-XPERTIVE.webp\" alt=\"V\u00e9rin 15T fond de fosse Blitz Rotary\" \/><\/figure><\/a><\/div>\t\t\t<\/div>\n\t\t\t\t\t\t\t\t\t\t\t\t<div class=\"elementor-swiper-button elementor-swiper-button-prev\" role=\"button\" tabindex=\"0\">\n\t\t\t\t\t\t<i aria-hidden=\"true\" class=\"eicon-chevron-left\"><\/i>\t\t\t\t\t<\/div>\n\t\t\t\t\t<div class=\"elementor-swiper-button elementor-swiper-button-next\" role=\"button\" tabindex=\"0\">\n\t\t\t\t\t\t<i aria-hidden=\"true\" class=\"eicon-chevron-right\"><\/i>\t\t\t\t\t<\/div>\n\t\t\t\t\n\t\t\t\t\t\t\t\t\t<div class=\"swiper-pagination\"><\/div>\n\t\t\t\t\t\t\t\t\t<\/div>\n\t\t\t\t\t\t<\/div>\n\t\t\t\t<\/div>\n\t\t\t\t\t<\/div>\n\t\t<\/div>\n\t\t\t\t\t<\/div>\n\t\t<\/section>\n\t\t\t\t<section class=\"elementor-section elementor-top-section elementor-element elementor-element-0491879 elementor-section-boxed elementor-section-height-default elementor-section-height-default\" data-id=\"0491879\" data-element_type=\"section\">\n\t\t\t\t\t\t<div class=\"elementor-container elementor-column-gap-default\">\n\t\t\t\t\t<div class=\"elementor-column elementor-col-100 elementor-top-column elementor-element elementor-element-f480930\" data-id=\"f480930\" data-element_type=\"column\">\n\t\t\t<div class=\"elementor-widget-wrap elementor-element-populated\">\n\t\t\t\t\t\t<div class=\"elementor-element elementor-element-08394c6 elementor-widget elementor-widget-heading\" data-id=\"08394c6\" data-element_type=\"widget\" data-widget_type=\"heading.default\">\n\t\t\t\t<div class=\"elementor-widget-container\">\n\t\t\t\t\t<h2 class=\"elementor-heading-title elementor-size-default\">V\u00e9rin fond de fosse \u00e0 d\u00e9placement sur rail<\/h2>\t\t\t\t<\/div>\n\t\t\t\t<\/div>\n\t\t\t\t\t<\/div>\n\t\t<\/div>\n\t\t\t\t\t<\/div>\n\t\t<\/section>\n\t\t\t\t<section class=\"elementor-section elementor-top-section elementor-element elementor-element-20e8bda elementor-section-boxed elementor-section-height-default elementor-section-height-default\" data-id=\"20e8bda\" data-element_type=\"section\">\n\t\t\t\t\t\t<div class=\"elementor-container elementor-column-gap-default\">\n\t\t\t\t\t<div class=\"elementor-column elementor-col-50 elementor-top-column elementor-element elementor-element-03a33ba\" data-id=\"03a33ba\" data-element_type=\"column\">\n\t\t\t<div class=\"elementor-widget-wrap elementor-element-populated\">\n\t\t\t\t\t\t<div class=\"elementor-element elementor-element-146a424 elementor-widget elementor-widget-text-editor\" data-id=\"146a424\" data-element_type=\"widget\" data-widget_type=\"text-editor.default\">\n\t\t\t\t<div class=\"elementor-widget-container\">\n\t\t\t\t\t\t\t\t\t<p>Ce mod\u00e8le est ce qui se fait de mieux aujourd\u2019hui en mati\u00e8re de cric fond de fosse. Contrairement aux mod\u00e8les pr\u00e9c\u00e9demment cit\u00e9s et d\u00e9crits, il coulisse dans une corni\u00e8re en fond de fosse de 100x100x10mm au lieu de reposer \u00e0 m\u00eame le fond de fosse. Ceci conf\u00e8re au cric une facilit\u00e9 de d\u00e9placement in\u00e9gal\u00e9.<\/p><p>Son ch\u00e2ssis ultra plat entrave beaucoup moins la circulation de part et d\u2019autre de la fosse. Lorsque le v\u00e9rin n\u2019est pas utilis\u00e9 il peut aussi \u00eatre stock\u00e9 derri\u00e8re un escalier en passant sous la 1ere marche. Cette possibilit\u00e9 de pouvoir stocker le cric fond de fosse derri\u00e8re l\u2019escalier est vraiment tr\u00e8s appr\u00e9ci\u00e9 des utilisateurs. L\u2019espace utile de travail en fond de fosse devient libre de tout encombrement.<\/p>\t\t\t\t\t\t\t\t<\/div>\n\t\t\t\t<\/div>\n\t\t\t\t\t<\/div>\n\t\t<\/div>\n\t\t\t\t<div class=\"elementor-column elementor-col-50 elementor-top-column elementor-element elementor-element-3d2fb43\" data-id=\"3d2fb43\" data-element_type=\"column\">\n\t\t\t<div class=\"elementor-widget-wrap elementor-element-populated\">\n\t\t\t\t\t\t<div class=\"elementor-element elementor-element-8c635ce elementor-widget elementor-widget-image\" data-id=\"8c635ce\" data-element_type=\"widget\" data-widget_type=\"image.default\">\n\t\t\t\t<div class=\"elementor-widget-container\">\n\t\t\t\t\t\t\t\t\t\t\t\t\t\t\t<img fetchpriority=\"high\" decoding=\"async\" width=\"1024\" height=\"705\" src=\"https:\/\/xpertive.com\/wp-content\/uploads\/2025\/03\/CRIC-FOND-DE-FOSSE-BLITZ-SERIE-R-XPERTIVE-1024x705.webp\" class=\"attachment-large size-large wp-image-4027\" alt=\"Cric de levage poids lourd sur rails en fond de fosse\" srcset=\"https:\/\/xpertive.com\/wp-content\/uploads\/2025\/03\/CRIC-FOND-DE-FOSSE-BLITZ-SERIE-R-XPERTIVE-1024x705.webp 1024w, https:\/\/xpertive.com\/wp-content\/uploads\/2025\/03\/CRIC-FOND-DE-FOSSE-BLITZ-SERIE-R-XPERTIVE-300x207.webp 300w, https:\/\/xpertive.com\/wp-content\/uploads\/2025\/03\/CRIC-FOND-DE-FOSSE-BLITZ-SERIE-R-XPERTIVE-768x529.webp 768w, https:\/\/xpertive.com\/wp-content\/uploads\/2025\/03\/CRIC-FOND-DE-FOSSE-BLITZ-SERIE-R-XPERTIVE-1536x1058.webp 1536w, https:\/\/xpertive.com\/wp-content\/uploads\/2025\/03\/CRIC-FOND-DE-FOSSE-BLITZ-SERIE-R-XPERTIVE-2048x1411.webp 2048w, https:\/\/xpertive.com\/wp-content\/uploads\/2025\/03\/CRIC-FOND-DE-FOSSE-BLITZ-SERIE-R-XPERTIVE-18x12.webp 18w\" sizes=\"(max-width: 1024px) 100vw, 1024px\" \/>\t\t\t\t\t\t\t\t\t\t\t\t\t\t\t<\/div>\n\t\t\t\t<\/div>\n\t\t\t\t\t<\/div>\n\t\t<\/div>\n\t\t\t\t\t<\/div>\n\t\t<\/section>\n\t\t\t\t<section class=\"elementor-section elementor-top-section elementor-element elementor-element-de0e5fb elementor-section-boxed elementor-section-height-default elementor-section-height-default\" data-id=\"de0e5fb\" data-element_type=\"section\">\n\t\t\t\t\t\t<div class=\"elementor-container elementor-column-gap-default\">\n\t\t\t\t\t<div class=\"elementor-column elementor-col-100 elementor-top-column elementor-element elementor-element-cb4f230\" data-id=\"cb4f230\" data-element_type=\"column\">\n\t\t\t<div class=\"elementor-widget-wrap elementor-element-populated\">\n\t\t\t\t\t\t<div class=\"elementor-element elementor-element-f78d17c elementor-widget elementor-widget-heading\" data-id=\"f78d17c\" data-element_type=\"widget\" data-widget_type=\"heading.default\">\n\t\t\t\t<div class=\"elementor-widget-container\">\n\t\t\t\t\t<h2 class=\"elementor-heading-title elementor-size-default\">Accessoires et options pour cric fond de fosse<\/h2>\t\t\t\t<\/div>\n\t\t\t\t<\/div>\n\t\t\t\t\t<\/div>\n\t\t<\/div>\n\t\t\t\t\t<\/div>\n\t\t<\/section>\n\t\t\t\t<section class=\"elementor-section elementor-top-section elementor-element elementor-element-da21e63 elementor-section-boxed elementor-section-height-default elementor-section-height-default\" data-id=\"da21e63\" data-element_type=\"section\">\n\t\t\t\t\t\t<div class=\"elementor-container elementor-column-gap-default\">\n\t\t\t\t\t<div class=\"elementor-column elementor-col-100 elementor-top-column elementor-element elementor-element-c8d0ed2\" data-id=\"c8d0ed2\" data-element_type=\"column\">\n\t\t\t<div class=\"elementor-widget-wrap elementor-element-populated\">\n\t\t\t\t\t\t<div class=\"elementor-element elementor-element-4aa1bcb elementor-arrows-position-inside elementor-pagination-position-outside elementor-widget elementor-widget-image-carousel\" data-id=\"4aa1bcb\" data-element_type=\"widget\" data-settings=\"{&quot;navigation&quot;:&quot;both&quot;,&quot;autoplay&quot;:&quot;yes&quot;,&quot;pause_on_hover&quot;:&quot;yes&quot;,&quot;pause_on_interaction&quot;:&quot;yes&quot;,&quot;autoplay_speed&quot;:5000,&quot;infinite&quot;:&quot;yes&quot;,&quot;speed&quot;:500}\" data-widget_type=\"image-carousel.default\">\n\t\t\t\t<div class=\"elementor-widget-container\">\n\t\t\t\t\t\t\t<div class=\"elementor-image-carousel-wrapper swiper\" role=\"region\" aria-roledescription=\"carousel\" aria-label=\"Carrousel d\u2019images\" dir=\"ltr\">\n\t\t\t<div class=\"elementor-image-carousel swiper-wrapper\" aria-live=\"off\">\n\t\t\t\t\t\t\t\t<div class=\"swiper-slide\" role=\"group\" aria-roledescription=\"slide\" aria-label=\"1 of 3\"><a data-elementor-open-lightbox=\"yes\" data-elementor-lightbox-slideshow=\"4aa1bcb\" data-elementor-lightbox-title=\"TRAVERSE DEUX POINTS POUR VERIN DE FOSSE\" data-elementor-lightbox-description=\"Cette traverse r\u00e9partis la charge de levage pour une meilleure stabilit\u00e9 \" data-e-action-hash=\"#elementor-action%3Aaction%3Dlightbox%26settings%3DeyJpZCI6MjkyOSwidXJsIjoiaHR0cHM6XC9cL3hwZXJ0aXZlLmNvbVwvd3AtY29udGVudFwvdXBsb2Fkc1wvMjAyMVwvMDNcL1Q0LTEtMzAwZHBpLUNNWUstc2NhbGVkLmpwZyIsInNsaWRlc2hvdyI6IjRhYTFiY2IifQ%3D%3D\" href=\"https:\/\/xpertive.com\/wp-content\/uploads\/2021\/03\/T4-1-300dpi-CMYK-scaled.jpg\"><figure class=\"swiper-slide-inner\"><img decoding=\"async\" class=\"swiper-slide-image\" src=\"https:\/\/xpertive.com\/wp-content\/uploads\/2021\/03\/T4-1-300dpi-CMYK-300x199.jpg\" alt=\"Traverse 2 points pour cric de fosse\" \/><figcaption class=\"elementor-image-carousel-caption\">TRAVERSE DEUX POINTS POUR VERIN DE FOSSE<\/figcaption><\/figure><\/a><\/div><div class=\"swiper-slide\" role=\"group\" aria-roledescription=\"slide\" aria-label=\"2 of 3\"><a data-elementor-open-lightbox=\"yes\" data-elementor-lightbox-slideshow=\"4aa1bcb\" data-elementor-lightbox-title=\"Rallonge\" data-elementor-lightbox-description=\"Accro\u00eet la hauteur de levage de 200 mm\" data-e-action-hash=\"#elementor-action%3Aaction%3Dlightbox%26settings%3DeyJpZCI6MjkzNCwidXJsIjoiaHR0cHM6XC9cL3hwZXJ0aXZlLmNvbVwvd3AtY29udGVudFwvdXBsb2Fkc1wvMjAyMVwvMDNcL1JhbGxvbmdlLS5qcGciLCJzbGlkZXNob3ciOiI0YWExYmNiIn0%3D\" href=\"https:\/\/xpertive.com\/wp-content\/uploads\/2021\/03\/Rallonge-.jpg\"><figure class=\"swiper-slide-inner\"><img decoding=\"async\" class=\"swiper-slide-image\" src=\"https:\/\/xpertive.com\/wp-content\/uploads\/2021\/03\/Rallonge--300x200.jpg\" alt=\"Accessoire rallonge\" \/><figcaption class=\"elementor-image-carousel-caption\">Rallonge<\/figcaption><\/figure><\/a><\/div><div class=\"swiper-slide\" role=\"group\" aria-roledescription=\"slide\" aria-label=\"3 of 3\"><a data-elementor-open-lightbox=\"yes\" data-elementor-lightbox-slideshow=\"4aa1bcb\" data-elementor-lightbox-title=\"T\u00e8te d\u00e9pose organes\" data-elementor-lightbox-description=\"Capacit\u00e9 : 1 T Dimensions : 540x385x110 mm\" data-e-action-hash=\"#elementor-action%3Aaction%3Dlightbox%26settings%3DeyJpZCI6MjkzNSwidXJsIjoiaHR0cHM6XC9cL3hwZXJ0aXZlLmNvbVwvd3AtY29udGVudFwvdXBsb2Fkc1wvMjAyMVwvMDNcL1NlbGxlLWRlLXNvdXRpZW4uanBnIiwic2xpZGVzaG93IjoiNGFhMWJjYiJ9\" href=\"https:\/\/xpertive.com\/wp-content\/uploads\/2021\/03\/Selle-de-soutien.jpg\"><figure class=\"swiper-slide-inner\"><img decoding=\"async\" class=\"swiper-slide-image\" src=\"https:\/\/xpertive.com\/wp-content\/uploads\/2021\/03\/Selle-de-soutien-300x200.jpg\" alt=\"Construction tr\u00e8s basse pour une multitude d&#039;applications\" \/><figcaption class=\"elementor-image-carousel-caption\">T\u00e8te d\u00e9pose organes<\/figcaption><\/figure><\/a><\/div>\t\t\t<\/div>\n\t\t\t\t\t\t\t\t\t\t\t\t<div class=\"elementor-swiper-button elementor-swiper-button-prev\" role=\"button\" tabindex=\"0\">\n\t\t\t\t\t\t<i aria-hidden=\"true\" class=\"eicon-chevron-left\"><\/i>\t\t\t\t\t<\/div>\n\t\t\t\t\t<div class=\"elementor-swiper-button elementor-swiper-button-next\" role=\"button\" tabindex=\"0\">\n\t\t\t\t\t\t<i aria-hidden=\"true\" class=\"eicon-chevron-right\"><\/i>\t\t\t\t\t<\/div>\n\t\t\t\t\n\t\t\t\t\t\t\t\t\t<div class=\"swiper-pagination\"><\/div>\n\t\t\t\t\t\t\t\t\t<\/div>\n\t\t\t\t\t\t<\/div>\n\t\t\t\t<\/div>\n\t\t\t\t<div class=\"elementor-element elementor-element-4e3c4ad elementor-align-center elementor-invisible elementor-widget elementor-widget-button\" data-id=\"4e3c4ad\" data-element_type=\"widget\" data-settings=\"{&quot;_animation&quot;:&quot;fadeIn&quot;}\" data-widget_type=\"button.default\">\n\t\t\t\t<div class=\"elementor-widget-container\">\n\t\t\t\t\t\t\t\t\t<div class=\"elementor-button-wrapper\">\n\t\t\t\t\t<a class=\"elementor-button elementor-button-link elementor-size-md elementor-animation-grow\" href=\"\/fr_ca\/contact\/\">\n\t\t\t\t\t\t<span class=\"elementor-button-content-wrapper\">\n\t\t\t\t\t\t\t\t\t<span class=\"elementor-button-text\">DEMANDER VOTRE DEVIS CRIC FOND DE FOSSE<\/span>\n\t\t\t\t\t<\/span>\n\t\t\t\t\t<\/a>\n\t\t\t\t<\/div>\n\t\t\t\t\t\t\t\t<\/div>\n\t\t\t\t<\/div>\n\t\t\t\t\t<\/div>\n\t\t<\/div>\n\t\t\t\t\t<\/div>\n\t\t<\/section>\n\t\t\t\t<\/div>","protected":false},"excerpt":{"rendered":"<p>V\u00e9rin fond de fosse pour levage poids lourds Contrairement aux traverses de levage et aux v\u00e9rins bord de fosse, le v\u00e9rin fond de fosse se d\u00e9place sur le sol au fond de la fosse poids lourds ou bus.Il est souvent [&hellip;]<\/p>","protected":false},"author":5,"featured_media":0,"parent":934,"menu_order":0,"comment_status":"closed","ping_status":"closed","template":"","meta":{"site-sidebar-layout":"no-sidebar","site-content-layout":"page-builder","ast-site-content-layout":"default","site-content-style":"unboxed","site-sidebar-style":"unboxed","ast-global-header-display":"","ast-banner-title-visibility":"","ast-main-header-display":"","ast-hfb-above-header-display":"","ast-hfb-below-header-display":"","ast-hfb-mobile-header-display":"","site-post-title":"disabled","ast-breadcrumbs-content":"","ast-featured-img":"disabled","footer-sml-layout":"","theme-transparent-header-meta":"default","adv-header-id-meta":"","stick-header-meta":"default","header-above-stick-meta":"","header-main-stick-meta":"","header-below-stick-meta":"","astra-migrate-meta-layouts":"set","ast-page-background-enabled":"default","ast-page-background-meta":{"desktop":{"background-color":"var(--ast-global-color-4)","background-image":"","background-repeat":"repeat","background-position":"center center","background-size":"auto","background-attachment":"scroll","background-type":"","background-media":"","overlay-type":"","overlay-color":"","overlay-opacity":"","overlay-gradient":""},"tablet":{"background-color":"","background-image":"","background-repeat":"repeat","background-position":"center center","background-size":"auto","background-attachment":"scroll","background-type":"","background-media":"","overlay-type":"","overlay-color":"","overlay-opacity":"","overlay-gradient":""},"mobile":{"background-color":"","background-image":"","background-repeat":"repeat","background-position":"center center","background-size":"auto","background-attachment":"scroll","background-type":"","background-media":"","overlay-type":"","overlay-color":"","overlay-opacity":"","overlay-gradient":""}},"ast-content-background-meta":{"desktop":{"background-color":"var(--ast-global-color-5)","background-image":"","background-repeat":"repeat","background-position":"center center","background-size":"auto","background-attachment":"scroll","background-type":"","background-media":"","overlay-type":"","overlay-color":"","overlay-opacity":"","overlay-gradient":""},"tablet":{"background-color":"var(--ast-global-color-5)","background-image":"","background-repeat":"repeat","background-position":"center center","background-size":"auto","background-attachment":"scroll","background-type":"","background-media":"","overlay-type":"","overlay-color":"","overlay-opacity":"","overlay-gradient":""},"mobile":{"background-color":"var(--ast-global-color-5)","background-image":"","background-repeat":"repeat","background-position":"center center","background-size":"auto","background-attachment":"scroll","background-type":"","background-media":"","overlay-type":"","overlay-color":"","overlay-opacity":"","overlay-gradient":""}},"footnotes":""},"class_list":["post-2617","page","type-page","status-publish","hentry"],"aioseo_notices":[],"_links":{"self":[{"href":"https:\/\/xpertive.com\/fr_ca\/wp-json\/wp\/v2\/pages\/2617","targetHints":{"allow":["GET"]}}],"collection":[{"href":"https:\/\/xpertive.com\/fr_ca\/wp-json\/wp\/v2\/pages"}],"about":[{"href":"https:\/\/xpertive.com\/fr_ca\/wp-json\/wp\/v2\/types\/page"}],"author":[{"embeddable":true,"href":"https:\/\/xpertive.com\/fr_ca\/wp-json\/wp\/v2\/users\/5"}],"replies":[{"embeddable":true,"href":"https:\/\/xpertive.com\/fr_ca\/wp-json\/wp\/v2\/comments?post=2617"}],"version-history":[{"count":58,"href":"https:\/\/xpertive.com\/fr_ca\/wp-json\/wp\/v2\/pages\/2617\/revisions"}],"predecessor-version":[{"id":5324,"href":"https:\/\/xpertive.com\/fr_ca\/wp-json\/wp\/v2\/pages\/2617\/revisions\/5324"}],"up":[{"embeddable":true,"href":"https:\/\/xpertive.com\/fr_ca\/wp-json\/wp\/v2\/pages\/934"}],"wp:attachment":[{"href":"https:\/\/xpertive.com\/fr_ca\/wp-json\/wp\/v2\/media?parent=2617"}],"curies":[{"name":"wp","href":"https:\/\/api.w.org\/{rel}","templated":true}]}}