{"id":4161,"date":"2025-04-22T14:28:52","date_gmt":"2025-04-22T12:28:52","guid":{"rendered":"https:\/\/xpertive.com\/?page_id=4161"},"modified":"2025-07-02T10:38:59","modified_gmt":"2025-07-02T08:38:59","slug":"fosse-de-lavage","status":"publish","type":"page","link":"https:\/\/xpertive.com\/fr_ca\/fosse-atelier-prefabriquee-acier\/fosse-de-lavage\/","title":{"rendered":"Fosse de lavage"},"content":{"rendered":"<div data-elementor-type=\"wp-page\" data-elementor-id=\"4161\" class=\"elementor elementor-4161\" data-elementor-post-type=\"page\">\n\t\t\t\t\t\t<section class=\"elementor-section elementor-top-section elementor-element elementor-element-d2d5f67 elementor-section-stretched elementor-section-boxed elementor-section-height-default elementor-section-height-default\" data-id=\"d2d5f67\" data-element_type=\"section\" data-settings=\"{&quot;stretch_section&quot;:&quot;section-stretched&quot;,&quot;background_background&quot;:&quot;classic&quot;}\">\n\t\t\t\t\t\t<div class=\"elementor-container elementor-column-gap-default\">\n\t\t\t\t\t<div class=\"elementor-column elementor-col-50 elementor-top-column elementor-element elementor-element-0b30794\" data-id=\"0b30794\" data-element_type=\"column\">\n\t\t\t<div class=\"elementor-widget-wrap elementor-element-populated\">\n\t\t\t\t\t\t<div class=\"elementor-element elementor-element-9411c89 elementor-widget elementor-widget-heading\" data-id=\"9411c89\" data-element_type=\"widget\" data-widget_type=\"heading.default\">\n\t\t\t\t<div class=\"elementor-widget-container\">\n\t\t\t\t\t<h1 class=\"elementor-heading-title elementor-size-default\">Fosse de lavage pour v\u00e9hicules industriels et poids lourds<\/h1>\t\t\t\t<\/div>\n\t\t\t\t<\/div>\n\t\t\t\t<div class=\"elementor-element elementor-element-2f10f36 elementor-widget elementor-widget-text-editor\" data-id=\"2f10f36\" data-element_type=\"widget\" data-widget_type=\"text-editor.default\">\n\t\t\t\t<div class=\"elementor-widget-container\">\n\t\t\t\t\t\t\t\t\t<p>Notre fosse de lavage pr\u00e9fabriqu\u00e9e en acier <strong>Xpertive\u00ae<\/strong> est une solution id\u00e9ale pour <strong>garantir un nettoyage efficace et s\u00e9curis\u00e9 des v\u00e9hicules industriels<\/strong>. <span style=\"color: #f47920;\"><strong>Elle permet de laver \u00e0 la fois le dessous et les c\u00f4t\u00e9s des v\u00e9hicules<\/strong><\/span>, assurant ainsi un entretien en profondeur. Con\u00e7ue pour \u00eatre robuste et durable, cette fosse offre une grande r\u00e9sistance aux conditions de travail intensives. Leur conception modulable permet de <span style=\"color: #f47920;\"><strong>l\u2019adapter facilement \u00e0 tous types de v\u00e9hicules<\/strong><\/span>, qu&rsquo;il s&rsquo;agisse de poids lourds, de v\u00e9hicules utilitaires ou de flottes de transport.<\/p><p>Gr\u00e2ce \u00e0 leur structure en acier, elles sont non seulement <span style=\"color: #f47920;\"><strong>r\u00e9sistantes \u00e0 la corrosion<\/strong><\/span>, mais \u00e9galement faciles \u00e0 installer et \u00e0 entretenir. Elles repr\u00e9sentent ainsi une option parfaite pour les professionnels cherchant \u00e0 optimiser l&rsquo;efficacit\u00e9 de leur centre de lavage tout en garantissant <strong>une s\u00e9curit\u00e9 et une long\u00e9vit\u00e9 accrues<\/strong>.<\/p>\t\t\t\t\t\t\t\t<\/div>\n\t\t\t\t<\/div>\n\t\t\t\t<div class=\"elementor-element elementor-element-d6feb2f elementor-arrows-position-inside elementor-pagination-position-outside elementor-widget elementor-widget-image-carousel\" data-id=\"d6feb2f\" data-element_type=\"widget\" data-settings=\"{&quot;slides_to_show&quot;:&quot;2&quot;,&quot;slides_to_scroll&quot;:&quot;1&quot;,&quot;navigation&quot;:&quot;both&quot;,&quot;autoplay&quot;:&quot;yes&quot;,&quot;pause_on_hover&quot;:&quot;yes&quot;,&quot;pause_on_interaction&quot;:&quot;yes&quot;,&quot;autoplay_speed&quot;:5000,&quot;infinite&quot;:&quot;yes&quot;,&quot;speed&quot;:500}\" data-widget_type=\"image-carousel.default\">\n\t\t\t\t<div class=\"elementor-widget-container\">\n\t\t\t\t\t\t\t<div class=\"elementor-image-carousel-wrapper swiper\" role=\"region\" aria-roledescription=\"carousel\" aria-label=\"Carrousel d\u2019images\" dir=\"ltr\">\n\t\t\t<div class=\"elementor-image-carousel swiper-wrapper\" aria-live=\"off\">\n\t\t\t\t\t\t\t\t<div class=\"swiper-slide\" role=\"group\" aria-roledescription=\"slide\" aria-label=\"1 of 4\"><figure class=\"swiper-slide-inner\"><img decoding=\"async\" class=\"swiper-slide-image\" src=\"https:\/\/xpertive.com\/wp-content\/uploads\/elementor\/thumbs\/photo-1-fosse-de-lavage-sous-chassis-r3h17etdodl6ox3mixzl1u8jrx52ly0fc3twsfe7gk.jpg\" alt=\"photo-1-fosse-de-lavage-sous-chassis\" \/><\/figure><\/div><div class=\"swiper-slide\" role=\"group\" aria-roledescription=\"slide\" aria-label=\"2 of 4\"><figure class=\"swiper-slide-inner\"><img decoding=\"async\" class=\"swiper-slide-image\" src=\"https:\/\/xpertive.com\/wp-content\/uploads\/elementor\/thumbs\/fosse-lavage-poids-lourds-2-r3h17gp221nrc50w7ysu6trgyovt1c7w0d4vqzbf44.jpg\" alt=\"User comments\" \/><\/figure><\/div><div class=\"swiper-slide\" role=\"group\" aria-roledescription=\"slide\" aria-label=\"3 of 4\"><figure class=\"swiper-slide-inner\"><img decoding=\"async\" class=\"swiper-slide-image\" src=\"https:\/\/xpertive.com\/wp-content\/uploads\/elementor\/thumbs\/fosse-de-lavage-3-r3h17fr7v7mh0j29dge7mc00db0ftn45o8he9pctac.jpg\" alt=\"fosse-de-lavage-3\" \/><\/figure><\/div><div class=\"swiper-slide\" role=\"group\" aria-roledescription=\"slide\" aria-label=\"4 of 4\"><figure class=\"swiper-slide-inner\"><img decoding=\"async\" class=\"swiper-slide-image\" src=\"https:\/\/xpertive.com\/wp-content\/uploads\/elementor\/thumbs\/fosse-lavage-sous-chassi-4-r3h17hmw8vp1nqzj2h7grbixk2r691bmchsd89a0xw.jpg\" alt=\"fosse-lavage-sous-chassi-4\" \/><\/figure><\/div>\t\t\t<\/div>\n\t\t\t\t\t\t\t\t\t\t\t\t<div class=\"elementor-swiper-button elementor-swiper-button-prev\" role=\"button\" tabindex=\"0\">\n\t\t\t\t\t\t<i aria-hidden=\"true\" class=\"eicon-chevron-left\"><\/i>\t\t\t\t\t<\/div>\n\t\t\t\t\t<div class=\"elementor-swiper-button elementor-swiper-button-next\" role=\"button\" tabindex=\"0\">\n\t\t\t\t\t\t<i aria-hidden=\"true\" class=\"eicon-chevron-right\"><\/i>\t\t\t\t\t<\/div>\n\t\t\t\t\n\t\t\t\t\t\t\t\t\t<div class=\"swiper-pagination\"><\/div>\n\t\t\t\t\t\t\t\t\t<\/div>\n\t\t\t\t\t\t<\/div>\n\t\t\t\t<\/div>\n\t\t\t\t<div class=\"elementor-element elementor-element-3e6c5cd elementor-widget elementor-widget-heading\" data-id=\"3e6c5cd\" data-element_type=\"widget\" data-widget_type=\"heading.default\">\n\t\t\t\t<div class=\"elementor-widget-container\">\n\t\t\t\t\t<h2 class=\"elementor-heading-title elementor-size-default\">Conception de votre fosse de lavage sur mesure<\/h2>\t\t\t\t<\/div>\n\t\t\t\t<\/div>\n\t\t\t\t<div class=\"elementor-element elementor-element-3f021ba elementor-widget elementor-widget-text-editor\" data-id=\"3f021ba\" data-element_type=\"widget\" data-widget_type=\"text-editor.default\">\n\t\t\t\t<div class=\"elementor-widget-container\">\n\t\t\t\t\t\t\t\t\t<p>Nos fosses de lavage pr\u00e9fabriqu\u00e9es en acier sont con\u00e7ues et fabriqu\u00e9es sur mesure afin de s\u2019adapter aux sp\u00e9cificit\u00e9s de chaque atelier. Ces solutions de lavage int\u00e8grent des \u00e9quipements essentiels tels que :<\/p><ul><li><span style=\"color: #f47920;\"><strong>\u00c9clairage int\u00e9gr\u00e9 :<\/strong><\/span> IP 65 &#8211; 450 Lux, garantissant une visibilit\u00e9 optimale pour un lavage pr\u00e9cis et s\u00e9curis\u00e9.<\/li><li><span style=\"color: #f47920;\"><strong>R\u00e9seau haute pression :<\/strong><\/span> pr\u00eat \u00e0 \u00eatre \u00e9quip\u00e9 d\u2019une lance haute pression pour un nettoyage puissant et efficace.<\/li><li><span style=\"color: #f47920;\"><strong>Canal d\u2019\u00e9vacuation des eaux us\u00e9es :<\/strong><\/span> situ\u00e9 en fond de fosse pour une gestion optimis\u00e9e des rejets.<\/li><li><span style=\"color: #f47920;\"><strong>Sur\u00e9l\u00e9vation avec caillebotis :<\/strong><\/span> permettant de garder les pieds au sec et d\u2019assurer un confort de travail optimal.<\/li><li><span style=\"color: #f47920;\"><strong>Pompe de relevage :<\/strong><\/span> facilitant l\u2019\u00e9vacuation des eaux us\u00e9es vers un s\u00e9parateur d\u2019hydrocarbures ou un bac de collecte.<\/li><li><span style=\"color: #f47920;\"><strong>S\u00e9curisation de l\u2019acc\u00e8s :<\/strong><\/span> en t\u00eate de fosse, une corni\u00e8re ou un U permet d\u2019ajouter une couverture de fosse pour une s\u00e9curit\u00e9 renforc\u00e9e.<\/li><\/ul>\t\t\t\t\t\t\t\t<\/div>\n\t\t\t\t<\/div>\n\t\t\t\t<div class=\"elementor-element elementor-element-ee91f3d elementor-widget elementor-widget-heading\" data-id=\"ee91f3d\" data-element_type=\"widget\" data-widget_type=\"heading.default\">\n\t\t\t\t<div class=\"elementor-widget-container\">\n\t\t\t\t\t<h2 class=\"elementor-heading-title elementor-size-default\">Normes et r\u00e8glementations pour la construction d\u2019une fosse de lavage<\/h2>\t\t\t\t<\/div>\n\t\t\t\t<\/div>\n\t\t\t\t<div class=\"elementor-element elementor-element-17e6ab8 elementor-widget elementor-widget-text-editor\" data-id=\"17e6ab8\" data-element_type=\"widget\" data-widget_type=\"text-editor.default\">\n\t\t\t\t<div class=\"elementor-widget-container\">\n\t\t\t\t\t\t\t\t\t<p>Les fosses de lavage pr\u00e9fabriqu\u00e9es en acier doivent r\u00e9pondre \u00e0 des normes strictes en mati\u00e8re de s\u00e9curit\u00e9 et d\u2019environnement :<\/p><ul><li><span style=\"color: #f47920;\"><strong>Recommandations R468 et R469 :<\/strong><\/span> garantissant la conformit\u00e9 aux exigences de s\u00e9curit\u00e9 pour les installations de maintenance.<\/li><li><span style=\"color: #f47920;\"><strong>Directive Machines 2006\/42\/CE :<\/strong><\/span> r\u00e9gulant la fabrication et l\u2019utilisation des \u00e9quipements industriels.<\/li><li><span style=\"color: #f47920;\"><strong>Normes environnementales :<\/strong><\/span> assurant la bonne gestion des eaux us\u00e9es et la conformit\u00e9 aux exigences des installations class\u00e9es pour la protection de l\u2019environnement (ICPE).<\/li><\/ul>\t\t\t\t\t\t\t\t<\/div>\n\t\t\t\t<\/div>\n\t\t\t\t<div class=\"elementor-element elementor-element-3641418 elementor-widget elementor-widget-heading\" data-id=\"3641418\" data-element_type=\"widget\" data-widget_type=\"heading.default\">\n\t\t\t\t<div class=\"elementor-widget-container\">\n\t\t\t\t\t<h2 class=\"elementor-heading-title elementor-size-default\">Pourquoi choisir une fosse de lavage pr\u00e9fabriqu\u00e9e en acier pour votre atelier ?<\/h2>\t\t\t\t<\/div>\n\t\t\t\t<\/div>\n\t\t\t\t<div class=\"elementor-element elementor-element-fdcfd86 elementor-widget elementor-widget-text-editor\" data-id=\"fdcfd86\" data-element_type=\"widget\" data-widget_type=\"text-editor.default\">\n\t\t\t\t<div class=\"elementor-widget-container\">\n\t\t\t\t\t\t\t\t\t<p>Opter pour une fosse de lavage pr\u00e9fabriqu\u00e9e en acier pr\u00e9sente de nombreux avantages :<\/p><ul><li><span style=\"color: #f47920;\"><strong>Efficacit\u00e9 accrue :<\/strong><\/span> possibilit\u00e9 de nettoyer simultan\u00e9ment le dessous et les c\u00f4t\u00e9s du v\u00e9hicule.<\/li><li><span style=\"color: #f47920;\"><strong>Nettoyage en profondeur :<\/strong><\/span> la puissance de la lance haute pression combin\u00e9e \u00e0 une intervention manuelle garantit un r\u00e9sultat optimal.<\/li><li><span style=\"color: #f47920;\"><strong>Durabilit\u00e9 incomparable :<\/strong><\/span> l\u2019acier galvanis\u00e9 offre une long\u00e9vit\u00e9 sup\u00e9rieure \u00e0 toute autre solution.<\/li><li><span style=\"color: #f47920;\"><strong>Z\u00e9ro maintenance :<\/strong><\/span> absence de co\u00fbts d\u2019entretien et aucun risque de panne.<\/li><li><span style=\"color: #f47920;\"><strong>Installation rapide :<\/strong><\/span> une mise en place en seulement une semaine.<\/li><\/ul>\t\t\t\t\t\t\t\t<\/div>\n\t\t\t\t<\/div>\n\t\t\t\t<div class=\"elementor-element elementor-element-ece03c4 elementor-arrows-position-inside elementor-pagination-position-outside elementor-widget elementor-widget-image-carousel\" data-id=\"ece03c4\" data-element_type=\"widget\" data-settings=\"{&quot;slides_to_show&quot;:&quot;2&quot;,&quot;slides_to_scroll&quot;:&quot;1&quot;,&quot;navigation&quot;:&quot;both&quot;,&quot;autoplay&quot;:&quot;yes&quot;,&quot;pause_on_hover&quot;:&quot;yes&quot;,&quot;pause_on_interaction&quot;:&quot;yes&quot;,&quot;autoplay_speed&quot;:5000,&quot;infinite&quot;:&quot;yes&quot;,&quot;speed&quot;:500}\" data-widget_type=\"image-carousel.default\">\n\t\t\t\t<div class=\"elementor-widget-container\">\n\t\t\t\t\t\t\t<div class=\"elementor-image-carousel-wrapper swiper\" role=\"region\" aria-roledescription=\"carousel\" aria-label=\"Carrousel d\u2019images\" dir=\"ltr\">\n\t\t\t<div class=\"elementor-image-carousel swiper-wrapper\" aria-live=\"off\">\n\t\t\t\t\t\t\t\t<div class=\"swiper-slide\" role=\"group\" aria-roledescription=\"slide\" aria-label=\"1 of 3\"><figure class=\"swiper-slide-inner\"><img decoding=\"async\" class=\"swiper-slide-image\" src=\"https:\/\/xpertive.com\/wp-content\/uploads\/elementor\/thumbs\/lavage-haute-pression-en-fosse-1-r3h1dirm3lya5o84ul2a9aqes30yn49m6chj36c30k.jpg\" alt=\"lavage-haute-pression-en-fosse-1\" \/><\/figure><\/div><div class=\"swiper-slide\" role=\"group\" aria-roledescription=\"slide\" aria-label=\"2 of 3\"><figure class=\"swiper-slide-inner\"><img decoding=\"async\" class=\"swiper-slide-image\" src=\"https:\/\/xpertive.com\/wp-content\/uploads\/elementor\/thumbs\/recuperations-des-eaux-usees-en-fosse-2-r3h1dgvxpxvpigav5k914b7hlba87q25i36k4mevd0.jpg\" alt=\"recuperations-des-eaux-usees-en-fosse-2\" \/><\/figure><\/div><div class=\"swiper-slide\" role=\"group\" aria-roledescription=\"slide\" aria-label=\"3 of 3\"><figure class=\"swiper-slide-inner\"><img decoding=\"async\" class=\"swiper-slide-image\" src=\"https:\/\/xpertive.com\/wp-content\/uploads\/elementor\/thumbs\/construction-fosse-lavage-3-r3h1dhtrwrwzu29i02nnosyy6p5lff5vu7u1lwdh6s.jpg\" alt=\"construction-fosse-lavage-3\" \/><\/figure><\/div>\t\t\t<\/div>\n\t\t\t\t\t\t\t\t\t\t\t\t<div class=\"elementor-swiper-button elementor-swiper-button-prev\" role=\"button\" tabindex=\"0\">\n\t\t\t\t\t\t<i aria-hidden=\"true\" class=\"eicon-chevron-left\"><\/i>\t\t\t\t\t<\/div>\n\t\t\t\t\t<div class=\"elementor-swiper-button elementor-swiper-button-next\" role=\"button\" tabindex=\"0\">\n\t\t\t\t\t\t<i aria-hidden=\"true\" class=\"eicon-chevron-right\"><\/i>\t\t\t\t\t<\/div>\n\t\t\t\t\n\t\t\t\t\t\t\t\t\t<div class=\"swiper-pagination\"><\/div>\n\t\t\t\t\t\t\t\t\t<\/div>\n\t\t\t\t\t\t<\/div>\n\t\t\t\t<\/div>\n\t\t\t\t<div class=\"elementor-element elementor-element-637658c elementor-widget elementor-widget-heading\" data-id=\"637658c\" data-element_type=\"widget\" data-widget_type=\"heading.default\">\n\t\t\t\t<div class=\"elementor-widget-container\">\n\t\t\t\t\t<h2 class=\"elementor-heading-title elementor-size-default\">Avantages de notre fosse de lavage pr\u00e9fabriqu\u00e9e en acier Xpertive<\/h2>\t\t\t\t<\/div>\n\t\t\t\t<\/div>\n\t\t\t\t<div class=\"elementor-element elementor-element-c379833 elementor-align-center elementor-widget elementor-widget-button\" data-id=\"c379833\" data-element_type=\"widget\" data-widget_type=\"button.default\">\n\t\t\t\t<div class=\"elementor-widget-container\">\n\t\t\t\t\t\t\t\t\t<div class=\"elementor-button-wrapper\">\n\t\t\t\t\t<a class=\"elementor-button elementor-button-link elementor-size-md elementor-animation-grow\" href=\"\/fr_ca\/contact\/\">\n\t\t\t\t\t\t<span class=\"elementor-button-content-wrapper\">\n\t\t\t\t\t\t\t\t\t<span class=\"elementor-button-text\">Recevoir un Devis gratuit pour votre Fosse de lavage professionnelle<\/span>\n\t\t\t\t\t<\/span>\n\t\t\t\t\t<\/a>\n\t\t\t\t<\/div>\n\t\t\t\t\t\t\t\t<\/div>\n\t\t\t\t<\/div>\n\t\t\t\t<div class=\"elementor-element elementor-element-e884469 liste_puce_1 elementor-widget elementor-widget-global elementor-global-4356 elementor-widget-text-editor\" data-id=\"e884469\" data-element_type=\"widget\" data-widget_type=\"text-editor.default\">\n\t\t\t\t<div class=\"elementor-widget-container\">\n\t\t\t\t\t\t\t\t\t<p>D\u00e9couvrez aussi :<\/p><ul><li><a href=\"https:\/\/xpertive.com\/fr_ca\/couvertures-de-fosse\/\">Nos solutions pour la s\u00e9curisation de vos fosses<\/a><\/li><li><a href=\"https:\/\/xpertive.com\/fr_ca\/equipements-atelier\/solutions-de-levage\/\">Nos \u00e9quipements pour le levage de vos v\u00e9hicules<\/a><\/li><li><a href=\"https:\/\/xpertive.com\/fr_ca\/equipements-atelier\/gestion-des-huiles-usagees\/\">Nos solutions de traitement des huiles us\u00e9es<\/a><\/li><li><a href=\"https:\/\/xpertive.com\/fr_ca\/equipements-atelier\/brakemate\/\">D\u00e9pose moyeux 100% assist\u00e9<\/a><\/li><\/ul>\t\t\t\t\t\t\t\t<\/div>\n\t\t\t\t<\/div>\n\t\t\t\t\t<\/div>\n\t\t<\/div>\n\t\t\t\t<div class=\"elementor-column elementor-col-50 elementor-top-column elementor-element elementor-element-65523a1\" data-id=\"65523a1\" data-element_type=\"column\">\n\t\t\t<div class=\"elementor-widget-wrap elementor-element-populated\">\n\t\t\t\t\t\t<section class=\"elementor-section elementor-inner-section elementor-element elementor-element-83a3b36 elementor-section-content-top elementor-section-boxed elementor-section-height-default elementor-section-height-default\" data-id=\"83a3b36\" data-element_type=\"section\" data-settings=\"{&quot;sticky&quot;:&quot;top&quot;,&quot;sticky_offset&quot;:180,&quot;sticky_on&quot;:[&quot;desktop&quot;,&quot;tablet&quot;],&quot;sticky_parent&quot;:&quot;yes&quot;,&quot;sticky_effects_offset&quot;:0,&quot;sticky_anchor_link_offset&quot;:0}\">\n\t\t\t\t\t\t<div class=\"elementor-container elementor-column-gap-default\">\n\t\t\t\t\t<div class=\"elementor-column elementor-col-100 elementor-inner-column elementor-element elementor-element-48aa5f5\" data-id=\"48aa5f5\" data-element_type=\"column\">\n\t\t\t<div class=\"elementor-widget-wrap elementor-element-populated\">\n\t\t\t\t\t\t<div class=\"elementor-element elementor-element-f8ffa46 elementor-widget elementor-widget-shortcode\" data-id=\"f8ffa46\" data-element_type=\"widget\" data-widget_type=\"shortcode.default\">\n\t\t\t\t<div class=\"elementor-widget-container\">\n\t\t\t\t\t\t\t<div class=\"elementor-shortcode\">\t\t<div data-elementor-type=\"section\" data-elementor-id=\"5924\" class=\"elementor elementor-5924\" data-elementor-post-type=\"elementor_library\">\n\t\t\t\t\t<section class=\"elementor-section elementor-top-section elementor-element elementor-element-ce118be elementor-section-boxed elementor-section-height-default elementor-section-height-default\" data-id=\"ce118be\" data-element_type=\"section\">\n\t\t\t\t\t\t<div class=\"elementor-container elementor-column-gap-default\">\n\t\t\t\t\t<div class=\"elementor-column elementor-col-100 elementor-top-column elementor-element elementor-element-918a1cf\" data-id=\"918a1cf\" data-element_type=\"column\">\n\t\t\t<div class=\"elementor-widget-wrap elementor-element-populated\">\n\t\t\t\t\t\t<div class=\"elementor-element elementor-element-77339f4 elementor-widget__width-initial elementor-widget elementor-widget-video\" data-id=\"77339f4\" data-element_type=\"widget\" data-settings=\"{&quot;youtube_url&quot;:&quot;https:\\\/\\\/youtu.be\\\/52BrGPPbJJA&quot;,&quot;autoplay&quot;:&quot;yes&quot;,&quot;mute&quot;:&quot;yes&quot;,&quot;video_type&quot;:&quot;youtube&quot;,&quot;controls&quot;:&quot;yes&quot;}\" data-widget_type=\"video.default\">\n\t\t\t\t<div class=\"elementor-widget-container\">\n\t\t\t\t\t\t\t<div class=\"elementor-wrapper elementor-open-inline\">\n\t\t\t<div class=\"elementor-video\"><\/div>\t\t<\/div>\n\t\t\t\t\t\t<\/div>\n\t\t\t\t<\/div>\n\t\t\t\t\t<\/div>\n\t\t<\/div>\n\t\t\t\t\t<\/div>\n\t\t<\/section>\n\t\t\t\t<section class=\"elementor-section elementor-top-section elementor-element elementor-element-cb122ea elementor-section-boxed elementor-section-height-default elementor-section-height-default\" data-id=\"cb122ea\" data-element_type=\"section\">\n\t\t\t\t\t\t<div class=\"elementor-container elementor-column-gap-default\">\n\t\t\t\t\t<div class=\"elementor-column elementor-col-100 elementor-top-column elementor-element elementor-element-d9f3cec\" data-id=\"d9f3cec\" data-element_type=\"column\">\n\t\t\t<div class=\"elementor-widget-wrap elementor-element-populated\">\n\t\t\t\t\t\t<div class=\"elementor-element elementor-element-d1ffac3 elementor-widget__width-initial elementor-widget elementor-widget-image\" data-id=\"d1ffac3\" data-element_type=\"widget\" data-widget_type=\"image.default\">\n\t\t\t\t<div class=\"elementor-widget-container\">\n\t\t\t\t\t\t\t\t\t\t\t\t<figure class=\"wp-caption\">\n\t\t\t\t\t\t\t\t\t\t\t<a href=\"https:\/\/xpertive.com\/wp-content\/uploads\/2023\/11\/Brochure-generale-Xpertive.pdf\" target=\"_blank\">\n\t\t\t\t\t\t\t<img fetchpriority=\"high\" decoding=\"async\" width=\"300\" height=\"212\" src=\"https:\/\/xpertive.com\/wp-content\/uploads\/2025\/06\/brochure_fr-300x212.jpg\" class=\"elementor-animation-grow attachment-medium size-medium wp-image-6069\" alt=\"BROCHURE XPERTIVE PRESENTATION\" srcset=\"https:\/\/xpertive.com\/wp-content\/uploads\/2025\/06\/brochure_fr-300x212.jpg 300w, https:\/\/xpertive.com\/wp-content\/uploads\/2025\/06\/brochure_fr-768x544.jpg 768w, https:\/\/xpertive.com\/wp-content\/uploads\/2025\/06\/brochure_fr-18x12.jpg 18w, https:\/\/xpertive.com\/wp-content\/uploads\/2025\/06\/brochure_fr.jpg 1024w\" sizes=\"(max-width: 300px) 100vw, 300px\" \/>\t\t\t\t\t\t\t\t<\/a>\n\t\t\t\t\t\t\t\t\t\t\t<figcaption class=\"widget-image-caption wp-caption-text\">Brochure \u00e0 t\u00e9l\u00e9charger<\/figcaption>\n\t\t\t\t\t\t\t\t\t\t<\/figure>\n\t\t\t\t\t\t\t\t\t<\/div>\n\t\t\t\t<\/div>\n\t\t\t\t\t<\/div>\n\t\t<\/div>\n\t\t\t\t\t<\/div>\n\t\t<\/section>\n\t\t\t\t<\/div>\n\t\t<\/div>\n\t\t\t\t\t\t<\/div>\n\t\t\t\t<\/div>\n\t\t\t\t<div class=\"elementor-element elementor-element-cc3994f elementor-widget elementor-widget-shortcode\" data-id=\"cc3994f\" data-element_type=\"widget\" data-widget_type=\"shortcode.default\">\n\t\t\t\t<div class=\"elementor-widget-container\">\n\t\t\t\t\t\t\t<div class=\"elementor-shortcode\">\t\t<div data-elementor-type=\"section\" data-elementor-id=\"5599\" class=\"elementor elementor-5599\" data-elementor-post-type=\"elementor_library\">\n\t\t\t\t\t<\/div>\n\t\t<\/div>\n\t\t\t\t\t\t<\/div>\n\t\t\t\t<\/div>\n\t\t\t\t\t<\/div>\n\t\t<\/div>\n\t\t\t\t\t<\/div>\n\t\t<\/section>\n\t\t\t\t\t<\/div>\n\t\t<\/div>\n\t\t\t\t\t<\/div>\n\t\t<\/section>\n\t\t\t\t<\/div>","protected":false},"excerpt":{"rendered":"<p>Fosse de lavage pour v\u00e9hicules industriels et poids lourds Notre fosse de lavage pr\u00e9fabriqu\u00e9e en acier Xpertive\u00ae est une solution id\u00e9ale pour garantir un nettoyage efficace et s\u00e9curis\u00e9 des v\u00e9hicules industriels. Elle permet de laver \u00e0 la fois le dessous [&hellip;]<\/p>","protected":false},"author":5,"featured_media":0,"parent":2,"menu_order":0,"comment_status":"closed","ping_status":"closed","template":"","meta":{"site-sidebar-layout":"no-sidebar","site-content-layout":"page-builder","ast-site-content-layout":"default","site-content-style":"default","site-sidebar-style":"default","ast-global-header-display":"","ast-banner-title-visibility":"","ast-main-header-display":"","ast-hfb-above-header-display":"","ast-hfb-below-header-display":"","ast-hfb-mobile-header-display":"","site-post-title":"disabled","ast-breadcrumbs-content":"","ast-featured-img":"disabled","footer-sml-layout":"","theme-transparent-header-meta":"default","adv-header-id-meta":"","stick-header-meta":"default","header-above-stick-meta":"","header-main-stick-meta":"","header-below-stick-meta":"","astra-migrate-meta-layouts":"set","ast-page-background-enabled":"default","ast-page-background-meta":{"desktop":{"background-color":"var(--ast-global-color-4)","background-image":"","background-repeat":"repeat","background-position":"center center","background-size":"auto","background-attachment":"scroll","background-type":"","background-media":"","overlay-type":"","overlay-color":"","overlay-opacity":"","overlay-gradient":""},"tablet":{"background-color":"","background-image":"","background-repeat":"repeat","background-position":"center center","background-size":"auto","background-attachment":"scroll","background-type":"","background-media":"","overlay-type":"","overlay-color":"","overlay-opacity":"","overlay-gradient":""},"mobile":{"background-color":"","background-image":"","background-repeat":"repeat","background-position":"center center","background-size":"auto","background-attachment":"scroll","background-type":"","background-media":"","overlay-type":"","overlay-color":"","overlay-opacity":"","overlay-gradient":""}},"ast-content-background-meta":{"desktop":{"background-color":"var(--ast-global-color-5)","background-image":"","background-repeat":"repeat","background-position":"center center","background-size":"auto","background-attachment":"scroll","background-type":"","background-media":"","overlay-type":"","overlay-color":"","overlay-opacity":"","overlay-gradient":""},"tablet":{"background-color":"var(--ast-global-color-5)","background-image":"","background-repeat":"repeat","background-position":"center center","background-size":"auto","background-attachment":"scroll","background-type":"","background-media":"","overlay-type":"","overlay-color":"","overlay-opacity":"","overlay-gradient":""},"mobile":{"background-color":"var(--ast-global-color-5)","background-image":"","background-repeat":"repeat","background-position":"center center","background-size":"auto","background-attachment":"scroll","background-type":"","background-media":"","overlay-type":"","overlay-color":"","overlay-opacity":"","overlay-gradient":""}},"footnotes":""},"class_list":["post-4161","page","type-page","status-publish","hentry"],"aioseo_notices":[],"_links":{"self":[{"href":"https:\/\/xpertive.com\/fr_ca\/wp-json\/wp\/v2\/pages\/4161","targetHints":{"allow":["GET"]}}],"collection":[{"href":"https:\/\/xpertive.com\/fr_ca\/wp-json\/wp\/v2\/pages"}],"about":[{"href":"https:\/\/xpertive.com\/fr_ca\/wp-json\/wp\/v2\/types\/page"}],"author":[{"embeddable":true,"href":"https:\/\/xpertive.com\/fr_ca\/wp-json\/wp\/v2\/users\/5"}],"replies":[{"embeddable":true,"href":"https:\/\/xpertive.com\/fr_ca\/wp-json\/wp\/v2\/comments?post=4161"}],"version-history":[{"count":38,"href":"https:\/\/xpertive.com\/fr_ca\/wp-json\/wp\/v2\/pages\/4161\/revisions"}],"predecessor-version":[{"id":6381,"href":"https:\/\/xpertive.com\/fr_ca\/wp-json\/wp\/v2\/pages\/4161\/revisions\/6381"}],"up":[{"embeddable":true,"href":"https:\/\/xpertive.com\/fr_ca\/wp-json\/wp\/v2\/pages\/2"}],"wp:attachment":[{"href":"https:\/\/xpertive.com\/fr_ca\/wp-json\/wp\/v2\/media?parent=4161"}],"curies":[{"name":"wp","href":"https:\/\/api.w.org\/{rel}","templated":true}]}}