{"id":4726,"date":"2025-05-20T14:04:38","date_gmt":"2025-05-20T12:04:38","guid":{"rendered":"https:\/\/xpertive.com\/?page_id=4726"},"modified":"2025-07-11T09:15:40","modified_gmt":"2025-07-11T07:15:40","slug":"revendeurs","status":"publish","type":"page","link":"https:\/\/xpertive.com\/fr_ca\/revendeurs\/","title":{"rendered":"Nos revendeurs"},"content":{"rendered":"<div data-elementor-type=\"wp-page\" data-elementor-id=\"4726\" class=\"elementor elementor-4726\" data-elementor-post-type=\"page\">\n\t\t\t\t\t\t<section class=\"elementor-section elementor-top-section elementor-element elementor-element-5161f0d elementor-section-stretched elementor-section-boxed elementor-section-height-default elementor-section-height-default\" data-id=\"5161f0d\" data-element_type=\"section\" data-settings=\"{&quot;stretch_section&quot;:&quot;section-stretched&quot;,&quot;background_background&quot;:&quot;classic&quot;}\">\n\t\t\t\t\t\t<div class=\"elementor-container elementor-column-gap-default\">\n\t\t\t\t\t<div class=\"elementor-column elementor-col-66 elementor-top-column elementor-element elementor-element-55946d0\" data-id=\"55946d0\" data-element_type=\"column\">\n\t\t\t<div class=\"elementor-widget-wrap elementor-element-populated\">\n\t\t\t\t\t\t<div class=\"elementor-element elementor-element-b9d7d97 elementor-widget elementor-widget-heading\" data-id=\"b9d7d97\" data-element_type=\"widget\" data-widget_type=\"heading.default\">\n\t\t\t\t<div class=\"elementor-widget-container\">\n\t\t\t\t\t<h1 class=\"elementor-heading-title elementor-size-default\">Nos revendeurs de fosses de garage pr\u00e9fabriqu\u00e9es et couvertures de fosse<\/h1>\t\t\t\t<\/div>\n\t\t\t\t<\/div>\n\t\t\t\t<div class=\"elementor-element elementor-element-2d3bef8 elementor-widget elementor-widget-heading\" data-id=\"2d3bef8\" data-element_type=\"widget\" data-widget_type=\"heading.default\">\n\t\t\t\t<div class=\"elementor-widget-container\">\n\t\t\t\t\t<h2 class=\"elementor-heading-title elementor-size-default\">Qui sommes-nous ?<\/h2>\t\t\t\t<\/div>\n\t\t\t\t<\/div>\n\t\t\t\t<div class=\"elementor-element elementor-element-0a460b3 elementor-widget elementor-widget-text-editor\" data-id=\"0a460b3\" data-element_type=\"widget\" data-widget_type=\"text-editor.default\">\n\t\t\t\t<div class=\"elementor-widget-container\">\n\t\t\t\t\t\t\t\t\t<p class=\"translation-block\"><strong>Xpertive\u00ae<\/strong> est une entreprise familiale sp\u00e9cialis\u00e9e dans la fabrication de fosses et de couvertures de fosses. Nous proposons des <span style=\"color: #f47920;\"><strong>solutions adapt\u00e9es \u00e0 divers secteurs<\/strong><\/span>, incluant les poids lourds, les voitures, les engins de travaux publics et les trains. Avec une expertise \u00e9prouv\u00e9e dans notre domaine, nous nous engageons \u00e0 offrir <span style=\"color: #f47920;\"><strong>des \u00e9quipements de haute qualit\u00e9 qui r\u00e9pondent aux besoins de nos clients.<\/strong><\/span><\/p>\t\t\t\t\t\t\t\t<\/div>\n\t\t\t\t<\/div>\n\t\t\t\t<div class=\"elementor-element elementor-element-f769b24 elementor-widget elementor-widget-image\" data-id=\"f769b24\" data-element_type=\"widget\" data-widget_type=\"image.default\">\n\t\t\t\t<div class=\"elementor-widget-container\">\n\t\t\t\t\t\t\t\t\t\t\t\t\t\t\t<img fetchpriority=\"high\" decoding=\"async\" width=\"1024\" height=\"576\" src=\"https:\/\/xpertive.com\/wp-content\/uploads\/2020\/12\/IMG_1463-1024x576.jpg\" class=\"attachment-large size-large wp-image-2056\" alt=\"Protection fosse\" srcset=\"https:\/\/xpertive.com\/wp-content\/uploads\/2020\/12\/IMG_1463-1024x576.jpg 1024w, https:\/\/xpertive.com\/wp-content\/uploads\/2020\/12\/IMG_1463-300x169.jpg 300w, https:\/\/xpertive.com\/wp-content\/uploads\/2020\/12\/IMG_1463-768x432.jpg 768w, https:\/\/xpertive.com\/wp-content\/uploads\/2020\/12\/IMG_1463.jpg 1200w\" sizes=\"(max-width: 1024px) 100vw, 1024px\" \/>\t\t\t\t\t\t\t\t\t\t\t\t\t\t\t<\/div>\n\t\t\t\t<\/div>\n\t\t\t\t<div class=\"elementor-element elementor-element-a9a177d elementor-widget elementor-widget-heading\" data-id=\"a9a177d\" data-element_type=\"widget\" data-widget_type=\"heading.default\">\n\t\t\t\t<div class=\"elementor-widget-container\">\n\t\t\t\t\t<h2 class=\"elementor-heading-title elementor-size-default\">Pr\u00e9sentation de nos Revendeurs<\/h2>\t\t\t\t<\/div>\n\t\t\t\t<\/div>\n\t\t\t\t<div class=\"elementor-element elementor-element-7425f72 elementor-widget elementor-widget-text-editor\" data-id=\"7425f72\" data-element_type=\"widget\" data-widget_type=\"text-editor.default\">\n\t\t\t\t<div class=\"elementor-widget-container\">\n\t\t\t\t\t\t\t\t\t<p class=\"translation-block\">En dehors de la France, nous travaillons soit directement avec nos clients, soit par le biais de revendeurs. \u00c0 ce jour, nous avons \u00e9tabli des partenariats avec des revendeurs au <span style=\"color: #f47920;\"><strong>Canada<\/strong><\/span>, en <span style=\"color: #f47920;\"><strong>Belgique<\/strong><\/span>, au <span style=\"color: #f47920;\"><strong>Luxembourg<\/strong><\/span>, en <span style=\"color: #f47920;\"><strong>Suisse<\/strong><\/span> et en <span style=\"color: #f47920;\"><strong>Angleterre<\/strong><\/span>.\u202f\u202f<\/p>\t\t\t\t\t\t\t\t<\/div>\n\t\t\t\t<\/div>\n\t\t\t\t<div class=\"elementor-element elementor-element-660becd elementor-hidden-phone elementor-widget elementor-widget-wp-widget-wpgmza_map_widget\" data-id=\"660becd\" data-element_type=\"widget\" data-widget_type=\"wp-widget-wpgmza_map_widget.default\">\n\t\t\t\t<div class=\"elementor-widget-container\">\n\t\t\t\t\t\r\n            \r\n            \r\n            \r\n            <a name='map3'><\/a>\r\n            \r\n            \r\n            \r\n            \r\n            <div class=\"wpgmza_map\"  id=\"wpgmza_map_3\" style=\"display:block; overflow:auto; width:100%; height:400px; margin-left:auto !important; margin-right:auto !important; align:center;\" data-settings='{\"id\":\"3\",\"map_title\":\"Revendeurs\",\"map_width\":\"100\",\"map_height\":\"400\",\"map_start_lat\":\"48.3785563\",\"map_start_lng\":\"-71.0791461\",\"map_start_location\":\"\",\"map_start_zoom\":\"3\",\"default_marker\":\"\\\/\\\/xpertive.com\\\/wp-content\\\/uploads\\\/2021\\\/01\\\/fosse-couverture-1-e1611579597125.png\",\"type\":\"1\",\"alignment\":\"0\",\"directions_enabled\":\"0\",\"styling_enabled\":\"0\",\"styling_json\":\"\",\"active\":\"0\",\"kml\":\"\",\"bicycle\":\"0\",\"traffic\":\"0\",\"dbox\":\"1\",\"dbox_width\":\"100\",\"listmarkers\":\"0\",\"listmarkers_advanced\":\"0\",\"filterbycat\":\"0\",\"ugm_enabled\":\"0\",\"ugm_category_enabled\":\"0\",\"fusion\":\"\",\"map_width_type\":\"%\",\"map_height_type\":\"px\",\"mass_marker_support\":\"0\",\"ugm_access\":\"0\",\"order_markers_by\":\"1\",\"order_markers_choice\":\"1\",\"show_user_location\":\"0\",\"default_to\":\"\",\"other_settings\":{\"map_type\":1,\"sl_stroke_color\":\"#ff0000\",\"sl_fill_color\":\"#ff0000\",\"sl_stroke_opacity\":\"1\",\"sl_fill_opacity\":\"0.5\",\"transport_layer\":false,\"action\":\"wpgmza_save_map\",\"redirect_to\":\"\\\/wp-admin\\\/admin-post.php\",\"map_id\":\"3\",\"http_referer\":\"\\\/wp-admin\\\/admin.php?page=wp-google-maps-menu&amp;amp;action=edit&amp;amp;map_id=3\",\"wpgmza_id\":\"3\",\"wpgmza_start_location\":\"48.3785563,-71.0791461\",\"wpgmza_start_zoom\":\"3\",\"wpgmza_theme_data\":\"\",\"wpgmza_dbox_width_type\":\"%\",\"default_from\":\"\",\"directions_behaviour\":\"default\",\"force_google_directions_app\":false,\"directions_route_origin_icon\":\"https:\\\/\\\/xpertive.com\\\/wp-content\\\/plugins\\\/wp-google-maps\\\/images\\\/spotlight-poi3.png\",\"directions_origin_retina\":false,\"directions_route_destination_icon\":\"https:\\\/\\\/xpertive.com\\\/wp-content\\\/plugins\\\/wp-google-maps\\\/images\\\/spotlight-poi3.png\",\"directions_destination_retina\":false,\"directions_route_stroke_color\":\"#4f8df5\",\"directions_route_stroke_weight\":\"4\",\"directions_route_stroke_opacity\":\"0.8\",\"directions_fit_bounds_to_route\":false,\"store_locator_enabled\":false,\"store_locator_search_area\":\"radial\",\"wpgmza_store_locator_radius_style\":\"legacy\",\"wpgmza_store_locator_default_radius\":\"10\",\"store_locator_auto_area_max_zoom\":\"\",\"wpgmza_store_locator_restrict\":\"\",\"store_locator_distance\":false,\"wpgmza_store_locator_position\":false,\"store_locator_show_distance\":false,\"store_locator_category\":false,\"wpgmza_store_locator_use_their_location\":false,\"wpgmza_store_locator_bounce\":false,\"upload_default_sl_marker\":\"\",\"upload_default_sl_marker_retina\":false,\"wpgmza_sl_animation\":\"0\",\"wpgmza_store_locator_hide_before_search\":false,\"store_locator_query_string\":\"\",\"store_locator_location_placeholder\":\"\",\"store_locator_default_address\":\"\",\"store_locator_name_search\":false,\"store_locator_name_string\":\"\",\"store_locator_not_found_message\":\"\",\"retina\":false,\"wpgmza_map_align\":\"2\",\"upload_default_ul_marker\":\"\",\"upload_default_ul_marker_retina\":false,\"jump_to_nearest_marker_on_initialization\":false,\"automatically_pan_to_users_location\":false,\"override_users_location_zoom_level\":false,\"override_users_location_zoom_levels\":\"\",\"show_distance_from_location\":false,\"map_max_zoom\":\"21\",\"map_min_zoom\":\"0\",\"click_open_link\":false,\"fit_maps_bounds_to_markers\":false,\"fit_maps_bounds_to_markers_after_filtering\":false,\"hide_point_of_interest\":false,\"wpgmza_zoom_on_marker_click\":false,\"wpgmza_zoom_on_marker_click_slider\":\"\",\"close_infowindow_on_map_click\":false,\"disable_lightbox_images\":false,\"use_Raw_Jpeg_Coordinates\":false,\"polygon_labels\":false,\"disable_polygon_info_windows\":false,\"enable_advanced_custom_fields_integration\":false,\"enable_toolset_woocommerce_integration\":false,\"enable_woo_product_integration\":false,\"enable_marker_labels\":false,\"only_load_markers_within_viewport\":false,\"zoom_level_mobile_override_enabled\":false,\"zoom_level_mobile_override\":\"\",\"iw_primary_color\":\"#000000\",\"iw_accent_color\":\"#000000\",\"iw_text_color\":\"#000000\",\"wpgmza_listmarkers_by\":\"0\",\"wpgmza_marker_listing_position\":false,\"wpgmza_push_in_map\":false,\"wpgmza_push_in_map_placement\":\"1\",\"wpgmza_push_in_map_width\":\"\",\"wpgmza_push_in_map_height\":\"\",\"zoom_level_on_marker_listing_override\":false,\"zoom_level_on_marker_listing_click\":\"\",\"marker_listing_disable_zoom\":false,\"datatable_no_result_message\":\"\",\"remove_search_box_datables\":false,\"dataTable_pagination_style\":\"default\",\"datatable_search_string\":\"\",\"datatable_result_start\":\"\",\"datatable_result_of\":\"\",\"datatable_result_to\":\"\",\"datatable_result_total\":\"\",\"datatable_result_show\":\"\",\"datatable_result_entries\":\"\",\"wpgmza_savemap\":\"Enregistrer la carte \\u00bb\",\"shortcodeAttributes\":{\"id\":\"3\"}}}' data-map-id='3' data-shortcode-attributes='{\"id\":\"3\"}'> <\/div>\r\n            \r\n               \r\n        \t\t\t\t<\/div>\n\t\t\t\t<\/div>\n\t\t\t\t<div class=\"elementor-element elementor-element-da3b819 elementor-widget elementor-widget-heading\" data-id=\"da3b819\" data-element_type=\"widget\" data-widget_type=\"heading.default\">\n\t\t\t\t<div class=\"elementor-widget-container\">\n\t\t\t\t\t<h2 class=\"elementor-heading-title elementor-size-default\">Recherche de Nouveaux Revendeurs<\/h2>\t\t\t\t<\/div>\n\t\t\t\t<\/div>\n\t\t\t\t<div class=\"elementor-element elementor-element-ce160a1 elementor-widget elementor-widget-text-editor\" data-id=\"ce160a1\" data-element_type=\"widget\" data-widget_type=\"text-editor.default\">\n\t\t\t\t<div class=\"elementor-widget-container\">\n\t\t\t\t\t\t\t\t\t<p class=\"translation-block\"><span style=\"color: #f47920;\"><strong>Nous sommes continuellement \u00e0 la recherche de nouveaux revendeurs dans d\u2019autres pays du monde.<\/strong> <\/span>Tous nos revendeurs sont rigoureusement s\u00e9lectionn\u00e9s et re\u00e7oivent une formation approfondie sur la commercialisation, l\u2019installation et l\u2019entretien de nos \u00e9quipements.\u202f\u202f<\/p>\t\t\t\t\t\t\t\t<\/div>\n\t\t\t\t<\/div>\n\t\t\t\t<div class=\"elementor-element elementor-element-53b6b70 elementor-widget elementor-widget-heading\" data-id=\"53b6b70\" data-element_type=\"widget\" data-widget_type=\"heading.default\">\n\t\t\t\t<div class=\"elementor-widget-container\">\n\t\t\t\t\t<h3 class=\"elementor-heading-title elementor-size-default\">Devenir Revendeur<\/h3>\t\t\t\t<\/div>\n\t\t\t\t<\/div>\n\t\t\t\t<div class=\"elementor-element elementor-element-3a7a28d elementor-widget elementor-widget-text-editor\" data-id=\"3a7a28d\" data-element_type=\"widget\" data-widget_type=\"text-editor.default\">\n\t\t\t\t<div class=\"elementor-widget-container\">\n\t\t\t\t\t\t\t\t\t<p class=\"translation-block\">Si vous \u00eates int\u00e9ress\u00e9 par la possibilit\u00e9 de devenir revendeur de nos solutions, <span style=\"color: #f47920;\"><strong>n\u2019h\u00e9sitez pas \u00e0 nous contacter<\/strong><\/span>. Nous serions ravis de discuter des opportunit\u00e9s de partenariat avec vous.\u202f<\/p>\t\t\t\t\t\t\t\t<\/div>\n\t\t\t\t<\/div>\n\t\t\t\t<div class=\"elementor-element elementor-element-895b0df elementor-widget elementor-widget-text-editor\" data-id=\"895b0df\" data-element_type=\"widget\" data-widget_type=\"text-editor.default\">\n\t\t\t\t<div class=\"elementor-widget-container\">\n\t\t\t\t\t\t\t\t\t<p>Merci de votre confiance envers <strong>Xpertive\u00ae<\/strong>, <span style=\"color: #f47920;\"><strong>nous nous r\u00e9jouissons de collaborer avec vous \u00e0 l&rsquo;international.<\/strong><\/span><\/p>\t\t\t\t\t\t\t\t<\/div>\n\t\t\t\t<\/div>\n\t\t\t\t<div class=\"elementor-element elementor-element-8b5e7e6 elementor-widget elementor-widget-heading\" data-id=\"8b5e7e6\" data-element_type=\"widget\" data-widget_type=\"heading.default\">\n\t\t\t\t<div class=\"elementor-widget-container\">\n\t\t\t\t\t<h3 class=\"elementor-heading-title elementor-size-default\">Pr\u00e9sentation de nos Revendeurs<\/h3>\t\t\t\t<\/div>\n\t\t\t\t<\/div>\n\t\t\t\t<div class=\"elementor-element elementor-element-1282883 elementor-widget elementor-widget-text-editor\" data-id=\"1282883\" data-element_type=\"widget\" data-widget_type=\"text-editor.default\">\n\t\t\t\t<div class=\"elementor-widget-container\">\n\t\t\t\t\t\t\t\t\t<p>En dehors de la France, nous travaillons soit directement avec nos clients, soit par le biais de revendeurs. \u00c0 ce jour, nous avons \u00e9tabli des partenariats avec des revendeurs au\u00a0<a href=\"https:\/\/xpertive.com\/fr_ca\/ca\/contact\/\"><strong>Canada<\/strong><\/a>, en\u00a0<a href=\"https:\/\/xpertive.com\/be\/contact\/\"><strong>Belgique<\/strong><\/a>, au\u00a0<a href=\"https:\/\/xpertive.com\/be\/contact\/\"><strong>Luxembourg<\/strong><\/a>, en\u00a0<a href=\"https:\/\/xpertive.com\/ch\/contact\/\"><strong>Suisse<\/strong><\/a>\u00a0et en\u00a0<a href=\"https:\/\/xpertive.com\/en\/contact\/\"><strong>Angleterre<\/strong><\/a>.<\/p>\t\t\t\t\t\t\t\t<\/div>\n\t\t\t\t<\/div>\n\t\t\t\t\t<\/div>\n\t\t<\/div>\n\t\t\t\t<div class=\"elementor-column elementor-col-33 elementor-top-column elementor-element elementor-element-2c970d3\" data-id=\"2c970d3\" data-element_type=\"column\">\n\t\t\t<div class=\"elementor-widget-wrap elementor-element-populated\">\n\t\t\t\t\t\t<section class=\"elementor-section elementor-inner-section elementor-element elementor-element-324431d elementor-section-height-min-height elementor-section-content-middle elementor-section-boxed elementor-section-height-default\" data-id=\"324431d\" data-element_type=\"section\" data-settings=\"{&quot;sticky&quot;:&quot;top&quot;,&quot;sticky_offset&quot;:100,&quot;sticky_on&quot;:[&quot;desktop&quot;,&quot;tablet&quot;],&quot;sticky_parent&quot;:&quot;yes&quot;,&quot;sticky_effects_offset&quot;:0,&quot;sticky_anchor_link_offset&quot;:0}\">\n\t\t\t\t\t\t<div class=\"elementor-container elementor-column-gap-default\">\n\t\t\t\t\t<div class=\"elementor-column elementor-col-100 elementor-inner-column elementor-element elementor-element-8afac72\" data-id=\"8afac72\" data-element_type=\"column\">\n\t\t\t<div class=\"elementor-widget-wrap elementor-element-populated\">\n\t\t\t\t\t\t<div class=\"elementor-element elementor-element-ac49cde elementor-widget elementor-widget-video\" data-id=\"ac49cde\" data-element_type=\"widget\" data-settings=\"{&quot;youtube_url&quot;:&quot;https:\\\/\\\/youtu.be\\\/52BrGPPbJJA&quot;,&quot;autoplay&quot;:&quot;yes&quot;,&quot;video_type&quot;:&quot;youtube&quot;,&quot;controls&quot;:&quot;yes&quot;}\" data-widget_type=\"video.default\">\n\t\t\t\t<div class=\"elementor-widget-container\">\n\t\t\t\t\t\t\t<div class=\"elementor-wrapper elementor-open-inline\">\n\t\t\t<div class=\"elementor-video\"><\/div>\t\t<\/div>\n\t\t\t\t\t\t<\/div>\n\t\t\t\t<\/div>\n\t\t\t\t<div class=\"elementor-element elementor-element-0c3cbd1 elementor-widget elementor-widget-image\" data-id=\"0c3cbd1\" data-element_type=\"widget\" data-widget_type=\"image.default\">\n\t\t\t\t<div class=\"elementor-widget-container\">\n\t\t\t\t\t\t\t\t\t\t\t\t<figure class=\"wp-caption\">\n\t\t\t\t\t\t\t\t\t\t\t<a href=\"https:\/\/xpertive.com\/wp-content\/uploads\/2023\/11\/Brochure-generale-Xpertive.pdf\" target=\"_blank\">\n\t\t\t\t\t\t\t<img decoding=\"async\" width=\"300\" height=\"225\" src=\"https:\/\/xpertive.com\/wp-content\/uploads\/2023\/11\/Telechargez-notre-brochure-generale-2023-300x225.png\" class=\"elementor-animation-grow attachment-medium size-medium wp-image-3836\" alt=\"Sp\u00e9cialiste fosse de garage couverture de fosse et \u00e9quipement d atelier\" srcset=\"https:\/\/xpertive.com\/wp-content\/uploads\/2023\/11\/Telechargez-notre-brochure-generale-2023-300x225.png 300w, https:\/\/xpertive.com\/wp-content\/uploads\/2023\/11\/Telechargez-notre-brochure-generale-2023-16x12.png 16w, https:\/\/xpertive.com\/wp-content\/uploads\/2023\/11\/Telechargez-notre-brochure-generale-2023.png 425w\" sizes=\"(max-width: 300px) 100vw, 300px\" \/>\t\t\t\t\t\t\t\t<\/a>\n\t\t\t\t\t\t\t\t\t\t\t<figcaption class=\"widget-image-caption wp-caption-text\">Brochure \u00e0 t\u00e9l\u00e9charger<\/figcaption>\n\t\t\t\t\t\t\t\t\t\t<\/figure>\n\t\t\t\t\t\t\t\t\t<\/div>\n\t\t\t\t<\/div>\n\t\t\t\t<div class=\"elementor-element elementor-element-3788d75 elementor-widget elementor-widget-shortcode\" data-id=\"3788d75\" data-element_type=\"widget\" data-widget_type=\"shortcode.default\">\n\t\t\t\t<div class=\"elementor-widget-container\">\n\t\t\t\t\t\t\t<div class=\"elementor-shortcode\">\t\t<div data-elementor-type=\"section\" data-elementor-id=\"5599\" class=\"elementor elementor-5599\" data-elementor-post-type=\"elementor_library\">\n\t\t\t\t\t<\/div>\n\t\t<\/div>\n\t\t\t\t\t\t<\/div>\n\t\t\t\t<\/div>\n\t\t\t\t\t<\/div>\n\t\t<\/div>\n\t\t\t\t\t<\/div>\n\t\t<\/section>\n\t\t\t\t\t<\/div>\n\t\t<\/div>\n\t\t\t\t\t<\/div>\n\t\t<\/section>\n\t\t\t\t<\/div>","protected":false},"excerpt":{"rendered":"<p>Nos revendeurs de fosses de garage pr\u00e9fabriqu\u00e9es et couvertures de fosse Qui sommes-nous ? Xpertive\u00ae est une entreprise familiale sp\u00e9cialis\u00e9e dans la fabrication de fosses et de couvertures de fosses. Nous proposons des solutions adapt\u00e9es \u00e0 divers secteurs, incluant les [&hellip;]<\/p>","protected":false},"author":5,"featured_media":0,"parent":0,"menu_order":0,"comment_status":"closed","ping_status":"closed","template":"","meta":{"site-sidebar-layout":"no-sidebar","site-content-layout":"page-builder","ast-site-content-layout":"full-width-container","site-content-style":"default","site-sidebar-style":"default","ast-global-header-display":"","ast-banner-title-visibility":"","ast-main-header-display":"","ast-hfb-above-header-display":"","ast-hfb-below-header-display":"","ast-hfb-mobile-header-display":"","site-post-title":"disabled","ast-breadcrumbs-content":"","ast-featured-img":"disabled","footer-sml-layout":"","theme-transparent-header-meta":"default","adv-header-id-meta":"","stick-header-meta":"default","header-above-stick-meta":"","header-main-stick-meta":"","header-below-stick-meta":"","astra-migrate-meta-layouts":"set","ast-page-background-enabled":"default","ast-page-background-meta":{"desktop":{"background-color":"var(--ast-global-color-4)","background-image":"","background-repeat":"repeat","background-position":"center center","background-size":"auto","background-attachment":"scroll","background-type":"","background-media":"","overlay-type":"","overlay-color":"","overlay-opacity":"","overlay-gradient":""},"tablet":{"background-color":"","background-image":"","background-repeat":"repeat","background-position":"center center","background-size":"auto","background-attachment":"scroll","background-type":"","background-media":"","overlay-type":"","overlay-color":"","overlay-opacity":"","overlay-gradient":""},"mobile":{"background-color":"","background-image":"","background-repeat":"repeat","background-position":"center center","background-size":"auto","background-attachment":"scroll","background-type":"","background-media":"","overlay-type":"","overlay-color":"","overlay-opacity":"","overlay-gradient":""}},"ast-content-background-meta":{"desktop":{"background-color":"var(--ast-global-color-5)","background-image":"","background-repeat":"repeat","background-position":"center center","background-size":"auto","background-attachment":"scroll","background-type":"","background-media":"","overlay-type":"","overlay-color":"","overlay-opacity":"","overlay-gradient":""},"tablet":{"background-color":"var(--ast-global-color-5)","background-image":"","background-repeat":"repeat","background-position":"center center","background-size":"auto","background-attachment":"scroll","background-type":"","background-media":"","overlay-type":"","overlay-color":"","overlay-opacity":"","overlay-gradient":""},"mobile":{"background-color":"var(--ast-global-color-5)","background-image":"","background-repeat":"repeat","background-position":"center center","background-size":"auto","background-attachment":"scroll","background-type":"","background-media":"","overlay-type":"","overlay-color":"","overlay-opacity":"","overlay-gradient":""}},"footnotes":""},"class_list":["post-4726","page","type-page","status-publish","hentry"],"aioseo_notices":[],"_links":{"self":[{"href":"https:\/\/xpertive.com\/fr_ca\/wp-json\/wp\/v2\/pages\/4726","targetHints":{"allow":["GET"]}}],"collection":[{"href":"https:\/\/xpertive.com\/fr_ca\/wp-json\/wp\/v2\/pages"}],"about":[{"href":"https:\/\/xpertive.com\/fr_ca\/wp-json\/wp\/v2\/types\/page"}],"author":[{"embeddable":true,"href":"https:\/\/xpertive.com\/fr_ca\/wp-json\/wp\/v2\/users\/5"}],"replies":[{"embeddable":true,"href":"https:\/\/xpertive.com\/fr_ca\/wp-json\/wp\/v2\/comments?post=4726"}],"version-history":[{"count":23,"href":"https:\/\/xpertive.com\/fr_ca\/wp-json\/wp\/v2\/pages\/4726\/revisions"}],"predecessor-version":[{"id":6364,"href":"https:\/\/xpertive.com\/fr_ca\/wp-json\/wp\/v2\/pages\/4726\/revisions\/6364"}],"wp:attachment":[{"href":"https:\/\/xpertive.com\/fr_ca\/wp-json\/wp\/v2\/media?parent=4726"}],"curies":[{"name":"wp","href":"https:\/\/api.w.org\/{rel}","templated":true}]}}