{"id":934,"date":"2018-11-22T15:05:13","date_gmt":"2018-11-22T14:05:13","guid":{"rendered":"http:\/\/xpertive.com\/?page_id=934"},"modified":"2025-05-20T13:57:23","modified_gmt":"2025-05-20T11:57:23","slug":"verins-pour-fosse-de-garage","status":"publish","type":"page","link":"https:\/\/xpertive.com\/fr_ca\/equipements-atelier\/solutions-de-levage\/verins-pour-fosse-de-garage\/","title":{"rendered":"Verins pour fosse de garage"},"content":{"rendered":"<div data-elementor-type=\"wp-post\" data-elementor-id=\"934\" class=\"elementor elementor-934\" data-elementor-post-type=\"page\">\n\t\t\t\t\t\t<section class=\"elementor-section elementor-top-section elementor-element elementor-element-709bdb9 elementor-section-boxed elementor-section-height-default elementor-section-height-default\" data-id=\"709bdb9\" data-element_type=\"section\">\n\t\t\t\t\t\t<div class=\"elementor-container elementor-column-gap-default\">\n\t\t\t\t\t<div class=\"elementor-column elementor-col-100 elementor-top-column elementor-element elementor-element-0cdd6fb\" data-id=\"0cdd6fb\" data-element_type=\"column\">\n\t\t\t<div class=\"elementor-widget-wrap elementor-element-populated\">\n\t\t\t\t\t\t<div class=\"elementor-element elementor-element-ea09a8b elementor-widget elementor-widget-heading\" data-id=\"ea09a8b\" data-element_type=\"widget\" data-widget_type=\"heading.default\">\n\t\t\t\t<div class=\"elementor-widget-container\">\n\t\t\t\t\t<h1 class=\"elementor-heading-title elementor-size-default\">Une gamme compl\u00e8te de v\u00e9rins pour \u00e9quiper votre fosse de maintenance<\/h1>\t\t\t\t<\/div>\n\t\t\t\t<\/div>\n\t\t\t\t\t<\/div>\n\t\t<\/div>\n\t\t\t\t\t<\/div>\n\t\t<\/section>\n\t\t\t\t<section class=\"elementor-section elementor-top-section elementor-element elementor-element-cd212ef elementor-section-boxed elementor-section-height-default elementor-section-height-default\" data-id=\"cd212ef\" data-element_type=\"section\">\n\t\t\t\t\t\t<div class=\"elementor-container elementor-column-gap-default\">\n\t\t\t\t\t<div class=\"elementor-column elementor-col-100 elementor-top-column elementor-element elementor-element-f388b6d\" data-id=\"f388b6d\" data-element_type=\"column\">\n\t\t\t<div class=\"elementor-widget-wrap elementor-element-populated\">\n\t\t\t\t\t\t<div class=\"elementor-element elementor-element-637fc26 elementor-widget elementor-widget-text-editor\" data-id=\"637fc26\" data-element_type=\"widget\" data-widget_type=\"text-editor.default\">\n\t\t\t\t<div class=\"elementor-widget-container\">\n\t\t\t\t\t\t\t\t\t<p>Pour effectuer certaines r\u00e9parations sur vos v\u00e9hicules lourds (intervention sur les essieux, maintenance freinage, d\u00e9pose de boite de vitesse, etc..) vous devez disposer d\u2019un moyen de levage en fosse.&nbsp;<span style=\"font-size: 15px; color: var( --e-global-color-text );\">Pour cela deux solutions s\u2019offrent \u00e0 vous le<\/span><span style=\"font-size: 15px; color: rgb(255, 102, 0);\"><b>&nbsp;cric bord de fosse<\/b><\/span><span style=\"font-size: 15px; color: var( --e-global-color-text );\">, qui coulissera le long de votre corni\u00e8re bord de fosse, soit d\u2019un<\/span><b style=\"font-style: inherit; color: var( --e-global-color-text );\"> <span style=\"color: #ff6600;\">v\u00e9rin fond de fosse.<\/span><\/b><\/p>\t\t\t\t\t\t\t\t<\/div>\n\t\t\t\t<\/div>\n\t\t\t\t<div class=\"elementor-element elementor-element-d6419a7 elementor-widget elementor-widget-gallery\" data-id=\"d6419a7\" data-element_type=\"widget\" data-settings=\"{&quot;gallery_layout&quot;:&quot;justified&quot;,&quot;ideal_row_height&quot;:{&quot;unit&quot;:&quot;px&quot;,&quot;size&quot;:327,&quot;sizes&quot;:[]},&quot;gap&quot;:{&quot;unit&quot;:&quot;px&quot;,&quot;size&quot;:50,&quot;sizes&quot;:[]},&quot;lazyload&quot;:&quot;yes&quot;,&quot;ideal_row_height_tablet&quot;:{&quot;unit&quot;:&quot;px&quot;,&quot;size&quot;:150,&quot;sizes&quot;:[]},&quot;ideal_row_height_mobile&quot;:{&quot;unit&quot;:&quot;px&quot;,&quot;size&quot;:150,&quot;sizes&quot;:[]},&quot;gap_tablet&quot;:{&quot;unit&quot;:&quot;px&quot;,&quot;size&quot;:10,&quot;sizes&quot;:[]},&quot;gap_mobile&quot;:{&quot;unit&quot;:&quot;px&quot;,&quot;size&quot;:10,&quot;sizes&quot;:[]},&quot;link_to&quot;:&quot;file&quot;,&quot;overlay_background&quot;:&quot;yes&quot;,&quot;content_hover_animation&quot;:&quot;fade-in&quot;}\" data-widget_type=\"gallery.default\">\n\t\t\t\t<div class=\"elementor-widget-container\">\n\t\t\t\t\t\t\t<div class=\"elementor-gallery__container\">\n\t\t\t\t\t\t\t<a class=\"e-gallery-item elementor-gallery-item elementor-animated-content\" href=\"https:\/\/xpertive.com\/wp-content\/uploads\/2025\/03\/Verin-bord-de-fosse-Blitz-S15-Vario-Flat-XPERTIVE.webp\" data-elementor-open-lightbox=\"yes\" data-elementor-lightbox-slideshow=\"d6419a7\" data-elementor-lightbox-title=\"V\u00e9rin bord de fosse Blitz S15 Vario Flat XPERTIVE\" data-elementor-lightbox-description=\"Outils de levage pour camion dans les ateliers de maintenance \u00e9quip\u00e9 de fosse de garage \" data-e-action-hash=\"#elementor-action%3Aaction%3Dlightbox%26settings%3DeyJpZCI6NDAzMiwidXJsIjoiaHR0cHM6XC9cL3hwZXJ0aXZlLmNvbVwvd3AtY29udGVudFwvdXBsb2Fkc1wvMjAyNVwvMDNcL1ZlcmluLWJvcmQtZGUtZm9zc2UtQmxpdHotUzE1LVZhcmlvLUZsYXQtWFBFUlRJVkUud2VicCIsInNsaWRlc2hvdyI6ImQ2NDE5YTcifQ%3D%3D\">\n\t\t\t\t\t<div class=\"e-gallery-image elementor-gallery-item__image\" data-thumbnail=\"https:\/\/xpertive.com\/wp-content\/uploads\/2025\/03\/Verin-bord-de-fosse-Blitz-S15-Vario-Flat-XPERTIVE.webp\" data-width=\"1890\" data-height=\"2506\" aria-label=\"Cric pour levage de v\u00e9hicules lourds en bord de fosse\" role=\"img\" ><\/div>\n\t\t\t\t\t\t\t\t\t\t\t<div class=\"elementor-gallery-item__overlay\"><\/div>\n\t\t\t\t\t\t\t\t\t\t\t\t\t\t<\/a>\n\t\t\t\t\t\t\t<a class=\"e-gallery-item elementor-gallery-item elementor-animated-content\" href=\"https:\/\/xpertive.com\/wp-content\/uploads\/2020\/02\/traverse-de-levage-Xpertive.png\" data-elementor-open-lightbox=\"yes\" data-elementor-lightbox-slideshow=\"d6419a7\" data-elementor-lightbox-title=\"traverse de levage Xpertive\" data-elementor-lightbox-description=\"une traverse de levage unique enti\u00e8rement s\u00e9curis\u00e9 pour op\u00e9ration de maintenance sur v\u00e9hicules lourds\" data-e-action-hash=\"#elementor-action%3Aaction%3Dlightbox%26settings%3DeyJpZCI6MTcyMywidXJsIjoiaHR0cHM6XC9cL3hwZXJ0aXZlLmNvbVwvd3AtY29udGVudFwvdXBsb2Fkc1wvMjAyMFwvMDJcL3RyYXZlcnNlLWRlLWxldmFnZS1YcGVydGl2ZS5wbmciLCJzbGlkZXNob3ciOiJkNjQxOWE3In0%3D\">\n\t\t\t\t\t<div class=\"e-gallery-image elementor-gallery-item__image\" data-thumbnail=\"https:\/\/xpertive.com\/wp-content\/uploads\/2020\/02\/traverse-de-levage-Xpertive.png\" data-width=\"1596\" data-height=\"1142\" aria-label=\"cric bord de fosse bus et poids lourds\" role=\"img\" ><\/div>\n\t\t\t\t\t\t\t\t\t\t\t<div class=\"elementor-gallery-item__overlay\"><\/div>\n\t\t\t\t\t\t\t\t\t\t\t\t\t\t<\/a>\n\t\t\t\t\t\t\t<a class=\"e-gallery-item elementor-gallery-item elementor-animated-content\" href=\"https:\/\/xpertive.com\/wp-content\/uploads\/2025\/03\/CRIC-FOND-DE-FOSSE-SERIE-M-BLITZ-XPERTIVE.webp\" data-elementor-open-lightbox=\"yes\" data-elementor-lightbox-slideshow=\"d6419a7\" data-elementor-lightbox-title=\"CRIC FOND DE FOSSE SERIE M BLITZ XPERTIVE\" data-elementor-lightbox-description=\"Dispositif pour lever les v\u00e9hicules en fond de fosses et permettre d&#039;\u00e9quiper les fosses de couverture \" data-e-action-hash=\"#elementor-action%3Aaction%3Dlightbox%26settings%3DeyJpZCI6NDAyOSwidXJsIjoiaHR0cHM6XC9cL3hwZXJ0aXZlLmNvbVwvd3AtY29udGVudFwvdXBsb2Fkc1wvMjAyNVwvMDNcL0NSSUMtRk9ORC1ERS1GT1NTRS1TRVJJRS1NLUJMSVRaLVhQRVJUSVZFLndlYnAiLCJzbGlkZXNob3ciOiJkNjQxOWE3In0%3D\">\n\t\t\t\t\t<div class=\"e-gallery-image elementor-gallery-item__image\" data-thumbnail=\"https:\/\/xpertive.com\/wp-content\/uploads\/2025\/03\/CRIC-FOND-DE-FOSSE-SERIE-M-BLITZ-XPERTIVE.webp\" data-width=\"2430\" data-height=\"2193\" aria-label=\"V\u00e9rin 15T fond de fosse Blitz Rotary\" role=\"img\" ><\/div>\n\t\t\t\t\t\t\t\t\t\t\t<div class=\"elementor-gallery-item__overlay\"><\/div>\n\t\t\t\t\t\t\t\t\t\t\t\t\t\t<\/a>\n\t\t\t\t\t<\/div>\n\t\t\t\t\t<\/div>\n\t\t\t\t<\/div>\n\t\t\t\t<div class=\"elementor-element elementor-element-0a80e8c elementor-widget elementor-widget-text-editor\" data-id=\"0a80e8c\" data-element_type=\"widget\" data-widget_type=\"text-editor.default\">\n\t\t\t\t<div class=\"elementor-widget-container\">\n\t\t\t\t\t\t\t\t\t<p><span style=\"font-size: 15px; font-style: normal; text-align: justify;\">En fonction de vos habitudes de travail, du type d&rsquo;intervention que vous souhaitez r\u00e9aliser (<\/span><span style=\"font-size: 15px; font-style: normal; text-align: justify; color: #ff6600;\"><span style=\"font-size: 15px; font-weight: bold;\">levage et\/ou d\u00e9pose d&rsquo;organe<\/span><\/span><span style=\"font-size: 15px; font-style: normal; text-align: justify;\">), de la profondeur de votre fosse, de la pr\u00e9sence d\u2019une niche de stockage ou de la disponibilit\u00e9 de votre corni\u00e8re bord de fosse qui peut d\u00e9j\u00e0 \u00eatre utilis\u00e9e par un bac r\u00e9cup\u00e9rateur d\u2019huiles us\u00e9es, votre choix s\u2019orientera naturellement sur l\u2019une de ces solutions.<\/span><\/p>\t\t\t\t\t\t\t\t<\/div>\n\t\t\t\t<\/div>\n\t\t\t\t\t<\/div>\n\t\t<\/div>\n\t\t\t\t\t<\/div>\n\t\t<\/section>\n\t\t\t\t<section class=\"elementor-section elementor-top-section elementor-element elementor-element-c89353e elementor-section-boxed elementor-section-height-default elementor-section-height-default\" data-id=\"c89353e\" data-element_type=\"section\">\n\t\t\t\t\t\t<div class=\"elementor-container elementor-column-gap-default\">\n\t\t\t\t\t<div class=\"elementor-column elementor-col-100 elementor-top-column elementor-element elementor-element-1ced30d\" data-id=\"1ced30d\" data-element_type=\"column\">\n\t\t\t<div class=\"elementor-widget-wrap elementor-element-populated\">\n\t\t\t\t\t\t<div class=\"elementor-element elementor-element-268fbfa elementor-widget elementor-widget-text-editor\" data-id=\"268fbfa\" data-element_type=\"widget\" data-widget_type=\"text-editor.default\">\n\t\t\t\t<div class=\"elementor-widget-container\">\n\t\t\t\t\t\t\t\t\t<h2>Solutions de levage en fosse sur mesure et en direct du fabricant\u00a0<\/h2><p style=\"margin: 0cm 0cm 0.0001pt; font-size: medium; font-family: Calibri, sans-serif; caret-color: #000000; color: #000000; font-style: normal;\">Xpertive dispose d\u2019une tr\u00e8s large gamme de solution nous permettant de r\u00e9pondre \u00e0 tous vos besoins. Nous travaillons en direct avec plusieurs usines qui fabriquent des <span style=\"color: #ff6600;\"><strong>solutions de levage en fosse standard ou sur-mesure<\/strong><\/span> qui nous permettent aujourd\u2019hui de r\u00e9pondre \u00e0 une grande majorit\u00e9 des demandes que nous recevons.\u00a0<\/p><p style=\"margin: 0cm 0cm 0.0001pt; font-size: medium; font-family: Calibri, sans-serif; caret-color: #000000; color: #000000; font-style: normal;\">Les produits que nous faisons fabriquer sur mesure sont toujours des solutions haut de gamme et robuste qui correspondent r\u00e9ellement au besoin m\u00e9tier de nos clients et \u00e0 leurs attentes.\u00a0<\/p><p style=\"margin: 0cm 0cm 0.0001pt; font-size: medium; font-family: Calibri, sans-serif; caret-color: #000000; color: #000000; font-style: normal;\">Sans limite, nous pouvons vous proposer toutes <strong><span style=\"color: #ff6600;\">solutions de levage en fosse en version manuelle<\/span><\/strong> si votre fosse n\u2019est pas \u00e9quip\u00e9e d\u2019un r\u00e9seau d\u2019air <span style=\"color: #ff6600;\"><strong>ou en version pneumatique <\/strong><span style=\"color: #000000;\">pour un maximum <\/span><span style=\"color: #000000;\">de confort et s\u00e9curit\u00e9.<\/span><\/span><\/p>\t\t\t\t\t\t\t\t<\/div>\n\t\t\t\t<\/div>\n\t\t\t\t<div class=\"elementor-element elementor-element-6ab4303 elementor-widget elementor-widget-gallery\" data-id=\"6ab4303\" data-element_type=\"widget\" data-settings=\"{&quot;gallery_layout&quot;:&quot;justified&quot;,&quot;ideal_row_height&quot;:{&quot;unit&quot;:&quot;px&quot;,&quot;size&quot;:450,&quot;sizes&quot;:[]},&quot;gap&quot;:{&quot;unit&quot;:&quot;px&quot;,&quot;size&quot;:50,&quot;sizes&quot;:[]},&quot;lazyload&quot;:&quot;yes&quot;,&quot;ideal_row_height_tablet&quot;:{&quot;unit&quot;:&quot;px&quot;,&quot;size&quot;:150,&quot;sizes&quot;:[]},&quot;ideal_row_height_mobile&quot;:{&quot;unit&quot;:&quot;px&quot;,&quot;size&quot;:150,&quot;sizes&quot;:[]},&quot;gap_tablet&quot;:{&quot;unit&quot;:&quot;px&quot;,&quot;size&quot;:10,&quot;sizes&quot;:[]},&quot;gap_mobile&quot;:{&quot;unit&quot;:&quot;px&quot;,&quot;size&quot;:10,&quot;sizes&quot;:[]},&quot;link_to&quot;:&quot;file&quot;,&quot;overlay_background&quot;:&quot;yes&quot;,&quot;content_hover_animation&quot;:&quot;fade-in&quot;}\" data-widget_type=\"gallery.default\">\n\t\t\t\t<div class=\"elementor-widget-container\">\n\t\t\t\t\t\t\t<div class=\"elementor-gallery__container\">\n\t\t\t\t\t\t\t<a class=\"e-gallery-item elementor-gallery-item elementor-animated-content\" href=\"https:\/\/xpertive.com\/wp-content\/uploads\/2025\/03\/CRIC-BORD-DE-FOSSE-SURBAISSE-BLITZ-VARIO-UNI-XPERTIVE-scaled.webp\" data-elementor-open-lightbox=\"yes\" data-elementor-lightbox-slideshow=\"6ab4303\" data-elementor-lightbox-title=\"CRIC BORD DE FOSSE SURBAISSE BLITZ VARIO UNI XPERTIVE\" data-elementor-lightbox-description=\"V\u00e9rins de fosse tout pneumatique 15 tonnes \" data-e-action-hash=\"#elementor-action%3Aaction%3Dlightbox%26settings%3DeyJpZCI6NDAzMSwidXJsIjoiaHR0cHM6XC9cL3hwZXJ0aXZlLmNvbVwvd3AtY29udGVudFwvdXBsb2Fkc1wvMjAyNVwvMDNcL0NSSUMtQk9SRC1ERS1GT1NTRS1TVVJCQUlTU0UtQkxJVFotVkFSSU8tVU5JLVhQRVJUSVZFLXNjYWxlZC53ZWJwIiwic2xpZGVzaG93IjoiNmFiNDMwMyJ9\">\n\t\t\t\t\t<div class=\"e-gallery-image elementor-gallery-item__image\" data-thumbnail=\"https:\/\/xpertive.com\/wp-content\/uploads\/2025\/03\/CRIC-BORD-DE-FOSSE-SURBAISSE-BLITZ-VARIO-UNI-XPERTIVE-scaled.webp\" data-width=\"1787\" data-height=\"2560\" aria-label=\"V\u00e9rins bord de fosse mixte pour levage poids lourds et d\u00e9pose organe\" role=\"img\" ><\/div>\n\t\t\t\t\t\t\t\t\t\t\t<div class=\"elementor-gallery-item__overlay\"><\/div>\n\t\t\t\t\t\t\t\t\t\t\t\t\t\t<\/a>\n\t\t\t\t\t\t\t<a class=\"e-gallery-item elementor-gallery-item elementor-animated-content\" href=\"https:\/\/xpertive.com\/wp-content\/uploads\/2025\/03\/Traverse-levage-double-verin-XPERTIVE.webp\" data-elementor-open-lightbox=\"yes\" data-elementor-lightbox-slideshow=\"6ab4303\" data-elementor-lightbox-title=\"Traverse levage double v\u00e9rin XPERTIVE\" data-elementor-lightbox-description=\"Outils pour lever les v\u00e9hicules lourds sp\u00e9cial pour op\u00e9ration rapide en fosse\" data-e-action-hash=\"#elementor-action%3Aaction%3Dlightbox%26settings%3DeyJpZCI6NDAzNCwidXJsIjoiaHR0cHM6XC9cL3hwZXJ0aXZlLmNvbVwvd3AtY29udGVudFwvdXBsb2Fkc1wvMjAyNVwvMDNcL1RyYXZlcnNlLWxldmFnZS1kb3VibGUtdmVyaW4tWFBFUlRJVkUud2VicCIsInNsaWRlc2hvdyI6IjZhYjQzMDMifQ%3D%3D\">\n\t\t\t\t\t<div class=\"e-gallery-image elementor-gallery-item__image\" data-thumbnail=\"https:\/\/xpertive.com\/wp-content\/uploads\/2025\/03\/Traverse-levage-double-verin-XPERTIVE.webp\" data-width=\"384\" data-height=\"387\" aria-label=\"Cric de levage poids lourds en bord de fosse avec 2 v\u00e9rin 10 tonnes\" role=\"img\" ><\/div>\n\t\t\t\t\t\t\t\t\t\t\t<div class=\"elementor-gallery-item__overlay\"><\/div>\n\t\t\t\t\t\t\t\t\t\t\t\t\t\t<\/a>\n\t\t\t\t\t\t\t<a class=\"e-gallery-item elementor-gallery-item elementor-animated-content\" href=\"https:\/\/xpertive.com\/wp-content\/uploads\/2025\/03\/CRIC-FOND-DE-FOSSE-BLITZ-SERIE-R-XPERTIVE-scaled.webp\" data-elementor-open-lightbox=\"yes\" data-elementor-lightbox-slideshow=\"6ab4303\" data-elementor-lightbox-title=\"CRIC FOND DE FOSSE BLITZ SERIE R XPERTIVE\" data-elementor-lightbox-description=\"L&#039;outil le plus performant de la gamme blitz pour le levage de v\u00e9hicules en fond de fosse et adapt\u00e9 aux fosses pr\u00e9fabriqu\u00e9 de marque XPERTIVE \" data-e-action-hash=\"#elementor-action%3Aaction%3Dlightbox%26settings%3DeyJpZCI6NDAyNywidXJsIjoiaHR0cHM6XC9cL3hwZXJ0aXZlLmNvbVwvd3AtY29udGVudFwvdXBsb2Fkc1wvMjAyNVwvMDNcL0NSSUMtRk9ORC1ERS1GT1NTRS1CTElUWi1TRVJJRS1SLVhQRVJUSVZFLXNjYWxlZC53ZWJwIiwic2xpZGVzaG93IjoiNmFiNDMwMyJ9\">\n\t\t\t\t\t<div class=\"e-gallery-image elementor-gallery-item__image\" data-thumbnail=\"https:\/\/xpertive.com\/wp-content\/uploads\/2025\/03\/CRIC-FOND-DE-FOSSE-BLITZ-SERIE-R-XPERTIVE-scaled.webp\" data-width=\"2560\" data-height=\"1763\" aria-label=\"Cric de levage poids lourd sur rails en fond de fosse\" role=\"img\" ><\/div>\n\t\t\t\t\t\t\t\t\t\t\t<div class=\"elementor-gallery-item__overlay\"><\/div>\n\t\t\t\t\t\t\t\t\t\t\t\t\t\t<\/a>\n\t\t\t\t\t<\/div>\n\t\t\t\t\t<\/div>\n\t\t\t\t<\/div>\n\t\t\t\t\t<\/div>\n\t\t<\/div>\n\t\t\t\t\t<\/div>\n\t\t<\/section>\n\t\t\t\t<section class=\"elementor-section elementor-top-section elementor-element elementor-element-0da517c elementor-section-boxed elementor-section-height-default elementor-section-height-default\" data-id=\"0da517c\" data-element_type=\"section\">\n\t\t\t\t\t\t<div class=\"elementor-container elementor-column-gap-default\">\n\t\t\t\t\t<div class=\"elementor-column elementor-col-100 elementor-top-column elementor-element elementor-element-0e99b2e\" data-id=\"0e99b2e\" data-element_type=\"column\">\n\t\t\t<div class=\"elementor-widget-wrap elementor-element-populated\">\n\t\t\t\t\t\t<div class=\"elementor-element elementor-element-07cadbf elementor-widget elementor-widget-text-editor\" data-id=\"07cadbf\" data-element_type=\"widget\" data-widget_type=\"text-editor.default\">\n\t\t\t\t<div class=\"elementor-widget-container\">\n\t\t\t\t\t\t\t\t\t<h2>Une gamme de cric adapt\u00e9e \u00e0 nos fosses et couvertures de fosse<\/h2><p>Nous avons d\u00e9velopp\u00e9 ce <strong>r\u00e9seau unique de fabricant de v\u00e9rin de fosse<\/strong> \u00e0 la demande de nos clients pour l&rsquo;\u00e9quipement de leurs\u00a0<a href=\"\/fr_ca\/produits\/fosse-atelier-prefabriquee-acier\/la-fosse-prefabriquee-xpertive-et-ses-avantages\/\" target=\"_blank\" rel=\"noopener\"><strong>fosses de garage pr\u00e9fabriqu\u00e9es en acier<\/strong><\/a>\u00a0 mais aussi pour permettre \u00e0 nos clients devant s\u00e9curiser leur fosse existante d\u2019installer\u00a0<a style=\"font-size: 15px;\" href=\"\/fr_ca\/produits\/couvertures-de-fosse\/\" target=\"_blank\" rel=\"noopener\"><strong>nos syst\u00e8mes de couvertures de fosse<\/strong>.<\/a><\/p><p><b>Nos couvertures de fosses en aluminium ou pvc<\/b> coulissent dans un rail que nous soudons dans les corni\u00e8res de fosse. Ces corni\u00e8res sont souvent occup\u00e9es par des <b>v\u00e9rins bord de fosse, ou des traverses de levage<\/b> dont la taille des galets et du berceau ne permettent pas aux \u00e9quipements de s\u00e9curisation de fosse de cohabiter. Se pose alors la question de savoir <b><span style=\"color: #ff6600;\">comment s\u00e9curiser sa fosse et conserver un moyen son cric bord de fosse ?<\/span> Nous avons les solutions\u00a0!<\/b><\/p><p>Chaque fosse \u00e9tant uniques, nous travaillons conjointement avec nos clients, notre bureau d\u2019\u00e9tude et nos fabricants pour trouver l\u2019\u00e9quipement de levage qui conviendra le mieux \u00e0 leurs objectifs de productivit\u00e9 et de s\u00e9curit\u00e9.<\/p><p>Si vous rencontrez cette probl\u00e9matique, ou pour toute demande de <span style=\"color: #ff6600;\"><strong>fourniture de mat\u00e9riel de levage en fosse<\/strong> <\/span>(v\u00e9rins bord de fosse, cric fond de fosse ou traverse de levage), nous vous invitons \u00e0 nous pr\u00e9senter votre besoin et les caract\u00e9ristiques de votre fosse\u00a0via notre formulaire de contact.<\/p>\t\t\t\t\t\t\t\t<\/div>\n\t\t\t\t<\/div>\n\t\t\t\t<div class=\"elementor-element elementor-element-409cfff elementor-widget elementor-widget-image\" data-id=\"409cfff\" data-element_type=\"widget\" data-widget_type=\"image.default\">\n\t\t\t\t<div class=\"elementor-widget-container\">\n\t\t\t\t\t\t\t\t\t\t\t\t\t\t\t\t<a href=\"https:\/\/xpertive.com\/wp-content\/uploads\/2025\/03\/PLAQUETTE-SOLUTIONS-LEVAGE-EN-FOSSE.pdf\" target=\"_blank\">\n\t\t\t\t\t\t\t<img fetchpriority=\"high\" decoding=\"async\" width=\"1024\" height=\"725\" src=\"https:\/\/xpertive.com\/wp-content\/uploads\/2025\/03\/PLAQUETTE-SOLUTIONS-LEVAGE-EN-FOSSE-1024x725.webp\" class=\"attachment-large size-large wp-image-4035\" alt=\"XPERTIVE sp\u00e9cialiste des CRIC et VERIN de levage pour fosse de garage\" srcset=\"https:\/\/xpertive.com\/wp-content\/uploads\/2025\/03\/PLAQUETTE-SOLUTIONS-LEVAGE-EN-FOSSE-1024x725.webp 1024w, https:\/\/xpertive.com\/wp-content\/uploads\/2025\/03\/PLAQUETTE-SOLUTIONS-LEVAGE-EN-FOSSE-300x212.webp 300w, https:\/\/xpertive.com\/wp-content\/uploads\/2025\/03\/PLAQUETTE-SOLUTIONS-LEVAGE-EN-FOSSE-768x544.webp 768w, https:\/\/xpertive.com\/wp-content\/uploads\/2025\/03\/PLAQUETTE-SOLUTIONS-LEVAGE-EN-FOSSE-1536x1087.webp 1536w, https:\/\/xpertive.com\/wp-content\/uploads\/2025\/03\/PLAQUETTE-SOLUTIONS-LEVAGE-EN-FOSSE-2048x1450.webp 2048w, https:\/\/xpertive.com\/wp-content\/uploads\/2025\/03\/PLAQUETTE-SOLUTIONS-LEVAGE-EN-FOSSE-18x12.webp 18w\" sizes=\"(max-width: 1024px) 100vw, 1024px\" \/>\t\t\t\t\t\t\t\t<\/a>\n\t\t\t\t\t\t\t\t\t\t\t\t\t\t\t<\/div>\n\t\t\t\t<\/div>\n\t\t\t\t<div class=\"elementor-element elementor-element-84685a9 elementor-align-center elementor-widget elementor-widget-button\" data-id=\"84685a9\" data-element_type=\"widget\" data-widget_type=\"button.default\">\n\t\t\t\t<div class=\"elementor-widget-container\">\n\t\t\t\t\t\t\t\t\t<div class=\"elementor-button-wrapper\">\n\t\t\t\t\t<a class=\"elementor-button elementor-button-link elementor-size-md elementor-animation-grow\" href=\"\/fr_ca\/contact\/\">\n\t\t\t\t\t\t<span class=\"elementor-button-content-wrapper\">\n\t\t\t\t\t\t\t\t\t<span class=\"elementor-button-text\">Demandez votre devis gratuit<\/span>\n\t\t\t\t\t<\/span>\n\t\t\t\t\t<\/a>\n\t\t\t\t<\/div>\n\t\t\t\t\t\t\t\t<\/div>\n\t\t\t\t<\/div>\n\t\t\t\t\t<\/div>\n\t\t<\/div>\n\t\t\t\t\t<\/div>\n\t\t<\/section>\n\t\t\t\t<\/div>","protected":false},"excerpt":{"rendered":"<p>Une gamme compl\u00e8te de v\u00e9rins pour \u00e9quiper votre fosse de maintenance Pour effectuer certaines r\u00e9parations sur vos v\u00e9hicules lourds (intervention sur les essieux, maintenance freinage, d\u00e9pose de boite de vitesse, etc..) vous devez disposer d\u2019un moyen de levage en fosse.&nbsp;Pour [&hellip;]<\/p>","protected":false},"author":2,"featured_media":0,"parent":673,"menu_order":0,"comment_status":"closed","ping_status":"closed","template":"","meta":{"site-sidebar-layout":"no-sidebar","site-content-layout":"plain-container","ast-site-content-layout":"","site-content-style":"default","site-sidebar-style":"default","ast-global-header-display":"","ast-banner-title-visibility":"","ast-main-header-display":"","ast-hfb-above-header-display":"","ast-hfb-below-header-display":"","ast-hfb-mobile-header-display":"","site-post-title":"","ast-breadcrumbs-content":"","ast-featured-img":"","footer-sml-layout":"","theme-transparent-header-meta":"","adv-header-id-meta":"","stick-header-meta":"default","header-above-stick-meta":"","header-main-stick-meta":"","header-below-stick-meta":"","astra-migrate-meta-layouts":"default","ast-page-background-enabled":"default","ast-page-background-meta":{"desktop":{"background-color":"var(--ast-global-color-4)","background-image":"","background-repeat":"repeat","background-position":"center center","background-size":"auto","background-attachment":"scroll","background-type":"","background-media":"","overlay-type":"","overlay-color":"","overlay-opacity":"","overlay-gradient":""},"tablet":{"background-color":"","background-image":"","background-repeat":"repeat","background-position":"center center","background-size":"auto","background-attachment":"scroll","background-type":"","background-media":"","overlay-type":"","overlay-color":"","overlay-opacity":"","overlay-gradient":""},"mobile":{"background-color":"","background-image":"","background-repeat":"repeat","background-position":"center center","background-size":"auto","background-attachment":"scroll","background-type":"","background-media":"","overlay-type":"","overlay-color":"","overlay-opacity":"","overlay-gradient":""}},"ast-content-background-meta":{"desktop":{"background-color":"var(--ast-global-color-5)","background-image":"","background-repeat":"repeat","background-position":"center center","background-size":"auto","background-attachment":"scroll","background-type":"","background-media":"","overlay-type":"","overlay-color":"","overlay-opacity":"","overlay-gradient":""},"tablet":{"background-color":"var(--ast-global-color-5)","background-image":"","background-repeat":"repeat","background-position":"center center","background-size":"auto","background-attachment":"scroll","background-type":"","background-media":"","overlay-type":"","overlay-color":"","overlay-opacity":"","overlay-gradient":""},"mobile":{"background-color":"var(--ast-global-color-5)","background-image":"","background-repeat":"repeat","background-position":"center center","background-size":"auto","background-attachment":"scroll","background-type":"","background-media":"","overlay-type":"","overlay-color":"","overlay-opacity":"","overlay-gradient":""}},"footnotes":""},"class_list":["post-934","page","type-page","status-publish","hentry"],"aioseo_notices":[],"_links":{"self":[{"href":"https:\/\/xpertive.com\/fr_ca\/wp-json\/wp\/v2\/pages\/934","targetHints":{"allow":["GET"]}}],"collection":[{"href":"https:\/\/xpertive.com\/fr_ca\/wp-json\/wp\/v2\/pages"}],"about":[{"href":"https:\/\/xpertive.com\/fr_ca\/wp-json\/wp\/v2\/types\/page"}],"author":[{"embeddable":true,"href":"https:\/\/xpertive.com\/fr_ca\/wp-json\/wp\/v2\/users\/2"}],"replies":[{"embeddable":true,"href":"https:\/\/xpertive.com\/fr_ca\/wp-json\/wp\/v2\/comments?post=934"}],"version-history":[{"count":28,"href":"https:\/\/xpertive.com\/fr_ca\/wp-json\/wp\/v2\/pages\/934\/revisions"}],"predecessor-version":[{"id":5250,"href":"https:\/\/xpertive.com\/fr_ca\/wp-json\/wp\/v2\/pages\/934\/revisions\/5250"}],"up":[{"embeddable":true,"href":"https:\/\/xpertive.com\/fr_ca\/wp-json\/wp\/v2\/pages\/673"}],"wp:attachment":[{"href":"https:\/\/xpertive.com\/fr_ca\/wp-json\/wp\/v2\/media?parent=934"}],"curies":[{"name":"wp","href":"https:\/\/api.w.org\/{rel}","templated":true}]}}