{"id":941,"date":"2018-11-22T15:23:46","date_gmt":"2018-11-22T14:23:46","guid":{"rendered":"http:\/\/xpertive.com\/?page_id=941"},"modified":"2025-02-03T22:18:00","modified_gmt":"2025-02-03T21:18:00","slug":"pont-elevateur-verins-encastres","status":"publish","type":"page","link":"https:\/\/xpertive.com\/fr_ca\/equipements-atelier\/solutions-de-levage\/pont-elevateur-verins-encastres\/","title":{"rendered":"Pont \u00e9l\u00e9vateurs \u00e0 v\u00e9rins encastr\u00e9s"},"content":{"rendered":"<div data-elementor-type=\"wp-post\" data-elementor-id=\"941\" class=\"elementor elementor-941\" data-elementor-post-type=\"page\">\n\t\t\t\t\t\t<section class=\"elementor-section elementor-top-section elementor-element elementor-element-c06c3a9 elementor-section-boxed elementor-section-height-default elementor-section-height-default\" data-id=\"c06c3a9\" data-element_type=\"section\">\n\t\t\t\t\t\t<div class=\"elementor-container elementor-column-gap-default\">\n\t\t\t\t\t<div class=\"elementor-column elementor-col-100 elementor-top-column elementor-element elementor-element-addbf77\" data-id=\"addbf77\" data-element_type=\"column\">\n\t\t\t<div class=\"elementor-widget-wrap elementor-element-populated\">\n\t\t\t\t\t\t<div class=\"elementor-element elementor-element-130af28 elementor-widget elementor-widget-heading\" data-id=\"130af28\" data-element_type=\"widget\" data-widget_type=\"heading.default\">\n\t\t\t\t<div class=\"elementor-widget-container\">\n\t\t\t\t\t<h1 class=\"elementor-heading-title elementor-size-default\">Ponts \u00e0 f\u00fbt hydrauliques : la solution id\u00e9ale pour le levage des v\u00e9hicules lourds<\/h1>\t\t\t\t<\/div>\n\t\t\t\t<\/div>\n\t\t\t\t\t<\/div>\n\t\t<\/div>\n\t\t\t\t\t<\/div>\n\t\t<\/section>\n\t\t\t\t<section class=\"elementor-section elementor-top-section elementor-element elementor-element-ddc4e82 elementor-section-boxed elementor-section-height-default elementor-section-height-default\" data-id=\"ddc4e82\" data-element_type=\"section\">\n\t\t\t\t\t\t<div class=\"elementor-container elementor-column-gap-default\">\n\t\t\t\t\t<div class=\"elementor-column elementor-col-100 elementor-top-column elementor-element elementor-element-d995016\" data-id=\"d995016\" data-element_type=\"column\">\n\t\t\t<div class=\"elementor-widget-wrap elementor-element-populated\">\n\t\t\t\t\t\t<div class=\"elementor-element elementor-element-96a034f elementor-widget elementor-widget-heading\" data-id=\"96a034f\" data-element_type=\"widget\" data-widget_type=\"heading.default\">\n\t\t\t\t<div class=\"elementor-widget-container\">\n\t\t\t\t\t<h2 class=\"elementor-heading-title elementor-size-default\">Une technologie de pont \u00e0 v\u00e9rin encastr\u00e9s au service des ateliers<\/h2>\t\t\t\t<\/div>\n\t\t\t\t<\/div>\n\t\t\t\t\t<\/div>\n\t\t<\/div>\n\t\t\t\t\t<\/div>\n\t\t<\/section>\n\t\t\t\t<section class=\"elementor-section elementor-top-section elementor-element elementor-element-7e103da elementor-section-boxed elementor-section-height-default elementor-section-height-default\" data-id=\"7e103da\" data-element_type=\"section\">\n\t\t\t\t\t\t<div class=\"elementor-container elementor-column-gap-default\">\n\t\t\t\t\t<div class=\"elementor-column elementor-col-100 elementor-top-column elementor-element elementor-element-281460f\" data-id=\"281460f\" data-element_type=\"column\">\n\t\t\t<div class=\"elementor-widget-wrap elementor-element-populated\">\n\t\t\t\t\t\t<div class=\"elementor-element elementor-element-ddf8e16 elementor-widget elementor-widget-text-editor\" data-id=\"ddf8e16\" data-element_type=\"widget\" data-widget_type=\"text-editor.default\">\n\t\t\t\t<div class=\"elementor-widget-container\">\n\t\t\t\t\t\t\t\t\t<p>Les <strong>ponts \u00e0 f\u00fbt hydrauliques<\/strong> sont aujourd\u2019hui une solution incontournable pour les ateliers sp\u00e9cialis\u00e9s dans l\u2019entretien et la r\u00e9paration des <strong>v\u00e9hicules poids lourds, bus et engins industriels<\/strong>. Con\u00e7us pour offrir une <strong>s\u00e9curit\u00e9 maximale<\/strong>, une <strong>ergonomie optimale<\/strong> et une <strong>grande capacit\u00e9 de levage<\/strong>, ces \u00e9quipements permettent de travailler efficacement tout en garantissant une parfaite stabilit\u00e9 des v\u00e9hicules.<\/p><p>Gr\u00e2ce \u00e0 leur conception innovante, ces syst\u00e8mes de levage s\u2019int\u00e8grent parfaitement dans les fosses d\u2019atelier et offrent un <strong>confort d\u2019utilisation exceptionnel<\/strong>. Que ce soit pour des op\u00e9rations de maintenance r\u00e9guli\u00e8res ou des interventions plus complexes, les ponts \u00e0 f\u00fbt facilitent le travail des techniciens et am\u00e9liorent la productivit\u00e9.<\/p>\t\t\t\t\t\t\t\t<\/div>\n\t\t\t\t<\/div>\n\t\t\t\t\t<\/div>\n\t\t<\/div>\n\t\t\t\t\t<\/div>\n\t\t<\/section>\n\t\t\t\t<section class=\"elementor-section elementor-top-section elementor-element elementor-element-7fbb43e elementor-section-boxed elementor-section-height-default elementor-section-height-default\" data-id=\"7fbb43e\" data-element_type=\"section\">\n\t\t\t\t\t\t<div class=\"elementor-container elementor-column-gap-default\">\n\t\t\t\t\t<div class=\"elementor-column elementor-col-100 elementor-top-column elementor-element elementor-element-4aaa675\" data-id=\"4aaa675\" data-element_type=\"column\">\n\t\t\t<div class=\"elementor-widget-wrap elementor-element-populated\">\n\t\t\t\t\t\t<div class=\"elementor-element elementor-element-afa9f2c elementor-widget elementor-widget-heading\" data-id=\"afa9f2c\" data-element_type=\"widget\" data-widget_type=\"heading.default\">\n\t\t\t\t<div class=\"elementor-widget-container\">\n\t\t\t\t\t<h2 class=\"elementor-heading-title elementor-size-default\">Un levage adapt\u00e9 \u00e0 tous types de v\u00e9hicules lourds<\/h2>\t\t\t\t<\/div>\n\t\t\t\t<\/div>\n\t\t\t\t\t<\/div>\n\t\t<\/div>\n\t\t\t\t\t<\/div>\n\t\t<\/section>\n\t\t\t\t<section class=\"elementor-section elementor-top-section elementor-element elementor-element-517321c elementor-section-boxed elementor-section-height-default elementor-section-height-default\" data-id=\"517321c\" data-element_type=\"section\">\n\t\t\t\t\t\t<div class=\"elementor-container elementor-column-gap-default\">\n\t\t\t\t\t<div class=\"elementor-column elementor-col-100 elementor-top-column elementor-element elementor-element-fccef7e\" data-id=\"fccef7e\" data-element_type=\"column\">\n\t\t\t<div class=\"elementor-widget-wrap elementor-element-populated\">\n\t\t\t\t\t\t<div class=\"elementor-element elementor-element-59f8f17 elementor-widget elementor-widget-text-editor\" data-id=\"59f8f17\" data-element_type=\"widget\" data-widget_type=\"text-editor.default\">\n\t\t\t\t<div class=\"elementor-widget-container\">\n\t\t\t\t\t\t\t\t\t<h3><strong>Une capacit\u00e9 de charge optimis\u00e9e<\/strong><\/h3><p>Les <strong>ponts \u00e9l\u00e9vateurs \u00e0 f\u00fbt<\/strong> sont con\u00e7us pour soulever des charges lourdes en toute s\u00e9curit\u00e9. Selon les mod\u00e8les et configurations, ils peuvent \u00eatre \u00e9quip\u00e9s de plusieurs v\u00e9rins hydrauliques permettant d\u2019adapter la capacit\u00e9 de levage en fonction des besoins. Cette polyvalence les rend particuli\u00e8rement adapt\u00e9s aux <strong>flottes de v\u00e9hicules de transport, camions, bus ou engins de travaux publics<\/strong>.<\/p><h3><strong>Une installation flexible et efficace<\/strong><\/h3><p>L\u2019un des principaux avantages des ponts \u00e0 f\u00fbt est leur <strong>int\u00e9gration harmonieuse<\/strong> dans l\u2019atelier. Contrairement aux ponts mobiles ou aux fosses traditionnelles, ces \u00e9quipements offrent une <strong>meilleure accessibilit\u00e9<\/strong> et lib\u00e8rent l\u2019espace de travail. Leur installation, g\u00e9n\u00e9ralement r\u00e9alis\u00e9e sur mesure, garantit une parfaite adaptation aux infrastructures existantes.<\/p>\t\t\t\t\t\t\t\t<\/div>\n\t\t\t\t<\/div>\n\t\t\t\t\t<\/div>\n\t\t<\/div>\n\t\t\t\t\t<\/div>\n\t\t<\/section>\n\t\t\t\t<section class=\"elementor-section elementor-top-section elementor-element elementor-element-3147ca8 elementor-section-boxed elementor-section-height-default elementor-section-height-default\" data-id=\"3147ca8\" data-element_type=\"section\">\n\t\t\t\t\t\t<div class=\"elementor-container elementor-column-gap-default\">\n\t\t\t\t\t<div class=\"elementor-column elementor-col-100 elementor-top-column elementor-element elementor-element-1e57919\" data-id=\"1e57919\" data-element_type=\"column\">\n\t\t\t<div class=\"elementor-widget-wrap elementor-element-populated\">\n\t\t\t\t\t\t<div class=\"elementor-element elementor-element-3238692 elementor-widget elementor-widget-heading\" data-id=\"3238692\" data-element_type=\"widget\" data-widget_type=\"heading.default\">\n\t\t\t\t<div class=\"elementor-widget-container\">\n\t\t\t\t\t<h2 class=\"elementor-heading-title elementor-size-default\">Ergonomie et s\u00e9curit\u00e9 : des \u00e9quipements pens\u00e9s pour les professionnels de la maintenance Poids Lourds<\/h2>\t\t\t\t<\/div>\n\t\t\t\t<\/div>\n\t\t\t\t\t<\/div>\n\t\t<\/div>\n\t\t\t\t\t<\/div>\n\t\t<\/section>\n\t\t\t\t<section class=\"elementor-section elementor-top-section elementor-element elementor-element-81691d6 elementor-section-boxed elementor-section-height-default elementor-section-height-default\" data-id=\"81691d6\" data-element_type=\"section\">\n\t\t\t\t\t\t<div class=\"elementor-container elementor-column-gap-default\">\n\t\t\t\t\t<div class=\"elementor-column elementor-col-100 elementor-top-column elementor-element elementor-element-ed0b12e\" data-id=\"ed0b12e\" data-element_type=\"column\">\n\t\t\t<div class=\"elementor-widget-wrap elementor-element-populated\">\n\t\t\t\t\t\t<div class=\"elementor-element elementor-element-b39e6f2 elementor-widget elementor-widget-text-editor\" data-id=\"b39e6f2\" data-element_type=\"widget\" data-widget_type=\"text-editor.default\">\n\t\t\t\t<div class=\"elementor-widget-container\">\n\t\t\t\t\t\t\t\t\t<h3><strong>Un environnement de travail optimis\u00e9<\/strong><\/h3><p>Travailler sur des v\u00e9hicules lourds n\u00e9cessite un <strong>poste de travail s\u00e9curis\u00e9 et ergonomique<\/strong>. Les ponts \u00e0 f\u00fbt sont con\u00e7us pour r\u00e9pondre \u00e0 ces exigences :<\/p><ul><li><strong>Commande intuitive<\/strong> permettant un contr\u00f4le pr\u00e9cis du levage.<\/li><li><strong>Positionnement automatique<\/strong> des f\u00fbts selon le type de v\u00e9hicule.<\/li><li><strong>Lib\u00e9ration de l\u2019espace au sol<\/strong> lorsque les v\u00e9rins sont r\u00e9tract\u00e9s.<\/li><\/ul><p>Ces \u00e9quipements am\u00e9liorent le <strong>confort des techniciens<\/strong>, r\u00e9duisent les efforts physiques et contribuent \u00e0 la <strong>pr\u00e9vention des troubles musculo-squelettiques (TMS)<\/strong>.<\/p><h3><strong>Une s\u00e9curit\u00e9 renforc\u00e9e pour les op\u00e9rateurs et les v\u00e9hicules<\/strong><\/h3><p>Le levage de v\u00e9hicules lourds impose des normes strictes en mati\u00e8re de s\u00e9curit\u00e9. C\u2019est pourquoi les ponts \u00e0 f\u00fbt sont con\u00e7us pour garantir une <strong>stabilit\u00e9 maximale<\/strong> gr\u00e2ce \u00e0 une structure robuste et des dispositifs de s\u00e9curit\u00e9 int\u00e9gr\u00e9s. Parmi les \u00e9l\u00e9ments cl\u00e9s assurant cette fiabilit\u00e9, on retrouve :<\/p><ul><li>Une <strong>parfaite r\u00e9partition de la charge<\/strong> pour \u00e9viter tout d\u00e9s\u00e9quilibre.<\/li><li>Une <strong>synchronisation des v\u00e9rins<\/strong> pour assurer un levage homog\u00e8ne.<\/li><li>Des <strong>syst\u00e8mes de verrouillage automatique<\/strong> pour pr\u00e9venir tout mouvement accidentel.<\/li><\/ul>\t\t\t\t\t\t\t\t<\/div>\n\t\t\t\t<\/div>\n\t\t\t\t\t<\/div>\n\t\t<\/div>\n\t\t\t\t\t<\/div>\n\t\t<\/section>\n\t\t\t\t<section class=\"elementor-section elementor-top-section elementor-element elementor-element-9fa6cf9 elementor-section-boxed elementor-section-height-default elementor-section-height-default\" data-id=\"9fa6cf9\" data-element_type=\"section\">\n\t\t\t\t\t\t<div class=\"elementor-container elementor-column-gap-default\">\n\t\t\t\t\t<div class=\"elementor-column elementor-col-100 elementor-top-column elementor-element elementor-element-311e2ee\" data-id=\"311e2ee\" data-element_type=\"column\">\n\t\t\t<div class=\"elementor-widget-wrap elementor-element-populated\">\n\t\t\t\t\t\t<div class=\"elementor-element elementor-element-fbca04f elementor-widget elementor-widget-heading\" data-id=\"fbca04f\" data-element_type=\"widget\" data-widget_type=\"heading.default\">\n\t\t\t\t<div class=\"elementor-widget-container\">\n\t\t\t\t\t<h2 class=\"elementor-heading-title elementor-size-default\">Solution de levage poids lourds conforme aux exigences r\u00e9glementaires <\/h2>\t\t\t\t<\/div>\n\t\t\t\t<\/div>\n\t\t\t\t\t<\/div>\n\t\t<\/div>\n\t\t\t\t\t<\/div>\n\t\t<\/section>\n\t\t\t\t<section class=\"elementor-section elementor-top-section elementor-element elementor-element-662803b elementor-section-boxed elementor-section-height-default elementor-section-height-default\" data-id=\"662803b\" data-element_type=\"section\">\n\t\t\t\t\t\t<div class=\"elementor-container elementor-column-gap-default\">\n\t\t\t\t\t<div class=\"elementor-column elementor-col-100 elementor-top-column elementor-element elementor-element-2c5d1c0\" data-id=\"2c5d1c0\" data-element_type=\"column\">\n\t\t\t<div class=\"elementor-widget-wrap elementor-element-populated\">\n\t\t\t\t\t\t<div class=\"elementor-element elementor-element-8edcce1 elementor-widget elementor-widget-text-editor\" data-id=\"8edcce1\" data-element_type=\"widget\" data-widget_type=\"text-editor.default\">\n\t\t\t\t<div class=\"elementor-widget-container\">\n\t\t\t\t\t\t\t\t\t<p>Les ponts \u00e0 f\u00fbt hydrauliques r\u00e9pondent aux normes en vigueur, notamment la <strong>norme europ\u00e9enne EN 1493<\/strong>, garantissant un niveau de s\u00e9curit\u00e9 optimal pour les utilisateurs et les v\u00e9hicules. Cette conformit\u00e9 est essentielle pour les ateliers souhaitant s\u2019\u00e9quiper d\u2019un mat\u00e9riel fiable, durable et conforme aux obligations l\u00e9gales.<\/p><h2><strong>Un investissement rentable pour les ateliers<\/strong><\/h2><p>En plus de leurs nombreux avantages techniques et ergonomiques, les <strong>ponts \u00e0 f\u00fbt hydrauliques<\/strong> repr\u00e9sentent un choix strat\u00e9gique pour les professionnels de la maintenance automobile. Leur robustesse et leur facilit\u00e9 d\u2019utilisation permettent de <strong>r\u00e9duire les temps d\u2019intervention<\/strong>, d\u2019optimiser les op\u00e9rations et d\u2019augmenter la rentabilit\u00e9 de l\u2019atelier.<\/p><h3><strong>Pourquoi choisir un pont \u00e0 f\u00fbt pour votre atelier ?<\/strong><\/h3><ul><li><strong>Un gain de productivit\u00e9<\/strong> gr\u00e2ce \u00e0 une installation rapide et un levage efficace.<\/li><li><strong>Un espace de travail optimis\u00e9<\/strong> favorisant l\u2019ergonomie et la s\u00e9curit\u00e9.<\/li><li><strong>Une solution durable<\/strong> adapt\u00e9e aux exigences des ateliers modernes.<\/li><\/ul>\t\t\t\t\t\t\t\t<\/div>\n\t\t\t\t<\/div>\n\t\t\t\t\t<\/div>\n\t\t<\/div>\n\t\t\t\t\t<\/div>\n\t\t<\/section>\n\t\t\t\t<section class=\"elementor-section elementor-top-section elementor-element elementor-element-12e964d elementor-section-boxed elementor-section-height-default elementor-section-height-default\" data-id=\"12e964d\" data-element_type=\"section\">\n\t\t\t\t\t\t<div class=\"elementor-container elementor-column-gap-default\">\n\t\t\t\t\t<div class=\"elementor-column elementor-col-100 elementor-top-column elementor-element elementor-element-29218c9\" data-id=\"29218c9\" data-element_type=\"column\">\n\t\t\t<div class=\"elementor-widget-wrap elementor-element-populated\">\n\t\t\t\t\t\t<div class=\"elementor-element elementor-element-89fcb4b elementor-widget elementor-widget-text-editor\" data-id=\"89fcb4b\" data-element_type=\"widget\" data-widget_type=\"text-editor.default\">\n\t\t\t\t<div class=\"elementor-widget-container\">\n\t\t\t\t\t\t\t\t\t<h2 style=\"font-style: normal;\"><span style=\"font-size: 28px;\">Un seul interlocuteur pour la fourniture, pose et installation de votre \u00e9quipement de levage<\/span><\/h2><p style=\"font-size: 15px; font-style: normal;\">Que ce soit pour la cr\u00e9ation, l\u2019agrandissement ou la r\u00e9novation de votre atelier de maintenance, vous disposez d\u2019un interlocuteur unique pour g\u00e9rer l\u2019int\u00e9gralit\u00e9 de votre projet (fourniture de votre \u00e9quipement de levage, r\u00e9union de chantier, r\u00e9alisation des travaux de g\u00e9nie civil, pose, installation, mise en service et formation de votre personnel)<\/p><h2 style=\"font-style: normal;\"><span style=\"font-size: 28px;\">R\u00e9duisez au maximum le temps d\u2019immobilisation de votre atelier<\/span><\/h2><p style=\"font-size: 15px; font-style: normal;\">Gr\u00e2ce \u00e0 notre proc\u00e9d\u00e9 d\u2019installation unique sur le march\u00e9, identique \u00e0 celui de nos fosses pr\u00e9fabriqu\u00e9e acier, nous assurons une prestation de pose tr\u00e8s rapide et sans mauvaise surprise. Le planning de notre intervention vous sera communiqu\u00e9 en amont et sera respect\u00e9. Vous pourrez alors g\u00e9rer au mieux l\u2019immobilisation de votre atelier pendant la dur\u00e9e des travaux et pr\u00e9parer sa r\u00e9ouverture.<\/p><h2 style=\"font-style: normal;\"><span style=\"font-size: 28px;\">Diminuez consid\u00e9rablement vos travaux et co\u00fbts de g\u00e9nie civil<\/span><\/h2><p style=\"font-size: 15px; font-style: normal;\">La conception unique du ch\u00e2ssis de nos ponts \u00e0 f\u00fbt, nous permet de r\u00e9aliser des fouilles beaucoup plus \u00e9troites et moins profondes. Vous r\u00e9duisez ainsi l\u2019ampleur des travaux de g\u00e9nie civil \u00e0 r\u00e9aliser. En plus de cela, nous n\u2019avez pas de radier \u00e0 r\u00e9aliser. La conception d\u2019un radier en b\u00e9ton est une t\u00e2che couteuse et difficile qui demande une pr\u00e9cision extr\u00eame. Sa r\u00e9alisation est complexe car le radier doit \u00eatre parfaitement lisse et de niveau sur une grande longueur, ce qui engendre des co\u00fbts importants qui peuvent s\u2019envoler en cas de malfa\u00e7on.<\/p><h2 style=\"font-style: normal;\"><span style=\"font-size: 28px;\">L\u2019installation \u00ab\u00a0classique\u00a0\u00bb des ponts \u00e0 v\u00e9rins en France :<\/span><\/h2><p style=\"font-size: 15px; font-style: normal;\">Tous les acteurs du march\u00e9 proposant des ponts \u00e0 f\u00fbts encastr\u00e9s installent leur solution soit avec un cadre et une \u00ab\u00a0fosse\u00a0\u00bb ma\u00e7onn\u00e9e en b\u00e9ton, soit avec un ch\u00e2ssis complet pos\u00e9 sur un radier et une cassette fix\u00e9e par le bas. Ce type d\u2019installation implique des travaux et des co\u00fbts de g\u00e9nie Civil consid\u00e9rable\u00a0: notamment l\u2019obligation de r\u00e9aliser une fouille tr\u00e8s large et profonde pour pouvoir y descendre lors de l&rsquo;installation, mais implique surtout la r\u00e9alisation d\u2019un radier b\u00e9ton o\u00f9 sera pos\u00e9e et fix\u00e9e la cassette du pont \u00e0 v\u00e9rins.<\/p><h2 style=\"font-style: normal;\"><span style=\"font-size: 28px;\">L\u2019installation par Xpertive\u00a0:<\/span><\/h2><p style=\"font-size: 15px; font-style: normal;\"><span style=\"font-size: 15px; font-style: normal;\">Vous l\u2019aurez compris, avec notre solution vous diminuez l\u2019ampleur et les co\u00fbts de vos travaux, la dur\u00e9e d\u2019immobilisation de votre atelier sera r\u00e9duite et vous disposerez de l\u2019\u00e9quipement de levage le plus performant du march\u00e9.<\/span><\/p>\t\t\t\t\t\t\t\t<\/div>\n\t\t\t\t<\/div>\n\t\t\t\t\t<\/div>\n\t\t<\/div>\n\t\t\t\t\t<\/div>\n\t\t<\/section>\n\t\t\t\t<section class=\"elementor-section elementor-top-section elementor-element elementor-element-9d2acd3 elementor-section-boxed elementor-section-height-default elementor-section-height-default\" data-id=\"9d2acd3\" data-element_type=\"section\">\n\t\t\t\t\t\t<div class=\"elementor-container elementor-column-gap-default\">\n\t\t\t\t\t<div class=\"elementor-column elementor-col-100 elementor-top-column elementor-element elementor-element-0b83f90 elementor-invisible\" data-id=\"0b83f90\" data-element_type=\"column\" data-settings=\"{&quot;animation&quot;:&quot;fadeInDown&quot;,&quot;animation_delay&quot;:0}\">\n\t\t\t<div class=\"elementor-widget-wrap elementor-element-populated\">\n\t\t\t\t\t\t<div class=\"elementor-element elementor-element-e9be4f6 elementor-align-center elementor-widget elementor-widget-button\" data-id=\"e9be4f6\" data-element_type=\"widget\" data-widget_type=\"button.default\">\n\t\t\t\t<div class=\"elementor-widget-container\">\n\t\t\t\t\t\t\t\t\t<div class=\"elementor-button-wrapper\">\n\t\t\t\t\t<a class=\"elementor-button elementor-button-link elementor-size-md\" href=\"\/fr_ca\/contact\/\">\n\t\t\t\t\t\t<span class=\"elementor-button-content-wrapper\">\n\t\t\t\t\t\t\t\t\t<span class=\"elementor-button-text\">Parlez nous de votre projet et recevez une offre gratuitement<\/span>\n\t\t\t\t\t<\/span>\n\t\t\t\t\t<\/a>\n\t\t\t\t<\/div>\n\t\t\t\t\t\t\t\t<\/div>\n\t\t\t\t<\/div>\n\t\t\t\t\t<\/div>\n\t\t<\/div>\n\t\t\t\t\t<\/div>\n\t\t<\/section>\n\t\t\t\t<\/div>","protected":false},"excerpt":{"rendered":"<p>Ponts \u00e0 f\u00fbt hydrauliques : la solution id\u00e9ale pour le levage des v\u00e9hicules lourds Une technologie de pont \u00e0 v\u00e9rin encastr\u00e9s au service des ateliers Les ponts \u00e0 f\u00fbt hydrauliques sont aujourd\u2019hui une solution incontournable pour les ateliers sp\u00e9cialis\u00e9s dans [&hellip;]<\/p>","protected":false},"author":2,"featured_media":0,"parent":673,"menu_order":0,"comment_status":"closed","ping_status":"closed","template":"","meta":{"site-sidebar-layout":"no-sidebar","site-content-layout":"plain-container","ast-site-content-layout":"","site-content-style":"default","site-sidebar-style":"default","ast-global-header-display":"","ast-banner-title-visibility":"","ast-main-header-display":"","ast-hfb-above-header-display":"","ast-hfb-below-header-display":"","ast-hfb-mobile-header-display":"","site-post-title":"","ast-breadcrumbs-content":"","ast-featured-img":"","footer-sml-layout":"","theme-transparent-header-meta":"","adv-header-id-meta":"","stick-header-meta":"default","header-above-stick-meta":"","header-main-stick-meta":"","header-below-stick-meta":"","astra-migrate-meta-layouts":"default","ast-page-background-enabled":"default","ast-page-background-meta":{"desktop":{"background-color":"var(--ast-global-color-4)","background-image":"","background-repeat":"repeat","background-position":"center center","background-size":"auto","background-attachment":"scroll","background-type":"","background-media":"","overlay-type":"","overlay-color":"","overlay-opacity":"","overlay-gradient":""},"tablet":{"background-color":"","background-image":"","background-repeat":"repeat","background-position":"center center","background-size":"auto","background-attachment":"scroll","background-type":"","background-media":"","overlay-type":"","overlay-color":"","overlay-opacity":"","overlay-gradient":""},"mobile":{"background-color":"","background-image":"","background-repeat":"repeat","background-position":"center center","background-size":"auto","background-attachment":"scroll","background-type":"","background-media":"","overlay-type":"","overlay-color":"","overlay-opacity":"","overlay-gradient":""}},"ast-content-background-meta":{"desktop":{"background-color":"var(--ast-global-color-5)","background-image":"","background-repeat":"repeat","background-position":"center center","background-size":"auto","background-attachment":"scroll","background-type":"","background-media":"","overlay-type":"","overlay-color":"","overlay-opacity":"","overlay-gradient":""},"tablet":{"background-color":"var(--ast-global-color-5)","background-image":"","background-repeat":"repeat","background-position":"center center","background-size":"auto","background-attachment":"scroll","background-type":"","background-media":"","overlay-type":"","overlay-color":"","overlay-opacity":"","overlay-gradient":""},"mobile":{"background-color":"var(--ast-global-color-5)","background-image":"","background-repeat":"repeat","background-position":"center center","background-size":"auto","background-attachment":"scroll","background-type":"","background-media":"","overlay-type":"","overlay-color":"","overlay-opacity":"","overlay-gradient":""}},"footnotes":""},"class_list":["post-941","page","type-page","status-publish","hentry"],"aioseo_notices":[],"_links":{"self":[{"href":"https:\/\/xpertive.com\/fr_ca\/wp-json\/wp\/v2\/pages\/941","targetHints":{"allow":["GET"]}}],"collection":[{"href":"https:\/\/xpertive.com\/fr_ca\/wp-json\/wp\/v2\/pages"}],"about":[{"href":"https:\/\/xpertive.com\/fr_ca\/wp-json\/wp\/v2\/types\/page"}],"author":[{"embeddable":true,"href":"https:\/\/xpertive.com\/fr_ca\/wp-json\/wp\/v2\/users\/2"}],"replies":[{"embeddable":true,"href":"https:\/\/xpertive.com\/fr_ca\/wp-json\/wp\/v2\/comments?post=941"}],"version-history":[{"count":8,"href":"https:\/\/xpertive.com\/fr_ca\/wp-json\/wp\/v2\/pages\/941\/revisions"}],"predecessor-version":[{"id":3962,"href":"https:\/\/xpertive.com\/fr_ca\/wp-json\/wp\/v2\/pages\/941\/revisions\/3962"}],"up":[{"embeddable":true,"href":"https:\/\/xpertive.com\/fr_ca\/wp-json\/wp\/v2\/pages\/673"}],"wp:attachment":[{"href":"https:\/\/xpertive.com\/fr_ca\/wp-json\/wp\/v2\/media?parent=941"}],"curies":[{"name":"wp","href":"https:\/\/api.w.org\/{rel}","templated":true}]}}