{"id":973,"date":"2018-11-22T18:10:20","date_gmt":"2018-11-22T17:10:20","guid":{"rendered":"http:\/\/xpertive.com\/?page_id=973"},"modified":"2025-09-19T15:49:01","modified_gmt":"2025-09-19T13:49:01","slug":"services-assistance-maitrise-douvrage","status":"publish","type":"page","link":"https:\/\/xpertive.com\/fr_ca\/services-assistance-maitrise-douvrage\/","title":{"rendered":"Assistance \u00e0 ma\u00eetrise d&rsquo;ouvrage"},"content":{"rendered":"<div data-elementor-type=\"wp-post\" data-elementor-id=\"973\" class=\"elementor elementor-973\" data-elementor-post-type=\"page\">\n\t\t\t\t\t\t<section class=\"elementor-section elementor-top-section elementor-element elementor-element-ff15bd1 elementor-section-boxed elementor-section-height-default elementor-section-height-default\" data-id=\"ff15bd1\" data-element_type=\"section\">\n\t\t\t\t\t\t<div class=\"elementor-container elementor-column-gap-default\">\n\t\t\t\t\t<div class=\"elementor-column elementor-col-50 elementor-top-column elementor-element elementor-element-0ce185a\" data-id=\"0ce185a\" data-element_type=\"column\">\n\t\t\t<div class=\"elementor-widget-wrap elementor-element-populated\">\n\t\t\t\t\t\t<div class=\"elementor-element elementor-element-1b6b2e0 elementor-widget elementor-widget-text-editor\" data-id=\"1b6b2e0\" data-element_type=\"widget\" data-widget_type=\"text-editor.default\">\n\t\t\t\t<div class=\"elementor-widget-container\">\n\t\t\t\t\t\t\t\t\t<h2>Un projet de construction ou de r\u00e9novation de votre atelier de r\u00e9paration m\u00e9canique ?<\/h2><p>Nous vous accompagnons pour d\u00e9finir ensemble vos besoins, vous conseiller pour l&rsquo;\u00e9quipement et l&rsquo;ergonomie de votre atelier, dessiner les plans de votre futur garage en lien avec votre architecte b\u00e2timent, d\u00e9terminer l&rsquo;enveloppe \u00e0 allouer \u00e0 votre projet et r\u00e9diger votre appel d\u2019offre \/ consultation.<\/p>\t\t\t\t\t\t\t\t<\/div>\n\t\t\t\t<\/div>\n\t\t\t\t<div class=\"elementor-element elementor-element-7ca1847 elementor-widget elementor-widget-image\" data-id=\"7ca1847\" data-element_type=\"widget\" data-widget_type=\"image.default\">\n\t\t\t\t<div class=\"elementor-widget-container\">\n\t\t\t\t\t\t\t\t\t\t\t\t\t\t\t<img fetchpriority=\"high\" decoding=\"async\" width=\"1024\" height=\"367\" src=\"https:\/\/xpertive.com\/wp-content\/uploads\/2018\/11\/Plan-atelier-poids-lourds-1024x367.jpg\" class=\"attachment-large size-large wp-image-1032\" alt=\"vue 3D atelier de maintenance poids lourds\" srcset=\"https:\/\/xpertive.com\/wp-content\/uploads\/2018\/11\/Plan-atelier-poids-lourds-1024x367.jpg 1024w, https:\/\/xpertive.com\/wp-content\/uploads\/2018\/11\/Plan-atelier-poids-lourds-300x108.jpg 300w, https:\/\/xpertive.com\/wp-content\/uploads\/2018\/11\/Plan-atelier-poids-lourds-768x275.jpg 768w, https:\/\/xpertive.com\/wp-content\/uploads\/2018\/11\/Plan-atelier-poids-lourds.jpg 1841w\" sizes=\"(max-width: 1024px) 100vw, 1024px\" \/>\t\t\t\t\t\t\t\t\t\t\t\t\t\t\t<\/div>\n\t\t\t\t<\/div>\n\t\t\t\t<div class=\"elementor-element elementor-element-2abbf3d elementor-widget elementor-widget-text-editor\" data-id=\"2abbf3d\" data-element_type=\"widget\" data-widget_type=\"text-editor.default\">\n\t\t\t\t<div class=\"elementor-widget-container\">\n\t\t\t\t\t\t\t\t\t<p>\u00a0<\/p><h2>Vous souhaitez construire ou r\u00e9nover votre atelier de maintenance ?<\/h2><p class=\"translation-block\">Xpertive met \u00e0 votre disposition des <b>experts en cr\u00e9ation d\u2019atelier<\/b> pour vous accompagner sur tout ou partie de votre projet de construction, de r\u00e9novation ou d\u2019\u00e9quipement de votre garage poids lourd ou voiture.<\/p><p class=\"translation-block\"><span style=\"font-size: 15px;\">Pour vous c\u2019est<\/span><span style=\"font-size: 15px;\">&nbsp;la garantie d\u2018<\/span><b style=\"font-style: inherit;\"><span style=\"color: #ff6600;\">un atelier fonctionnel, productif, s\u00e9curis\u00e9, conforme \u00e0 la r\u00e9glementation et normes en vigueur<\/span> <\/b>et&nbsp;<span style=\"font-size: 15px; font-style: normal;\">l\u2019<\/span><span style=\"font-size: 15px;\">assurance d\u2019<\/span><span style=\"font-size: 15px; font-weight: bold; color: #ff6600;\">une parfaite ma\u00eetrise de votre budget et de votre&nbsp;<\/span><span style=\"color: #ff6600;\"><span style=\"caret-color: #ff6600;\"><b>planning.<\/b><\/span><\/span><\/p><p class=\"translation-block\">Notre prestation d\u2019assistance \u00e0 ma\u00eetrise d\u2019ouvrage : Pour <strong>vous accompagner et assurer l\u2019efficacit\u00e9 op\u00e9rationnelle de votre projet<\/strong> de cr\u00e9ation d\u2019atelier<\/p><p>Xpertive vous propose une \u00e9tude et un accompagnement sur-mesure :<\/p><p class=\"translation-block\">&gt;&gt; Listing de vos besoins, attentes et contraintes<br>&gt;&gt; Compte rendu et synth\u00e8se de vos besoins avec suggestion d\u2019\u00e9quipement&nbsp;<br>&gt;&gt; Cr\u00e9ation et int\u00e9gration de votre projet dans son environnement en 2D ou 3D sur AutoCAD<br>&gt;&gt; R\u00e9daction du cahier des charges vous permettant de lancer une consultation ou un appel offre avec un lot d\u00e9di\u00e9 \u00ab \u00e9quipement d\u2019atelier \u00bb<br>&gt;&gt; Possibilit\u00e9 de d\u00e9terminer une enveloppe pr\u00e9cise de votre budget<\/p><h2>\u00a0<\/h2>\t\t\t\t\t\t\t\t<\/div>\n\t\t\t\t<\/div>\n\t\t\t\t<div class=\"elementor-element elementor-element-65ec116 elementor-widget elementor-widget-video\" data-id=\"65ec116\" data-element_type=\"widget\" data-settings=\"{&quot;youtube_url&quot;:&quot;https:\\\/\\\/www.youtube.com\\\/watch?v=2VS09reK3h4&quot;,&quot;autoplay&quot;:&quot;yes&quot;,&quot;mute&quot;:&quot;yes&quot;,&quot;video_type&quot;:&quot;youtube&quot;,&quot;controls&quot;:&quot;yes&quot;}\" data-widget_type=\"video.default\">\n\t\t\t\t<div class=\"elementor-widget-container\">\n\t\t\t\t\t\t\t<div class=\"elementor-wrapper elementor-open-inline\">\n\t\t\t<div class=\"elementor-video\"><\/div>\t\t<\/div>\n\t\t\t\t\t\t<\/div>\n\t\t\t\t<\/div>\n\t\t\t\t<div class=\"elementor-element elementor-element-6f1ef40 elementor-widget elementor-widget-text-editor\" data-id=\"6f1ef40\" data-element_type=\"widget\" data-widget_type=\"text-editor.default\">\n\t\t\t\t<div class=\"elementor-widget-container\">\n\t\t\t\t\t\t\t\t\t<h2 style=\"font-style: normal;\">Pourquoi faire appel \u00e0 un expert en cr\u00e9ation d\u2019atelier ?<\/h2><p style=\"font-size: 15px; font-style: normal;\">Les co\u00fbts de construction repr\u00e9sentent une part tr\u00e8s importante de votre investissement (800 \u00e0 900\u20ac\/m\u00b2 pour un atelier et 1100 \u00e0 1200\u20ac\/m\u00b2 pour les bureaux d\u2019une concession). Il est donc indispensable que chaque m2 soit optimis\u00e9 et trouve une r\u00e9elle fonction dans votre future activit\u00e9. Nous v\u00e9rifions que les m\u00e9thodes et process de vente et d\u2019apr\u00e8s-vente soient bien pris en compte dans l\u2019infrastructure que nous \u00e9laborerons sur vos projections et perspectives \u00e9conomiques.<\/p><p style=\"font-size: 15px; font-style: normal;\">Les r\u00e9ponses \u00e0 des questions essentielles :<\/p><p style=\"font-size: 15px; font-style: normal;\">En vous posant les bonnes questions en amont, nous vous garantissons le meilleur retour sur investissement possible. Vous gagnez du temps et de l\u2019argent durant toute la r\u00e9alisation de votre projet de construction.<\/p><p style=\"font-size: 15px; font-style: normal;\" class=\"translation-block\">&gt;&gt; Les flux atelier entre le magasin de pi\u00e8ces d\u00e9tach\u00e9es et la r\u00e9ception client sont-ils pertinents ?&nbsp;Ne cr\u00e9ent-ils pas de d\u00e9placements inutiles ?<br>&gt;&gt; Le magasin de pi\u00e8ces d\u00e9tach\u00e9es est-il bien agenc\u00e9 ?&nbsp;Permet-il un stockage et un approvisionnement efficace ?<br>&gt;&gt; Les flux ext\u00e9rieurs et les places de parking sont-ils bien positionn\u00e9s ?&nbsp;N\u2019occasionnent-ils pas de g\u00eane ?<br>&gt;&gt; Les contraintes li\u00e9es \u00e0 l\u2019environnement et \u00e0 la s\u00e9curit\u00e9 ont-elles bien \u00e9t\u00e9 prises en comptes ?<br>&gt;&gt; Les postes de travail dans l\u2019atelier et les \u00e9quipements sont-ils ceux dont vous avez r\u00e9ellement besoins au quotidien ?&nbsp;Sont-ils bien agenc\u00e9s ?<br>&gt;&gt; Avez-vous pens\u00e9 aux r\u00e9servations pour de futurs agrandissements ?<\/p><h2 style=\"font-style: normal;\">Le choix des bons \u00e9quipements pour votre garage<\/h2><p style=\"font-size: 15px; font-style: normal;\">Nous allons encore plus loin dans l\u2019accompagnement, en vous aidant \u00e0 d\u00e9finir pr\u00e9cis\u00e9ment les caract\u00e9ristiques techniques des futurs \u00e9quipements de garage dont vous aurez besoin : \u00e9quipements de levage, fosse de garage, syst\u00e8me d\u2019extraction de gaz d\u2019\u00e9chappement, distribution d\u2019huile, r\u00e9seau d\u2019air comprim\u00e9 etc\u2026<\/p><p style=\"font-size: 15px; font-style: normal;\" class=\"translation-block\">Notre vision du m\u00e9tier et notre connaissance du march\u00e9, nous permettent de vous accompagner dans votre projet dans sa globalit\u00e9 et de vous donner&nbsp;<span style=\"font-weight: bold;\">une projection visuelle, technique et budg\u00e9taire pr\u00e9cise de votre futur atelier<\/span>.<\/p><p style=\"font-size: 15px; font-style: normal;\" class=\"translation-block\"><span style=\"font-size: 15px;\">Vous serez assur\u00e9 de disposer d\u2019<span style=\"font-weight: bold;\">un atelier fonctionnel, avec une surface optimis\u00e9e alliant confort de travail, s\u00e9curit\u00e9 et productivit\u00e9<\/span>.&nbsp;<\/span><\/p><p style=\"font-size: 15px; font-style: normal;\"><span style=\"font-size: 15px;\">Vous pourrez ainsi lancer sereinement et plus rapidement votre appel d\u2019offre avec la garantie d\u2019un budget maitris\u00e9.<\/span><\/p>\t\t\t\t\t\t\t\t<\/div>\n\t\t\t\t<\/div>\n\t\t\t\t<section class=\"elementor-section elementor-inner-section elementor-element elementor-element-8659fed elementor-section-boxed elementor-section-height-default elementor-section-height-default\" data-id=\"8659fed\" data-element_type=\"section\">\n\t\t\t\t\t\t<div class=\"elementor-container elementor-column-gap-default\">\n\t\t\t\t\t<div class=\"elementor-column elementor-col-50 elementor-inner-column elementor-element elementor-element-e2746bc\" data-id=\"e2746bc\" data-element_type=\"column\">\n\t\t\t<div class=\"elementor-widget-wrap elementor-element-populated\">\n\t\t\t\t\t\t<div class=\"elementor-element elementor-element-e2e195a elementor-align-center elementor-widget elementor-widget-button\" data-id=\"e2e195a\" data-element_type=\"widget\" data-widget_type=\"button.default\">\n\t\t\t\t<div class=\"elementor-widget-container\">\n\t\t\t\t\t\t\t\t\t<div class=\"elementor-button-wrapper\">\n\t\t\t\t\t<a class=\"elementor-button elementor-button-link elementor-size-md\" href=\"\/fr_ca\/contact\/\">\n\t\t\t\t\t\t<span class=\"elementor-button-content-wrapper\">\n\t\t\t\t\t\t\t\t\t<span class=\"elementor-button-text\">Demandez notre assistance<\/span>\n\t\t\t\t\t<\/span>\n\t\t\t\t\t<\/a>\n\t\t\t\t<\/div>\n\t\t\t\t\t\t\t\t<\/div>\n\t\t\t\t<\/div>\n\t\t\t\t\t<\/div>\n\t\t<\/div>\n\t\t\t\t<div class=\"elementor-column elementor-col-50 elementor-inner-column elementor-element elementor-element-3cafb9d\" data-id=\"3cafb9d\" data-element_type=\"column\">\n\t\t\t<div class=\"elementor-widget-wrap elementor-element-populated\">\n\t\t\t\t\t\t<div class=\"elementor-element elementor-element-9fb5792 elementor-align-center elementor-widget elementor-widget-button\" data-id=\"9fb5792\" data-element_type=\"widget\" data-widget_type=\"button.default\">\n\t\t\t\t<div class=\"elementor-widget-container\">\n\t\t\t\t\t\t\t\t\t<div class=\"elementor-button-wrapper\">\n\t\t\t\t\t<a class=\"elementor-button elementor-button-link elementor-size-sm elementor-animation-grow\" href=\"https:\/\/xpertive.com\/wp-content\/uploads\/2018\/11\/Guide-pratique-pour-la-conception-de-votre-fosse-de-garage.pdf\" target=\"_blank\">\n\t\t\t\t\t\t<span class=\"elementor-button-content-wrapper\">\n\t\t\t\t\t\t\t\t\t<span class=\"elementor-button-text\"> T\u00e9l\u00e9charger notre guide pratique pour bien concevoir votre fosse<\/span>\n\t\t\t\t\t<\/span>\n\t\t\t\t\t<\/a>\n\t\t\t\t<\/div>\n\t\t\t\t\t\t\t\t<\/div>\n\t\t\t\t<\/div>\n\t\t\t\t\t<\/div>\n\t\t<\/div>\n\t\t\t\t\t<\/div>\n\t\t<\/section>\n\t\t\t\t<div class=\"elementor-element elementor-element-923aa23 elementor-widget elementor-widget-spacer\" data-id=\"923aa23\" data-element_type=\"widget\" data-widget_type=\"spacer.default\">\n\t\t\t\t<div class=\"elementor-widget-container\">\n\t\t\t\t\t\t\t<div class=\"elementor-spacer\">\n\t\t\t<div class=\"elementor-spacer-inner\"><\/div>\n\t\t<\/div>\n\t\t\t\t\t\t<\/div>\n\t\t\t\t<\/div>\n\t\t\t\t<div class=\"elementor-element elementor-element-92b47d5 elementor-widget elementor-widget-text-editor\" data-id=\"92b47d5\" data-element_type=\"widget\" data-widget_type=\"text-editor.default\">\n\t\t\t\t<div class=\"elementor-widget-container\">\n\t\t\t\t\t\t\t\t\t<p>D\u00e9couvrez aussi :<\/p><ul>\n<li><em><u><a href=\"https:\/\/xpertive.com\/fr_ca\/fosse-atelier-prefabriquee-acier\/\">La fosse de garage pr\u00e9fabriqu\u00e9e Xpertive et ses avantages<\/a><\/u><\/em><\/li>\n<li><em><u><a href=\"https:\/\/xpertive.com\/fr_ca\/couvertures-de-fosse\/\">Nos solutions pour s\u00e9curiser vos fosses<\/a><\/u><\/em><\/li>\n<li><em><u><a href=\"https:\/\/xpertive.com\/fr_ca\/equipements-atelier\/solutions-de-levage\/\" data-outlook-id=\"5db7a33b-4bf4-4c87-8d83-959bd2d23bcb\">Nos \u00e9quipements pour le levage de vos v\u00e9hicules<\/a><\/u><\/em><\/li>\n<li><em><u><a href=\"https:\/\/xpertive.com\/fr_ca\/equipements-atelier\/gestion-des-huiles-usagees\/\" data-outlook-id=\"de64ff82-75e1-423e-98f4-080f743329e4\">Nos solutions de traitement des huiles us\u00e9es<\/a><\/u><\/em><\/li>\n<li><em><u><a href=\"https:\/\/xpertive.com\/fr_ca\/equipements-atelier\/brakemate\/\" data-outlook-id=\"223a1f3e-26d3-4ac7-80be-8da3550f1904\">D\u00e9pose moyeux 100% assist\u00e9<\/a><\/u><\/em><\/li>\n<\/ul>\t\t\t\t\t\t\t\t<\/div>\n\t\t\t\t<\/div>\n\t\t\t\t\t<\/div>\n\t\t<\/div>\n\t\t\t\t<div class=\"elementor-column elementor-col-50 elementor-top-column elementor-element elementor-element-ae7c198\" data-id=\"ae7c198\" data-element_type=\"column\">\n\t\t\t<div class=\"elementor-widget-wrap elementor-element-populated\">\n\t\t\t\t\t\t<section class=\"elementor-section elementor-inner-section elementor-element elementor-element-84ec5f9 elementor-section-height-min-height elementor-section-content-middle elementor-section-boxed elementor-section-height-default\" data-id=\"84ec5f9\" data-element_type=\"section\" data-settings=\"{&quot;sticky&quot;:&quot;top&quot;,&quot;sticky_offset&quot;:100,&quot;sticky_on&quot;:[&quot;desktop&quot;,&quot;tablet&quot;],&quot;sticky_parent&quot;:&quot;yes&quot;,&quot;sticky_effects_offset&quot;:0,&quot;sticky_anchor_link_offset&quot;:0}\">\n\t\t\t\t\t\t<div class=\"elementor-container elementor-column-gap-default\">\n\t\t\t\t\t<div class=\"elementor-column elementor-col-100 elementor-inner-column elementor-element elementor-element-440120d\" data-id=\"440120d\" data-element_type=\"column\">\n\t\t\t<div class=\"elementor-widget-wrap elementor-element-populated\">\n\t\t\t\t\t\t<div class=\"elementor-element elementor-element-77e1bf6 elementor-widget__width-initial elementor-widget elementor-widget-video\" data-id=\"77e1bf6\" data-element_type=\"widget\" data-settings=\"{&quot;youtube_url&quot;:&quot;https:\\\/\\\/youtu.be\\\/52BrGPPbJJA&quot;,&quot;autoplay&quot;:&quot;yes&quot;,&quot;mute&quot;:&quot;yes&quot;,&quot;video_type&quot;:&quot;youtube&quot;,&quot;controls&quot;:&quot;yes&quot;}\" data-widget_type=\"video.default\">\n\t\t\t\t<div class=\"elementor-widget-container\">\n\t\t\t\t\t\t\t<div class=\"elementor-wrapper elementor-open-inline\">\n\t\t\t<div class=\"elementor-video\"><\/div>\t\t<\/div>\n\t\t\t\t\t\t<\/div>\n\t\t\t\t<\/div>\n\t\t\t\t<div class=\"elementor-element elementor-element-cf5d35f elementor-widget__width-initial elementor-widget elementor-widget-image\" data-id=\"cf5d35f\" data-element_type=\"widget\" data-widget_type=\"image.default\">\n\t\t\t\t<div class=\"elementor-widget-container\">\n\t\t\t\t\t\t\t\t\t\t\t\t<figure class=\"wp-caption\">\n\t\t\t\t\t\t\t\t\t\t\t<a href=\"https:\/\/xpertive.com\/wp-content\/uploads\/2023\/11\/Brochure-generale-Xpertive.pdf\" target=\"_blank\">\n\t\t\t\t\t\t\t<img decoding=\"async\" width=\"300\" height=\"225\" src=\"https:\/\/xpertive.com\/wp-content\/uploads\/2023\/11\/Telechargez-notre-brochure-generale-2023-300x225.png\" class=\"elementor-animation-grow attachment-medium size-medium wp-image-3836\" alt=\"Sp\u00e9cialiste fosse de garage couverture de fosse et \u00e9quipement d atelier\" srcset=\"https:\/\/xpertive.com\/wp-content\/uploads\/2023\/11\/Telechargez-notre-brochure-generale-2023-300x225.png 300w, https:\/\/xpertive.com\/wp-content\/uploads\/2023\/11\/Telechargez-notre-brochure-generale-2023-16x12.png 16w, https:\/\/xpertive.com\/wp-content\/uploads\/2023\/11\/Telechargez-notre-brochure-generale-2023.png 425w\" sizes=\"(max-width: 300px) 100vw, 300px\" \/>\t\t\t\t\t\t\t\t<\/a>\n\t\t\t\t\t\t\t\t\t\t\t<figcaption class=\"widget-image-caption wp-caption-text\">Brochure \u00e0 t\u00e9l\u00e9charger<\/figcaption>\n\t\t\t\t\t\t\t\t\t\t<\/figure>\n\t\t\t\t\t\t\t\t\t<\/div>\n\t\t\t\t<\/div>\n\t\t\t\t<div class=\"elementor-element elementor-element-3047dd1 elementor-widget elementor-widget-shortcode\" data-id=\"3047dd1\" data-element_type=\"widget\" data-widget_type=\"shortcode.default\">\n\t\t\t\t<div class=\"elementor-widget-container\">\n\t\t\t\t\t\t\t<div class=\"elementor-shortcode\">\t\t<div data-elementor-type=\"section\" data-elementor-id=\"5599\" class=\"elementor elementor-5599\" data-elementor-post-type=\"elementor_library\">\n\t\t\t\t\t<\/div>\n\t\t<\/div>\n\t\t\t\t\t\t<\/div>\n\t\t\t\t<\/div>\n\t\t\t\t\t<\/div>\n\t\t<\/div>\n\t\t\t\t\t<\/div>\n\t\t<\/section>\n\t\t\t\t\t<\/div>\n\t\t<\/div>\n\t\t\t\t\t<\/div>\n\t\t<\/section>\n\t\t\t\t<section class=\"elementor-section elementor-top-section elementor-element elementor-element-518c6b0 elementor-section-boxed elementor-section-height-default elementor-section-height-default\" data-id=\"518c6b0\" data-element_type=\"section\">\n\t\t\t\t\t\t<div class=\"elementor-container elementor-column-gap-default\">\n\t\t\t\t\t<div class=\"elementor-column elementor-col-100 elementor-top-column elementor-element elementor-element-584d4f4\" data-id=\"584d4f4\" data-element_type=\"column\">\n\t\t\t<div class=\"elementor-widget-wrap\">\n\t\t\t\t\t\t\t<\/div>\n\t\t<\/div>\n\t\t\t\t\t<\/div>\n\t\t<\/section>\n\t\t\t\t<\/div>","protected":false},"excerpt":{"rendered":"<p>Un projet de construction ou de r\u00e9novation de votre atelier de r\u00e9paration m\u00e9canique ? Nous vous accompagnons pour d\u00e9finir ensemble vos besoins, vous conseiller pour l&rsquo;\u00e9quipement et l&rsquo;ergonomie de votre atelier, dessiner les plans de votre futur garage en lien [&hellip;]<\/p>","protected":false},"author":2,"featured_media":0,"parent":0,"menu_order":0,"comment_status":"closed","ping_status":"closed","template":"","meta":{"site-sidebar-layout":"no-sidebar","site-content-layout":"plain-container","ast-site-content-layout":"","site-content-style":"default","site-sidebar-style":"default","ast-global-header-display":"","ast-banner-title-visibility":"","ast-main-header-display":"","ast-hfb-above-header-display":"","ast-hfb-below-header-display":"","ast-hfb-mobile-header-display":"","site-post-title":"","ast-breadcrumbs-content":"","ast-featured-img":"","footer-sml-layout":"","theme-transparent-header-meta":"","adv-header-id-meta":"","stick-header-meta":"default","header-above-stick-meta":"","header-main-stick-meta":"","header-below-stick-meta":"","astra-migrate-meta-layouts":"default","ast-page-background-enabled":"default","ast-page-background-meta":{"desktop":{"background-color":"var(--ast-global-color-4)","background-image":"","background-repeat":"repeat","background-position":"center center","background-size":"auto","background-attachment":"scroll","background-type":"","background-media":"","overlay-type":"","overlay-color":"","overlay-opacity":"","overlay-gradient":""},"tablet":{"background-color":"","background-image":"","background-repeat":"repeat","background-position":"center center","background-size":"auto","background-attachment":"scroll","background-type":"","background-media":"","overlay-type":"","overlay-color":"","overlay-opacity":"","overlay-gradient":""},"mobile":{"background-color":"","background-image":"","background-repeat":"repeat","background-position":"center center","background-size":"auto","background-attachment":"scroll","background-type":"","background-media":"","overlay-type":"","overlay-color":"","overlay-opacity":"","overlay-gradient":""}},"ast-content-background-meta":{"desktop":{"background-color":"var(--ast-global-color-5)","background-image":"","background-repeat":"repeat","background-position":"center center","background-size":"auto","background-attachment":"scroll","background-type":"","background-media":"","overlay-type":"","overlay-color":"","overlay-opacity":"","overlay-gradient":""},"tablet":{"background-color":"var(--ast-global-color-5)","background-image":"","background-repeat":"repeat","background-position":"center center","background-size":"auto","background-attachment":"scroll","background-type":"","background-media":"","overlay-type":"","overlay-color":"","overlay-opacity":"","overlay-gradient":""},"mobile":{"background-color":"var(--ast-global-color-5)","background-image":"","background-repeat":"repeat","background-position":"center center","background-size":"auto","background-attachment":"scroll","background-type":"","background-media":"","overlay-type":"","overlay-color":"","overlay-opacity":"","overlay-gradient":""}},"footnotes":""},"class_list":["post-973","page","type-page","status-publish","hentry"],"aioseo_notices":[],"_links":{"self":[{"href":"https:\/\/xpertive.com\/fr_ca\/wp-json\/wp\/v2\/pages\/973","targetHints":{"allow":["GET"]}}],"collection":[{"href":"https:\/\/xpertive.com\/fr_ca\/wp-json\/wp\/v2\/pages"}],"about":[{"href":"https:\/\/xpertive.com\/fr_ca\/wp-json\/wp\/v2\/types\/page"}],"author":[{"embeddable":true,"href":"https:\/\/xpertive.com\/fr_ca\/wp-json\/wp\/v2\/users\/2"}],"replies":[{"embeddable":true,"href":"https:\/\/xpertive.com\/fr_ca\/wp-json\/wp\/v2\/comments?post=973"}],"version-history":[{"count":13,"href":"https:\/\/xpertive.com\/fr_ca\/wp-json\/wp\/v2\/pages\/973\/revisions"}],"predecessor-version":[{"id":6404,"href":"https:\/\/xpertive.com\/fr_ca\/wp-json\/wp\/v2\/pages\/973\/revisions\/6404"}],"wp:attachment":[{"href":"https:\/\/xpertive.com\/fr_ca\/wp-json\/wp\/v2\/media?parent=973"}],"curies":[{"name":"wp","href":"https:\/\/api.w.org\/{rel}","templated":true}]}}